{"id":1009,"date":"2021-06-11T11:21:23","date_gmt":"2021-06-11T11:21:23","guid":{"rendered":"http:\/\/www.oidhreacht.ie\/tograi-teangan\/mortas-aite\/"},"modified":"2021-06-18T09:53:56","modified_gmt":"2021-06-18T09:53:56","slug":"mortas-aite","status":"publish","type":"page","link":"https:\/\/www.oidhreacht.ie\/ga\/tograi-teangan\/mortas-aite\/","title":{"rendered":"M\u00f3rtas \u00c1ite"},"content":{"rendered":"\n<p>T\u00e1 Oidhreacht Chorca Dhuibhne tar \u00e9is a bheith bainteach leis an dtogra seo le os cionn tr\u00ed bliana anuas, i gcomhair le t\u00edortha eile Eorapacha, agus a bh\u00ed comhaoinithe ag Cl\u00e1r Erasmus + an Aontais Eorpaigh. Mar chuid den dtogra seo, d\u2019fhreastail baill foirne do chuid na hOihreachta agus roinnt d\u2019fhoireann teagaisc na Pobalscoile ar sheisi\u00fain traen\u00e1la i dt\u00edortha na hEorpa a bh\u00ed bainteach leis an dtogra. Ba i bPobalscoil Chorca Dhuibhne a rinneadh an cl\u00e1r a th\u00e1st\u00e1il agus a ini\u00fachadh thar tr\u00e9imhse an togra f\u00e9in. Gaibhimid bu\u00edochas le Pr\u00edomhoide na Pobalscoile agus leis an bhfoireann a ghlac pairt ghn\u00edomhach sa togra \u00f3 th\u00fas deireadh.<\/p>\n\n<p>Is \u00e9 at\u00e1 i gceist le M\u00f3rtas \u00c1ite n\u00e1 an pobal a bheith br\u00f3d\u00fail as an gceantar ina maireann siad n\u00f3 as an gceantar gurb as d\u00f3ibh \u00f3 dh\u00fachas. Braitheann daoine go bhfuil ceangal l\u00e1idir acu leis an \u00e1it dh\u00fachais agus leis an aicme daoine a mhaireann ann. Ceangal moth\u00fach\u00e1nach \u00e9 sin agus tugann san f\u00e9ini\u00falacht d\u00f3ibh. Cuid bhun\u00fasach den mh\u00f3rtas \u00e1ite a fhorbairt n\u00e1 an teagasc f\u00e9n oidhreacht chult\u00fartha \u00e1iti\u00fail. <\/p>\n\n<p>Is \u00e9 a cheaptar n\u00e1 go gcuirfidh s\u00e9 sin leis an gcomhth\u00e1th\u00fa s\u00f3isialta, leis an ionchuimsi\u00fa s\u00f3isialta m\u00e1 t\u00e1 inimirce chun an cheantair, le rannph\u00e1irt\u00edocht sa phobal agus go nd\u00e9anfaidh s\u00e9 leas an phobail i gcoitinne i gceantracha tuaithe.<\/p>\n\n<p>Cuirtear ar f\u00e1il anseo, Curraclam a bheadh oiri\u00fanach d\u2019ardranganna na bunscoile agus do gach bliain sna h-iarbhunscoileanna. T\u00e1 an Curraclam seo oiri\u00fanach le sn\u00edomh isteach in \u00e1bhair scoile chun an suim ina gceantar f\u00e9in a mh\u00fascailt agus a choth\u00fa sna dalta\u00ed.<\/p>\n\n<div class=\"wp-block-buttons is-layout-flex wp-block-buttons-is-layout-flex\">\n<div class=\"wp-block-button\"><a class=\"wp-block-button__link has-white-color has-text-color has-background\" href=\"https:\/\/www.oidhreacht.ie\/wp-content\/uploads\/2021\/06\/Curaclam-Mortas-Aite.pdf\" style=\"border-radius:2px;background-color:#2c698d\" target=\"_blank\" rel=\"noreferrer noopener\">Curaclam<\/a><\/div>\n<\/div>\n","protected":false},"excerpt":{"rendered":"<p>T\u00e1 Oidhreacht Chorca Dhuibhne tar \u00e9is a bheith bainteach leis an dtogra seo le os cionn tr\u00ed bliana anuas, i gcomhair le t\u00edortha eile Eorapacha, agus a bh\u00ed comhaoinithe ag Cl\u00e1r Erasmus + an Aontais Eorpaigh. Mar chuid den dtogra seo, d\u2019fhreastail baill foirne do chuid na hOihreachta agus roinnt d\u2019fhoireann teagaisc na Pobalscoile ar [&hellip;]<\/p>\n","protected":false},"author":1,"featured_media":0,"parent":863,"menu_order":0,"comment_status":"closed","ping_status":"closed","template":"","meta":{"_acf_changed":false,"ocean_post_layout":"","ocean_both_sidebars_style":"","ocean_both_sidebars_content_width":0,"ocean_both_sidebars_sidebars_width":0,"ocean_sidebar":"0","ocean_second_sidebar":"0","ocean_disable_margins":"enable","ocean_add_body_class":"","ocean_shortcode_before_top_bar":"","ocean_shortcode_after_top_bar":"","ocean_shortcode_before_header":"","ocean_shortcode_after_header":"","ocean_has_shortcode":"","ocean_shortcode_after_title":"","ocean_shortcode_before_footer_widgets":"","ocean_shortcode_after_footer_widgets":"","ocean_shortcode_before_footer_bottom":"","ocean_shortcode_after_footer_bottom":"","ocean_display_top_bar":"default","ocean_display_header":"default","ocean_header_style":"","ocean_center_header_left_menu":"0","ocean_custom_header_template":"0","ocean_custom_logo":0,"ocean_custom_retina_logo":0,"ocean_custom_logo_max_width":0,"ocean_custom_logo_tablet_max_width":0,"ocean_custom_logo_mobile_max_width":0,"ocean_custom_logo_max_height":0,"ocean_custom_logo_tablet_max_height":0,"ocean_custom_logo_mobile_max_height":0,"ocean_header_custom_menu":"0","ocean_menu_typo_font_family":"0","ocean_menu_typo_font_subset":"","ocean_menu_typo_font_size":0,"ocean_menu_typo_font_size_tablet":0,"ocean_menu_typo_font_size_mobile":0,"ocean_menu_typo_font_size_unit":"px","ocean_menu_typo_font_weight":"","ocean_menu_typo_font_weight_tablet":"","ocean_menu_typo_font_weight_mobile":"","ocean_menu_typo_transform":"","ocean_menu_typo_transform_tablet":"","ocean_menu_typo_transform_mobile":"","ocean_menu_typo_line_height":0,"ocean_menu_typo_line_height_tablet":0,"ocean_menu_typo_line_height_mobile":0,"ocean_menu_typo_line_height_unit":"","ocean_menu_typo_spacing":0,"ocean_menu_typo_spacing_tablet":0,"ocean_menu_typo_spacing_mobile":0,"ocean_menu_typo_spacing_unit":"","ocean_menu_link_color":"","ocean_menu_link_color_hover":"","ocean_menu_link_color_active":"","ocean_menu_link_background":"","ocean_menu_link_hover_background":"","ocean_menu_link_active_background":"","ocean_menu_social_links_bg":"","ocean_menu_social_hover_links_bg":"","ocean_menu_social_links_color":"","ocean_menu_social_hover_links_color":"","ocean_disable_title":"default","ocean_disable_heading":"default","ocean_post_title":"","ocean_post_subheading":"","ocean_post_title_style":"","ocean_post_title_background_color":"","ocean_post_title_background":0,"ocean_post_title_bg_image_position":"","ocean_post_title_bg_image_attachment":"","ocean_post_title_bg_image_repeat":"","ocean_post_title_bg_image_size":"","ocean_post_title_height":0,"ocean_post_title_bg_overlay":0.5,"ocean_post_title_bg_overlay_color":"","ocean_disable_breadcrumbs":"default","ocean_breadcrumbs_color":"","ocean_breadcrumbs_separator_color":"","ocean_breadcrumbs_links_color":"","ocean_breadcrumbs_links_hover_color":"","ocean_display_footer_widgets":"default","ocean_display_footer_bottom":"default","ocean_custom_footer_template":"0","footnotes":""},"class_list":["post-1009","page","type-page","status-publish","hentry","entry","owp-thumbs-layout-horizontal","owp-btn-normal","owp-tabs-layout-horizontal","has-no-thumbnails","has-product-nav"],"acf":[],"yoast_head":"<!-- This site is optimized with the Yoast SEO plugin v27.3 - https:\/\/yoast.com\/product\/yoast-seo-wordpress\/ -->\n<title>M\u00f3rtas \u00c1ite - Oidhreacht Chorca Dhuibhne<\/title>\n<meta name=\"robots\" content=\"index, follow, max-snippet:-1, max-image-preview:large, max-video-preview:-1\" \/>\n<link rel=\"canonical\" href=\"https:\/\/www.oidhreacht.ie\/ga\/tograi-teangan\/mortas-aite\/\" \/>\n<meta property=\"og:locale\" content=\"ga_IE\" \/>\n<meta property=\"og:type\" content=\"article\" \/>\n<meta property=\"og:title\" content=\"M\u00f3rtas \u00c1ite - Oidhreacht Chorca Dhuibhne\" \/>\n<meta property=\"og:description\" content=\"T\u00e1 Oidhreacht Chorca Dhuibhne tar \u00e9is a bheith bainteach leis an dtogra seo le os cionn tr\u00ed bliana anuas, i gcomhair le t\u00edortha eile Eorapacha, agus a bh\u00ed comhaoinithe ag Cl\u00e1r Erasmus + an Aontais Eorpaigh. Mar chuid den dtogra seo, d\u2019fhreastail baill foirne do chuid na hOihreachta agus roinnt d\u2019fhoireann teagaisc na Pobalscoile ar [&hellip;]\" \/>\n<meta property=\"og:url\" content=\"https:\/\/www.oidhreacht.ie\/ga\/tograi-teangan\/mortas-aite\/\" \/>\n<meta property=\"og:site_name\" content=\"Oidhreacht Chorca Dhuibhne\" \/>\n<meta property=\"article:publisher\" content=\"https:\/\/www.facebook.com\/oidhreachtcd\/\" \/>\n<meta property=\"article:modified_time\" content=\"2021-06-18T09:53:56+00:00\" \/>\n<meta name=\"twitter:card\" content=\"summary_large_image\" \/>\n<meta name=\"twitter:label1\" content=\"Est. reading time\" \/>\n\t<meta name=\"twitter:data1\" content=\"1 minute\" \/>\n<script type=\"application\/ld+json\" class=\"yoast-schema-graph\">{\"@context\":\"https:\\\/\\\/schema.org\",\"@graph\":[{\"@type\":\"WebPage\",\"@id\":\"https:\\\/\\\/www.oidhreacht.ie\\\/ga\\\/tograi-teangan\\\/mortas-aite\\\/\",\"url\":\"https:\\\/\\\/www.oidhreacht.ie\\\/ga\\\/tograi-teangan\\\/mortas-aite\\\/\",\"name\":\"M\u00f3rtas \u00c1ite - Oidhreacht Chorca Dhuibhne\",\"isPartOf\":{\"@id\":\"https:\\\/\\\/www.oidhreacht.ie\\\/ga\\\/#website\"},\"datePublished\":\"2021-06-11T11:21:23+00:00\",\"dateModified\":\"2021-06-18T09:53:56+00:00\",\"breadcrumb\":{\"@id\":\"https:\\\/\\\/www.oidhreacht.ie\\\/ga\\\/tograi-teangan\\\/mortas-aite\\\/#breadcrumb\"},\"inLanguage\":\"ga-IE\",\"potentialAction\":[{\"@type\":\"ReadAction\",\"target\":[\"https:\\\/\\\/www.oidhreacht.ie\\\/ga\\\/tograi-teangan\\\/mortas-aite\\\/\"]}]},{\"@type\":\"BreadcrumbList\",\"@id\":\"https:\\\/\\\/www.oidhreacht.ie\\\/ga\\\/tograi-teangan\\\/mortas-aite\\\/#breadcrumb\",\"itemListElement\":[{\"@type\":\"ListItem\",\"position\":1,\"name\":\"Home\",\"item\":\"https:\\\/\\\/www.oidhreacht.ie\\\/ga\\\/\"},{\"@type\":\"ListItem\",\"position\":2,\"name\":\"Togra\u00ed Teangan\",\"item\":\"https:\\\/\\\/www.oidhreacht.ie\\\/ga\\\/tograi-teangan\\\/\"},{\"@type\":\"ListItem\",\"position\":3,\"name\":\"M\u00f3rtas \u00c1ite\"}]},{\"@type\":\"WebSite\",\"@id\":\"https:\\\/\\\/www.oidhreacht.ie\\\/ga\\\/#website\",\"url\":\"https:\\\/\\\/www.oidhreacht.ie\\\/ga\\\/\",\"name\":\"Oidhreacht Chorca Dhuibhne\",\"description\":\"Irish Language Courses on the Dingle Peninsula\",\"publisher\":{\"@id\":\"https:\\\/\\\/www.oidhreacht.ie\\\/ga\\\/#organization\"},\"potentialAction\":[{\"@type\":\"SearchAction\",\"target\":{\"@type\":\"EntryPoint\",\"urlTemplate\":\"https:\\\/\\\/www.oidhreacht.ie\\\/ga\\\/?s={search_term_string}\"},\"query-input\":{\"@type\":\"PropertyValueSpecification\",\"valueRequired\":true,\"valueName\":\"search_term_string\"}}],\"inLanguage\":\"ga-IE\"},{\"@type\":\"Organization\",\"@id\":\"https:\\\/\\\/www.oidhreacht.ie\\\/ga\\\/#organization\",\"name\":\"Oidhreacht Chorca Dhuibhne\",\"url\":\"https:\\\/\\\/www.oidhreacht.ie\\\/ga\\\/\",\"logo\":{\"@type\":\"ImageObject\",\"inLanguage\":\"ga-IE\",\"@id\":\"https:\\\/\\\/www.oidhreacht.ie\\\/ga\\\/#\\\/schema\\\/logo\\\/image\\\/\",\"url\":\"https:\\\/\\\/www.oidhreacht.ie\\\/wp-content\\\/uploads\\\/2020\\\/02\\\/oidhreacht-logo-1.png\",\"contentUrl\":\"https:\\\/\\\/www.oidhreacht.ie\\\/wp-content\\\/uploads\\\/2020\\\/02\\\/oidhreacht-logo-1.png\",\"width\":300,\"height\":100,\"caption\":\"Oidhreacht Chorca Dhuibhne\"},\"image\":{\"@id\":\"https:\\\/\\\/www.oidhreacht.ie\\\/ga\\\/#\\\/schema\\\/logo\\\/image\\\/\"},\"sameAs\":[\"https:\\\/\\\/www.facebook.com\\\/oidhreachtcd\\\/\",\"https:\\\/\\\/www.instagram.com\\\/oidhreacht_chorca_dhuibhne\\\/\"]}]}<\/script>\n<!-- \/ Yoast SEO plugin. -->","yoast_head_json":{"title":"M\u00f3rtas \u00c1ite - Oidhreacht Chorca Dhuibhne","robots":{"index":"index","follow":"follow","max-snippet":"max-snippet:-1","max-image-preview":"max-image-preview:large","max-video-preview":"max-video-preview:-1"},"canonical":"https:\/\/www.oidhreacht.ie\/ga\/tograi-teangan\/mortas-aite\/","og_locale":"ga_IE","og_type":"article","og_title":"M\u00f3rtas \u00c1ite - Oidhreacht Chorca Dhuibhne","og_description":"T\u00e1 Oidhreacht Chorca Dhuibhne tar \u00e9is a bheith bainteach leis an dtogra seo le os cionn tr\u00ed bliana anuas, i gcomhair le t\u00edortha eile Eorapacha, agus a bh\u00ed comhaoinithe ag Cl\u00e1r Erasmus + an Aontais Eorpaigh. Mar chuid den dtogra seo, d\u2019fhreastail baill foirne do chuid na hOihreachta agus roinnt d\u2019fhoireann teagaisc na Pobalscoile ar [&hellip;]","og_url":"https:\/\/www.oidhreacht.ie\/ga\/tograi-teangan\/mortas-aite\/","og_site_name":"Oidhreacht Chorca Dhuibhne","article_publisher":"https:\/\/www.facebook.com\/oidhreachtcd\/","article_modified_time":"2021-06-18T09:53:56+00:00","twitter_card":"summary_large_image","twitter_misc":{"Est. reading time":"1 minute"},"schema":{"@context":"https:\/\/schema.org","@graph":[{"@type":"WebPage","@id":"https:\/\/www.oidhreacht.ie\/ga\/tograi-teangan\/mortas-aite\/","url":"https:\/\/www.oidhreacht.ie\/ga\/tograi-teangan\/mortas-aite\/","name":"M\u00f3rtas \u00c1ite - Oidhreacht Chorca Dhuibhne","isPartOf":{"@id":"https:\/\/www.oidhreacht.ie\/ga\/#website"},"datePublished":"2021-06-11T11:21:23+00:00","dateModified":"2021-06-18T09:53:56+00:00","breadcrumb":{"@id":"https:\/\/www.oidhreacht.ie\/ga\/tograi-teangan\/mortas-aite\/#breadcrumb"},"inLanguage":"ga-IE","potentialAction":[{"@type":"ReadAction","target":["https:\/\/www.oidhreacht.ie\/ga\/tograi-teangan\/mortas-aite\/"]}]},{"@type":"BreadcrumbList","@id":"https:\/\/www.oidhreacht.ie\/ga\/tograi-teangan\/mortas-aite\/#breadcrumb","itemListElement":[{"@type":"ListItem","position":1,"name":"Home","item":"https:\/\/www.oidhreacht.ie\/ga\/"},{"@type":"ListItem","position":2,"name":"Togra\u00ed Teangan","item":"https:\/\/www.oidhreacht.ie\/ga\/tograi-teangan\/"},{"@type":"ListItem","position":3,"name":"M\u00f3rtas \u00c1ite"}]},{"@type":"WebSite","@id":"https:\/\/www.oidhreacht.ie\/ga\/#website","url":"https:\/\/www.oidhreacht.ie\/ga\/","name":"Oidhreacht Chorca Dhuibhne","description":"Irish Language Courses on the Dingle Peninsula","publisher":{"@id":"https:\/\/www.oidhreacht.ie\/ga\/#organization"},"potentialAction":[{"@type":"SearchAction","target":{"@type":"EntryPoint","urlTemplate":"https:\/\/www.oidhreacht.ie\/ga\/?s={search_term_string}"},"query-input":{"@type":"PropertyValueSpecification","valueRequired":true,"valueName":"search_term_string"}}],"inLanguage":"ga-IE"},{"@type":"Organization","@id":"https:\/\/www.oidhreacht.ie\/ga\/#organization","name":"Oidhreacht Chorca Dhuibhne","url":"https:\/\/www.oidhreacht.ie\/ga\/","logo":{"@type":"ImageObject","inLanguage":"ga-IE","@id":"https:\/\/www.oidhreacht.ie\/ga\/#\/schema\/logo\/image\/","url":"https:\/\/www.oidhreacht.ie\/wp-content\/uploads\/2020\/02\/oidhreacht-logo-1.png","contentUrl":"https:\/\/www.oidhreacht.ie\/wp-content\/uploads\/2020\/02\/oidhreacht-logo-1.png","width":300,"height":100,"caption":"Oidhreacht Chorca Dhuibhne"},"image":{"@id":"https:\/\/www.oidhreacht.ie\/ga\/#\/schema\/logo\/image\/"},"sameAs":["https:\/\/www.facebook.com\/oidhreachtcd\/","https:\/\/www.instagram.com\/oidhreacht_chorca_dhuibhne\/"]}]}},"_links":{"self":[{"href":"https:\/\/www.oidhreacht.ie\/ga\/wp-json\/wp\/v2\/pages\/1009","targetHints":{"allow":["GET"]}}],"collection":[{"href":"https:\/\/www.oidhreacht.ie\/ga\/wp-json\/wp\/v2\/pages"}],"about":[{"href":"https:\/\/www.oidhreacht.ie\/ga\/wp-json\/wp\/v2\/types\/page"}],"author":[{"embeddable":true,"href":"https:\/\/www.oidhreacht.ie\/ga\/wp-json\/wp\/v2\/users\/1"}],"replies":[{"embeddable":true,"href":"https:\/\/www.oidhreacht.ie\/ga\/wp-json\/wp\/v2\/comments?post=1009"}],"version-history":[{"count":2,"href":"https:\/\/www.oidhreacht.ie\/ga\/wp-json\/wp\/v2\/pages\/1009\/revisions"}],"predecessor-version":[{"id":1079,"href":"https:\/\/www.oidhreacht.ie\/ga\/wp-json\/wp\/v2\/pages\/1009\/revisions\/1079"}],"up":[{"embeddable":true,"href":"https:\/\/www.oidhreacht.ie\/ga\/wp-json\/wp\/v2\/pages\/863"}],"wp:attachment":[{"href":"https:\/\/www.oidhreacht.ie\/ga\/wp-json\/wp\/v2\/media?parent=1009"}],"curies":[{"name":"wp","href":"https:\/\/api.w.org\/{rel}","templated":true}]}}