{"id":1013,"date":"2021-06-11T11:24:34","date_gmt":"2021-06-11T11:24:34","guid":{"rendered":"http:\/\/www.oidhreacht.ie\/tograi-teangan\/feile-ealaine\/"},"modified":"2026-04-02T09:55:43","modified_gmt":"2026-04-02T09:55:43","slug":"feile-ealaine","status":"publish","type":"page","link":"https:\/\/www.oidhreacht.ie\/ga\/tograi-teangan\/feile-ealaine\/","title":{"rendered":"F\u00e9ile Eala\u00edne"},"content":{"rendered":"\t\t<div data-elementor-type=\"wp-page\" data-elementor-id=\"1013\" class=\"elementor elementor-1013 elementor-1011\" data-elementor-post-type=\"page\">\n\t\t\t\t\t\t<section class=\"elementor-section elementor-top-section elementor-element elementor-element-e579201 elementor-section-boxed elementor-section-height-default elementor-section-height-default\" data-id=\"e579201\" data-element_type=\"section\" data-e-type=\"section\">\n\t\t\t\t\t\t<div class=\"elementor-container elementor-column-gap-default\">\n\t\t\t\t\t<div class=\"elementor-column elementor-col-100 elementor-top-column elementor-element elementor-element-786a5b4\" data-id=\"786a5b4\" data-element_type=\"column\" data-e-type=\"column\">\n\t\t\t<div class=\"elementor-widget-wrap elementor-element-populated\">\n\t\t\t\t\t\t<div class=\"elementor-element elementor-element-32d59d5 elementor-widget elementor-widget-text-editor\" data-id=\"32d59d5\" data-element_type=\"widget\" data-e-type=\"widget\" data-widget_type=\"text-editor.default\">\n\t\t\t\t<div class=\"elementor-widget-container\">\n\t\t\t\t\t\t\t\t\t<p>F\u00e1ilte go taispe\u00e1ntas F\u00e9ile Eala\u00edne na C\u00e1sca 2026! T\u00e1 an taispe\u00e1ntas ar si\u00fal\u00a0 \u00f3n 1-10\u00fa Aibre\u00e1in \u00f3na 11rn-16in i M\u00fasaem Chorca Dhuibhne, Baile an Fheirt\u00e9araigh, Co. Chiarra\u00ed.<\/p><p>Cead isteach: \u20ac5.<\/p><p>Is taispe\u00e1ntas eala\u00edne pobail \u00ed an Fh\u00e9ile Eala\u00edne ar cuireadh t\u00fas l\u00e9ithe i Scoil Dh\u00fan Chaoin siar sa mbliain 1974. Cuid de thraidisi\u00fan eala\u00edne Chorca Dhuibhne anois \u00e9 an taispe\u00e1ntas eala\u00edne bliant\u00fail a re\u00e1cht\u00e1ltar d\u2019eala\u00edont\u00f3ir\u00ed an cheantair agus d\u2019eala\u00edont\u00f3ir\u00ed le nasc l\u00e1idir leis an \u00e1it.<\/p><p>B\u00edonn gach aon eala\u00edont\u00f3ir is a mhe\u00e1n f\u00e9in aige lena phicti\u00fair a chur f\u00e9 bhr\u00e1id lucht f\u00e9achana \u2013 p\u00e9int\u00e9ireacht, dealbh\u00f3ireacht, criad\u00f3ireacht, feilt, sliog\u00e1in, gaineamh agus go leor eile nach iad. T\u00e1 \u00e9ags\u00falacht aoibhinn i dtaispe\u00e1ntas na bliana seo agus p\u00edosa\u00ed ar taispe\u00e1int againn \u00f3 55 eala\u00edont\u00f3ir.<\/p>\t\t\t\t\t\t\t\t<\/div>\n\t\t\t\t<\/div>\n\t\t\t\t<div class=\"elementor-element elementor-element-e21530c elementor-widget elementor-widget-heading\" data-id=\"e21530c\" data-element_type=\"widget\" data-e-type=\"widget\" data-widget_type=\"heading.default\">\n\t\t\t\t<div class=\"elementor-widget-container\">\n\t\t\t\t\t<h2 class=\"elementor-heading-title elementor-size-default\">Taispe\u00e1ntas na C\u00e1sca 2026<\/h2>\t\t\t\t<\/div>\n\t\t\t\t<\/div>\n\t\t\t\t<div class=\"elementor-element elementor-element-d8f38be elementor-widget elementor-widget-shortcode\" data-id=\"d8f38be\" data-element_type=\"widget\" data-e-type=\"widget\" data-widget_type=\"shortcode.default\">\n\t\t\t\t<div class=\"elementor-widget-container\">\n\t\t\t\t\t\t\t<div class=\"elementor-shortcode\"><div class=\"woocommerce columns-4 \"><\/div><\/div>\n\t\t\t\t\t\t<\/div>\n\t\t\t\t<\/div>\n\t\t\t\t\t<\/div>\n\t\t<\/div>\n\t\t\t\t\t<\/div>\n\t\t<\/section>\n\t\t\t\t<\/div>\n\t\t","protected":false},"excerpt":{"rendered":"<p>F\u00e1ilte go taispe\u00e1ntas F\u00e9ile Eala\u00edne na C\u00e1sca 2026! T\u00e1 an taispe\u00e1ntas ar si\u00fal\u00a0 \u00f3n 1-10\u00fa Aibre\u00e1in \u00f3na 11rn-16in i M\u00fasaem Chorca Dhuibhne, Baile an Fheirt\u00e9araigh, Co. Chiarra\u00ed. Cead isteach: \u20ac5. Is taispe\u00e1ntas eala\u00edne pobail \u00ed an Fh\u00e9ile Eala\u00edne ar cuireadh t\u00fas l\u00e9ithe i Scoil Dh\u00fan Chaoin siar sa mbliain 1974. Cuid de thraidisi\u00fan eala\u00edne Chorca [&hellip;]<\/p>\n","protected":false},"author":1,"featured_media":0,"parent":863,"menu_order":0,"comment_status":"closed","ping_status":"closed","template":"","meta":{"_acf_changed":false,"ocean_post_layout":"","ocean_both_sidebars_style":"","ocean_both_sidebars_content_width":0,"ocean_both_sidebars_sidebars_width":0,"ocean_sidebar":"0","ocean_second_sidebar":"0","ocean_disable_margins":"enable","ocean_add_body_class":"","ocean_shortcode_before_top_bar":"","ocean_shortcode_after_top_bar":"","ocean_shortcode_before_header":"","ocean_shortcode_after_header":"","ocean_has_shortcode":"","ocean_shortcode_after_title":"","ocean_shortcode_before_footer_widgets":"","ocean_shortcode_after_footer_widgets":"","ocean_shortcode_before_footer_bottom":"","ocean_shortcode_after_footer_bottom":"","ocean_display_top_bar":"default","ocean_display_header":"default","ocean_header_style":"","ocean_center_header_left_menu":"0","ocean_custom_header_template":"0","ocean_custom_logo":0,"ocean_custom_retina_logo":0,"ocean_custom_logo_max_width":0,"ocean_custom_logo_tablet_max_width":0,"ocean_custom_logo_mobile_max_width":0,"ocean_custom_logo_max_height":0,"ocean_custom_logo_tablet_max_height":0,"ocean_custom_logo_mobile_max_height":0,"ocean_header_custom_menu":"0","ocean_menu_typo_font_family":"0","ocean_menu_typo_font_subset":"","ocean_menu_typo_font_size":0,"ocean_menu_typo_font_size_tablet":0,"ocean_menu_typo_font_size_mobile":0,"ocean_menu_typo_font_size_unit":"px","ocean_menu_typo_font_weight":"","ocean_menu_typo_font_weight_tablet":"","ocean_menu_typo_font_weight_mobile":"","ocean_menu_typo_transform":"","ocean_menu_typo_transform_tablet":"","ocean_menu_typo_transform_mobile":"","ocean_menu_typo_line_height":0,"ocean_menu_typo_line_height_tablet":0,"ocean_menu_typo_line_height_mobile":0,"ocean_menu_typo_line_height_unit":"","ocean_menu_typo_spacing":0,"ocean_menu_typo_spacing_tablet":0,"ocean_menu_typo_spacing_mobile":0,"ocean_menu_typo_spacing_unit":"","ocean_menu_link_color":"","ocean_menu_link_color_hover":"","ocean_menu_link_color_active":"","ocean_menu_link_background":"","ocean_menu_link_hover_background":"","ocean_menu_link_active_background":"","ocean_menu_social_links_bg":"","ocean_menu_social_hover_links_bg":"","ocean_menu_social_links_color":"","ocean_menu_social_hover_links_color":"","ocean_disable_title":"default","ocean_disable_heading":"default","ocean_post_title":"","ocean_post_subheading":"","ocean_post_title_style":"","ocean_post_title_background_color":"","ocean_post_title_background":0,"ocean_post_title_bg_image_position":"","ocean_post_title_bg_image_attachment":"","ocean_post_title_bg_image_repeat":"","ocean_post_title_bg_image_size":"","ocean_post_title_height":0,"ocean_post_title_bg_overlay":0.5,"ocean_post_title_bg_overlay_color":"","ocean_disable_breadcrumbs":"default","ocean_breadcrumbs_color":"","ocean_breadcrumbs_separator_color":"","ocean_breadcrumbs_links_color":"","ocean_breadcrumbs_links_hover_color":"","ocean_display_footer_widgets":"default","ocean_display_footer_bottom":"default","ocean_custom_footer_template":"0","footnotes":""},"class_list":["post-1013","page","type-page","status-publish","hentry","entry","owp-thumbs-layout-horizontal","owp-btn-normal","owp-tabs-layout-horizontal","has-no-thumbnails","has-product-nav"],"acf":[],"yoast_head":"<!-- This site is optimized with the Yoast SEO plugin v27.5 - https:\/\/yoast.com\/product\/yoast-seo-wordpress\/ -->\n<title>F\u00e9ile Eala\u00edne - Oidhreacht Chorca Dhuibhne<\/title>\n<meta name=\"robots\" content=\"index, follow, max-snippet:-1, max-image-preview:large, max-video-preview:-1\" \/>\n<link rel=\"canonical\" href=\"https:\/\/www.oidhreacht.ie\/ga\/tograi-teangan\/feile-ealaine\/\" \/>\n<meta property=\"og:locale\" content=\"ga_IE\" \/>\n<meta property=\"og:type\" content=\"article\" \/>\n<meta property=\"og:title\" content=\"F\u00e9ile Eala\u00edne - Oidhreacht Chorca Dhuibhne\" \/>\n<meta property=\"og:description\" content=\"F\u00e1ilte go taispe\u00e1ntas F\u00e9ile Eala\u00edne na C\u00e1sca 2026! T\u00e1 an taispe\u00e1ntas ar si\u00fal\u00a0 \u00f3n 1-10\u00fa Aibre\u00e1in \u00f3na 11rn-16in i M\u00fasaem Chorca Dhuibhne, Baile an Fheirt\u00e9araigh, Co. Chiarra\u00ed. Cead isteach: \u20ac5. Is taispe\u00e1ntas eala\u00edne pobail \u00ed an Fh\u00e9ile Eala\u00edne ar cuireadh t\u00fas l\u00e9ithe i Scoil Dh\u00fan Chaoin siar sa mbliain 1974. Cuid de thraidisi\u00fan eala\u00edne Chorca [&hellip;]\" \/>\n<meta property=\"og:url\" content=\"https:\/\/www.oidhreacht.ie\/ga\/tograi-teangan\/feile-ealaine\/\" \/>\n<meta property=\"og:site_name\" content=\"Oidhreacht Chorca Dhuibhne\" \/>\n<meta property=\"article:publisher\" content=\"https:\/\/www.facebook.com\/oidhreachtcd\/\" \/>\n<meta property=\"article:modified_time\" content=\"2026-04-02T09:55:43+00:00\" \/>\n<meta name=\"twitter:card\" content=\"summary_large_image\" \/>\n<meta name=\"twitter:label1\" content=\"Est. reading time\" \/>\n\t<meta name=\"twitter:data1\" content=\"1 minute\" \/>\n<script type=\"application\/ld+json\" class=\"yoast-schema-graph\">{\"@context\":\"https:\\\/\\\/schema.org\",\"@graph\":[{\"@type\":\"WebPage\",\"@id\":\"https:\\\/\\\/www.oidhreacht.ie\\\/ga\\\/tograi-teangan\\\/feile-ealaine\\\/\",\"url\":\"https:\\\/\\\/www.oidhreacht.ie\\\/ga\\\/tograi-teangan\\\/feile-ealaine\\\/\",\"name\":\"F\u00e9ile Eala\u00edne - Oidhreacht Chorca Dhuibhne\",\"isPartOf\":{\"@id\":\"https:\\\/\\\/www.oidhreacht.ie\\\/ga\\\/#website\"},\"datePublished\":\"2021-06-11T11:24:34+00:00\",\"dateModified\":\"2026-04-02T09:55:43+00:00\",\"breadcrumb\":{\"@id\":\"https:\\\/\\\/www.oidhreacht.ie\\\/ga\\\/tograi-teangan\\\/feile-ealaine\\\/#breadcrumb\"},\"inLanguage\":\"ga-IE\",\"potentialAction\":[{\"@type\":\"ReadAction\",\"target\":[\"https:\\\/\\\/www.oidhreacht.ie\\\/ga\\\/tograi-teangan\\\/feile-ealaine\\\/\"]}]},{\"@type\":\"BreadcrumbList\",\"@id\":\"https:\\\/\\\/www.oidhreacht.ie\\\/ga\\\/tograi-teangan\\\/feile-ealaine\\\/#breadcrumb\",\"itemListElement\":[{\"@type\":\"ListItem\",\"position\":1,\"name\":\"Home\",\"item\":\"https:\\\/\\\/www.oidhreacht.ie\\\/ga\\\/\"},{\"@type\":\"ListItem\",\"position\":2,\"name\":\"Togra\u00ed Teangan\",\"item\":\"https:\\\/\\\/www.oidhreacht.ie\\\/ga\\\/tograi-teangan\\\/\"},{\"@type\":\"ListItem\",\"position\":3,\"name\":\"F\u00e9ile Eala\u00edne\"}]},{\"@type\":\"WebSite\",\"@id\":\"https:\\\/\\\/www.oidhreacht.ie\\\/ga\\\/#website\",\"url\":\"https:\\\/\\\/www.oidhreacht.ie\\\/ga\\\/\",\"name\":\"Oidhreacht Chorca Dhuibhne\",\"description\":\"Irish Language Courses on the Dingle Peninsula\",\"publisher\":{\"@id\":\"https:\\\/\\\/www.oidhreacht.ie\\\/ga\\\/#organization\"},\"potentialAction\":[{\"@type\":\"SearchAction\",\"target\":{\"@type\":\"EntryPoint\",\"urlTemplate\":\"https:\\\/\\\/www.oidhreacht.ie\\\/ga\\\/?s={search_term_string}\"},\"query-input\":{\"@type\":\"PropertyValueSpecification\",\"valueRequired\":true,\"valueName\":\"search_term_string\"}}],\"inLanguage\":\"ga-IE\"},{\"@type\":\"Organization\",\"@id\":\"https:\\\/\\\/www.oidhreacht.ie\\\/ga\\\/#organization\",\"name\":\"Oidhreacht Chorca Dhuibhne\",\"url\":\"https:\\\/\\\/www.oidhreacht.ie\\\/ga\\\/\",\"logo\":{\"@type\":\"ImageObject\",\"inLanguage\":\"ga-IE\",\"@id\":\"https:\\\/\\\/www.oidhreacht.ie\\\/ga\\\/#\\\/schema\\\/logo\\\/image\\\/\",\"url\":\"https:\\\/\\\/www.oidhreacht.ie\\\/wp-content\\\/uploads\\\/2020\\\/02\\\/oidhreacht-logo-1.png\",\"contentUrl\":\"https:\\\/\\\/www.oidhreacht.ie\\\/wp-content\\\/uploads\\\/2020\\\/02\\\/oidhreacht-logo-1.png\",\"width\":300,\"height\":100,\"caption\":\"Oidhreacht Chorca Dhuibhne\"},\"image\":{\"@id\":\"https:\\\/\\\/www.oidhreacht.ie\\\/ga\\\/#\\\/schema\\\/logo\\\/image\\\/\"},\"sameAs\":[\"https:\\\/\\\/www.facebook.com\\\/oidhreachtcd\\\/\",\"https:\\\/\\\/www.instagram.com\\\/oidhreacht_chorca_dhuibhne\\\/\"]}]}<\/script>\n<!-- \/ Yoast SEO plugin. -->","yoast_head_json":{"title":"F\u00e9ile Eala\u00edne - Oidhreacht Chorca Dhuibhne","robots":{"index":"index","follow":"follow","max-snippet":"max-snippet:-1","max-image-preview":"max-image-preview:large","max-video-preview":"max-video-preview:-1"},"canonical":"https:\/\/www.oidhreacht.ie\/ga\/tograi-teangan\/feile-ealaine\/","og_locale":"ga_IE","og_type":"article","og_title":"F\u00e9ile Eala\u00edne - Oidhreacht Chorca Dhuibhne","og_description":"F\u00e1ilte go taispe\u00e1ntas F\u00e9ile Eala\u00edne na C\u00e1sca 2026! T\u00e1 an taispe\u00e1ntas ar si\u00fal\u00a0 \u00f3n 1-10\u00fa Aibre\u00e1in \u00f3na 11rn-16in i M\u00fasaem Chorca Dhuibhne, Baile an Fheirt\u00e9araigh, Co. Chiarra\u00ed. Cead isteach: \u20ac5. Is taispe\u00e1ntas eala\u00edne pobail \u00ed an Fh\u00e9ile Eala\u00edne ar cuireadh t\u00fas l\u00e9ithe i Scoil Dh\u00fan Chaoin siar sa mbliain 1974. Cuid de thraidisi\u00fan eala\u00edne Chorca [&hellip;]","og_url":"https:\/\/www.oidhreacht.ie\/ga\/tograi-teangan\/feile-ealaine\/","og_site_name":"Oidhreacht Chorca Dhuibhne","article_publisher":"https:\/\/www.facebook.com\/oidhreachtcd\/","article_modified_time":"2026-04-02T09:55:43+00:00","twitter_card":"summary_large_image","twitter_misc":{"Est. reading time":"1 minute"},"schema":{"@context":"https:\/\/schema.org","@graph":[{"@type":"WebPage","@id":"https:\/\/www.oidhreacht.ie\/ga\/tograi-teangan\/feile-ealaine\/","url":"https:\/\/www.oidhreacht.ie\/ga\/tograi-teangan\/feile-ealaine\/","name":"F\u00e9ile Eala\u00edne - Oidhreacht Chorca Dhuibhne","isPartOf":{"@id":"https:\/\/www.oidhreacht.ie\/ga\/#website"},"datePublished":"2021-06-11T11:24:34+00:00","dateModified":"2026-04-02T09:55:43+00:00","breadcrumb":{"@id":"https:\/\/www.oidhreacht.ie\/ga\/tograi-teangan\/feile-ealaine\/#breadcrumb"},"inLanguage":"ga-IE","potentialAction":[{"@type":"ReadAction","target":["https:\/\/www.oidhreacht.ie\/ga\/tograi-teangan\/feile-ealaine\/"]}]},{"@type":"BreadcrumbList","@id":"https:\/\/www.oidhreacht.ie\/ga\/tograi-teangan\/feile-ealaine\/#breadcrumb","itemListElement":[{"@type":"ListItem","position":1,"name":"Home","item":"https:\/\/www.oidhreacht.ie\/ga\/"},{"@type":"ListItem","position":2,"name":"Togra\u00ed Teangan","item":"https:\/\/www.oidhreacht.ie\/ga\/tograi-teangan\/"},{"@type":"ListItem","position":3,"name":"F\u00e9ile Eala\u00edne"}]},{"@type":"WebSite","@id":"https:\/\/www.oidhreacht.ie\/ga\/#website","url":"https:\/\/www.oidhreacht.ie\/ga\/","name":"Oidhreacht Chorca Dhuibhne","description":"Irish Language Courses on the Dingle Peninsula","publisher":{"@id":"https:\/\/www.oidhreacht.ie\/ga\/#organization"},"potentialAction":[{"@type":"SearchAction","target":{"@type":"EntryPoint","urlTemplate":"https:\/\/www.oidhreacht.ie\/ga\/?s={search_term_string}"},"query-input":{"@type":"PropertyValueSpecification","valueRequired":true,"valueName":"search_term_string"}}],"inLanguage":"ga-IE"},{"@type":"Organization","@id":"https:\/\/www.oidhreacht.ie\/ga\/#organization","name":"Oidhreacht Chorca Dhuibhne","url":"https:\/\/www.oidhreacht.ie\/ga\/","logo":{"@type":"ImageObject","inLanguage":"ga-IE","@id":"https:\/\/www.oidhreacht.ie\/ga\/#\/schema\/logo\/image\/","url":"https:\/\/www.oidhreacht.ie\/wp-content\/uploads\/2020\/02\/oidhreacht-logo-1.png","contentUrl":"https:\/\/www.oidhreacht.ie\/wp-content\/uploads\/2020\/02\/oidhreacht-logo-1.png","width":300,"height":100,"caption":"Oidhreacht Chorca Dhuibhne"},"image":{"@id":"https:\/\/www.oidhreacht.ie\/ga\/#\/schema\/logo\/image\/"},"sameAs":["https:\/\/www.facebook.com\/oidhreachtcd\/","https:\/\/www.instagram.com\/oidhreacht_chorca_dhuibhne\/"]}]}},"_links":{"self":[{"href":"https:\/\/www.oidhreacht.ie\/ga\/wp-json\/wp\/v2\/pages\/1013","targetHints":{"allow":["GET"]}}],"collection":[{"href":"https:\/\/www.oidhreacht.ie\/ga\/wp-json\/wp\/v2\/pages"}],"about":[{"href":"https:\/\/www.oidhreacht.ie\/ga\/wp-json\/wp\/v2\/types\/page"}],"author":[{"embeddable":true,"href":"https:\/\/www.oidhreacht.ie\/ga\/wp-json\/wp\/v2\/users\/1"}],"replies":[{"embeddable":true,"href":"https:\/\/www.oidhreacht.ie\/ga\/wp-json\/wp\/v2\/comments?post=1013"}],"version-history":[{"count":8,"href":"https:\/\/www.oidhreacht.ie\/ga\/wp-json\/wp\/v2\/pages\/1013\/revisions"}],"predecessor-version":[{"id":4645,"href":"https:\/\/www.oidhreacht.ie\/ga\/wp-json\/wp\/v2\/pages\/1013\/revisions\/4645"}],"up":[{"embeddable":true,"href":"https:\/\/www.oidhreacht.ie\/ga\/wp-json\/wp\/v2\/pages\/863"}],"wp:attachment":[{"href":"https:\/\/www.oidhreacht.ie\/ga\/wp-json\/wp\/v2\/media?parent=1013"}],"curies":[{"name":"wp","href":"https:\/\/api.w.org\/{rel}","templated":true}]}}