{"id":271,"date":"2021-03-22T15:45:38","date_gmt":"2021-03-22T15:45:38","guid":{"rendered":"http:\/\/www.oidhreacht.ie\/?page_id=271"},"modified":"2021-03-31T11:01:51","modified_gmt":"2021-03-31T11:01:51","slug":"oidhreacht-chorca-dhuibhne","status":"publish","type":"page","link":"https:\/\/www.oidhreacht.ie\/ga\/oidhreacht-chorca-dhuibhne\/","title":{"rendered":"Oidhreacht Chorca Dhuibhne"},"content":{"rendered":"\n<p>Togra cult\u00fair is oidhreachta is ea Oidhreacht Chorca Dhuibhne at\u00e1 lonnaithe i mBaile an Fheirt\u00e9araigh, i gceartl\u00e1r Ghaeltacht Chorca Dhuibhne, in Iardheisceart Cho. Chiarra\u00ed. T\u00e1 an Oidhreacht ann \u00f3 1980 agus \u00e9 ar cheann d\u2019fho-chomhlachta\u00ed Chomharchumann Forbartha Chorca Dhuibhne.<\/p>\n\n\n\n<p><em><strong>\u201cIs \u00e9 is br\u00ed le hoidhreacht n\u00e1 suim na n-acmhainn\u00ed at\u00e1 againn chun maireachtana\u201d<\/strong><\/em><\/p>\n\n\n\n<p><strong><em>Doncha \u00d3 Conch\u00fair, duine de bhunaitheoir\u00ed Oidhreacht Chorca Dhuibhne.<\/em><\/strong><\/p>\n\n\n\n<figure class=\"wp-block-table\"><table><tbody><tr><td><strong>Foireann L\u00e1naimseartha<\/strong><\/td><td><strong>Foireann Ph\u00e1irtaimseartha<\/strong><\/td><\/tr><tr><td><strong>M\u00e1ire N\u00ed Scannl\u00e1in:<\/strong>&nbsp;&nbsp;<em>Sti\u00farth\u00f3ir<\/em><strong>Caitr\u00edona N\u00ed Chathail:&nbsp;<\/strong>&nbsp;<em>Teagasc\u00f3ir Gaoluinne &amp; Oifigeach Aosoideachais<\/em><br>&nbsp;<\/td><td><strong>Isabel Bennett:<\/strong>&nbsp;<em>&nbsp;Seand\u00e1la\u00ed &amp; Caomhn\u00f3ir Mh\u00fasaem Chorca Dhuibhne<\/em><strong>Orlaith Ruis\u00e9al:<\/strong>&nbsp;&nbsp;<em>Sti\u00farth\u00f3ir T\u00fas Maith \u2013 Sc\u00e9im na gCuairteoir\u00ed Baile<\/em><em>Cuairteoir\u00ed Baile, C\u00fant\u00f3ir\u00ed Teanga.<\/em><em>Amhr\u00e1na\u00ed C\u00f3naitheacha, Scr\u00edbhneoir\u00ed C\u00f3naitheacha, Eala\u00edont\u00f3ir\u00ed sna Scoileanna<\/em><em>Rinceoir\u00ed, Ceolt\u00f3ir\u00ed &amp; Teagasc\u00f3ir\u00ed Gaoluinne \u00e1iti\u00fala.<\/em><\/td><\/tr><\/tbody><\/table><\/figure>\n","protected":false},"excerpt":{"rendered":"<p>Togra cult\u00fair is oidhreachta is ea Oidhreacht Chorca Dhuibhne at\u00e1 lonnaithe i mBaile an Fheirt\u00e9araigh, i gceartl\u00e1r Ghaeltacht Chorca Dhuibhne, in Iardheisceart Cho. Chiarra\u00ed. T\u00e1 an Oidhreacht ann \u00f3 1980 agus \u00e9 ar cheann d\u2019fho-chomhlachta\u00ed Chomharchumann Forbartha Chorca Dhuibhne. \u201cIs \u00e9 is br\u00ed le hoidhreacht n\u00e1 suim na n-acmhainn\u00ed at\u00e1 againn chun maireachtana\u201d Doncha \u00d3 [&hellip;]<\/p>\n","protected":false},"author":1,"featured_media":0,"parent":0,"menu_order":0,"comment_status":"closed","ping_status":"closed","template":"","meta":{"_acf_changed":false,"ocean_post_layout":"","ocean_both_sidebars_style":"","ocean_both_sidebars_content_width":0,"ocean_both_sidebars_sidebars_width":0,"ocean_sidebar":"0","ocean_second_sidebar":"0","ocean_disable_margins":"enable","ocean_add_body_class":"","ocean_shortcode_before_top_bar":"","ocean_shortcode_after_top_bar":"","ocean_shortcode_before_header":"","ocean_shortcode_after_header":"","ocean_has_shortcode":"","ocean_shortcode_after_title":"","ocean_shortcode_before_footer_widgets":"","ocean_shortcode_after_footer_widgets":"","ocean_shortcode_before_footer_bottom":"","ocean_shortcode_after_footer_bottom":"","ocean_display_top_bar":"default","ocean_display_header":"default","ocean_header_style":"","ocean_center_header_left_menu":"0","ocean_custom_header_template":"0","ocean_custom_logo":0,"ocean_custom_retina_logo":0,"ocean_custom_logo_max_width":0,"ocean_custom_logo_tablet_max_width":0,"ocean_custom_logo_mobile_max_width":0,"ocean_custom_logo_max_height":0,"ocean_custom_logo_tablet_max_height":0,"ocean_custom_logo_mobile_max_height":0,"ocean_header_custom_menu":"0","ocean_menu_typo_font_family":"0","ocean_menu_typo_font_subset":"","ocean_menu_typo_font_size":0,"ocean_menu_typo_font_size_tablet":0,"ocean_menu_typo_font_size_mobile":0,"ocean_menu_typo_font_size_unit":"px","ocean_menu_typo_font_weight":"","ocean_menu_typo_font_weight_tablet":"","ocean_menu_typo_font_weight_mobile":"","ocean_menu_typo_transform":"","ocean_menu_typo_transform_tablet":"","ocean_menu_typo_transform_mobile":"","ocean_menu_typo_line_height":0,"ocean_menu_typo_line_height_tablet":0,"ocean_menu_typo_line_height_mobile":0,"ocean_menu_typo_line_height_unit":"","ocean_menu_typo_spacing":0,"ocean_menu_typo_spacing_tablet":0,"ocean_menu_typo_spacing_mobile":0,"ocean_menu_typo_spacing_unit":"","ocean_menu_link_color":"","ocean_menu_link_color_hover":"","ocean_menu_link_color_active":"","ocean_menu_link_background":"","ocean_menu_link_hover_background":"","ocean_menu_link_active_background":"","ocean_menu_social_links_bg":"","ocean_menu_social_hover_links_bg":"","ocean_menu_social_links_color":"","ocean_menu_social_hover_links_color":"","ocean_disable_title":"default","ocean_disable_heading":"default","ocean_post_title":"","ocean_post_subheading":"","ocean_post_title_style":"","ocean_post_title_background_color":"","ocean_post_title_background":0,"ocean_post_title_bg_image_position":"","ocean_post_title_bg_image_attachment":"","ocean_post_title_bg_image_repeat":"","ocean_post_title_bg_image_size":"","ocean_post_title_height":0,"ocean_post_title_bg_overlay":0.5,"ocean_post_title_bg_overlay_color":"","ocean_disable_breadcrumbs":"default","ocean_breadcrumbs_color":"","ocean_breadcrumbs_separator_color":"","ocean_breadcrumbs_links_color":"","ocean_breadcrumbs_links_hover_color":"","ocean_display_footer_widgets":"default","ocean_display_footer_bottom":"default","ocean_custom_footer_template":"0","footnotes":""},"class_list":["post-271","page","type-page","status-publish","hentry","entry","owp-thumbs-layout-horizontal","owp-btn-normal","owp-tabs-layout-horizontal","has-no-thumbnails","has-product-nav"],"acf":[],"yoast_head":"<!-- This site is optimized with the Yoast SEO plugin v27.6 - https:\/\/yoast.com\/product\/yoast-seo-wordpress\/ -->\n<title>Oidhreacht Chorca Dhuibhne - Oidhreacht Chorca Dhuibhne<\/title>\n<meta name=\"robots\" content=\"index, follow, max-snippet:-1, max-image-preview:large, max-video-preview:-1\" \/>\n<link rel=\"canonical\" href=\"https:\/\/www.oidhreacht.ie\/ga\/oidhreacht-chorca-dhuibhne\/\" \/>\n<meta property=\"og:locale\" content=\"ga_IE\" \/>\n<meta property=\"og:type\" content=\"article\" \/>\n<meta property=\"og:title\" content=\"Oidhreacht Chorca Dhuibhne - Oidhreacht Chorca Dhuibhne\" \/>\n<meta property=\"og:description\" content=\"Togra cult\u00fair is oidhreachta is ea Oidhreacht Chorca Dhuibhne at\u00e1 lonnaithe i mBaile an Fheirt\u00e9araigh, i gceartl\u00e1r Ghaeltacht Chorca Dhuibhne, in Iardheisceart Cho. Chiarra\u00ed. T\u00e1 an Oidhreacht ann \u00f3 1980 agus \u00e9 ar cheann d\u2019fho-chomhlachta\u00ed Chomharchumann Forbartha Chorca Dhuibhne. \u201cIs \u00e9 is br\u00ed le hoidhreacht n\u00e1 suim na n-acmhainn\u00ed at\u00e1 againn chun maireachtana\u201d Doncha \u00d3 [&hellip;]\" \/>\n<meta property=\"og:url\" content=\"https:\/\/www.oidhreacht.ie\/ga\/oidhreacht-chorca-dhuibhne\/\" \/>\n<meta property=\"og:site_name\" content=\"Oidhreacht Chorca Dhuibhne\" \/>\n<meta property=\"article:publisher\" content=\"https:\/\/www.facebook.com\/oidhreachtcd\/\" \/>\n<meta property=\"article:modified_time\" content=\"2021-03-31T11:01:51+00:00\" \/>\n<meta name=\"twitter:card\" content=\"summary_large_image\" \/>\n<meta name=\"twitter:label1\" content=\"Est. reading time\" \/>\n\t<meta name=\"twitter:data1\" content=\"1 minute\" \/>\n<script type=\"application\/ld+json\" class=\"yoast-schema-graph\">{\"@context\":\"https:\\\/\\\/schema.org\",\"@graph\":[{\"@type\":\"WebPage\",\"@id\":\"https:\\\/\\\/www.oidhreacht.ie\\\/ga\\\/oidhreacht-chorca-dhuibhne\\\/\",\"url\":\"https:\\\/\\\/www.oidhreacht.ie\\\/ga\\\/oidhreacht-chorca-dhuibhne\\\/\",\"name\":\"Oidhreacht Chorca Dhuibhne - Oidhreacht Chorca Dhuibhne\",\"isPartOf\":{\"@id\":\"https:\\\/\\\/www.oidhreacht.ie\\\/ga\\\/#website\"},\"datePublished\":\"2021-03-22T15:45:38+00:00\",\"dateModified\":\"2021-03-31T11:01:51+00:00\",\"breadcrumb\":{\"@id\":\"https:\\\/\\\/www.oidhreacht.ie\\\/ga\\\/oidhreacht-chorca-dhuibhne\\\/#breadcrumb\"},\"inLanguage\":\"ga-IE\",\"potentialAction\":[{\"@type\":\"ReadAction\",\"target\":[\"https:\\\/\\\/www.oidhreacht.ie\\\/ga\\\/oidhreacht-chorca-dhuibhne\\\/\"]}]},{\"@type\":\"BreadcrumbList\",\"@id\":\"https:\\\/\\\/www.oidhreacht.ie\\\/ga\\\/oidhreacht-chorca-dhuibhne\\\/#breadcrumb\",\"itemListElement\":[{\"@type\":\"ListItem\",\"position\":1,\"name\":\"Home\",\"item\":\"https:\\\/\\\/www.oidhreacht.ie\\\/ga\\\/\"},{\"@type\":\"ListItem\",\"position\":2,\"name\":\"Oidhreacht Chorca Dhuibhne\"}]},{\"@type\":\"WebSite\",\"@id\":\"https:\\\/\\\/www.oidhreacht.ie\\\/ga\\\/#website\",\"url\":\"https:\\\/\\\/www.oidhreacht.ie\\\/ga\\\/\",\"name\":\"Oidhreacht Chorca Dhuibhne\",\"description\":\"Irish Language Courses on the Dingle Peninsula\",\"publisher\":{\"@id\":\"https:\\\/\\\/www.oidhreacht.ie\\\/ga\\\/#organization\"},\"potentialAction\":[{\"@type\":\"SearchAction\",\"target\":{\"@type\":\"EntryPoint\",\"urlTemplate\":\"https:\\\/\\\/www.oidhreacht.ie\\\/ga\\\/?s={search_term_string}\"},\"query-input\":{\"@type\":\"PropertyValueSpecification\",\"valueRequired\":true,\"valueName\":\"search_term_string\"}}],\"inLanguage\":\"ga-IE\"},{\"@type\":\"Organization\",\"@id\":\"https:\\\/\\\/www.oidhreacht.ie\\\/ga\\\/#organization\",\"name\":\"Oidhreacht Chorca Dhuibhne\",\"url\":\"https:\\\/\\\/www.oidhreacht.ie\\\/ga\\\/\",\"logo\":{\"@type\":\"ImageObject\",\"inLanguage\":\"ga-IE\",\"@id\":\"https:\\\/\\\/www.oidhreacht.ie\\\/ga\\\/#\\\/schema\\\/logo\\\/image\\\/\",\"url\":\"https:\\\/\\\/www.oidhreacht.ie\\\/wp-content\\\/uploads\\\/2020\\\/02\\\/oidhreacht-logo-1.png\",\"contentUrl\":\"https:\\\/\\\/www.oidhreacht.ie\\\/wp-content\\\/uploads\\\/2020\\\/02\\\/oidhreacht-logo-1.png\",\"width\":300,\"height\":100,\"caption\":\"Oidhreacht Chorca Dhuibhne\"},\"image\":{\"@id\":\"https:\\\/\\\/www.oidhreacht.ie\\\/ga\\\/#\\\/schema\\\/logo\\\/image\\\/\"},\"sameAs\":[\"https:\\\/\\\/www.facebook.com\\\/oidhreachtcd\\\/\",\"https:\\\/\\\/www.instagram.com\\\/oidhreacht_chorca_dhuibhne\\\/\"]}]}<\/script>\n<!-- \/ Yoast SEO plugin. -->","yoast_head_json":{"title":"Oidhreacht Chorca Dhuibhne - Oidhreacht Chorca Dhuibhne","robots":{"index":"index","follow":"follow","max-snippet":"max-snippet:-1","max-image-preview":"max-image-preview:large","max-video-preview":"max-video-preview:-1"},"canonical":"https:\/\/www.oidhreacht.ie\/ga\/oidhreacht-chorca-dhuibhne\/","og_locale":"ga_IE","og_type":"article","og_title":"Oidhreacht Chorca Dhuibhne - Oidhreacht Chorca Dhuibhne","og_description":"Togra cult\u00fair is oidhreachta is ea Oidhreacht Chorca Dhuibhne at\u00e1 lonnaithe i mBaile an Fheirt\u00e9araigh, i gceartl\u00e1r Ghaeltacht Chorca Dhuibhne, in Iardheisceart Cho. Chiarra\u00ed. T\u00e1 an Oidhreacht ann \u00f3 1980 agus \u00e9 ar cheann d\u2019fho-chomhlachta\u00ed Chomharchumann Forbartha Chorca Dhuibhne. \u201cIs \u00e9 is br\u00ed le hoidhreacht n\u00e1 suim na n-acmhainn\u00ed at\u00e1 againn chun maireachtana\u201d Doncha \u00d3 [&hellip;]","og_url":"https:\/\/www.oidhreacht.ie\/ga\/oidhreacht-chorca-dhuibhne\/","og_site_name":"Oidhreacht Chorca Dhuibhne","article_publisher":"https:\/\/www.facebook.com\/oidhreachtcd\/","article_modified_time":"2021-03-31T11:01:51+00:00","twitter_card":"summary_large_image","twitter_misc":{"Est. reading time":"1 minute"},"schema":{"@context":"https:\/\/schema.org","@graph":[{"@type":"WebPage","@id":"https:\/\/www.oidhreacht.ie\/ga\/oidhreacht-chorca-dhuibhne\/","url":"https:\/\/www.oidhreacht.ie\/ga\/oidhreacht-chorca-dhuibhne\/","name":"Oidhreacht Chorca Dhuibhne - Oidhreacht Chorca Dhuibhne","isPartOf":{"@id":"https:\/\/www.oidhreacht.ie\/ga\/#website"},"datePublished":"2021-03-22T15:45:38+00:00","dateModified":"2021-03-31T11:01:51+00:00","breadcrumb":{"@id":"https:\/\/www.oidhreacht.ie\/ga\/oidhreacht-chorca-dhuibhne\/#breadcrumb"},"inLanguage":"ga-IE","potentialAction":[{"@type":"ReadAction","target":["https:\/\/www.oidhreacht.ie\/ga\/oidhreacht-chorca-dhuibhne\/"]}]},{"@type":"BreadcrumbList","@id":"https:\/\/www.oidhreacht.ie\/ga\/oidhreacht-chorca-dhuibhne\/#breadcrumb","itemListElement":[{"@type":"ListItem","position":1,"name":"Home","item":"https:\/\/www.oidhreacht.ie\/ga\/"},{"@type":"ListItem","position":2,"name":"Oidhreacht Chorca Dhuibhne"}]},{"@type":"WebSite","@id":"https:\/\/www.oidhreacht.ie\/ga\/#website","url":"https:\/\/www.oidhreacht.ie\/ga\/","name":"Oidhreacht Chorca Dhuibhne","description":"Irish Language Courses on the Dingle Peninsula","publisher":{"@id":"https:\/\/www.oidhreacht.ie\/ga\/#organization"},"potentialAction":[{"@type":"SearchAction","target":{"@type":"EntryPoint","urlTemplate":"https:\/\/www.oidhreacht.ie\/ga\/?s={search_term_string}"},"query-input":{"@type":"PropertyValueSpecification","valueRequired":true,"valueName":"search_term_string"}}],"inLanguage":"ga-IE"},{"@type":"Organization","@id":"https:\/\/www.oidhreacht.ie\/ga\/#organization","name":"Oidhreacht Chorca Dhuibhne","url":"https:\/\/www.oidhreacht.ie\/ga\/","logo":{"@type":"ImageObject","inLanguage":"ga-IE","@id":"https:\/\/www.oidhreacht.ie\/ga\/#\/schema\/logo\/image\/","url":"https:\/\/www.oidhreacht.ie\/wp-content\/uploads\/2020\/02\/oidhreacht-logo-1.png","contentUrl":"https:\/\/www.oidhreacht.ie\/wp-content\/uploads\/2020\/02\/oidhreacht-logo-1.png","width":300,"height":100,"caption":"Oidhreacht Chorca Dhuibhne"},"image":{"@id":"https:\/\/www.oidhreacht.ie\/ga\/#\/schema\/logo\/image\/"},"sameAs":["https:\/\/www.facebook.com\/oidhreachtcd\/","https:\/\/www.instagram.com\/oidhreacht_chorca_dhuibhne\/"]}]}},"_links":{"self":[{"href":"https:\/\/www.oidhreacht.ie\/ga\/wp-json\/wp\/v2\/pages\/271","targetHints":{"allow":["GET"]}}],"collection":[{"href":"https:\/\/www.oidhreacht.ie\/ga\/wp-json\/wp\/v2\/pages"}],"about":[{"href":"https:\/\/www.oidhreacht.ie\/ga\/wp-json\/wp\/v2\/types\/page"}],"author":[{"embeddable":true,"href":"https:\/\/www.oidhreacht.ie\/ga\/wp-json\/wp\/v2\/users\/1"}],"replies":[{"embeddable":true,"href":"https:\/\/www.oidhreacht.ie\/ga\/wp-json\/wp\/v2\/comments?post=271"}],"version-history":[{"count":3,"href":"https:\/\/www.oidhreacht.ie\/ga\/wp-json\/wp\/v2\/pages\/271\/revisions"}],"predecessor-version":[{"id":299,"href":"https:\/\/www.oidhreacht.ie\/ga\/wp-json\/wp\/v2\/pages\/271\/revisions\/299"}],"wp:attachment":[{"href":"https:\/\/www.oidhreacht.ie\/ga\/wp-json\/wp\/v2\/media?parent=271"}],"curies":[{"name":"wp","href":"https:\/\/api.w.org\/{rel}","templated":true}]}}