{"id":818,"date":"2021-05-31T13:34:21","date_gmt":"2021-05-31T13:34:21","guid":{"rendered":"http:\/\/www.oidhreacht.ie\/?page_id=818"},"modified":"2021-06-10T14:49:18","modified_gmt":"2021-06-10T14:49:18","slug":"tus-maith","status":"publish","type":"page","link":"https:\/\/www.oidhreacht.ie\/ga\/tograi-teangan\/tus-maith\/","title":{"rendered":"T\u00fas Maith"},"content":{"rendered":"\t\t<div data-elementor-type=\"wp-page\" data-elementor-id=\"818\" class=\"elementor elementor-818 elementor-808\" data-elementor-post-type=\"page\">\n\t\t\t\t\t\t<section class=\"elementor-section elementor-top-section elementor-element elementor-element-ea9a052 elementor-section-boxed elementor-section-height-default elementor-section-height-default\" data-id=\"ea9a052\" data-element_type=\"section\" data-e-type=\"section\">\n\t\t\t\t\t\t<div class=\"elementor-container elementor-column-gap-default\">\n\t\t\t\t\t<div class=\"elementor-column elementor-col-50 elementor-top-column elementor-element elementor-element-fd0db03\" data-id=\"fd0db03\" data-element_type=\"column\" data-e-type=\"column\">\n\t\t\t<div class=\"elementor-widget-wrap elementor-element-populated\">\n\t\t\t\t\t\t<div class=\"elementor-element elementor-element-2c2ee34 elementor-widget elementor-widget-text-editor\" data-id=\"2c2ee34\" data-element_type=\"widget\" data-e-type=\"widget\" data-widget_type=\"text-editor.default\">\n\t\t\t\t<div class=\"elementor-widget-container\">\n\t\t\t\t\t\t\t\t\t<p>Th\u00e1inig <strong>T\u00fas Maith<\/strong> ar an saol sa bhliain <strong>2005<\/strong> mar thoradh\u00a0 ar Thuarasc\u00e1il Taighde T\u00f3g\u00e1il clainne le Gaelainn i nGaeltacht Chorca Dhuibhne\u00a0 a dhein Caitr\u00edona N\u00ed Chathail \u00f3 OCD i gcomhair le DIT.<\/p><p>Bh\u00ed s\u00e9 soil\u00e9ir as san go raibh \u00a0g\u00e9arg\u00e1 le heolas, taca\u00edocht agus comhairle sa phobal \u00f3 thaobh na teangan de.\u00a0\u00a0 Bh\u00ed ceann t\u00f3gtha ag na c\u00fant\u00f3ir\u00ed\u00a0 teangan go raibh go leor leana\u00ed ag teacht chun na scoile gan aon Ghaelainn . Do chreid OCD go l\u00e1idir an m\u00e9id a bh\u00ed le r\u00e1 ag Joshua Fishman.\u201d<strong>Is ar an teaghlach a bhraitheann todhcha\u00ed na teangan\u201d<\/strong> agus buna\u00edodh sc\u00e9im na gCuairteanna Baile.<\/p><p>T\u00e1 na Cuairteanna Baile faoi l\u00e1n tseoil \u00f3 shin ag freastal orthu si\u00fad at\u00e1 ag t\u00f3gaint a gclann le Gaelainn chomh maith leo si\u00fad at\u00e1 ag d\u00e9anamh iarrachta\u00ed leis an Gaelainn.<\/p><p>B\u00edonn Cuairteanna Baile, R\u00f3gair\u00ed Beaga(Gr\u00fapa\u00ed Sugartha), Dr\u00e1ma\u00edocht, Ranganna C\u00f3caireachta, Ranganna Eala\u00edone, Ranganna Ceoil, Scoileanna Foraoise agus go leor eile ar si\u00fal ag T\u00fas Maith mar thaca\u00edocht do chlainn ar a dturas teangan.<\/p>\t\t\t\t\t\t\t\t<\/div>\n\t\t\t\t<\/div>\n\t\t\t\t\t<\/div>\n\t\t<\/div>\n\t\t\t\t<div class=\"elementor-column elementor-col-50 elementor-top-column elementor-element elementor-element-76f4aac\" data-id=\"76f4aac\" data-element_type=\"column\" data-e-type=\"column\">\n\t\t\t<div class=\"elementor-widget-wrap elementor-element-populated\">\n\t\t\t\t\t\t<div class=\"elementor-element elementor-element-9dbda1b elementor-widget elementor-widget-image\" data-id=\"9dbda1b\" data-element_type=\"widget\" data-e-type=\"widget\" data-widget_type=\"image.default\">\n\t\t\t\t<div class=\"elementor-widget-container\">\n\t\t\t\t\t\t\t\t\t\t\t\t\t\t\t<img fetchpriority=\"high\" decoding=\"async\" width=\"633\" height=\"408\" src=\"https:\/\/www.oidhreacht.ie\/wp-content\/uploads\/2021\/05\/tus-maith-picture.jpg\" class=\"attachment-large size-large wp-image-821\" alt=\"T\u00fas Maith\" srcset=\"https:\/\/www.oidhreacht.ie\/wp-content\/uploads\/2021\/05\/tus-maith-picture.jpg 633w, https:\/\/www.oidhreacht.ie\/wp-content\/uploads\/2021\/05\/tus-maith-picture-300x193.jpg 300w, https:\/\/www.oidhreacht.ie\/wp-content\/uploads\/2021\/05\/tus-maith-picture-600x387.jpg 600w\" sizes=\"(max-width: 633px) 100vw, 633px\" \/>\t\t\t\t\t\t\t\t\t\t\t\t\t\t\t<\/div>\n\t\t\t\t<\/div>\n\t\t\t\t<div class=\"elementor-element elementor-element-49de2a2 elementor-absolute elementor-widget elementor-widget-image\" data-id=\"49de2a2\" data-element_type=\"widget\" data-e-type=\"widget\" data-settings=\"{&quot;_position&quot;:&quot;absolute&quot;}\" data-widget_type=\"image.default\">\n\t\t\t\t<div class=\"elementor-widget-container\">\n\t\t\t\t\t\t\t\t\t\t\t\t\t\t\t<img decoding=\"async\" width=\"225\" height=\"206\" src=\"https:\/\/www.oidhreacht.ie\/wp-content\/uploads\/2020\/02\/tus-maith.jpg\" class=\"attachment-medium size-medium wp-image-158\" alt=\"T\u00faus Maith!\" \/>\t\t\t\t\t\t\t\t\t\t\t\t\t\t\t<\/div>\n\t\t\t\t<\/div>\n\t\t\t\t\t<\/div>\n\t\t<\/div>\n\t\t\t\t\t<\/div>\n\t\t<\/section>\n\t\t\t\t<section class=\"elementor-section elementor-top-section elementor-element elementor-element-a6840e8 elementor-section-boxed elementor-section-height-default elementor-section-height-default\" data-id=\"a6840e8\" data-element_type=\"section\" data-e-type=\"section\">\n\t\t\t\t\t\t<div class=\"elementor-container elementor-column-gap-default\">\n\t\t\t\t\t<div class=\"elementor-column elementor-col-100 elementor-top-column elementor-element elementor-element-3621c2d\" data-id=\"3621c2d\" data-element_type=\"column\" data-e-type=\"column\">\n\t\t\t<div class=\"elementor-widget-wrap elementor-element-populated\">\n\t\t\t\t\t\t<div class=\"elementor-element elementor-element-a85644e elementor-widget elementor-widget-text-editor\" data-id=\"a85644e\" data-element_type=\"widget\" data-e-type=\"widget\" data-widget_type=\"text-editor.default\">\n\t\t\t\t<div class=\"elementor-widget-container\">\n\t\t\t\t\t\t\t\t\t<p>Fe l\u00e1thair t\u00e1 sc\u00e9im Th\u00fas Maith ag feidhmi\u00fa i gCiarrai Thiar agus Theas. Taim\u00edd ag s\u00fail \u00e9 a leathn\u00fa amach ar fud C\u00faige Mumhan amach anseo.<\/p>\t\t\t\t\t\t\t\t<\/div>\n\t\t\t\t<\/div>\n\t\t\t\t<div class=\"elementor-element elementor-element-b0f9fe3 elementor-widget elementor-widget-button\" data-id=\"b0f9fe3\" data-element_type=\"widget\" data-e-type=\"widget\" data-widget_type=\"button.default\">\n\t\t\t\t<div class=\"elementor-widget-container\">\n\t\t\t\t\t\t\t\t\t<div class=\"elementor-button-wrapper\">\n\t\t\t\t\t<a class=\"elementor-button elementor-button-link elementor-size-sm\" href=\"http:\/\/tusmaithocd.ie\/\" target=\"_blank\">\n\t\t\t\t\t\t<span class=\"elementor-button-content-wrapper\">\n\t\t\t\t\t\t<span class=\"elementor-button-icon\">\n\t\t\t\t<i aria-hidden=\"true\" class=\"fas fa-external-link-alt\"><\/i>\t\t\t<\/span>\n\t\t\t\t\t\t\t\t\t<span class=\"elementor-button-text\">www.tusmaithocd.ie<\/span>\n\t\t\t\t\t<\/span>\n\t\t\t\t\t<\/a>\n\t\t\t\t<\/div>\n\t\t\t\t\t\t\t\t<\/div>\n\t\t\t\t<\/div>\n\t\t\t\t\t<\/div>\n\t\t<\/div>\n\t\t\t\t\t<\/div>\n\t\t<\/section>\n\t\t\t\t<\/div>\n\t\t","protected":false},"excerpt":{"rendered":"<p>Th\u00e1inig T\u00fas Maith ar an saol sa bhliain 2005 mar thoradh\u00a0 ar Thuarasc\u00e1il Taighde T\u00f3g\u00e1il clainne le Gaelainn i nGaeltacht Chorca Dhuibhne\u00a0 a dhein Caitr\u00edona N\u00ed Chathail \u00f3 OCD i gcomhair le DIT. Bh\u00ed s\u00e9 soil\u00e9ir as san go raibh \u00a0g\u00e9arg\u00e1 le heolas, taca\u00edocht agus comhairle sa phobal \u00f3 thaobh na teangan de.\u00a0\u00a0 Bh\u00ed ceann [&hellip;]<\/p>\n","protected":false},"author":1,"featured_media":0,"parent":863,"menu_order":0,"comment_status":"closed","ping_status":"closed","template":"","meta":{"_acf_changed":false,"ocean_post_layout":"","ocean_both_sidebars_style":"","ocean_both_sidebars_content_width":0,"ocean_both_sidebars_sidebars_width":0,"ocean_sidebar":"0","ocean_second_sidebar":"0","ocean_disable_margins":"enable","ocean_add_body_class":"","ocean_shortcode_before_top_bar":"","ocean_shortcode_after_top_bar":"","ocean_shortcode_before_header":"","ocean_shortcode_after_header":"","ocean_has_shortcode":"","ocean_shortcode_after_title":"","ocean_shortcode_before_footer_widgets":"","ocean_shortcode_after_footer_widgets":"","ocean_shortcode_before_footer_bottom":"","ocean_shortcode_after_footer_bottom":"","ocean_display_top_bar":"default","ocean_display_header":"default","ocean_header_style":"","ocean_center_header_left_menu":"0","ocean_custom_header_template":"0","ocean_custom_logo":0,"ocean_custom_retina_logo":0,"ocean_custom_logo_max_width":0,"ocean_custom_logo_tablet_max_width":0,"ocean_custom_logo_mobile_max_width":0,"ocean_custom_logo_max_height":0,"ocean_custom_logo_tablet_max_height":0,"ocean_custom_logo_mobile_max_height":0,"ocean_header_custom_menu":"0","ocean_menu_typo_font_family":"0","ocean_menu_typo_font_subset":"","ocean_menu_typo_font_size":0,"ocean_menu_typo_font_size_tablet":0,"ocean_menu_typo_font_size_mobile":0,"ocean_menu_typo_font_size_unit":"px","ocean_menu_typo_font_weight":"","ocean_menu_typo_font_weight_tablet":"","ocean_menu_typo_font_weight_mobile":"","ocean_menu_typo_transform":"","ocean_menu_typo_transform_tablet":"","ocean_menu_typo_transform_mobile":"","ocean_menu_typo_line_height":0,"ocean_menu_typo_line_height_tablet":0,"ocean_menu_typo_line_height_mobile":0,"ocean_menu_typo_line_height_unit":"","ocean_menu_typo_spacing":0,"ocean_menu_typo_spacing_tablet":0,"ocean_menu_typo_spacing_mobile":0,"ocean_menu_typo_spacing_unit":"","ocean_menu_link_color":"","ocean_menu_link_color_hover":"","ocean_menu_link_color_active":"","ocean_menu_link_background":"","ocean_menu_link_hover_background":"","ocean_menu_link_active_background":"","ocean_menu_social_links_bg":"","ocean_menu_social_hover_links_bg":"","ocean_menu_social_links_color":"","ocean_menu_social_hover_links_color":"","ocean_disable_title":"default","ocean_disable_heading":"default","ocean_post_title":"","ocean_post_subheading":"","ocean_post_title_style":"","ocean_post_title_background_color":"","ocean_post_title_background":0,"ocean_post_title_bg_image_position":"","ocean_post_title_bg_image_attachment":"","ocean_post_title_bg_image_repeat":"","ocean_post_title_bg_image_size":"","ocean_post_title_height":0,"ocean_post_title_bg_overlay":0.5,"ocean_post_title_bg_overlay_color":"","ocean_disable_breadcrumbs":"default","ocean_breadcrumbs_color":"","ocean_breadcrumbs_separator_color":"","ocean_breadcrumbs_links_color":"","ocean_breadcrumbs_links_hover_color":"","ocean_display_footer_widgets":"default","ocean_display_footer_bottom":"default","ocean_custom_footer_template":"0","footnotes":""},"class_list":["post-818","page","type-page","status-publish","hentry","entry","owp-thumbs-layout-horizontal","owp-btn-normal","owp-tabs-layout-horizontal","has-no-thumbnails","has-product-nav"],"acf":[],"yoast_head":"<!-- This site is optimized with the Yoast SEO plugin v27.4 - https:\/\/yoast.com\/product\/yoast-seo-wordpress\/ -->\n<title>T\u00fas Maith - Oidhreacht Chorca Dhuibhne<\/title>\n<meta name=\"robots\" content=\"index, follow, max-snippet:-1, max-image-preview:large, max-video-preview:-1\" \/>\n<link rel=\"canonical\" href=\"https:\/\/www.oidhreacht.ie\/ga\/tograi-teangan\/tus-maith\/\" \/>\n<meta property=\"og:locale\" content=\"ga_IE\" \/>\n<meta property=\"og:type\" content=\"article\" \/>\n<meta property=\"og:title\" content=\"T\u00fas Maith - Oidhreacht Chorca Dhuibhne\" \/>\n<meta property=\"og:description\" content=\"Th\u00e1inig T\u00fas Maith ar an saol sa bhliain 2005 mar thoradh\u00a0 ar Thuarasc\u00e1il Taighde T\u00f3g\u00e1il clainne le Gaelainn i nGaeltacht Chorca Dhuibhne\u00a0 a dhein Caitr\u00edona N\u00ed Chathail \u00f3 OCD i gcomhair le DIT. Bh\u00ed s\u00e9 soil\u00e9ir as san go raibh \u00a0g\u00e9arg\u00e1 le heolas, taca\u00edocht agus comhairle sa phobal \u00f3 thaobh na teangan de.\u00a0\u00a0 Bh\u00ed ceann [&hellip;]\" \/>\n<meta property=\"og:url\" content=\"https:\/\/www.oidhreacht.ie\/ga\/tograi-teangan\/tus-maith\/\" \/>\n<meta property=\"og:site_name\" content=\"Oidhreacht Chorca Dhuibhne\" \/>\n<meta property=\"article:publisher\" content=\"https:\/\/www.facebook.com\/oidhreachtcd\/\" \/>\n<meta property=\"article:modified_time\" content=\"2021-06-10T14:49:18+00:00\" \/>\n<meta property=\"og:image\" content=\"http:\/\/www.oidhreacht.ie\/wp-content\/uploads\/2021\/05\/tus-maith-picture.jpg\" \/>\n<meta name=\"twitter:card\" content=\"summary_large_image\" \/>\n<meta name=\"twitter:label1\" content=\"Est. reading time\" \/>\n\t<meta name=\"twitter:data1\" content=\"2 minutes\" \/>\n<script type=\"application\/ld+json\" class=\"yoast-schema-graph\">{\"@context\":\"https:\\\/\\\/schema.org\",\"@graph\":[{\"@type\":\"WebPage\",\"@id\":\"https:\\\/\\\/www.oidhreacht.ie\\\/ga\\\/tograi-teangan\\\/tus-maith\\\/\",\"url\":\"https:\\\/\\\/www.oidhreacht.ie\\\/ga\\\/tograi-teangan\\\/tus-maith\\\/\",\"name\":\"T\u00fas Maith - Oidhreacht Chorca Dhuibhne\",\"isPartOf\":{\"@id\":\"https:\\\/\\\/www.oidhreacht.ie\\\/ga\\\/#website\"},\"primaryImageOfPage\":{\"@id\":\"https:\\\/\\\/www.oidhreacht.ie\\\/ga\\\/tograi-teangan\\\/tus-maith\\\/#primaryimage\"},\"image\":{\"@id\":\"https:\\\/\\\/www.oidhreacht.ie\\\/ga\\\/tograi-teangan\\\/tus-maith\\\/#primaryimage\"},\"thumbnailUrl\":\"http:\\\/\\\/www.oidhreacht.ie\\\/wp-content\\\/uploads\\\/2021\\\/05\\\/tus-maith-picture.jpg\",\"datePublished\":\"2021-05-31T13:34:21+00:00\",\"dateModified\":\"2021-06-10T14:49:18+00:00\",\"breadcrumb\":{\"@id\":\"https:\\\/\\\/www.oidhreacht.ie\\\/ga\\\/tograi-teangan\\\/tus-maith\\\/#breadcrumb\"},\"inLanguage\":\"ga-IE\",\"potentialAction\":[{\"@type\":\"ReadAction\",\"target\":[\"https:\\\/\\\/www.oidhreacht.ie\\\/ga\\\/tograi-teangan\\\/tus-maith\\\/\"]}]},{\"@type\":\"ImageObject\",\"inLanguage\":\"ga-IE\",\"@id\":\"https:\\\/\\\/www.oidhreacht.ie\\\/ga\\\/tograi-teangan\\\/tus-maith\\\/#primaryimage\",\"url\":\"http:\\\/\\\/www.oidhreacht.ie\\\/wp-content\\\/uploads\\\/2021\\\/05\\\/tus-maith-picture.jpg\",\"contentUrl\":\"http:\\\/\\\/www.oidhreacht.ie\\\/wp-content\\\/uploads\\\/2021\\\/05\\\/tus-maith-picture.jpg\"},{\"@type\":\"BreadcrumbList\",\"@id\":\"https:\\\/\\\/www.oidhreacht.ie\\\/ga\\\/tograi-teangan\\\/tus-maith\\\/#breadcrumb\",\"itemListElement\":[{\"@type\":\"ListItem\",\"position\":1,\"name\":\"Home\",\"item\":\"https:\\\/\\\/www.oidhreacht.ie\\\/ga\\\/\"},{\"@type\":\"ListItem\",\"position\":2,\"name\":\"Togra\u00ed Teangan\",\"item\":\"https:\\\/\\\/www.oidhreacht.ie\\\/ga\\\/tograi-teangan\\\/\"},{\"@type\":\"ListItem\",\"position\":3,\"name\":\"T\u00fas Maith\"}]},{\"@type\":\"WebSite\",\"@id\":\"https:\\\/\\\/www.oidhreacht.ie\\\/ga\\\/#website\",\"url\":\"https:\\\/\\\/www.oidhreacht.ie\\\/ga\\\/\",\"name\":\"Oidhreacht Chorca Dhuibhne\",\"description\":\"Irish Language Courses on the Dingle Peninsula\",\"publisher\":{\"@id\":\"https:\\\/\\\/www.oidhreacht.ie\\\/ga\\\/#organization\"},\"potentialAction\":[{\"@type\":\"SearchAction\",\"target\":{\"@type\":\"EntryPoint\",\"urlTemplate\":\"https:\\\/\\\/www.oidhreacht.ie\\\/ga\\\/?s={search_term_string}\"},\"query-input\":{\"@type\":\"PropertyValueSpecification\",\"valueRequired\":true,\"valueName\":\"search_term_string\"}}],\"inLanguage\":\"ga-IE\"},{\"@type\":\"Organization\",\"@id\":\"https:\\\/\\\/www.oidhreacht.ie\\\/ga\\\/#organization\",\"name\":\"Oidhreacht Chorca Dhuibhne\",\"url\":\"https:\\\/\\\/www.oidhreacht.ie\\\/ga\\\/\",\"logo\":{\"@type\":\"ImageObject\",\"inLanguage\":\"ga-IE\",\"@id\":\"https:\\\/\\\/www.oidhreacht.ie\\\/ga\\\/#\\\/schema\\\/logo\\\/image\\\/\",\"url\":\"https:\\\/\\\/www.oidhreacht.ie\\\/wp-content\\\/uploads\\\/2020\\\/02\\\/oidhreacht-logo-1.png\",\"contentUrl\":\"https:\\\/\\\/www.oidhreacht.ie\\\/wp-content\\\/uploads\\\/2020\\\/02\\\/oidhreacht-logo-1.png\",\"width\":300,\"height\":100,\"caption\":\"Oidhreacht Chorca Dhuibhne\"},\"image\":{\"@id\":\"https:\\\/\\\/www.oidhreacht.ie\\\/ga\\\/#\\\/schema\\\/logo\\\/image\\\/\"},\"sameAs\":[\"https:\\\/\\\/www.facebook.com\\\/oidhreachtcd\\\/\",\"https:\\\/\\\/www.instagram.com\\\/oidhreacht_chorca_dhuibhne\\\/\"]}]}<\/script>\n<!-- \/ Yoast SEO plugin. -->","yoast_head_json":{"title":"T\u00fas Maith - Oidhreacht Chorca Dhuibhne","robots":{"index":"index","follow":"follow","max-snippet":"max-snippet:-1","max-image-preview":"max-image-preview:large","max-video-preview":"max-video-preview:-1"},"canonical":"https:\/\/www.oidhreacht.ie\/ga\/tograi-teangan\/tus-maith\/","og_locale":"ga_IE","og_type":"article","og_title":"T\u00fas Maith - Oidhreacht Chorca Dhuibhne","og_description":"Th\u00e1inig T\u00fas Maith ar an saol sa bhliain 2005 mar thoradh\u00a0 ar Thuarasc\u00e1il Taighde T\u00f3g\u00e1il clainne le Gaelainn i nGaeltacht Chorca Dhuibhne\u00a0 a dhein Caitr\u00edona N\u00ed Chathail \u00f3 OCD i gcomhair le DIT. Bh\u00ed s\u00e9 soil\u00e9ir as san go raibh \u00a0g\u00e9arg\u00e1 le heolas, taca\u00edocht agus comhairle sa phobal \u00f3 thaobh na teangan de.\u00a0\u00a0 Bh\u00ed ceann [&hellip;]","og_url":"https:\/\/www.oidhreacht.ie\/ga\/tograi-teangan\/tus-maith\/","og_site_name":"Oidhreacht Chorca Dhuibhne","article_publisher":"https:\/\/www.facebook.com\/oidhreachtcd\/","article_modified_time":"2021-06-10T14:49:18+00:00","og_image":[{"url":"http:\/\/www.oidhreacht.ie\/wp-content\/uploads\/2021\/05\/tus-maith-picture.jpg","type":"","width":"","height":""}],"twitter_card":"summary_large_image","twitter_misc":{"Est. reading time":"2 minutes"},"schema":{"@context":"https:\/\/schema.org","@graph":[{"@type":"WebPage","@id":"https:\/\/www.oidhreacht.ie\/ga\/tograi-teangan\/tus-maith\/","url":"https:\/\/www.oidhreacht.ie\/ga\/tograi-teangan\/tus-maith\/","name":"T\u00fas Maith - Oidhreacht Chorca Dhuibhne","isPartOf":{"@id":"https:\/\/www.oidhreacht.ie\/ga\/#website"},"primaryImageOfPage":{"@id":"https:\/\/www.oidhreacht.ie\/ga\/tograi-teangan\/tus-maith\/#primaryimage"},"image":{"@id":"https:\/\/www.oidhreacht.ie\/ga\/tograi-teangan\/tus-maith\/#primaryimage"},"thumbnailUrl":"http:\/\/www.oidhreacht.ie\/wp-content\/uploads\/2021\/05\/tus-maith-picture.jpg","datePublished":"2021-05-31T13:34:21+00:00","dateModified":"2021-06-10T14:49:18+00:00","breadcrumb":{"@id":"https:\/\/www.oidhreacht.ie\/ga\/tograi-teangan\/tus-maith\/#breadcrumb"},"inLanguage":"ga-IE","potentialAction":[{"@type":"ReadAction","target":["https:\/\/www.oidhreacht.ie\/ga\/tograi-teangan\/tus-maith\/"]}]},{"@type":"ImageObject","inLanguage":"ga-IE","@id":"https:\/\/www.oidhreacht.ie\/ga\/tograi-teangan\/tus-maith\/#primaryimage","url":"http:\/\/www.oidhreacht.ie\/wp-content\/uploads\/2021\/05\/tus-maith-picture.jpg","contentUrl":"http:\/\/www.oidhreacht.ie\/wp-content\/uploads\/2021\/05\/tus-maith-picture.jpg"},{"@type":"BreadcrumbList","@id":"https:\/\/www.oidhreacht.ie\/ga\/tograi-teangan\/tus-maith\/#breadcrumb","itemListElement":[{"@type":"ListItem","position":1,"name":"Home","item":"https:\/\/www.oidhreacht.ie\/ga\/"},{"@type":"ListItem","position":2,"name":"Togra\u00ed Teangan","item":"https:\/\/www.oidhreacht.ie\/ga\/tograi-teangan\/"},{"@type":"ListItem","position":3,"name":"T\u00fas Maith"}]},{"@type":"WebSite","@id":"https:\/\/www.oidhreacht.ie\/ga\/#website","url":"https:\/\/www.oidhreacht.ie\/ga\/","name":"Oidhreacht Chorca Dhuibhne","description":"Irish Language Courses on the Dingle Peninsula","publisher":{"@id":"https:\/\/www.oidhreacht.ie\/ga\/#organization"},"potentialAction":[{"@type":"SearchAction","target":{"@type":"EntryPoint","urlTemplate":"https:\/\/www.oidhreacht.ie\/ga\/?s={search_term_string}"},"query-input":{"@type":"PropertyValueSpecification","valueRequired":true,"valueName":"search_term_string"}}],"inLanguage":"ga-IE"},{"@type":"Organization","@id":"https:\/\/www.oidhreacht.ie\/ga\/#organization","name":"Oidhreacht Chorca Dhuibhne","url":"https:\/\/www.oidhreacht.ie\/ga\/","logo":{"@type":"ImageObject","inLanguage":"ga-IE","@id":"https:\/\/www.oidhreacht.ie\/ga\/#\/schema\/logo\/image\/","url":"https:\/\/www.oidhreacht.ie\/wp-content\/uploads\/2020\/02\/oidhreacht-logo-1.png","contentUrl":"https:\/\/www.oidhreacht.ie\/wp-content\/uploads\/2020\/02\/oidhreacht-logo-1.png","width":300,"height":100,"caption":"Oidhreacht Chorca Dhuibhne"},"image":{"@id":"https:\/\/www.oidhreacht.ie\/ga\/#\/schema\/logo\/image\/"},"sameAs":["https:\/\/www.facebook.com\/oidhreachtcd\/","https:\/\/www.instagram.com\/oidhreacht_chorca_dhuibhne\/"]}]}},"_links":{"self":[{"href":"https:\/\/www.oidhreacht.ie\/ga\/wp-json\/wp\/v2\/pages\/818","targetHints":{"allow":["GET"]}}],"collection":[{"href":"https:\/\/www.oidhreacht.ie\/ga\/wp-json\/wp\/v2\/pages"}],"about":[{"href":"https:\/\/www.oidhreacht.ie\/ga\/wp-json\/wp\/v2\/types\/page"}],"author":[{"embeddable":true,"href":"https:\/\/www.oidhreacht.ie\/ga\/wp-json\/wp\/v2\/users\/1"}],"replies":[{"embeddable":true,"href":"https:\/\/www.oidhreacht.ie\/ga\/wp-json\/wp\/v2\/comments?post=818"}],"version-history":[{"count":5,"href":"https:\/\/www.oidhreacht.ie\/ga\/wp-json\/wp\/v2\/pages\/818\/revisions"}],"predecessor-version":[{"id":996,"href":"https:\/\/www.oidhreacht.ie\/ga\/wp-json\/wp\/v2\/pages\/818\/revisions\/996"}],"up":[{"embeddable":true,"href":"https:\/\/www.oidhreacht.ie\/ga\/wp-json\/wp\/v2\/pages\/863"}],"wp:attachment":[{"href":"https:\/\/www.oidhreacht.ie\/ga\/wp-json\/wp\/v2\/media?parent=818"}],"curies":[{"name":"wp","href":"https:\/\/api.w.org\/{rel}","templated":true}]}}