{"id":838,"date":"2021-05-31T13:54:44","date_gmt":"2021-05-31T13:54:44","guid":{"rendered":"http:\/\/www.oidhreacht.ie\/?page_id=838"},"modified":"2025-01-07T13:32:58","modified_gmt":"2025-01-07T13:32:58","slug":"cuntoiri-teanga","status":"publish","type":"page","link":"https:\/\/www.oidhreacht.ie\/ga\/tograi-teangan\/cuntoiri-teanga\/","title":{"rendered":"C\u00fant\u00f3ir\u00ed Teanga"},"content":{"rendered":"\t\t<div data-elementor-type=\"wp-page\" data-elementor-id=\"838\" class=\"elementor elementor-838 elementor-810\" data-elementor-post-type=\"page\">\n\t\t\t\t\t\t<section class=\"elementor-section elementor-top-section elementor-element elementor-element-3f7373e elementor-section-boxed elementor-section-height-default elementor-section-height-default\" data-id=\"3f7373e\" data-element_type=\"section\" data-e-type=\"section\">\n\t\t\t\t\t\t<div class=\"elementor-container elementor-column-gap-default\">\n\t\t\t\t\t<div class=\"elementor-column elementor-col-50 elementor-top-column elementor-element elementor-element-1924769\" data-id=\"1924769\" data-element_type=\"column\" data-e-type=\"column\">\n\t\t\t<div class=\"elementor-widget-wrap elementor-element-populated\">\n\t\t\t\t\t\t<div class=\"elementor-element elementor-element-6d98f75 elementor-widget elementor-widget-text-editor\" data-id=\"6d98f75\" data-element_type=\"widget\" data-e-type=\"widget\" data-widget_type=\"text-editor.default\">\n\t\t\t\t<div class=\"elementor-widget-container\">\n\t\t\t\t\t\t\t\t\t<p>Is i nGaeltacht Chorca Dhuibhne a thosaigh an Sc\u00e9im seo an ch\u00e9ad l\u00e1, de bharr gur aithnigh Oidhreacht Chorca Dhuibhne an gh\u00e1 a bh\u00ed le taca\u00edocht breise teangan a chur ar f\u00e1il do roinnt ph\u00e1ist\u00ed i scoil \u00e1iti\u00fail. Fosta\u00edodh C\u00fant\u00f3ir Teanga agus is as seo a leathnaigh an Sc\u00e9im ina dhiaidh sin.<\/p><p>\u00a0Is \u00ed Oidhreacht Chorca Dhuibhne a riarann Sc\u00e9im na gC\u00fant\u00f3ir\u00ed Teanga i ngach scoil Gaeltachta i gC\u00faige Mumhan thar cheann na Roinne Turas\u00f3ireachta, Cult\u00fair, Eala\u00edon, Gaeltachta Sp\u00f3irt agus Me\u00e1in.<\/p>\t\t\t\t\t\t\t\t<\/div>\n\t\t\t\t<\/div>\n\t\t\t\t<div class=\"elementor-element elementor-element-d23b8b3 elementor-widget elementor-widget-button\" data-id=\"d23b8b3\" data-element_type=\"widget\" data-e-type=\"widget\" data-widget_type=\"button.default\">\n\t\t\t\t<div class=\"elementor-widget-container\">\n\t\t\t\t\t\t\t\t\t<div class=\"elementor-button-wrapper\">\n\t\t\t\t\t<a class=\"elementor-button elementor-button-link elementor-size-sm\" href=\"http:\/\/ancuntoir.ie\" target=\"_blank\">\n\t\t\t\t\t\t<span class=\"elementor-button-content-wrapper\">\n\t\t\t\t\t\t<span class=\"elementor-button-icon\">\n\t\t\t\t<i aria-hidden=\"true\" class=\"fas fa-external-link-alt\"><\/i>\t\t\t<\/span>\n\t\t\t\t\t\t\t\t\t<span class=\"elementor-button-text\">www.ancuntoir.ie<\/span>\n\t\t\t\t\t<\/span>\n\t\t\t\t\t<\/a>\n\t\t\t\t<\/div>\n\t\t\t\t\t\t\t\t<\/div>\n\t\t\t\t<\/div>\n\t\t\t\t\t<\/div>\n\t\t<\/div>\n\t\t\t\t<div class=\"elementor-column elementor-col-50 elementor-top-column elementor-element elementor-element-df739ff\" data-id=\"df739ff\" data-element_type=\"column\" data-e-type=\"column\">\n\t\t\t<div class=\"elementor-widget-wrap elementor-element-populated\">\n\t\t\t\t\t\t<div class=\"elementor-element elementor-element-24179c0 elementor-widget elementor-widget-image\" data-id=\"24179c0\" data-element_type=\"widget\" data-e-type=\"widget\" data-widget_type=\"image.default\">\n\t\t\t\t<div class=\"elementor-widget-container\">\n\t\t\t\t\t\t\t\t\t\t\t\t\t\t\t<img fetchpriority=\"high\" decoding=\"async\" width=\"800\" height=\"532\" src=\"https:\/\/www.oidhreacht.ie\/wp-content\/uploads\/2021\/05\/classroom-children.jpg\" class=\"attachment-large size-large wp-image-834\" alt=\"An Cuntoir\" srcset=\"https:\/\/www.oidhreacht.ie\/wp-content\/uploads\/2021\/05\/classroom-children.jpg 800w, https:\/\/www.oidhreacht.ie\/wp-content\/uploads\/2021\/05\/classroom-children-300x200.jpg 300w, https:\/\/www.oidhreacht.ie\/wp-content\/uploads\/2021\/05\/classroom-children-768x511.jpg 768w, https:\/\/www.oidhreacht.ie\/wp-content\/uploads\/2021\/05\/classroom-children-600x399.jpg 600w\" sizes=\"(max-width: 800px) 100vw, 800px\" \/>\t\t\t\t\t\t\t\t\t\t\t\t\t\t\t<\/div>\n\t\t\t\t<\/div>\n\t\t\t\t<div class=\"elementor-element elementor-element-1584754 elementor-absolute elementor-widget__width-initial elementor-widget elementor-widget-image\" data-id=\"1584754\" data-element_type=\"widget\" data-e-type=\"widget\" data-settings=\"{&quot;_position&quot;:&quot;absolute&quot;}\" data-widget_type=\"image.default\">\n\t\t\t\t<div class=\"elementor-widget-container\">\n\t\t\t\t\t\t\t\t\t\t\t\t\t\t\t\t<a href=\"https:\/\/ancuntoir.ie\/\" target=\"_blank\">\n\t\t\t\t\t\t\t<img decoding=\"async\" width=\"300\" height=\"300\" src=\"https:\/\/www.oidhreacht.ie\/wp-content\/uploads\/2025\/01\/Logo-AnCuntoir-cearnogach-tredhearcach-300x300.png\" class=\"attachment-medium size-medium wp-image-3688\" alt=\"\" srcset=\"https:\/\/www.oidhreacht.ie\/wp-content\/uploads\/2025\/01\/Logo-AnCuntoir-cearnogach-tredhearcach-300x300.png 300w, https:\/\/www.oidhreacht.ie\/wp-content\/uploads\/2025\/01\/Logo-AnCuntoir-cearnogach-tredhearcach-1024x1024.png 1024w, https:\/\/www.oidhreacht.ie\/wp-content\/uploads\/2025\/01\/Logo-AnCuntoir-cearnogach-tredhearcach-150x150.png 150w, https:\/\/www.oidhreacht.ie\/wp-content\/uploads\/2025\/01\/Logo-AnCuntoir-cearnogach-tredhearcach-768x768.png 768w, https:\/\/www.oidhreacht.ie\/wp-content\/uploads\/2025\/01\/Logo-AnCuntoir-cearnogach-tredhearcach-1536x1536.png 1536w, https:\/\/www.oidhreacht.ie\/wp-content\/uploads\/2025\/01\/Logo-AnCuntoir-cearnogach-tredhearcach-2048x2048.png 2048w, https:\/\/www.oidhreacht.ie\/wp-content\/uploads\/2025\/01\/Logo-AnCuntoir-cearnogach-tredhearcach-600x600.png 600w, https:\/\/www.oidhreacht.ie\/wp-content\/uploads\/2025\/01\/Logo-AnCuntoir-cearnogach-tredhearcach-400x400.png 400w, https:\/\/www.oidhreacht.ie\/wp-content\/uploads\/2025\/01\/Logo-AnCuntoir-cearnogach-tredhearcach-100x100.png 100w\" sizes=\"(max-width: 300px) 100vw, 300px\" \/>\t\t\t\t\t\t\t\t<\/a>\n\t\t\t\t\t\t\t\t\t\t\t\t\t\t\t<\/div>\n\t\t\t\t<\/div>\n\t\t\t\t\t<\/div>\n\t\t<\/div>\n\t\t\t\t\t<\/div>\n\t\t<\/section>\n\t\t\t\t<\/div>\n\t\t","protected":false},"excerpt":{"rendered":"<p>Is i nGaeltacht Chorca Dhuibhne a thosaigh an Sc\u00e9im seo an ch\u00e9ad l\u00e1, de bharr gur aithnigh Oidhreacht Chorca Dhuibhne an gh\u00e1 a bh\u00ed le taca\u00edocht breise teangan a chur ar f\u00e1il do roinnt ph\u00e1ist\u00ed i scoil \u00e1iti\u00fail. Fosta\u00edodh C\u00fant\u00f3ir Teanga agus is as seo a leathnaigh an Sc\u00e9im ina dhiaidh sin. \u00a0Is \u00ed Oidhreacht [&hellip;]<\/p>\n","protected":false},"author":1,"featured_media":0,"parent":863,"menu_order":0,"comment_status":"closed","ping_status":"closed","template":"","meta":{"_acf_changed":false,"ocean_post_layout":"","ocean_both_sidebars_style":"","ocean_both_sidebars_content_width":0,"ocean_both_sidebars_sidebars_width":0,"ocean_sidebar":"0","ocean_second_sidebar":"0","ocean_disable_margins":"enable","ocean_add_body_class":"","ocean_shortcode_before_top_bar":"","ocean_shortcode_after_top_bar":"","ocean_shortcode_before_header":"","ocean_shortcode_after_header":"","ocean_has_shortcode":"","ocean_shortcode_after_title":"","ocean_shortcode_before_footer_widgets":"","ocean_shortcode_after_footer_widgets":"","ocean_shortcode_before_footer_bottom":"","ocean_shortcode_after_footer_bottom":"","ocean_display_top_bar":"default","ocean_display_header":"default","ocean_header_style":"","ocean_center_header_left_menu":"0","ocean_custom_header_template":"0","ocean_custom_logo":0,"ocean_custom_retina_logo":0,"ocean_custom_logo_max_width":0,"ocean_custom_logo_tablet_max_width":0,"ocean_custom_logo_mobile_max_width":0,"ocean_custom_logo_max_height":0,"ocean_custom_logo_tablet_max_height":0,"ocean_custom_logo_mobile_max_height":0,"ocean_header_custom_menu":"0","ocean_menu_typo_font_family":"0","ocean_menu_typo_font_subset":"","ocean_menu_typo_font_size":0,"ocean_menu_typo_font_size_tablet":0,"ocean_menu_typo_font_size_mobile":0,"ocean_menu_typo_font_size_unit":"px","ocean_menu_typo_font_weight":"","ocean_menu_typo_font_weight_tablet":"","ocean_menu_typo_font_weight_mobile":"","ocean_menu_typo_transform":"","ocean_menu_typo_transform_tablet":"","ocean_menu_typo_transform_mobile":"","ocean_menu_typo_line_height":0,"ocean_menu_typo_line_height_tablet":0,"ocean_menu_typo_line_height_mobile":0,"ocean_menu_typo_line_height_unit":"","ocean_menu_typo_spacing":0,"ocean_menu_typo_spacing_tablet":0,"ocean_menu_typo_spacing_mobile":0,"ocean_menu_typo_spacing_unit":"","ocean_menu_link_color":"","ocean_menu_link_color_hover":"","ocean_menu_link_color_active":"","ocean_menu_link_background":"","ocean_menu_link_hover_background":"","ocean_menu_link_active_background":"","ocean_menu_social_links_bg":"","ocean_menu_social_hover_links_bg":"","ocean_menu_social_links_color":"","ocean_menu_social_hover_links_color":"","ocean_disable_title":"default","ocean_disable_heading":"default","ocean_post_title":"","ocean_post_subheading":"","ocean_post_title_style":"","ocean_post_title_background_color":"","ocean_post_title_background":0,"ocean_post_title_bg_image_position":"","ocean_post_title_bg_image_attachment":"","ocean_post_title_bg_image_repeat":"","ocean_post_title_bg_image_size":"","ocean_post_title_height":0,"ocean_post_title_bg_overlay":0.5,"ocean_post_title_bg_overlay_color":"","ocean_disable_breadcrumbs":"default","ocean_breadcrumbs_color":"","ocean_breadcrumbs_separator_color":"","ocean_breadcrumbs_links_color":"","ocean_breadcrumbs_links_hover_color":"","ocean_display_footer_widgets":"default","ocean_display_footer_bottom":"default","ocean_custom_footer_template":"0","footnotes":""},"class_list":["post-838","page","type-page","status-publish","hentry","entry","owp-thumbs-layout-horizontal","owp-btn-normal","owp-tabs-layout-horizontal","has-no-thumbnails","has-product-nav"],"acf":[],"yoast_head":"<!-- This site is optimized with the Yoast SEO plugin v27.4 - https:\/\/yoast.com\/product\/yoast-seo-wordpress\/ -->\n<title>C\u00fant\u00f3ir\u00ed Teanga - Oidhreacht Chorca Dhuibhne<\/title>\n<meta name=\"robots\" content=\"index, follow, max-snippet:-1, max-image-preview:large, max-video-preview:-1\" \/>\n<link rel=\"canonical\" href=\"https:\/\/www.oidhreacht.ie\/ga\/tograi-teangan\/cuntoiri-teanga\/\" \/>\n<meta property=\"og:locale\" content=\"ga_IE\" \/>\n<meta property=\"og:type\" content=\"article\" \/>\n<meta property=\"og:title\" content=\"C\u00fant\u00f3ir\u00ed Teanga - Oidhreacht Chorca Dhuibhne\" \/>\n<meta property=\"og:description\" content=\"Is i nGaeltacht Chorca Dhuibhne a thosaigh an Sc\u00e9im seo an ch\u00e9ad l\u00e1, de bharr gur aithnigh Oidhreacht Chorca Dhuibhne an gh\u00e1 a bh\u00ed le taca\u00edocht breise teangan a chur ar f\u00e1il do roinnt ph\u00e1ist\u00ed i scoil \u00e1iti\u00fail. Fosta\u00edodh C\u00fant\u00f3ir Teanga agus is as seo a leathnaigh an Sc\u00e9im ina dhiaidh sin. \u00a0Is \u00ed Oidhreacht [&hellip;]\" \/>\n<meta property=\"og:url\" content=\"https:\/\/www.oidhreacht.ie\/ga\/tograi-teangan\/cuntoiri-teanga\/\" \/>\n<meta property=\"og:site_name\" content=\"Oidhreacht Chorca Dhuibhne\" \/>\n<meta property=\"article:publisher\" content=\"https:\/\/www.facebook.com\/oidhreachtcd\/\" \/>\n<meta property=\"article:modified_time\" content=\"2025-01-07T13:32:58+00:00\" \/>\n<meta property=\"og:image\" content=\"https:\/\/www.oidhreacht.ie\/wp-content\/uploads\/2021\/05\/classroom-children.jpg\" \/>\n\t<meta property=\"og:image:width\" content=\"800\" \/>\n\t<meta property=\"og:image:height\" content=\"532\" \/>\n\t<meta property=\"og:image:type\" content=\"image\/jpeg\" \/>\n<meta name=\"twitter:card\" content=\"summary_large_image\" \/>\n<meta name=\"twitter:label1\" content=\"Est. reading time\" \/>\n\t<meta name=\"twitter:data1\" content=\"1 minute\" \/>\n<script type=\"application\/ld+json\" class=\"yoast-schema-graph\">{\"@context\":\"https:\\\/\\\/schema.org\",\"@graph\":[{\"@type\":\"WebPage\",\"@id\":\"https:\\\/\\\/www.oidhreacht.ie\\\/ga\\\/tograi-teangan\\\/cuntoiri-teanga\\\/\",\"url\":\"https:\\\/\\\/www.oidhreacht.ie\\\/ga\\\/tograi-teangan\\\/cuntoiri-teanga\\\/\",\"name\":\"C\u00fant\u00f3ir\u00ed Teanga - Oidhreacht Chorca Dhuibhne\",\"isPartOf\":{\"@id\":\"https:\\\/\\\/www.oidhreacht.ie\\\/ga\\\/#website\"},\"primaryImageOfPage\":{\"@id\":\"https:\\\/\\\/www.oidhreacht.ie\\\/ga\\\/tograi-teangan\\\/cuntoiri-teanga\\\/#primaryimage\"},\"image\":{\"@id\":\"https:\\\/\\\/www.oidhreacht.ie\\\/ga\\\/tograi-teangan\\\/cuntoiri-teanga\\\/#primaryimage\"},\"thumbnailUrl\":\"https:\\\/\\\/www.oidhreacht.ie\\\/wp-content\\\/uploads\\\/2021\\\/05\\\/classroom-children.jpg\",\"datePublished\":\"2021-05-31T13:54:44+00:00\",\"dateModified\":\"2025-01-07T13:32:58+00:00\",\"breadcrumb\":{\"@id\":\"https:\\\/\\\/www.oidhreacht.ie\\\/ga\\\/tograi-teangan\\\/cuntoiri-teanga\\\/#breadcrumb\"},\"inLanguage\":\"ga-IE\",\"potentialAction\":[{\"@type\":\"ReadAction\",\"target\":[\"https:\\\/\\\/www.oidhreacht.ie\\\/ga\\\/tograi-teangan\\\/cuntoiri-teanga\\\/\"]}]},{\"@type\":\"ImageObject\",\"inLanguage\":\"ga-IE\",\"@id\":\"https:\\\/\\\/www.oidhreacht.ie\\\/ga\\\/tograi-teangan\\\/cuntoiri-teanga\\\/#primaryimage\",\"url\":\"https:\\\/\\\/www.oidhreacht.ie\\\/wp-content\\\/uploads\\\/2021\\\/05\\\/classroom-children.jpg\",\"contentUrl\":\"https:\\\/\\\/www.oidhreacht.ie\\\/wp-content\\\/uploads\\\/2021\\\/05\\\/classroom-children.jpg\"},{\"@type\":\"BreadcrumbList\",\"@id\":\"https:\\\/\\\/www.oidhreacht.ie\\\/ga\\\/tograi-teangan\\\/cuntoiri-teanga\\\/#breadcrumb\",\"itemListElement\":[{\"@type\":\"ListItem\",\"position\":1,\"name\":\"Home\",\"item\":\"https:\\\/\\\/www.oidhreacht.ie\\\/ga\\\/\"},{\"@type\":\"ListItem\",\"position\":2,\"name\":\"Togra\u00ed Teangan\",\"item\":\"https:\\\/\\\/www.oidhreacht.ie\\\/ga\\\/tograi-teangan\\\/\"},{\"@type\":\"ListItem\",\"position\":3,\"name\":\"C\u00fant\u00f3ir\u00ed Teanga\"}]},{\"@type\":\"WebSite\",\"@id\":\"https:\\\/\\\/www.oidhreacht.ie\\\/ga\\\/#website\",\"url\":\"https:\\\/\\\/www.oidhreacht.ie\\\/ga\\\/\",\"name\":\"Oidhreacht Chorca Dhuibhne\",\"description\":\"Irish Language Courses on the Dingle Peninsula\",\"publisher\":{\"@id\":\"https:\\\/\\\/www.oidhreacht.ie\\\/ga\\\/#organization\"},\"potentialAction\":[{\"@type\":\"SearchAction\",\"target\":{\"@type\":\"EntryPoint\",\"urlTemplate\":\"https:\\\/\\\/www.oidhreacht.ie\\\/ga\\\/?s={search_term_string}\"},\"query-input\":{\"@type\":\"PropertyValueSpecification\",\"valueRequired\":true,\"valueName\":\"search_term_string\"}}],\"inLanguage\":\"ga-IE\"},{\"@type\":\"Organization\",\"@id\":\"https:\\\/\\\/www.oidhreacht.ie\\\/ga\\\/#organization\",\"name\":\"Oidhreacht Chorca Dhuibhne\",\"url\":\"https:\\\/\\\/www.oidhreacht.ie\\\/ga\\\/\",\"logo\":{\"@type\":\"ImageObject\",\"inLanguage\":\"ga-IE\",\"@id\":\"https:\\\/\\\/www.oidhreacht.ie\\\/ga\\\/#\\\/schema\\\/logo\\\/image\\\/\",\"url\":\"https:\\\/\\\/www.oidhreacht.ie\\\/wp-content\\\/uploads\\\/2020\\\/02\\\/oidhreacht-logo-1.png\",\"contentUrl\":\"https:\\\/\\\/www.oidhreacht.ie\\\/wp-content\\\/uploads\\\/2020\\\/02\\\/oidhreacht-logo-1.png\",\"width\":300,\"height\":100,\"caption\":\"Oidhreacht Chorca Dhuibhne\"},\"image\":{\"@id\":\"https:\\\/\\\/www.oidhreacht.ie\\\/ga\\\/#\\\/schema\\\/logo\\\/image\\\/\"},\"sameAs\":[\"https:\\\/\\\/www.facebook.com\\\/oidhreachtcd\\\/\",\"https:\\\/\\\/www.instagram.com\\\/oidhreacht_chorca_dhuibhne\\\/\"]}]}<\/script>\n<!-- \/ Yoast SEO plugin. -->","yoast_head_json":{"title":"C\u00fant\u00f3ir\u00ed Teanga - Oidhreacht Chorca Dhuibhne","robots":{"index":"index","follow":"follow","max-snippet":"max-snippet:-1","max-image-preview":"max-image-preview:large","max-video-preview":"max-video-preview:-1"},"canonical":"https:\/\/www.oidhreacht.ie\/ga\/tograi-teangan\/cuntoiri-teanga\/","og_locale":"ga_IE","og_type":"article","og_title":"C\u00fant\u00f3ir\u00ed Teanga - Oidhreacht Chorca Dhuibhne","og_description":"Is i nGaeltacht Chorca Dhuibhne a thosaigh an Sc\u00e9im seo an ch\u00e9ad l\u00e1, de bharr gur aithnigh Oidhreacht Chorca Dhuibhne an gh\u00e1 a bh\u00ed le taca\u00edocht breise teangan a chur ar f\u00e1il do roinnt ph\u00e1ist\u00ed i scoil \u00e1iti\u00fail. Fosta\u00edodh C\u00fant\u00f3ir Teanga agus is as seo a leathnaigh an Sc\u00e9im ina dhiaidh sin. \u00a0Is \u00ed Oidhreacht [&hellip;]","og_url":"https:\/\/www.oidhreacht.ie\/ga\/tograi-teangan\/cuntoiri-teanga\/","og_site_name":"Oidhreacht Chorca Dhuibhne","article_publisher":"https:\/\/www.facebook.com\/oidhreachtcd\/","article_modified_time":"2025-01-07T13:32:58+00:00","og_image":[{"width":800,"height":532,"url":"https:\/\/www.oidhreacht.ie\/wp-content\/uploads\/2021\/05\/classroom-children.jpg","type":"image\/jpeg"}],"twitter_card":"summary_large_image","twitter_misc":{"Est. reading time":"1 minute"},"schema":{"@context":"https:\/\/schema.org","@graph":[{"@type":"WebPage","@id":"https:\/\/www.oidhreacht.ie\/ga\/tograi-teangan\/cuntoiri-teanga\/","url":"https:\/\/www.oidhreacht.ie\/ga\/tograi-teangan\/cuntoiri-teanga\/","name":"C\u00fant\u00f3ir\u00ed Teanga - Oidhreacht Chorca Dhuibhne","isPartOf":{"@id":"https:\/\/www.oidhreacht.ie\/ga\/#website"},"primaryImageOfPage":{"@id":"https:\/\/www.oidhreacht.ie\/ga\/tograi-teangan\/cuntoiri-teanga\/#primaryimage"},"image":{"@id":"https:\/\/www.oidhreacht.ie\/ga\/tograi-teangan\/cuntoiri-teanga\/#primaryimage"},"thumbnailUrl":"https:\/\/www.oidhreacht.ie\/wp-content\/uploads\/2021\/05\/classroom-children.jpg","datePublished":"2021-05-31T13:54:44+00:00","dateModified":"2025-01-07T13:32:58+00:00","breadcrumb":{"@id":"https:\/\/www.oidhreacht.ie\/ga\/tograi-teangan\/cuntoiri-teanga\/#breadcrumb"},"inLanguage":"ga-IE","potentialAction":[{"@type":"ReadAction","target":["https:\/\/www.oidhreacht.ie\/ga\/tograi-teangan\/cuntoiri-teanga\/"]}]},{"@type":"ImageObject","inLanguage":"ga-IE","@id":"https:\/\/www.oidhreacht.ie\/ga\/tograi-teangan\/cuntoiri-teanga\/#primaryimage","url":"https:\/\/www.oidhreacht.ie\/wp-content\/uploads\/2021\/05\/classroom-children.jpg","contentUrl":"https:\/\/www.oidhreacht.ie\/wp-content\/uploads\/2021\/05\/classroom-children.jpg"},{"@type":"BreadcrumbList","@id":"https:\/\/www.oidhreacht.ie\/ga\/tograi-teangan\/cuntoiri-teanga\/#breadcrumb","itemListElement":[{"@type":"ListItem","position":1,"name":"Home","item":"https:\/\/www.oidhreacht.ie\/ga\/"},{"@type":"ListItem","position":2,"name":"Togra\u00ed Teangan","item":"https:\/\/www.oidhreacht.ie\/ga\/tograi-teangan\/"},{"@type":"ListItem","position":3,"name":"C\u00fant\u00f3ir\u00ed Teanga"}]},{"@type":"WebSite","@id":"https:\/\/www.oidhreacht.ie\/ga\/#website","url":"https:\/\/www.oidhreacht.ie\/ga\/","name":"Oidhreacht Chorca Dhuibhne","description":"Irish Language Courses on the Dingle Peninsula","publisher":{"@id":"https:\/\/www.oidhreacht.ie\/ga\/#organization"},"potentialAction":[{"@type":"SearchAction","target":{"@type":"EntryPoint","urlTemplate":"https:\/\/www.oidhreacht.ie\/ga\/?s={search_term_string}"},"query-input":{"@type":"PropertyValueSpecification","valueRequired":true,"valueName":"search_term_string"}}],"inLanguage":"ga-IE"},{"@type":"Organization","@id":"https:\/\/www.oidhreacht.ie\/ga\/#organization","name":"Oidhreacht Chorca Dhuibhne","url":"https:\/\/www.oidhreacht.ie\/ga\/","logo":{"@type":"ImageObject","inLanguage":"ga-IE","@id":"https:\/\/www.oidhreacht.ie\/ga\/#\/schema\/logo\/image\/","url":"https:\/\/www.oidhreacht.ie\/wp-content\/uploads\/2020\/02\/oidhreacht-logo-1.png","contentUrl":"https:\/\/www.oidhreacht.ie\/wp-content\/uploads\/2020\/02\/oidhreacht-logo-1.png","width":300,"height":100,"caption":"Oidhreacht Chorca Dhuibhne"},"image":{"@id":"https:\/\/www.oidhreacht.ie\/ga\/#\/schema\/logo\/image\/"},"sameAs":["https:\/\/www.facebook.com\/oidhreachtcd\/","https:\/\/www.instagram.com\/oidhreacht_chorca_dhuibhne\/"]}]}},"_links":{"self":[{"href":"https:\/\/www.oidhreacht.ie\/ga\/wp-json\/wp\/v2\/pages\/838","targetHints":{"allow":["GET"]}}],"collection":[{"href":"https:\/\/www.oidhreacht.ie\/ga\/wp-json\/wp\/v2\/pages"}],"about":[{"href":"https:\/\/www.oidhreacht.ie\/ga\/wp-json\/wp\/v2\/types\/page"}],"author":[{"embeddable":true,"href":"https:\/\/www.oidhreacht.ie\/ga\/wp-json\/wp\/v2\/users\/1"}],"replies":[{"embeddable":true,"href":"https:\/\/www.oidhreacht.ie\/ga\/wp-json\/wp\/v2\/comments?post=838"}],"version-history":[{"count":5,"href":"https:\/\/www.oidhreacht.ie\/ga\/wp-json\/wp\/v2\/pages\/838\/revisions"}],"predecessor-version":[{"id":3707,"href":"https:\/\/www.oidhreacht.ie\/ga\/wp-json\/wp\/v2\/pages\/838\/revisions\/3707"}],"up":[{"embeddable":true,"href":"https:\/\/www.oidhreacht.ie\/ga\/wp-json\/wp\/v2\/pages\/863"}],"wp:attachment":[{"href":"https:\/\/www.oidhreacht.ie\/ga\/wp-json\/wp\/v2\/media?parent=838"}],"curies":[{"name":"wp","href":"https:\/\/api.w.org\/{rel}","templated":true}]}}