{"id":863,"date":"2021-05-31T14:07:34","date_gmt":"2021-05-31T14:07:34","guid":{"rendered":"http:\/\/www.oidhreacht.ie\/?page_id=863"},"modified":"2021-06-11T11:26:42","modified_gmt":"2021-06-11T11:26:42","slug":"tograi-teangan","status":"publish","type":"page","link":"https:\/\/www.oidhreacht.ie\/ga\/tograi-teangan\/","title":{"rendered":"Togra\u00ed Teangan"},"content":{"rendered":"\t\t<div data-elementor-type=\"wp-page\" data-elementor-id=\"863\" class=\"elementor elementor-863 elementor-806\" data-elementor-post-type=\"page\">\n\t\t\t\t\t\t<section class=\"elementor-section elementor-top-section elementor-element elementor-element-bad93aa elementor-section-boxed elementor-section-height-default elementor-section-height-default\" data-id=\"bad93aa\" data-element_type=\"section\" data-e-type=\"section\">\n\t\t\t\t\t\t<div class=\"elementor-container elementor-column-gap-default\">\n\t\t\t\t\t<div class=\"elementor-column elementor-col-33 elementor-top-column elementor-element elementor-element-9e4cc73\" data-id=\"9e4cc73\" data-element_type=\"column\" data-e-type=\"column\">\n\t\t\t<div class=\"elementor-widget-wrap elementor-element-populated\">\n\t\t\t\t\t\t<div class=\"elementor-element elementor-element-6f175a3 elementor-position-top elementor-widget elementor-widget-image-box\" data-id=\"6f175a3\" data-element_type=\"widget\" data-e-type=\"widget\" data-widget_type=\"image-box.default\">\n\t\t\t\t<div class=\"elementor-widget-container\">\n\t\t\t\t\t<div class=\"elementor-image-box-wrapper\"><figure class=\"elementor-image-box-img\"><a href=\"https:\/\/www.oidhreacht.ie\/ga\/tograi-teangan\/cuntoiri-teanga\/\" tabindex=\"-1\"><img fetchpriority=\"high\" decoding=\"async\" width=\"633\" height=\"408\" src=\"https:\/\/www.oidhreacht.ie\/wp-content\/uploads\/2021\/05\/tus-maith-picture.jpg\" class=\"elementor-animation-float attachment-full size-full wp-image-822\" alt=\"T\u00fas Maith\" srcset=\"https:\/\/www.oidhreacht.ie\/wp-content\/uploads\/2021\/05\/tus-maith-picture.jpg 633w, https:\/\/www.oidhreacht.ie\/wp-content\/uploads\/2021\/05\/tus-maith-picture-300x193.jpg 300w, https:\/\/www.oidhreacht.ie\/wp-content\/uploads\/2021\/05\/tus-maith-picture-600x387.jpg 600w\" sizes=\"(max-width: 633px) 100vw, 633px\" \/><\/a><\/figure><div class=\"elementor-image-box-content\"><h3 class=\"elementor-image-box-title\"><a href=\"https:\/\/www.oidhreacht.ie\/ga\/tograi-teangan\/cuntoiri-teanga\/\">T\u00fas Maith<\/a><\/h3><\/div><\/div>\t\t\t\t<\/div>\n\t\t\t\t<\/div>\n\t\t\t\t\t<\/div>\n\t\t<\/div>\n\t\t\t\t<div class=\"elementor-column elementor-col-33 elementor-top-column elementor-element elementor-element-99b9737\" data-id=\"99b9737\" data-element_type=\"column\" data-e-type=\"column\">\n\t\t\t<div class=\"elementor-widget-wrap elementor-element-populated\">\n\t\t\t\t\t\t<div class=\"elementor-element elementor-element-42af2f7 elementor-position-top elementor-widget elementor-widget-image-box\" data-id=\"42af2f7\" data-element_type=\"widget\" data-e-type=\"widget\" data-widget_type=\"image-box.default\">\n\t\t\t\t<div class=\"elementor-widget-container\">\n\t\t\t\t\t<div class=\"elementor-image-box-wrapper\"><figure class=\"elementor-image-box-img\"><a href=\"https:\/\/www.oidhreacht.ie\/ga\/tograi-teangan\/cuntoiri-teanga\/\" tabindex=\"-1\"><img decoding=\"async\" width=\"800\" height=\"532\" src=\"https:\/\/www.oidhreacht.ie\/wp-content\/uploads\/2021\/05\/classroom-children.jpg\" class=\"elementor-animation-float attachment-full size-full wp-image-833\" alt=\"An Cuntoir\" srcset=\"https:\/\/www.oidhreacht.ie\/wp-content\/uploads\/2021\/05\/classroom-children.jpg 800w, https:\/\/www.oidhreacht.ie\/wp-content\/uploads\/2021\/05\/classroom-children-300x200.jpg 300w, https:\/\/www.oidhreacht.ie\/wp-content\/uploads\/2021\/05\/classroom-children-768x511.jpg 768w, https:\/\/www.oidhreacht.ie\/wp-content\/uploads\/2021\/05\/classroom-children-600x399.jpg 600w\" sizes=\"(max-width: 800px) 100vw, 800px\" \/><\/a><\/figure><div class=\"elementor-image-box-content\"><h3 class=\"elementor-image-box-title\"><a href=\"https:\/\/www.oidhreacht.ie\/ga\/tograi-teangan\/cuntoiri-teanga\/\">C\u00fant\u00f3ir\u00ed Teanga <\/a><\/h3><\/div><\/div>\t\t\t\t<\/div>\n\t\t\t\t<\/div>\n\t\t\t\t\t<\/div>\n\t\t<\/div>\n\t\t\t\t<div class=\"elementor-column elementor-col-33 elementor-top-column elementor-element elementor-element-ee0353d\" data-id=\"ee0353d\" data-element_type=\"column\" data-e-type=\"column\">\n\t\t\t<div class=\"elementor-widget-wrap elementor-element-populated\">\n\t\t\t\t\t\t<div class=\"elementor-element elementor-element-fcaa1f9 elementor-position-top elementor-widget elementor-widget-image-box\" data-id=\"fcaa1f9\" data-element_type=\"widget\" data-e-type=\"widget\" data-widget_type=\"image-box.default\">\n\t\t\t\t<div class=\"elementor-widget-container\">\n\t\t\t\t\t<div class=\"elementor-image-box-wrapper\"><figure class=\"elementor-image-box-img\"><a href=\"https:\/\/www.oidhreacht.ie\/ga\/tograi-teangan\/na-healaiona-duchasacha\/\" tabindex=\"-1\"><img decoding=\"async\" width=\"720\" height=\"480\" src=\"https:\/\/www.oidhreacht.ie\/wp-content\/uploads\/2021\/05\/christy-mac-gearailt.jpg\" class=\"elementor-animation-float attachment-full size-full wp-image-843\" alt=\"Christy Mac Gearailt\" srcset=\"https:\/\/www.oidhreacht.ie\/wp-content\/uploads\/2021\/05\/christy-mac-gearailt.jpg 720w, https:\/\/www.oidhreacht.ie\/wp-content\/uploads\/2021\/05\/christy-mac-gearailt-300x200.jpg 300w, https:\/\/www.oidhreacht.ie\/wp-content\/uploads\/2021\/05\/christy-mac-gearailt-600x400.jpg 600w\" sizes=\"(max-width: 720px) 100vw, 720px\" \/><\/a><\/figure><div class=\"elementor-image-box-content\"><h3 class=\"elementor-image-box-title\"><a href=\"https:\/\/www.oidhreacht.ie\/ga\/tograi-teangan\/na-healaiona-duchasacha\/\">Na hEala\u00edona D\u00fachasacha<\/a><\/h3><\/div><\/div>\t\t\t\t<\/div>\n\t\t\t\t<\/div>\n\t\t\t\t\t<\/div>\n\t\t<\/div>\n\t\t\t\t\t<\/div>\n\t\t<\/section>\n\t\t\t\t<\/div>\n\t\t","protected":false},"excerpt":{"rendered":"<p>T\u00fas Maith C\u00fant\u00f3ir\u00ed Teanga Na hEala\u00edona D\u00fachasacha<\/p>\n","protected":false},"author":1,"featured_media":0,"parent":0,"menu_order":0,"comment_status":"closed","ping_status":"closed","template":"","meta":{"_acf_changed":false,"ocean_post_layout":"","ocean_both_sidebars_style":"","ocean_both_sidebars_content_width":0,"ocean_both_sidebars_sidebars_width":0,"ocean_sidebar":"0","ocean_second_sidebar":"0","ocean_disable_margins":"enable","ocean_add_body_class":"","ocean_shortcode_before_top_bar":"","ocean_shortcode_after_top_bar":"","ocean_shortcode_before_header":"","ocean_shortcode_after_header":"","ocean_has_shortcode":"","ocean_shortcode_after_title":"","ocean_shortcode_before_footer_widgets":"","ocean_shortcode_after_footer_widgets":"","ocean_shortcode_before_footer_bottom":"","ocean_shortcode_after_footer_bottom":"","ocean_display_top_bar":"default","ocean_display_header":"default","ocean_header_style":"","ocean_center_header_left_menu":"0","ocean_custom_header_template":"0","ocean_custom_logo":0,"ocean_custom_retina_logo":0,"ocean_custom_logo_max_width":0,"ocean_custom_logo_tablet_max_width":0,"ocean_custom_logo_mobile_max_width":0,"ocean_custom_logo_max_height":0,"ocean_custom_logo_tablet_max_height":0,"ocean_custom_logo_mobile_max_height":0,"ocean_header_custom_menu":"0","ocean_menu_typo_font_family":"0","ocean_menu_typo_font_subset":"","ocean_menu_typo_font_size":0,"ocean_menu_typo_font_size_tablet":0,"ocean_menu_typo_font_size_mobile":0,"ocean_menu_typo_font_size_unit":"px","ocean_menu_typo_font_weight":"","ocean_menu_typo_font_weight_tablet":"","ocean_menu_typo_font_weight_mobile":"","ocean_menu_typo_transform":"","ocean_menu_typo_transform_tablet":"","ocean_menu_typo_transform_mobile":"","ocean_menu_typo_line_height":0,"ocean_menu_typo_line_height_tablet":0,"ocean_menu_typo_line_height_mobile":0,"ocean_menu_typo_line_height_unit":"","ocean_menu_typo_spacing":0,"ocean_menu_typo_spacing_tablet":0,"ocean_menu_typo_spacing_mobile":0,"ocean_menu_typo_spacing_unit":"","ocean_menu_link_color":"","ocean_menu_link_color_hover":"","ocean_menu_link_color_active":"","ocean_menu_link_background":"","ocean_menu_link_hover_background":"","ocean_menu_link_active_background":"","ocean_menu_social_links_bg":"","ocean_menu_social_hover_links_bg":"","ocean_menu_social_links_color":"","ocean_menu_social_hover_links_color":"","ocean_disable_title":"default","ocean_disable_heading":"default","ocean_post_title":"","ocean_post_subheading":"","ocean_post_title_style":"","ocean_post_title_background_color":"","ocean_post_title_background":0,"ocean_post_title_bg_image_position":"","ocean_post_title_bg_image_attachment":"","ocean_post_title_bg_image_repeat":"","ocean_post_title_bg_image_size":"","ocean_post_title_height":0,"ocean_post_title_bg_overlay":0.5,"ocean_post_title_bg_overlay_color":"","ocean_disable_breadcrumbs":"default","ocean_breadcrumbs_color":"","ocean_breadcrumbs_separator_color":"","ocean_breadcrumbs_links_color":"","ocean_breadcrumbs_links_hover_color":"","ocean_display_footer_widgets":"default","ocean_display_footer_bottom":"default","ocean_custom_footer_template":"0","footnotes":""},"class_list":["post-863","page","type-page","status-publish","hentry","entry","owp-thumbs-layout-horizontal","owp-btn-normal","owp-tabs-layout-horizontal","has-no-thumbnails","has-product-nav"],"acf":[],"yoast_head":"<!-- This site is optimized with the Yoast SEO plugin v27.5 - https:\/\/yoast.com\/product\/yoast-seo-wordpress\/ -->\n<title>Togra\u00ed Teangan - Oidhreacht Chorca Dhuibhne<\/title>\n<meta name=\"robots\" content=\"index, follow, max-snippet:-1, max-image-preview:large, max-video-preview:-1\" \/>\n<link rel=\"canonical\" href=\"https:\/\/www.oidhreacht.ie\/ga\/tograi-teangan\/\" \/>\n<meta property=\"og:locale\" content=\"ga_IE\" \/>\n<meta property=\"og:type\" content=\"article\" \/>\n<meta property=\"og:title\" content=\"Togra\u00ed Teangan - Oidhreacht Chorca Dhuibhne\" \/>\n<meta property=\"og:description\" content=\"T\u00fas Maith C\u00fant\u00f3ir\u00ed Teanga Na hEala\u00edona D\u00fachasacha\" \/>\n<meta property=\"og:url\" content=\"https:\/\/www.oidhreacht.ie\/ga\/tograi-teangan\/\" \/>\n<meta property=\"og:site_name\" content=\"Oidhreacht Chorca Dhuibhne\" \/>\n<meta property=\"article:publisher\" content=\"https:\/\/www.facebook.com\/oidhreachtcd\/\" \/>\n<meta property=\"article:modified_time\" content=\"2021-06-11T11:26:42+00:00\" \/>\n<meta property=\"og:image\" content=\"http:\/\/www.oidhreacht.ie\/wp-content\/uploads\/2021\/05\/tus-maith-picture.jpg\" \/>\n<meta name=\"twitter:card\" content=\"summary_large_image\" \/>\n<meta name=\"twitter:label1\" content=\"Est. reading time\" \/>\n\t<meta name=\"twitter:data1\" content=\"1 minute\" \/>\n<script type=\"application\/ld+json\" class=\"yoast-schema-graph\">{\"@context\":\"https:\\\/\\\/schema.org\",\"@graph\":[{\"@type\":\"WebPage\",\"@id\":\"https:\\\/\\\/www.oidhreacht.ie\\\/ga\\\/tograi-teangan\\\/\",\"url\":\"https:\\\/\\\/www.oidhreacht.ie\\\/ga\\\/tograi-teangan\\\/\",\"name\":\"Togra\u00ed Teangan - Oidhreacht Chorca Dhuibhne\",\"isPartOf\":{\"@id\":\"https:\\\/\\\/www.oidhreacht.ie\\\/ga\\\/#website\"},\"primaryImageOfPage\":{\"@id\":\"https:\\\/\\\/www.oidhreacht.ie\\\/ga\\\/tograi-teangan\\\/#primaryimage\"},\"image\":{\"@id\":\"https:\\\/\\\/www.oidhreacht.ie\\\/ga\\\/tograi-teangan\\\/#primaryimage\"},\"thumbnailUrl\":\"http:\\\/\\\/www.oidhreacht.ie\\\/wp-content\\\/uploads\\\/2021\\\/05\\\/tus-maith-picture.jpg\",\"datePublished\":\"2021-05-31T14:07:34+00:00\",\"dateModified\":\"2021-06-11T11:26:42+00:00\",\"breadcrumb\":{\"@id\":\"https:\\\/\\\/www.oidhreacht.ie\\\/ga\\\/tograi-teangan\\\/#breadcrumb\"},\"inLanguage\":\"ga-IE\",\"potentialAction\":[{\"@type\":\"ReadAction\",\"target\":[\"https:\\\/\\\/www.oidhreacht.ie\\\/ga\\\/tograi-teangan\\\/\"]}]},{\"@type\":\"ImageObject\",\"inLanguage\":\"ga-IE\",\"@id\":\"https:\\\/\\\/www.oidhreacht.ie\\\/ga\\\/tograi-teangan\\\/#primaryimage\",\"url\":\"http:\\\/\\\/www.oidhreacht.ie\\\/wp-content\\\/uploads\\\/2021\\\/05\\\/tus-maith-picture.jpg\",\"contentUrl\":\"http:\\\/\\\/www.oidhreacht.ie\\\/wp-content\\\/uploads\\\/2021\\\/05\\\/tus-maith-picture.jpg\"},{\"@type\":\"BreadcrumbList\",\"@id\":\"https:\\\/\\\/www.oidhreacht.ie\\\/ga\\\/tograi-teangan\\\/#breadcrumb\",\"itemListElement\":[{\"@type\":\"ListItem\",\"position\":1,\"name\":\"Home\",\"item\":\"https:\\\/\\\/www.oidhreacht.ie\\\/ga\\\/\"},{\"@type\":\"ListItem\",\"position\":2,\"name\":\"Togra\u00ed Teangan\"}]},{\"@type\":\"WebSite\",\"@id\":\"https:\\\/\\\/www.oidhreacht.ie\\\/ga\\\/#website\",\"url\":\"https:\\\/\\\/www.oidhreacht.ie\\\/ga\\\/\",\"name\":\"Oidhreacht Chorca Dhuibhne\",\"description\":\"Irish Language Courses on the Dingle Peninsula\",\"publisher\":{\"@id\":\"https:\\\/\\\/www.oidhreacht.ie\\\/ga\\\/#organization\"},\"potentialAction\":[{\"@type\":\"SearchAction\",\"target\":{\"@type\":\"EntryPoint\",\"urlTemplate\":\"https:\\\/\\\/www.oidhreacht.ie\\\/ga\\\/?s={search_term_string}\"},\"query-input\":{\"@type\":\"PropertyValueSpecification\",\"valueRequired\":true,\"valueName\":\"search_term_string\"}}],\"inLanguage\":\"ga-IE\"},{\"@type\":\"Organization\",\"@id\":\"https:\\\/\\\/www.oidhreacht.ie\\\/ga\\\/#organization\",\"name\":\"Oidhreacht Chorca Dhuibhne\",\"url\":\"https:\\\/\\\/www.oidhreacht.ie\\\/ga\\\/\",\"logo\":{\"@type\":\"ImageObject\",\"inLanguage\":\"ga-IE\",\"@id\":\"https:\\\/\\\/www.oidhreacht.ie\\\/ga\\\/#\\\/schema\\\/logo\\\/image\\\/\",\"url\":\"https:\\\/\\\/www.oidhreacht.ie\\\/wp-content\\\/uploads\\\/2020\\\/02\\\/oidhreacht-logo-1.png\",\"contentUrl\":\"https:\\\/\\\/www.oidhreacht.ie\\\/wp-content\\\/uploads\\\/2020\\\/02\\\/oidhreacht-logo-1.png\",\"width\":300,\"height\":100,\"caption\":\"Oidhreacht Chorca Dhuibhne\"},\"image\":{\"@id\":\"https:\\\/\\\/www.oidhreacht.ie\\\/ga\\\/#\\\/schema\\\/logo\\\/image\\\/\"},\"sameAs\":[\"https:\\\/\\\/www.facebook.com\\\/oidhreachtcd\\\/\",\"https:\\\/\\\/www.instagram.com\\\/oidhreacht_chorca_dhuibhne\\\/\"]}]}<\/script>\n<!-- \/ Yoast SEO plugin. -->","yoast_head_json":{"title":"Togra\u00ed Teangan - Oidhreacht Chorca Dhuibhne","robots":{"index":"index","follow":"follow","max-snippet":"max-snippet:-1","max-image-preview":"max-image-preview:large","max-video-preview":"max-video-preview:-1"},"canonical":"https:\/\/www.oidhreacht.ie\/ga\/tograi-teangan\/","og_locale":"ga_IE","og_type":"article","og_title":"Togra\u00ed Teangan - Oidhreacht Chorca Dhuibhne","og_description":"T\u00fas Maith C\u00fant\u00f3ir\u00ed Teanga Na hEala\u00edona D\u00fachasacha","og_url":"https:\/\/www.oidhreacht.ie\/ga\/tograi-teangan\/","og_site_name":"Oidhreacht Chorca Dhuibhne","article_publisher":"https:\/\/www.facebook.com\/oidhreachtcd\/","article_modified_time":"2021-06-11T11:26:42+00:00","og_image":[{"url":"http:\/\/www.oidhreacht.ie\/wp-content\/uploads\/2021\/05\/tus-maith-picture.jpg","type":"","width":"","height":""}],"twitter_card":"summary_large_image","twitter_misc":{"Est. reading time":"1 minute"},"schema":{"@context":"https:\/\/schema.org","@graph":[{"@type":"WebPage","@id":"https:\/\/www.oidhreacht.ie\/ga\/tograi-teangan\/","url":"https:\/\/www.oidhreacht.ie\/ga\/tograi-teangan\/","name":"Togra\u00ed Teangan - Oidhreacht Chorca Dhuibhne","isPartOf":{"@id":"https:\/\/www.oidhreacht.ie\/ga\/#website"},"primaryImageOfPage":{"@id":"https:\/\/www.oidhreacht.ie\/ga\/tograi-teangan\/#primaryimage"},"image":{"@id":"https:\/\/www.oidhreacht.ie\/ga\/tograi-teangan\/#primaryimage"},"thumbnailUrl":"http:\/\/www.oidhreacht.ie\/wp-content\/uploads\/2021\/05\/tus-maith-picture.jpg","datePublished":"2021-05-31T14:07:34+00:00","dateModified":"2021-06-11T11:26:42+00:00","breadcrumb":{"@id":"https:\/\/www.oidhreacht.ie\/ga\/tograi-teangan\/#breadcrumb"},"inLanguage":"ga-IE","potentialAction":[{"@type":"ReadAction","target":["https:\/\/www.oidhreacht.ie\/ga\/tograi-teangan\/"]}]},{"@type":"ImageObject","inLanguage":"ga-IE","@id":"https:\/\/www.oidhreacht.ie\/ga\/tograi-teangan\/#primaryimage","url":"http:\/\/www.oidhreacht.ie\/wp-content\/uploads\/2021\/05\/tus-maith-picture.jpg","contentUrl":"http:\/\/www.oidhreacht.ie\/wp-content\/uploads\/2021\/05\/tus-maith-picture.jpg"},{"@type":"BreadcrumbList","@id":"https:\/\/www.oidhreacht.ie\/ga\/tograi-teangan\/#breadcrumb","itemListElement":[{"@type":"ListItem","position":1,"name":"Home","item":"https:\/\/www.oidhreacht.ie\/ga\/"},{"@type":"ListItem","position":2,"name":"Togra\u00ed Teangan"}]},{"@type":"WebSite","@id":"https:\/\/www.oidhreacht.ie\/ga\/#website","url":"https:\/\/www.oidhreacht.ie\/ga\/","name":"Oidhreacht Chorca Dhuibhne","description":"Irish Language Courses on the Dingle Peninsula","publisher":{"@id":"https:\/\/www.oidhreacht.ie\/ga\/#organization"},"potentialAction":[{"@type":"SearchAction","target":{"@type":"EntryPoint","urlTemplate":"https:\/\/www.oidhreacht.ie\/ga\/?s={search_term_string}"},"query-input":{"@type":"PropertyValueSpecification","valueRequired":true,"valueName":"search_term_string"}}],"inLanguage":"ga-IE"},{"@type":"Organization","@id":"https:\/\/www.oidhreacht.ie\/ga\/#organization","name":"Oidhreacht Chorca Dhuibhne","url":"https:\/\/www.oidhreacht.ie\/ga\/","logo":{"@type":"ImageObject","inLanguage":"ga-IE","@id":"https:\/\/www.oidhreacht.ie\/ga\/#\/schema\/logo\/image\/","url":"https:\/\/www.oidhreacht.ie\/wp-content\/uploads\/2020\/02\/oidhreacht-logo-1.png","contentUrl":"https:\/\/www.oidhreacht.ie\/wp-content\/uploads\/2020\/02\/oidhreacht-logo-1.png","width":300,"height":100,"caption":"Oidhreacht Chorca Dhuibhne"},"image":{"@id":"https:\/\/www.oidhreacht.ie\/ga\/#\/schema\/logo\/image\/"},"sameAs":["https:\/\/www.facebook.com\/oidhreachtcd\/","https:\/\/www.instagram.com\/oidhreacht_chorca_dhuibhne\/"]}]}},"_links":{"self":[{"href":"https:\/\/www.oidhreacht.ie\/ga\/wp-json\/wp\/v2\/pages\/863","targetHints":{"allow":["GET"]}}],"collection":[{"href":"https:\/\/www.oidhreacht.ie\/ga\/wp-json\/wp\/v2\/pages"}],"about":[{"href":"https:\/\/www.oidhreacht.ie\/ga\/wp-json\/wp\/v2\/types\/page"}],"author":[{"embeddable":true,"href":"https:\/\/www.oidhreacht.ie\/ga\/wp-json\/wp\/v2\/users\/1"}],"replies":[{"embeddable":true,"href":"https:\/\/www.oidhreacht.ie\/ga\/wp-json\/wp\/v2\/comments?post=863"}],"version-history":[{"count":5,"href":"https:\/\/www.oidhreacht.ie\/ga\/wp-json\/wp\/v2\/pages\/863\/revisions"}],"predecessor-version":[{"id":1024,"href":"https:\/\/www.oidhreacht.ie\/ga\/wp-json\/wp\/v2\/pages\/863\/revisions\/1024"}],"wp:attachment":[{"href":"https:\/\/www.oidhreacht.ie\/ga\/wp-json\/wp\/v2\/media?parent=863"}],"curies":[{"name":"wp","href":"https:\/\/api.w.org\/{rel}","templated":true}]}}