{"id":1461,"date":"2021-12-13T09:48:49","date_gmt":"2021-12-13T09:48:49","guid":{"rendered":"https:\/\/www.oidhreacht.ie\/?post_type=product&#038;p=1461"},"modified":"2025-03-10T10:14:27","modified_gmt":"2025-03-10T10:14:27","slug":"orchiste-nollag-2","status":"publish","type":"product","link":"https:\/\/www.oidhreacht.ie\/ga\/product\/orchiste-nollag-2\/","title":{"rendered":"\u00d3rchiste Nollag Don Aos \u00d3g"},"content":{"rendered":"","protected":false},"excerpt":{"rendered":"<p>\u00d3rchiste Nollag Don Aos \u00d3g<\/p>\n<p>Seo leabhar gleoite l\u00e1n d\u2019\u00e1thas don aos \u00f3g aimsir na Nollag, agus i rith na bliana ar fad. Anseo t\u00e1 Sc\u00e9al na Nollag \u00f3 th\u00fas, bunchloch na n-iontais\u00ed. An oidhreacht iontach, an traidisi\u00fan idir dh\u00fachas agus iasacht ar dhein \u00e1r muintir a gcuid f\u00e9in de i gc\u00f3na\u00ed agus riamh \u00f3 theacht na Cr\u00edosta\u00edochta.<\/p>\n<p>L\u00e9ir\u00edtear an sc\u00f3p a bh\u00edonn agus a bh\u00edodh ar dhaoine ag d\u00e9anamh suas ar an Nollaig, sceitim\u00edn\u00ed na bp\u00e1ist\u00ed ag s\u00fail le Daid\u00ed na Nollag, maisi\u00fa na dtithe, L\u00e1 Nollag f\u00e9in, agus ansin an scl\u00e9ip agus an t-ard\u00fa cro\u00ed a bhaineann le L\u00e1 an Dreoil\u00edn.<\/p>\n<p>T\u00e1 s\u00fail agam go gcuirfidh na sleachta gleoite at\u00e1 roghnaithe daoibh sc\u00f3p agus \u00e1thas oraibh i rith na Nollag agus i rith na bliana; agus go dtabharfaidh siad d\u00f3chas agus s\u00f3l\u00e1s daoibh agus sibh ag com\u00f3radh agus ag ceili\u00faradh na f\u00e9ile beannaithe seo.<\/p>\n<p>M\u00e1ir\u00edn U\u00ed Sh\u00e9 a thiomsaigh agus a chuir in eagar.<br \/>\nFoilsithe ag Oidhreacht Chorca Dhuibhne 2021<\/p>\n","protected":false},"featured_media":1462,"template":"","meta":{"_acf_changed":false,"ocean_post_layout":"","ocean_both_sidebars_style":"","ocean_both_sidebars_content_width":0,"ocean_both_sidebars_sidebars_width":0,"ocean_sidebar":"0","ocean_second_sidebar":"0","ocean_disable_margins":"enable","ocean_add_body_class":"","ocean_shortcode_before_top_bar":"","ocean_shortcode_after_top_bar":"","ocean_shortcode_before_header":"","ocean_shortcode_after_header":"","ocean_has_shortcode":"","ocean_shortcode_after_title":"","ocean_shortcode_before_footer_widgets":"","ocean_shortcode_after_footer_widgets":"","ocean_shortcode_before_footer_bottom":"","ocean_shortcode_after_footer_bottom":"","ocean_display_top_bar":"default","ocean_display_header":"default","ocean_header_style":"","ocean_center_header_left_menu":"0","ocean_custom_header_template":"0","ocean_custom_logo":0,"ocean_custom_retina_logo":0,"ocean_custom_logo_max_width":0,"ocean_custom_logo_tablet_max_width":0,"ocean_custom_logo_mobile_max_width":0,"ocean_custom_logo_max_height":0,"ocean_custom_logo_tablet_max_height":0,"ocean_custom_logo_mobile_max_height":0,"ocean_header_custom_menu":"0","ocean_menu_typo_font_family":"0","ocean_menu_typo_font_subset":"","ocean_menu_typo_font_size":0,"ocean_menu_typo_font_size_tablet":0,"ocean_menu_typo_font_size_mobile":0,"ocean_menu_typo_font_size_unit":"px","ocean_menu_typo_font_weight":"","ocean_menu_typo_font_weight_tablet":"","ocean_menu_typo_font_weight_mobile":"","ocean_menu_typo_transform":"","ocean_menu_typo_transform_tablet":"","ocean_menu_typo_transform_mobile":"","ocean_menu_typo_line_height":0,"ocean_menu_typo_line_height_tablet":0,"ocean_menu_typo_line_height_mobile":0,"ocean_menu_typo_line_height_unit":"","ocean_menu_typo_spacing":0,"ocean_menu_typo_spacing_tablet":0,"ocean_menu_typo_spacing_mobile":0,"ocean_menu_typo_spacing_unit":"","ocean_menu_link_color":"","ocean_menu_link_color_hover":"","ocean_menu_link_color_active":"","ocean_menu_link_background":"","ocean_menu_link_hover_background":"","ocean_menu_link_active_background":"","ocean_menu_social_links_bg":"","ocean_menu_social_hover_links_bg":"","ocean_menu_social_links_color":"","ocean_menu_social_hover_links_color":"","ocean_disable_title":"default","ocean_disable_heading":"default","ocean_post_title":"","ocean_post_subheading":"","ocean_post_title_style":"","ocean_post_title_background_color":"","ocean_post_title_background":0,"ocean_post_title_bg_image_position":"","ocean_post_title_bg_image_attachment":"","ocean_post_title_bg_image_repeat":"","ocean_post_title_bg_image_size":"","ocean_post_title_height":0,"ocean_post_title_bg_overlay":0.5,"ocean_post_title_bg_overlay_color":"","ocean_disable_breadcrumbs":"default","ocean_breadcrumbs_color":"","ocean_breadcrumbs_separator_color":"","ocean_breadcrumbs_links_color":"","ocean_breadcrumbs_links_hover_color":"","ocean_display_footer_widgets":"default","ocean_display_footer_bottom":"default","ocean_custom_footer_template":"0"},"product_brand":[],"product_cat":[17],"product_tag":[],"class_list":{"0":"post-1461","1":"product","2":"type-product","3":"status-publish","4":"has-post-thumbnail","6":"product_cat-publications","8":"entry","9":"has-media","11":"first","12":"instock","13":"shipping-taxable","14":"purchasable","15":"product-type-simple","16":"has-product-nav","17":"col","18":"span_1_of_4","19":"owp-content-center","20":"owp-thumbs-layout-horizontal","21":"owp-btn-normal","22":"owp-tabs-layout-horizontal","23":"has-no-thumbnails"},"acf":[],"yoast_head":"<!-- This site is optimized with the Yoast SEO plugin v27.4 - https:\/\/yoast.com\/product\/yoast-seo-wordpress\/ -->\n<title>\u00d3rchiste Nollag Don Aos \u00d3g - Oidhreacht Chorca Dhuibhne<\/title>\n<meta name=\"robots\" content=\"index, follow, max-snippet:-1, max-image-preview:large, max-video-preview:-1\" \/>\n<link rel=\"canonical\" href=\"https:\/\/www.oidhreacht.ie\/ga\/product\/orchiste-nollag-2\/\" \/>\n<meta property=\"og:locale\" content=\"ga_IE\" \/>\n<meta property=\"og:type\" content=\"article\" \/>\n<meta property=\"og:title\" content=\"\u00d3rchiste Nollag Don Aos \u00d3g - Oidhreacht Chorca Dhuibhne\" \/>\n<meta property=\"og:description\" content=\"\u00d3rchiste Nollag Don Aos \u00d3g  Seo leabhar gleoite l\u00e1n d\u2019\u00e1thas don aos \u00f3g aimsir na Nollag, agus i rith na bliana ar fad. Anseo t\u00e1 Sc\u00e9al na Nollag \u00f3 th\u00fas, bunchloch na n-iontais\u00ed. An oidhreacht iontach, an traidisi\u00fan idir dh\u00fachas agus iasacht ar dhein \u00e1r muintir a gcuid f\u00e9in de i gc\u00f3na\u00ed agus riamh \u00f3 theacht na Cr\u00edosta\u00edochta.  L\u00e9ir\u00edtear an sc\u00f3p a bh\u00edonn agus a bh\u00edodh ar dhaoine ag d\u00e9anamh suas ar an Nollaig, sceitim\u00edn\u00ed na bp\u00e1ist\u00ed ag s\u00fail le Daid\u00ed na Nollag, maisi\u00fa na dtithe, L\u00e1 Nollag f\u00e9in, agus ansin an scl\u00e9ip agus an t-ard\u00fa cro\u00ed a bhaineann le L\u00e1 an Dreoil\u00edn.  T\u00e1 s\u00fail agam go gcuirfidh na sleachta gleoite at\u00e1 roghnaithe daoibh sc\u00f3p agus \u00e1thas oraibh i rith na Nollag agus i rith na bliana; agus go dtabharfaidh siad d\u00f3chas agus s\u00f3l\u00e1s daoibh agus sibh ag com\u00f3radh agus ag ceili\u00faradh na f\u00e9ile beannaithe seo.  M\u00e1ir\u00edn U\u00ed Sh\u00e9 a thiomsaigh agus a chuir in eagar. Foilsithe ag Oidhreacht Chorca Dhuibhne 2021\" \/>\n<meta property=\"og:url\" content=\"https:\/\/www.oidhreacht.ie\/ga\/product\/orchiste-nollag-2\/\" \/>\n<meta property=\"og:site_name\" content=\"Oidhreacht Chorca Dhuibhne\" \/>\n<meta property=\"article:publisher\" content=\"https:\/\/www.facebook.com\/oidhreachtcd\/\" \/>\n<meta property=\"article:modified_time\" content=\"2025-03-10T10:14:27+00:00\" \/>\n<meta property=\"og:image\" content=\"https:\/\/www.oidhreacht.ie\/wp-content\/uploads\/2021\/12\/orchiste-nollag.jpg\" \/>\n\t<meta property=\"og:image:width\" content=\"825\" \/>\n\t<meta property=\"og:image:height\" content=\"1200\" \/>\n\t<meta property=\"og:image:type\" content=\"image\/jpeg\" \/>\n<meta name=\"twitter:card\" content=\"summary_large_image\" \/>\n<meta name=\"twitter:label1\" content=\"Est. reading time\" \/>\n\t<meta name=\"twitter:data1\" content=\"1 minute\" \/>\n<script type=\"application\/ld+json\" class=\"yoast-schema-graph\">{\"@context\":\"https:\\\/\\\/schema.org\",\"@graph\":[{\"@type\":\"WebPage\",\"@id\":\"https:\\\/\\\/www.oidhreacht.ie\\\/ga\\\/product\\\/orchiste-nollag-2\\\/\",\"url\":\"https:\\\/\\\/www.oidhreacht.ie\\\/ga\\\/product\\\/orchiste-nollag-2\\\/\",\"name\":\"\u00d3rchiste Nollag Don Aos \u00d3g - Oidhreacht Chorca Dhuibhne\",\"isPartOf\":{\"@id\":\"https:\\\/\\\/www.oidhreacht.ie\\\/ga\\\/#website\"},\"primaryImageOfPage\":{\"@id\":\"https:\\\/\\\/www.oidhreacht.ie\\\/ga\\\/product\\\/orchiste-nollag-2\\\/#primaryimage\"},\"image\":{\"@id\":\"https:\\\/\\\/www.oidhreacht.ie\\\/ga\\\/product\\\/orchiste-nollag-2\\\/#primaryimage\"},\"thumbnailUrl\":\"https:\\\/\\\/www.oidhreacht.ie\\\/wp-content\\\/uploads\\\/2021\\\/12\\\/orchiste-nollag.jpg\",\"datePublished\":\"2021-12-13T09:48:49+00:00\",\"dateModified\":\"2025-03-10T10:14:27+00:00\",\"breadcrumb\":{\"@id\":\"https:\\\/\\\/www.oidhreacht.ie\\\/ga\\\/product\\\/orchiste-nollag-2\\\/#breadcrumb\"},\"inLanguage\":\"ga-IE\",\"potentialAction\":[{\"@type\":\"ReadAction\",\"target\":[\"https:\\\/\\\/www.oidhreacht.ie\\\/ga\\\/product\\\/orchiste-nollag-2\\\/\"]}]},{\"@type\":\"ImageObject\",\"inLanguage\":\"ga-IE\",\"@id\":\"https:\\\/\\\/www.oidhreacht.ie\\\/ga\\\/product\\\/orchiste-nollag-2\\\/#primaryimage\",\"url\":\"https:\\\/\\\/www.oidhreacht.ie\\\/wp-content\\\/uploads\\\/2021\\\/12\\\/orchiste-nollag.jpg\",\"contentUrl\":\"https:\\\/\\\/www.oidhreacht.ie\\\/wp-content\\\/uploads\\\/2021\\\/12\\\/orchiste-nollag.jpg\",\"width\":825,\"height\":1200,\"caption\":\"\u00d3rchiste Nollag\"},{\"@type\":\"BreadcrumbList\",\"@id\":\"https:\\\/\\\/www.oidhreacht.ie\\\/ga\\\/product\\\/orchiste-nollag-2\\\/#breadcrumb\",\"itemListElement\":[{\"@type\":\"ListItem\",\"position\":1,\"name\":\"Home\",\"item\":\"https:\\\/\\\/www.oidhreacht.ie\\\/ga\\\/\"},{\"@type\":\"ListItem\",\"position\":2,\"name\":\"Shop\",\"item\":\"https:\\\/\\\/www.oidhreacht.ie\\\/ga\\\/shop-2\\\/\"},{\"@type\":\"ListItem\",\"position\":3,\"name\":\"\u00d3rchiste Nollag Don Aos \u00d3g\"}]},{\"@type\":\"WebSite\",\"@id\":\"https:\\\/\\\/www.oidhreacht.ie\\\/ga\\\/#website\",\"url\":\"https:\\\/\\\/www.oidhreacht.ie\\\/ga\\\/\",\"name\":\"Oidhreacht Chorca Dhuibhne\",\"description\":\"Irish Language Courses on the Dingle Peninsula\",\"publisher\":{\"@id\":\"https:\\\/\\\/www.oidhreacht.ie\\\/ga\\\/#organization\"},\"potentialAction\":[{\"@type\":\"SearchAction\",\"target\":{\"@type\":\"EntryPoint\",\"urlTemplate\":\"https:\\\/\\\/www.oidhreacht.ie\\\/ga\\\/?s={search_term_string}\"},\"query-input\":{\"@type\":\"PropertyValueSpecification\",\"valueRequired\":true,\"valueName\":\"search_term_string\"}}],\"inLanguage\":\"ga-IE\"},{\"@type\":\"Organization\",\"@id\":\"https:\\\/\\\/www.oidhreacht.ie\\\/ga\\\/#organization\",\"name\":\"Oidhreacht Chorca Dhuibhne\",\"url\":\"https:\\\/\\\/www.oidhreacht.ie\\\/ga\\\/\",\"logo\":{\"@type\":\"ImageObject\",\"inLanguage\":\"ga-IE\",\"@id\":\"https:\\\/\\\/www.oidhreacht.ie\\\/ga\\\/#\\\/schema\\\/logo\\\/image\\\/\",\"url\":\"https:\\\/\\\/www.oidhreacht.ie\\\/wp-content\\\/uploads\\\/2020\\\/02\\\/oidhreacht-logo-1.png\",\"contentUrl\":\"https:\\\/\\\/www.oidhreacht.ie\\\/wp-content\\\/uploads\\\/2020\\\/02\\\/oidhreacht-logo-1.png\",\"width\":300,\"height\":100,\"caption\":\"Oidhreacht Chorca Dhuibhne\"},\"image\":{\"@id\":\"https:\\\/\\\/www.oidhreacht.ie\\\/ga\\\/#\\\/schema\\\/logo\\\/image\\\/\"},\"sameAs\":[\"https:\\\/\\\/www.facebook.com\\\/oidhreachtcd\\\/\",\"https:\\\/\\\/www.instagram.com\\\/oidhreacht_chorca_dhuibhne\\\/\"]}]}<\/script>\n<!-- \/ Yoast SEO plugin. -->","yoast_head_json":{"title":"\u00d3rchiste Nollag Don Aos \u00d3g - Oidhreacht Chorca Dhuibhne","robots":{"index":"index","follow":"follow","max-snippet":"max-snippet:-1","max-image-preview":"max-image-preview:large","max-video-preview":"max-video-preview:-1"},"canonical":"https:\/\/www.oidhreacht.ie\/ga\/product\/orchiste-nollag-2\/","og_locale":"ga_IE","og_type":"article","og_title":"\u00d3rchiste Nollag Don Aos \u00d3g - Oidhreacht Chorca Dhuibhne","og_description":"\u00d3rchiste Nollag Don Aos \u00d3g  Seo leabhar gleoite l\u00e1n d\u2019\u00e1thas don aos \u00f3g aimsir na Nollag, agus i rith na bliana ar fad. Anseo t\u00e1 Sc\u00e9al na Nollag \u00f3 th\u00fas, bunchloch na n-iontais\u00ed. An oidhreacht iontach, an traidisi\u00fan idir dh\u00fachas agus iasacht ar dhein \u00e1r muintir a gcuid f\u00e9in de i gc\u00f3na\u00ed agus riamh \u00f3 theacht na Cr\u00edosta\u00edochta.  L\u00e9ir\u00edtear an sc\u00f3p a bh\u00edonn agus a bh\u00edodh ar dhaoine ag d\u00e9anamh suas ar an Nollaig, sceitim\u00edn\u00ed na bp\u00e1ist\u00ed ag s\u00fail le Daid\u00ed na Nollag, maisi\u00fa na dtithe, L\u00e1 Nollag f\u00e9in, agus ansin an scl\u00e9ip agus an t-ard\u00fa cro\u00ed a bhaineann le L\u00e1 an Dreoil\u00edn.  T\u00e1 s\u00fail agam go gcuirfidh na sleachta gleoite at\u00e1 roghnaithe daoibh sc\u00f3p agus \u00e1thas oraibh i rith na Nollag agus i rith na bliana; agus go dtabharfaidh siad d\u00f3chas agus s\u00f3l\u00e1s daoibh agus sibh ag com\u00f3radh agus ag ceili\u00faradh na f\u00e9ile beannaithe seo.  M\u00e1ir\u00edn U\u00ed Sh\u00e9 a thiomsaigh agus a chuir in eagar. Foilsithe ag Oidhreacht Chorca Dhuibhne 2021","og_url":"https:\/\/www.oidhreacht.ie\/ga\/product\/orchiste-nollag-2\/","og_site_name":"Oidhreacht Chorca Dhuibhne","article_publisher":"https:\/\/www.facebook.com\/oidhreachtcd\/","article_modified_time":"2025-03-10T10:14:27+00:00","og_image":[{"width":825,"height":1200,"url":"https:\/\/www.oidhreacht.ie\/wp-content\/uploads\/2021\/12\/orchiste-nollag.jpg","type":"image\/jpeg"}],"twitter_card":"summary_large_image","twitter_misc":{"Est. reading time":"1 minute"},"schema":{"@context":"https:\/\/schema.org","@graph":[{"@type":"WebPage","@id":"https:\/\/www.oidhreacht.ie\/ga\/product\/orchiste-nollag-2\/","url":"https:\/\/www.oidhreacht.ie\/ga\/product\/orchiste-nollag-2\/","name":"\u00d3rchiste Nollag Don Aos \u00d3g - Oidhreacht Chorca Dhuibhne","isPartOf":{"@id":"https:\/\/www.oidhreacht.ie\/ga\/#website"},"primaryImageOfPage":{"@id":"https:\/\/www.oidhreacht.ie\/ga\/product\/orchiste-nollag-2\/#primaryimage"},"image":{"@id":"https:\/\/www.oidhreacht.ie\/ga\/product\/orchiste-nollag-2\/#primaryimage"},"thumbnailUrl":"https:\/\/www.oidhreacht.ie\/wp-content\/uploads\/2021\/12\/orchiste-nollag.jpg","datePublished":"2021-12-13T09:48:49+00:00","dateModified":"2025-03-10T10:14:27+00:00","breadcrumb":{"@id":"https:\/\/www.oidhreacht.ie\/ga\/product\/orchiste-nollag-2\/#breadcrumb"},"inLanguage":"ga-IE","potentialAction":[{"@type":"ReadAction","target":["https:\/\/www.oidhreacht.ie\/ga\/product\/orchiste-nollag-2\/"]}]},{"@type":"ImageObject","inLanguage":"ga-IE","@id":"https:\/\/www.oidhreacht.ie\/ga\/product\/orchiste-nollag-2\/#primaryimage","url":"https:\/\/www.oidhreacht.ie\/wp-content\/uploads\/2021\/12\/orchiste-nollag.jpg","contentUrl":"https:\/\/www.oidhreacht.ie\/wp-content\/uploads\/2021\/12\/orchiste-nollag.jpg","width":825,"height":1200,"caption":"\u00d3rchiste Nollag"},{"@type":"BreadcrumbList","@id":"https:\/\/www.oidhreacht.ie\/ga\/product\/orchiste-nollag-2\/#breadcrumb","itemListElement":[{"@type":"ListItem","position":1,"name":"Home","item":"https:\/\/www.oidhreacht.ie\/ga\/"},{"@type":"ListItem","position":2,"name":"Shop","item":"https:\/\/www.oidhreacht.ie\/ga\/shop-2\/"},{"@type":"ListItem","position":3,"name":"\u00d3rchiste Nollag Don Aos \u00d3g"}]},{"@type":"WebSite","@id":"https:\/\/www.oidhreacht.ie\/ga\/#website","url":"https:\/\/www.oidhreacht.ie\/ga\/","name":"Oidhreacht Chorca Dhuibhne","description":"Irish Language Courses on the Dingle Peninsula","publisher":{"@id":"https:\/\/www.oidhreacht.ie\/ga\/#organization"},"potentialAction":[{"@type":"SearchAction","target":{"@type":"EntryPoint","urlTemplate":"https:\/\/www.oidhreacht.ie\/ga\/?s={search_term_string}"},"query-input":{"@type":"PropertyValueSpecification","valueRequired":true,"valueName":"search_term_string"}}],"inLanguage":"ga-IE"},{"@type":"Organization","@id":"https:\/\/www.oidhreacht.ie\/ga\/#organization","name":"Oidhreacht Chorca Dhuibhne","url":"https:\/\/www.oidhreacht.ie\/ga\/","logo":{"@type":"ImageObject","inLanguage":"ga-IE","@id":"https:\/\/www.oidhreacht.ie\/ga\/#\/schema\/logo\/image\/","url":"https:\/\/www.oidhreacht.ie\/wp-content\/uploads\/2020\/02\/oidhreacht-logo-1.png","contentUrl":"https:\/\/www.oidhreacht.ie\/wp-content\/uploads\/2020\/02\/oidhreacht-logo-1.png","width":300,"height":100,"caption":"Oidhreacht Chorca Dhuibhne"},"image":{"@id":"https:\/\/www.oidhreacht.ie\/ga\/#\/schema\/logo\/image\/"},"sameAs":["https:\/\/www.facebook.com\/oidhreachtcd\/","https:\/\/www.instagram.com\/oidhreacht_chorca_dhuibhne\/"]}]}},"_links":{"self":[{"href":"https:\/\/www.oidhreacht.ie\/ga\/wp-json\/wp\/v2\/product\/1461","targetHints":{"allow":["GET"]}}],"collection":[{"href":"https:\/\/www.oidhreacht.ie\/ga\/wp-json\/wp\/v2\/product"}],"about":[{"href":"https:\/\/www.oidhreacht.ie\/ga\/wp-json\/wp\/v2\/types\/product"}],"wp:featuredmedia":[{"embeddable":true,"href":"https:\/\/www.oidhreacht.ie\/ga\/wp-json\/wp\/v2\/media\/1462"}],"wp:attachment":[{"href":"https:\/\/www.oidhreacht.ie\/ga\/wp-json\/wp\/v2\/media?parent=1461"}],"wp:term":[{"taxonomy":"product_brand","embeddable":true,"href":"https:\/\/www.oidhreacht.ie\/ga\/wp-json\/wp\/v2\/product_brand?post=1461"},{"taxonomy":"product_cat","embeddable":true,"href":"https:\/\/www.oidhreacht.ie\/ga\/wp-json\/wp\/v2\/product_cat?post=1461"},{"taxonomy":"product_tag","embeddable":true,"href":"https:\/\/www.oidhreacht.ie\/ga\/wp-json\/wp\/v2\/product_tag?post=1461"}],"curies":[{"name":"wp","href":"https:\/\/api.w.org\/{rel}","templated":true}]}}