{"id":176,"date":"2020-03-23T08:51:41","date_gmt":"2020-03-23T08:51:41","guid":{"rendered":"http:\/\/www.oidhreacht.ie\/product\/an-tagallamh-muimhneach-le-sean-o-muimhneachain\/"},"modified":"2024-09-22T00:00:10","modified_gmt":"2024-09-22T00:00:10","slug":"an-tagallamh-muimhneach-le-sean-o-muimhneachain","status":"publish","type":"product","link":"https:\/\/www.oidhreacht.ie\/ga\/product\/an-tagallamh-muimhneach-le-sean-o-muimhneachain\/","title":{"rendered":"An tAgallamh Muimhneach le Se\u00e1n \u00d3 Muimhneach\u00e1in,"},"content":{"rendered":"","protected":false},"excerpt":{"rendered":"<p>C\u00fail a\u2019Bhuacaigh, Cill na Martra, Co. Chorca\u00ed. \u00a0. Seod de leabhar \u00e9 seo mar a bhfuil Agallaimh Bheirte, L\u00fab\u00edn\u00ed, Ceap\u00f3ga is Amhr\u00e1in Saothair don t\u00e9 is \u00f3ige go dt\u00ed an t\u00e9 is sine in\u00e1r measc. T\u00e1 m\u00f3r\u00e1n gn\u00e9ithe de shaol an duine pl\u00e9ite is c\u00edortha san obair mar at\u00e1 an coile\u00e1in is na misle\u00e1in,\u00a0 an tsamhla\u00edocht is an scl\u00e1bha\u00edocht, na mairn\u00e9alaigh is gi\u00fairl\u00e9id, na scol\u00e1ir\u00ed is na mior\u00failt\u00ed, na comhairleoir\u00ed\u00a0 is na cuairteoir\u00ed, an meisceoir is an staonaitheoir, an c\u00e9asadh is an p\u00f3sadh, an Geimhreadh agus an tEarrach agus gan dabht n\u00edor fh\u00e1g an Muimhneach\u00e1nach Corca\u00edoch \u00a0n\u00e1 an Ciarra\u00edoch ar l\u00e1r ach chomh beag.<\/p>\n<p>Bhronn an Chomhairle Eala\u00edon maoini\u00fa ar She\u00e1n leis an saothar a fhoilsi\u00fa.<\/p>\n<p><strong>Oidhreacht Chorca Dhuibhne<\/strong>\u00a0a d\u2019fhoilsigh an saothar. \u20ac25.00. Bhronn\u00a0<strong>An Chomhairle Eala\u00edon<\/strong>\u00a0maoini\u00fa ar She\u00e1n \u00d3 Muimhneach\u00e1in leis an saothar a fhoilsi\u00fa.<\/p>\n<p>Breis eolais 066 9156100 n\u00f3\u00a0<a href=\"mailto:eolas@cfcd.ie\">eolas@cfcd.ie<\/a>.<\/p>\n<p><a href=\"http:\/\/oidhreacht.ie\/images\/image\/ag-dul-amu.pdf\" target=\"_blank\" rel=\"noopener noreferrer\">View Sample<\/a><\/p>\n","protected":false},"featured_media":150,"template":"","meta":{"_acf_changed":false,"ocean_post_layout":"","ocean_both_sidebars_style":"","ocean_both_sidebars_content_width":0,"ocean_both_sidebars_sidebars_width":0,"ocean_sidebar":"0","ocean_second_sidebar":"0","ocean_disable_margins":"enable","ocean_add_body_class":"","ocean_shortcode_before_top_bar":"","ocean_shortcode_after_top_bar":"","ocean_shortcode_before_header":"","ocean_shortcode_after_header":"","ocean_has_shortcode":"","ocean_shortcode_after_title":"","ocean_shortcode_before_footer_widgets":"","ocean_shortcode_after_footer_widgets":"","ocean_shortcode_before_footer_bottom":"","ocean_shortcode_after_footer_bottom":"","ocean_display_top_bar":"default","ocean_display_header":"default","ocean_header_style":"","ocean_center_header_left_menu":"0","ocean_custom_header_template":"0","ocean_custom_logo":0,"ocean_custom_retina_logo":0,"ocean_custom_logo_max_width":0,"ocean_custom_logo_tablet_max_width":0,"ocean_custom_logo_mobile_max_width":0,"ocean_custom_logo_max_height":0,"ocean_custom_logo_tablet_max_height":0,"ocean_custom_logo_mobile_max_height":0,"ocean_header_custom_menu":"0","ocean_menu_typo_font_family":"0","ocean_menu_typo_font_subset":"","ocean_menu_typo_font_size":0,"ocean_menu_typo_font_size_tablet":0,"ocean_menu_typo_font_size_mobile":0,"ocean_menu_typo_font_size_unit":"px","ocean_menu_typo_font_weight":"","ocean_menu_typo_font_weight_tablet":"","ocean_menu_typo_font_weight_mobile":"","ocean_menu_typo_transform":"","ocean_menu_typo_transform_tablet":"","ocean_menu_typo_transform_mobile":"","ocean_menu_typo_line_height":0,"ocean_menu_typo_line_height_tablet":0,"ocean_menu_typo_line_height_mobile":0,"ocean_menu_typo_line_height_unit":"","ocean_menu_typo_spacing":0,"ocean_menu_typo_spacing_tablet":0,"ocean_menu_typo_spacing_mobile":0,"ocean_menu_typo_spacing_unit":"","ocean_menu_link_color":"","ocean_menu_link_color_hover":"","ocean_menu_link_color_active":"","ocean_menu_link_background":"","ocean_menu_link_hover_background":"","ocean_menu_link_active_background":"","ocean_menu_social_links_bg":"","ocean_menu_social_hover_links_bg":"","ocean_menu_social_links_color":"","ocean_menu_social_hover_links_color":"","ocean_disable_title":"default","ocean_disable_heading":"default","ocean_post_title":"","ocean_post_subheading":"","ocean_post_title_style":"","ocean_post_title_background_color":"","ocean_post_title_background":0,"ocean_post_title_bg_image_position":"","ocean_post_title_bg_image_attachment":"","ocean_post_title_bg_image_repeat":"","ocean_post_title_bg_image_size":"","ocean_post_title_height":0,"ocean_post_title_bg_overlay":0.5,"ocean_post_title_bg_overlay_color":"","ocean_disable_breadcrumbs":"default","ocean_breadcrumbs_color":"","ocean_breadcrumbs_separator_color":"","ocean_breadcrumbs_links_color":"","ocean_breadcrumbs_links_hover_color":"","ocean_display_footer_widgets":"default","ocean_display_footer_bottom":"default","ocean_custom_footer_template":"0"},"product_brand":[],"product_cat":[25],"product_tag":[],"class_list":{"0":"post-176","1":"product","2":"type-product","3":"status-publish","4":"has-post-thumbnail","6":"product_cat-foilseachain","7":"product_shipping_class-thar-a4-500g-go-2kg","9":"entry","10":"has-media","12":"first","13":"instock","14":"shipping-taxable","15":"purchasable","16":"product-type-simple","17":"has-product-nav","18":"col","19":"span_1_of_4","20":"owp-content-center","21":"owp-thumbs-layout-horizontal","22":"owp-btn-normal","23":"owp-tabs-layout-horizontal","24":"has-no-thumbnails"},"acf":[],"yoast_head":"<!-- This site is optimized with the Yoast SEO plugin v27.4 - https:\/\/yoast.com\/product\/yoast-seo-wordpress\/ -->\n<title>An tAgallamh Muimhneach le Se\u00e1n \u00d3 Muimhneach\u00e1in, - Oidhreacht Chorca Dhuibhne<\/title>\n<meta name=\"robots\" content=\"index, follow, max-snippet:-1, max-image-preview:large, max-video-preview:-1\" \/>\n<link rel=\"canonical\" href=\"https:\/\/www.oidhreacht.ie\/ga\/product\/an-tagallamh-muimhneach-le-sean-o-muimhneachain\/\" \/>\n<meta property=\"og:locale\" content=\"ga_IE\" \/>\n<meta property=\"og:type\" content=\"article\" \/>\n<meta property=\"og:title\" content=\"An tAgallamh Muimhneach le Se\u00e1n \u00d3 Muimhneach\u00e1in, - Oidhreacht Chorca Dhuibhne\" \/>\n<meta property=\"og:description\" content=\"C\u00fail a\u2019Bhuacaigh, Cill na Martra, Co. Chorca\u00ed. \u00a0. Seod de leabhar \u00e9 seo mar a bhfuil Agallaimh Bheirte, L\u00fab\u00edn\u00ed, Ceap\u00f3ga is Amhr\u00e1in Saothair don t\u00e9 is \u00f3ige go dt\u00ed an t\u00e9 is sine in\u00e1r measc. T\u00e1 m\u00f3r\u00e1n gn\u00e9ithe de shaol an duine pl\u00e9ite is c\u00edortha san obair mar at\u00e1 an coile\u00e1in is na misle\u00e1in,\u00a0 an tsamhla\u00edocht is an scl\u00e1bha\u00edocht, na mairn\u00e9alaigh is gi\u00fairl\u00e9id, na scol\u00e1ir\u00ed is na mior\u00failt\u00ed, na comhairleoir\u00ed\u00a0 is na cuairteoir\u00ed, an meisceoir is an staonaitheoir, an c\u00e9asadh is an p\u00f3sadh, an Geimhreadh agus an tEarrach agus gan dabht n\u00edor fh\u00e1g an Muimhneach\u00e1nach Corca\u00edoch \u00a0n\u00e1 an Ciarra\u00edoch ar l\u00e1r ach chomh beag. Bhronn an Chomhairle Eala\u00edon maoini\u00fa ar She\u00e1n leis an saothar a fhoilsi\u00fa. Oidhreacht Chorca Dhuibhne\u00a0a d\u2019fhoilsigh an saothar. \u20ac25.00. Bhronn\u00a0An Chomhairle Eala\u00edon\u00a0maoini\u00fa ar She\u00e1n \u00d3 Muimhneach\u00e1in leis an saothar a fhoilsi\u00fa. Breis eolais 066 9156100 n\u00f3\u00a0eolas@cfcd.ie. View Sample\" \/>\n<meta property=\"og:url\" content=\"https:\/\/www.oidhreacht.ie\/ga\/product\/an-tagallamh-muimhneach-le-sean-o-muimhneachain\/\" \/>\n<meta property=\"og:site_name\" content=\"Oidhreacht Chorca Dhuibhne\" \/>\n<meta property=\"article:publisher\" content=\"https:\/\/www.facebook.com\/oidhreachtcd\/\" \/>\n<meta property=\"article:modified_time\" content=\"2024-09-22T00:00:10+00:00\" \/>\n<meta property=\"og:image\" content=\"https:\/\/www.oidhreacht.ie\/wp-content\/uploads\/2020\/02\/Agallaimh-Bheirte.jpg\" \/>\n\t<meta property=\"og:image:width\" content=\"300\" \/>\n\t<meta property=\"og:image:height\" content=\"300\" \/>\n\t<meta property=\"og:image:type\" content=\"image\/jpeg\" \/>\n<meta name=\"twitter:card\" content=\"summary_large_image\" \/>\n<script type=\"application\/ld+json\" class=\"yoast-schema-graph\">{\"@context\":\"https:\\\/\\\/schema.org\",\"@graph\":[{\"@type\":\"WebPage\",\"@id\":\"https:\\\/\\\/www.oidhreacht.ie\\\/ga\\\/product\\\/an-tagallamh-muimhneach-le-sean-o-muimhneachain\\\/\",\"url\":\"https:\\\/\\\/www.oidhreacht.ie\\\/ga\\\/product\\\/an-tagallamh-muimhneach-le-sean-o-muimhneachain\\\/\",\"name\":\"An tAgallamh Muimhneach le Se\u00e1n \u00d3 Muimhneach\u00e1in, - Oidhreacht Chorca Dhuibhne\",\"isPartOf\":{\"@id\":\"https:\\\/\\\/www.oidhreacht.ie\\\/ga\\\/#website\"},\"primaryImageOfPage\":{\"@id\":\"https:\\\/\\\/www.oidhreacht.ie\\\/ga\\\/product\\\/an-tagallamh-muimhneach-le-sean-o-muimhneachain\\\/#primaryimage\"},\"image\":{\"@id\":\"https:\\\/\\\/www.oidhreacht.ie\\\/ga\\\/product\\\/an-tagallamh-muimhneach-le-sean-o-muimhneachain\\\/#primaryimage\"},\"thumbnailUrl\":\"https:\\\/\\\/www.oidhreacht.ie\\\/wp-content\\\/uploads\\\/2020\\\/02\\\/Agallaimh-Bheirte.jpg\",\"datePublished\":\"2020-03-23T08:51:41+00:00\",\"dateModified\":\"2024-09-22T00:00:10+00:00\",\"breadcrumb\":{\"@id\":\"https:\\\/\\\/www.oidhreacht.ie\\\/ga\\\/product\\\/an-tagallamh-muimhneach-le-sean-o-muimhneachain\\\/#breadcrumb\"},\"inLanguage\":\"ga-IE\",\"potentialAction\":[{\"@type\":\"ReadAction\",\"target\":[\"https:\\\/\\\/www.oidhreacht.ie\\\/ga\\\/product\\\/an-tagallamh-muimhneach-le-sean-o-muimhneachain\\\/\"]}]},{\"@type\":\"ImageObject\",\"inLanguage\":\"ga-IE\",\"@id\":\"https:\\\/\\\/www.oidhreacht.ie\\\/ga\\\/product\\\/an-tagallamh-muimhneach-le-sean-o-muimhneachain\\\/#primaryimage\",\"url\":\"https:\\\/\\\/www.oidhreacht.ie\\\/wp-content\\\/uploads\\\/2020\\\/02\\\/Agallaimh-Bheirte.jpg\",\"contentUrl\":\"https:\\\/\\\/www.oidhreacht.ie\\\/wp-content\\\/uploads\\\/2020\\\/02\\\/Agallaimh-Bheirte.jpg\",\"width\":300,\"height\":300,\"caption\":\"An tAgallamh Muimhneach le Se\u00e1n \u00d3 Muimhneach\u00e1in\"},{\"@type\":\"BreadcrumbList\",\"@id\":\"https:\\\/\\\/www.oidhreacht.ie\\\/ga\\\/product\\\/an-tagallamh-muimhneach-le-sean-o-muimhneachain\\\/#breadcrumb\",\"itemListElement\":[{\"@type\":\"ListItem\",\"position\":1,\"name\":\"Home\",\"item\":\"https:\\\/\\\/www.oidhreacht.ie\\\/ga\\\/\"},{\"@type\":\"ListItem\",\"position\":2,\"name\":\"Shop\",\"item\":\"https:\\\/\\\/www.oidhreacht.ie\\\/ga\\\/shop-2\\\/\"},{\"@type\":\"ListItem\",\"position\":3,\"name\":\"An tAgallamh Muimhneach le Se\u00e1n \u00d3 Muimhneach\u00e1in,\"}]},{\"@type\":\"WebSite\",\"@id\":\"https:\\\/\\\/www.oidhreacht.ie\\\/ga\\\/#website\",\"url\":\"https:\\\/\\\/www.oidhreacht.ie\\\/ga\\\/\",\"name\":\"Oidhreacht Chorca Dhuibhne\",\"description\":\"Irish Language Courses on the Dingle Peninsula\",\"publisher\":{\"@id\":\"https:\\\/\\\/www.oidhreacht.ie\\\/ga\\\/#organization\"},\"potentialAction\":[{\"@type\":\"SearchAction\",\"target\":{\"@type\":\"EntryPoint\",\"urlTemplate\":\"https:\\\/\\\/www.oidhreacht.ie\\\/ga\\\/?s={search_term_string}\"},\"query-input\":{\"@type\":\"PropertyValueSpecification\",\"valueRequired\":true,\"valueName\":\"search_term_string\"}}],\"inLanguage\":\"ga-IE\"},{\"@type\":\"Organization\",\"@id\":\"https:\\\/\\\/www.oidhreacht.ie\\\/ga\\\/#organization\",\"name\":\"Oidhreacht Chorca Dhuibhne\",\"url\":\"https:\\\/\\\/www.oidhreacht.ie\\\/ga\\\/\",\"logo\":{\"@type\":\"ImageObject\",\"inLanguage\":\"ga-IE\",\"@id\":\"https:\\\/\\\/www.oidhreacht.ie\\\/ga\\\/#\\\/schema\\\/logo\\\/image\\\/\",\"url\":\"https:\\\/\\\/www.oidhreacht.ie\\\/wp-content\\\/uploads\\\/2020\\\/02\\\/oidhreacht-logo-1.png\",\"contentUrl\":\"https:\\\/\\\/www.oidhreacht.ie\\\/wp-content\\\/uploads\\\/2020\\\/02\\\/oidhreacht-logo-1.png\",\"width\":300,\"height\":100,\"caption\":\"Oidhreacht Chorca Dhuibhne\"},\"image\":{\"@id\":\"https:\\\/\\\/www.oidhreacht.ie\\\/ga\\\/#\\\/schema\\\/logo\\\/image\\\/\"},\"sameAs\":[\"https:\\\/\\\/www.facebook.com\\\/oidhreachtcd\\\/\",\"https:\\\/\\\/www.instagram.com\\\/oidhreacht_chorca_dhuibhne\\\/\"]}]}<\/script>\n<!-- \/ Yoast SEO plugin. -->","yoast_head_json":{"title":"An tAgallamh Muimhneach le Se\u00e1n \u00d3 Muimhneach\u00e1in, - Oidhreacht Chorca Dhuibhne","robots":{"index":"index","follow":"follow","max-snippet":"max-snippet:-1","max-image-preview":"max-image-preview:large","max-video-preview":"max-video-preview:-1"},"canonical":"https:\/\/www.oidhreacht.ie\/ga\/product\/an-tagallamh-muimhneach-le-sean-o-muimhneachain\/","og_locale":"ga_IE","og_type":"article","og_title":"An tAgallamh Muimhneach le Se\u00e1n \u00d3 Muimhneach\u00e1in, - Oidhreacht Chorca Dhuibhne","og_description":"C\u00fail a\u2019Bhuacaigh, Cill na Martra, Co. Chorca\u00ed. \u00a0. Seod de leabhar \u00e9 seo mar a bhfuil Agallaimh Bheirte, L\u00fab\u00edn\u00ed, Ceap\u00f3ga is Amhr\u00e1in Saothair don t\u00e9 is \u00f3ige go dt\u00ed an t\u00e9 is sine in\u00e1r measc. T\u00e1 m\u00f3r\u00e1n gn\u00e9ithe de shaol an duine pl\u00e9ite is c\u00edortha san obair mar at\u00e1 an coile\u00e1in is na misle\u00e1in,\u00a0 an tsamhla\u00edocht is an scl\u00e1bha\u00edocht, na mairn\u00e9alaigh is gi\u00fairl\u00e9id, na scol\u00e1ir\u00ed is na mior\u00failt\u00ed, na comhairleoir\u00ed\u00a0 is na cuairteoir\u00ed, an meisceoir is an staonaitheoir, an c\u00e9asadh is an p\u00f3sadh, an Geimhreadh agus an tEarrach agus gan dabht n\u00edor fh\u00e1g an Muimhneach\u00e1nach Corca\u00edoch \u00a0n\u00e1 an Ciarra\u00edoch ar l\u00e1r ach chomh beag. Bhronn an Chomhairle Eala\u00edon maoini\u00fa ar She\u00e1n leis an saothar a fhoilsi\u00fa. Oidhreacht Chorca Dhuibhne\u00a0a d\u2019fhoilsigh an saothar. \u20ac25.00. Bhronn\u00a0An Chomhairle Eala\u00edon\u00a0maoini\u00fa ar She\u00e1n \u00d3 Muimhneach\u00e1in leis an saothar a fhoilsi\u00fa. Breis eolais 066 9156100 n\u00f3\u00a0eolas@cfcd.ie. View Sample","og_url":"https:\/\/www.oidhreacht.ie\/ga\/product\/an-tagallamh-muimhneach-le-sean-o-muimhneachain\/","og_site_name":"Oidhreacht Chorca Dhuibhne","article_publisher":"https:\/\/www.facebook.com\/oidhreachtcd\/","article_modified_time":"2024-09-22T00:00:10+00:00","og_image":[{"width":300,"height":300,"url":"https:\/\/www.oidhreacht.ie\/wp-content\/uploads\/2020\/02\/Agallaimh-Bheirte.jpg","type":"image\/jpeg"}],"twitter_card":"summary_large_image","schema":{"@context":"https:\/\/schema.org","@graph":[{"@type":"WebPage","@id":"https:\/\/www.oidhreacht.ie\/ga\/product\/an-tagallamh-muimhneach-le-sean-o-muimhneachain\/","url":"https:\/\/www.oidhreacht.ie\/ga\/product\/an-tagallamh-muimhneach-le-sean-o-muimhneachain\/","name":"An tAgallamh Muimhneach le Se\u00e1n \u00d3 Muimhneach\u00e1in, - Oidhreacht Chorca Dhuibhne","isPartOf":{"@id":"https:\/\/www.oidhreacht.ie\/ga\/#website"},"primaryImageOfPage":{"@id":"https:\/\/www.oidhreacht.ie\/ga\/product\/an-tagallamh-muimhneach-le-sean-o-muimhneachain\/#primaryimage"},"image":{"@id":"https:\/\/www.oidhreacht.ie\/ga\/product\/an-tagallamh-muimhneach-le-sean-o-muimhneachain\/#primaryimage"},"thumbnailUrl":"https:\/\/www.oidhreacht.ie\/wp-content\/uploads\/2020\/02\/Agallaimh-Bheirte.jpg","datePublished":"2020-03-23T08:51:41+00:00","dateModified":"2024-09-22T00:00:10+00:00","breadcrumb":{"@id":"https:\/\/www.oidhreacht.ie\/ga\/product\/an-tagallamh-muimhneach-le-sean-o-muimhneachain\/#breadcrumb"},"inLanguage":"ga-IE","potentialAction":[{"@type":"ReadAction","target":["https:\/\/www.oidhreacht.ie\/ga\/product\/an-tagallamh-muimhneach-le-sean-o-muimhneachain\/"]}]},{"@type":"ImageObject","inLanguage":"ga-IE","@id":"https:\/\/www.oidhreacht.ie\/ga\/product\/an-tagallamh-muimhneach-le-sean-o-muimhneachain\/#primaryimage","url":"https:\/\/www.oidhreacht.ie\/wp-content\/uploads\/2020\/02\/Agallaimh-Bheirte.jpg","contentUrl":"https:\/\/www.oidhreacht.ie\/wp-content\/uploads\/2020\/02\/Agallaimh-Bheirte.jpg","width":300,"height":300,"caption":"An tAgallamh Muimhneach le Se\u00e1n \u00d3 Muimhneach\u00e1in"},{"@type":"BreadcrumbList","@id":"https:\/\/www.oidhreacht.ie\/ga\/product\/an-tagallamh-muimhneach-le-sean-o-muimhneachain\/#breadcrumb","itemListElement":[{"@type":"ListItem","position":1,"name":"Home","item":"https:\/\/www.oidhreacht.ie\/ga\/"},{"@type":"ListItem","position":2,"name":"Shop","item":"https:\/\/www.oidhreacht.ie\/ga\/shop-2\/"},{"@type":"ListItem","position":3,"name":"An tAgallamh Muimhneach le Se\u00e1n \u00d3 Muimhneach\u00e1in,"}]},{"@type":"WebSite","@id":"https:\/\/www.oidhreacht.ie\/ga\/#website","url":"https:\/\/www.oidhreacht.ie\/ga\/","name":"Oidhreacht Chorca Dhuibhne","description":"Irish Language Courses on the Dingle Peninsula","publisher":{"@id":"https:\/\/www.oidhreacht.ie\/ga\/#organization"},"potentialAction":[{"@type":"SearchAction","target":{"@type":"EntryPoint","urlTemplate":"https:\/\/www.oidhreacht.ie\/ga\/?s={search_term_string}"},"query-input":{"@type":"PropertyValueSpecification","valueRequired":true,"valueName":"search_term_string"}}],"inLanguage":"ga-IE"},{"@type":"Organization","@id":"https:\/\/www.oidhreacht.ie\/ga\/#organization","name":"Oidhreacht Chorca Dhuibhne","url":"https:\/\/www.oidhreacht.ie\/ga\/","logo":{"@type":"ImageObject","inLanguage":"ga-IE","@id":"https:\/\/www.oidhreacht.ie\/ga\/#\/schema\/logo\/image\/","url":"https:\/\/www.oidhreacht.ie\/wp-content\/uploads\/2020\/02\/oidhreacht-logo-1.png","contentUrl":"https:\/\/www.oidhreacht.ie\/wp-content\/uploads\/2020\/02\/oidhreacht-logo-1.png","width":300,"height":100,"caption":"Oidhreacht Chorca Dhuibhne"},"image":{"@id":"https:\/\/www.oidhreacht.ie\/ga\/#\/schema\/logo\/image\/"},"sameAs":["https:\/\/www.facebook.com\/oidhreachtcd\/","https:\/\/www.instagram.com\/oidhreacht_chorca_dhuibhne\/"]}]}},"_links":{"self":[{"href":"https:\/\/www.oidhreacht.ie\/ga\/wp-json\/wp\/v2\/product\/176","targetHints":{"allow":["GET"]}}],"collection":[{"href":"https:\/\/www.oidhreacht.ie\/ga\/wp-json\/wp\/v2\/product"}],"about":[{"href":"https:\/\/www.oidhreacht.ie\/ga\/wp-json\/wp\/v2\/types\/product"}],"wp:featuredmedia":[{"embeddable":true,"href":"https:\/\/www.oidhreacht.ie\/ga\/wp-json\/wp\/v2\/media\/150"}],"wp:attachment":[{"href":"https:\/\/www.oidhreacht.ie\/ga\/wp-json\/wp\/v2\/media?parent=176"}],"wp:term":[{"taxonomy":"product_brand","embeddable":true,"href":"https:\/\/www.oidhreacht.ie\/ga\/wp-json\/wp\/v2\/product_brand?post=176"},{"taxonomy":"product_cat","embeddable":true,"href":"https:\/\/www.oidhreacht.ie\/ga\/wp-json\/wp\/v2\/product_cat?post=176"},{"taxonomy":"product_tag","embeddable":true,"href":"https:\/\/www.oidhreacht.ie\/ga\/wp-json\/wp\/v2\/product_tag?post=176"}],"curies":[{"name":"wp","href":"https:\/\/api.w.org\/{rel}","templated":true}]}}