{"id":224,"date":"2020-03-23T23:16:16","date_gmt":"2020-03-23T23:16:16","guid":{"rendered":"http:\/\/www.oidhreacht.ie\/product\/amhrain-agus-rannta-don-aos-og-oidhreacht-chorca-dhuibhne\/"},"modified":"2026-04-17T09:15:28","modified_gmt":"2026-04-17T09:15:28","slug":"sicin-mise-go-sona-sasta","status":"publish","type":"product","link":"https:\/\/www.oidhreacht.ie\/ga\/product\/sicin-mise-go-sona-sasta\/","title":{"rendered":"Sic\u00edn Mise go Sona S\u00e1sta"},"content":{"rendered":"","protected":false},"excerpt":{"rendered":"<p>ISBN: 539152402705<\/p>\n<p>T\u00e1 cuid desna hamhr\u00e1in is na rannta ceolmhara at\u00e1 ar an CD &amp; sa leabhr\u00e1n seo, \u00e1 roinnt cheana f\u00e9in le leana\u00ed \u00f3ga Chorca Dhuibhne, ag Cuairteoir\u00ed Baile na Sc\u00e9ime Taca\u00edochta Teaghlaigh <em>T\u00fas Maith<\/em> (www. tusmaithocd.com). T\u00e1id \u00e1 r\u00e1 anso ag Bernie Ph\u00e1id N\u00ed Mhuircheartaigh &amp; P\u00e1id\u00ed Mh\u00e1rthain Mac Gearailt, beirt de mh\u00f3ramhr\u00e1naithe Chorca Dhuibhne. Donogh Hennessy a bh\u00ed i mbun taifid agus tionlacain, D\u00f3mhnal \u00d3 Bric a mhaisigh agus Feargal Mac Amhlaoibh a dhear. Cuireadh an CD le ch\u00e9ile le cabhair mhaoinithe \u00f3n gCl\u00e1r Taca\u00edochta Teaghlaigh ag an Roinn Eala\u00edon, Oidhreachta agus Gaeltachta. Orlaith Ruis\u00e9al, Oidhreacht Chorca Dhuibhne a chomhordaigh an togra. Eala\u00edn na Gaeltachta agus an Roinn Eala\u00edon, Oidhreachta, Gn\u00f3tha\u00ed R\u00e9igi\u00fanacha, Tuaithe &amp; Gaeltachta a mhaoinigh.<\/p>\n<p><em>Sic\u00edn mise go Sona S\u00e1sta is a compilation of songs and rhymes for younger children, sung by Bernie Ph\u00e1id N\u00ed Mhuircheartaigh &amp; P\u00e1id\u00ed Mh\u00e1rthain Mac Gearailt, two traditional singers from the Gaeltacht of Corca Dhuibhne in West Kerry. Recording and musical accompaniment is by Donogh Hennessy, illustration by D\u00f3mhnal \u00d3 Bric and design by Fergal Mac Amhlaoibh. The project was funded by the Department of Arts, Heritage &amp; the Gaeltacht as part of its Family Language Support Programme. Orlaith Ruis\u00e9al, T\u00fas Maith &amp; Oidhreacht Chorca Dhuibhne co-ordinated the project.<\/em><\/p>\n","protected":false},"featured_media":222,"template":"","meta":{"_acf_changed":false,"ocean_post_layout":"","ocean_both_sidebars_style":"","ocean_both_sidebars_content_width":0,"ocean_both_sidebars_sidebars_width":0,"ocean_sidebar":"0","ocean_second_sidebar":"0","ocean_disable_margins":"enable","ocean_add_body_class":"","ocean_shortcode_before_top_bar":"","ocean_shortcode_after_top_bar":"","ocean_shortcode_before_header":"","ocean_shortcode_after_header":"","ocean_has_shortcode":"","ocean_shortcode_after_title":"","ocean_shortcode_before_footer_widgets":"","ocean_shortcode_after_footer_widgets":"","ocean_shortcode_before_footer_bottom":"","ocean_shortcode_after_footer_bottom":"","ocean_display_top_bar":"default","ocean_display_header":"default","ocean_header_style":"","ocean_center_header_left_menu":"0","ocean_custom_header_template":"0","ocean_custom_logo":0,"ocean_custom_retina_logo":0,"ocean_custom_logo_max_width":0,"ocean_custom_logo_tablet_max_width":0,"ocean_custom_logo_mobile_max_width":0,"ocean_custom_logo_max_height":0,"ocean_custom_logo_tablet_max_height":0,"ocean_custom_logo_mobile_max_height":0,"ocean_header_custom_menu":"0","ocean_menu_typo_font_family":"0","ocean_menu_typo_font_subset":"","ocean_menu_typo_font_size":0,"ocean_menu_typo_font_size_tablet":0,"ocean_menu_typo_font_size_mobile":0,"ocean_menu_typo_font_size_unit":"px","ocean_menu_typo_font_weight":"","ocean_menu_typo_font_weight_tablet":"","ocean_menu_typo_font_weight_mobile":"","ocean_menu_typo_transform":"","ocean_menu_typo_transform_tablet":"","ocean_menu_typo_transform_mobile":"","ocean_menu_typo_line_height":0,"ocean_menu_typo_line_height_tablet":0,"ocean_menu_typo_line_height_mobile":0,"ocean_menu_typo_line_height_unit":"","ocean_menu_typo_spacing":0,"ocean_menu_typo_spacing_tablet":0,"ocean_menu_typo_spacing_mobile":0,"ocean_menu_typo_spacing_unit":"","ocean_menu_link_color":"","ocean_menu_link_color_hover":"","ocean_menu_link_color_active":"","ocean_menu_link_background":"","ocean_menu_link_hover_background":"","ocean_menu_link_active_background":"","ocean_menu_social_links_bg":"","ocean_menu_social_hover_links_bg":"","ocean_menu_social_links_color":"","ocean_menu_social_hover_links_color":"","ocean_disable_title":"default","ocean_disable_heading":"default","ocean_post_title":"","ocean_post_subheading":"","ocean_post_title_style":"","ocean_post_title_background_color":"","ocean_post_title_background":0,"ocean_post_title_bg_image_position":"","ocean_post_title_bg_image_attachment":"","ocean_post_title_bg_image_repeat":"","ocean_post_title_bg_image_size":"","ocean_post_title_height":0,"ocean_post_title_bg_overlay":0.5,"ocean_post_title_bg_overlay_color":"","ocean_disable_breadcrumbs":"default","ocean_breadcrumbs_color":"","ocean_breadcrumbs_separator_color":"","ocean_breadcrumbs_links_color":"","ocean_breadcrumbs_links_hover_color":"","ocean_display_footer_widgets":"default","ocean_display_footer_bottom":"default","ocean_custom_footer_template":"0"},"product_brand":[],"product_cat":[25],"product_tag":[],"class_list":{"0":"post-224","1":"product","2":"type-product","3":"status-publish","4":"has-post-thumbnail","6":"product_cat-foilseachain","8":"entry","9":"has-media","11":"first","12":"instock","13":"shipping-taxable","14":"purchasable","15":"product-type-simple","16":"has-product-nav","17":"col","18":"span_1_of_4","19":"owp-content-center","20":"owp-thumbs-layout-horizontal","21":"owp-btn-normal","22":"owp-tabs-layout-horizontal","23":"has-no-thumbnails"},"acf":[],"yoast_head":"<!-- This site is optimized with the Yoast SEO plugin v27.4 - https:\/\/yoast.com\/product\/yoast-seo-wordpress\/ -->\n<title>Sic\u00edn Mise go Sona S\u00e1sta - Oidhreacht Chorca Dhuibhne<\/title>\n<meta name=\"robots\" content=\"index, follow, max-snippet:-1, max-image-preview:large, max-video-preview:-1\" \/>\n<link rel=\"canonical\" href=\"https:\/\/www.oidhreacht.ie\/ga\/product\/sicin-mise-go-sona-sasta\/\" \/>\n<meta property=\"og:locale\" content=\"ga_IE\" \/>\n<meta property=\"og:type\" content=\"article\" \/>\n<meta property=\"og:title\" content=\"Sic\u00edn Mise go Sona S\u00e1sta - Oidhreacht Chorca Dhuibhne\" \/>\n<meta property=\"og:description\" content=\"ISBN: 539152402705 T\u00e1 cuid desna hamhr\u00e1in is na rannta ceolmhara at\u00e1 ar an CD &amp; sa leabhr\u00e1n seo, \u00e1 roinnt cheana f\u00e9in le leana\u00ed \u00f3ga Chorca Dhuibhne, ag Cuairteoir\u00ed Baile na Sc\u00e9ime Taca\u00edochta Teaghlaigh T\u00fas Maith (www. tusmaithocd.com). T\u00e1id \u00e1 r\u00e1 anso ag Bernie Ph\u00e1id N\u00ed Mhuircheartaigh &amp; P\u00e1id\u00ed Mh\u00e1rthain Mac Gearailt, beirt de mh\u00f3ramhr\u00e1naithe Chorca Dhuibhne. Donogh Hennessy a bh\u00ed i mbun taifid agus tionlacain, D\u00f3mhnal \u00d3 Bric a mhaisigh agus Feargal Mac Amhlaoibh a dhear. Cuireadh an CD le ch\u00e9ile le cabhair mhaoinithe \u00f3n gCl\u00e1r Taca\u00edochta Teaghlaigh ag an Roinn Eala\u00edon, Oidhreachta agus Gaeltachta. Orlaith Ruis\u00e9al, Oidhreacht Chorca Dhuibhne a chomhordaigh an togra. Eala\u00edn na Gaeltachta agus an Roinn Eala\u00edon, Oidhreachta, Gn\u00f3tha\u00ed R\u00e9igi\u00fanacha, Tuaithe &amp; Gaeltachta a mhaoinigh. Sic\u00edn mise go Sona S\u00e1sta is a compilation of songs and rhymes for younger children, sung by Bernie Ph\u00e1id N\u00ed Mhuircheartaigh &amp; P\u00e1id\u00ed Mh\u00e1rthain Mac Gearailt, two traditional singers from the Gaeltacht of Corca Dhuibhne in West Kerry. Recording and musical accompaniment is by Donogh Hennessy, illustration by D\u00f3mhnal \u00d3 Bric and design by Fergal Mac Amhlaoibh. The project was funded by the Department of Arts, Heritage &amp; the Gaeltacht as part of its Family Language Support Programme. Orlaith Ruis\u00e9al, T\u00fas Maith &amp; Oidhreacht Chorca Dhuibhne co-ordinated the project.\" \/>\n<meta property=\"og:url\" content=\"https:\/\/www.oidhreacht.ie\/ga\/product\/sicin-mise-go-sona-sasta\/\" \/>\n<meta property=\"og:site_name\" content=\"Oidhreacht Chorca Dhuibhne\" \/>\n<meta property=\"article:publisher\" content=\"https:\/\/www.facebook.com\/oidhreachtcd\/\" \/>\n<meta property=\"article:modified_time\" content=\"2026-04-17T09:15:28+00:00\" \/>\n<meta property=\"og:image\" content=\"https:\/\/www.oidhreacht.ie\/wp-content\/uploads\/2020\/03\/sicin-mise.jpg\" \/>\n\t<meta property=\"og:image:width\" content=\"500\" \/>\n\t<meta property=\"og:image:height\" content=\"450\" \/>\n\t<meta property=\"og:image:type\" content=\"image\/jpeg\" \/>\n<meta name=\"twitter:card\" content=\"summary_large_image\" \/>\n<script type=\"application\/ld+json\" class=\"yoast-schema-graph\">{\"@context\":\"https:\\\/\\\/schema.org\",\"@graph\":[{\"@type\":\"WebPage\",\"@id\":\"https:\\\/\\\/www.oidhreacht.ie\\\/ga\\\/product\\\/sicin-mise-go-sona-sasta\\\/\",\"url\":\"https:\\\/\\\/www.oidhreacht.ie\\\/ga\\\/product\\\/sicin-mise-go-sona-sasta\\\/\",\"name\":\"Sic\u00edn Mise go Sona S\u00e1sta - Oidhreacht Chorca Dhuibhne\",\"isPartOf\":{\"@id\":\"https:\\\/\\\/www.oidhreacht.ie\\\/ga\\\/#website\"},\"primaryImageOfPage\":{\"@id\":\"https:\\\/\\\/www.oidhreacht.ie\\\/ga\\\/product\\\/sicin-mise-go-sona-sasta\\\/#primaryimage\"},\"image\":{\"@id\":\"https:\\\/\\\/www.oidhreacht.ie\\\/ga\\\/product\\\/sicin-mise-go-sona-sasta\\\/#primaryimage\"},\"thumbnailUrl\":\"https:\\\/\\\/www.oidhreacht.ie\\\/wp-content\\\/uploads\\\/2020\\\/03\\\/sicin-mise.jpg\",\"datePublished\":\"2020-03-23T23:16:16+00:00\",\"dateModified\":\"2026-04-17T09:15:28+00:00\",\"breadcrumb\":{\"@id\":\"https:\\\/\\\/www.oidhreacht.ie\\\/ga\\\/product\\\/sicin-mise-go-sona-sasta\\\/#breadcrumb\"},\"inLanguage\":\"ga-IE\",\"potentialAction\":[{\"@type\":\"ReadAction\",\"target\":[\"https:\\\/\\\/www.oidhreacht.ie\\\/ga\\\/product\\\/sicin-mise-go-sona-sasta\\\/\"]}]},{\"@type\":\"ImageObject\",\"inLanguage\":\"ga-IE\",\"@id\":\"https:\\\/\\\/www.oidhreacht.ie\\\/ga\\\/product\\\/sicin-mise-go-sona-sasta\\\/#primaryimage\",\"url\":\"https:\\\/\\\/www.oidhreacht.ie\\\/wp-content\\\/uploads\\\/2020\\\/03\\\/sicin-mise.jpg\",\"contentUrl\":\"https:\\\/\\\/www.oidhreacht.ie\\\/wp-content\\\/uploads\\\/2020\\\/03\\\/sicin-mise.jpg\",\"width\":500,\"height\":450,\"caption\":\"Amhr\u00e1in agus Rannta don Aos \u00d3g Oidhreacht Chorca Dhuibhne\"},{\"@type\":\"BreadcrumbList\",\"@id\":\"https:\\\/\\\/www.oidhreacht.ie\\\/ga\\\/product\\\/sicin-mise-go-sona-sasta\\\/#breadcrumb\",\"itemListElement\":[{\"@type\":\"ListItem\",\"position\":1,\"name\":\"Home\",\"item\":\"https:\\\/\\\/www.oidhreacht.ie\\\/ga\\\/\"},{\"@type\":\"ListItem\",\"position\":2,\"name\":\"Shop\",\"item\":\"https:\\\/\\\/www.oidhreacht.ie\\\/ga\\\/shop-2\\\/\"},{\"@type\":\"ListItem\",\"position\":3,\"name\":\"Sic\u00edn Mise go Sona S\u00e1sta\"}]},{\"@type\":\"WebSite\",\"@id\":\"https:\\\/\\\/www.oidhreacht.ie\\\/ga\\\/#website\",\"url\":\"https:\\\/\\\/www.oidhreacht.ie\\\/ga\\\/\",\"name\":\"Oidhreacht Chorca Dhuibhne\",\"description\":\"Irish Language Courses on the Dingle Peninsula\",\"publisher\":{\"@id\":\"https:\\\/\\\/www.oidhreacht.ie\\\/ga\\\/#organization\"},\"potentialAction\":[{\"@type\":\"SearchAction\",\"target\":{\"@type\":\"EntryPoint\",\"urlTemplate\":\"https:\\\/\\\/www.oidhreacht.ie\\\/ga\\\/?s={search_term_string}\"},\"query-input\":{\"@type\":\"PropertyValueSpecification\",\"valueRequired\":true,\"valueName\":\"search_term_string\"}}],\"inLanguage\":\"ga-IE\"},{\"@type\":\"Organization\",\"@id\":\"https:\\\/\\\/www.oidhreacht.ie\\\/ga\\\/#organization\",\"name\":\"Oidhreacht Chorca Dhuibhne\",\"url\":\"https:\\\/\\\/www.oidhreacht.ie\\\/ga\\\/\",\"logo\":{\"@type\":\"ImageObject\",\"inLanguage\":\"ga-IE\",\"@id\":\"https:\\\/\\\/www.oidhreacht.ie\\\/ga\\\/#\\\/schema\\\/logo\\\/image\\\/\",\"url\":\"https:\\\/\\\/www.oidhreacht.ie\\\/wp-content\\\/uploads\\\/2020\\\/02\\\/oidhreacht-logo-1.png\",\"contentUrl\":\"https:\\\/\\\/www.oidhreacht.ie\\\/wp-content\\\/uploads\\\/2020\\\/02\\\/oidhreacht-logo-1.png\",\"width\":300,\"height\":100,\"caption\":\"Oidhreacht Chorca Dhuibhne\"},\"image\":{\"@id\":\"https:\\\/\\\/www.oidhreacht.ie\\\/ga\\\/#\\\/schema\\\/logo\\\/image\\\/\"},\"sameAs\":[\"https:\\\/\\\/www.facebook.com\\\/oidhreachtcd\\\/\",\"https:\\\/\\\/www.instagram.com\\\/oidhreacht_chorca_dhuibhne\\\/\"]}]}<\/script>\n<!-- \/ Yoast SEO plugin. -->","yoast_head_json":{"title":"Sic\u00edn Mise go Sona S\u00e1sta - Oidhreacht Chorca Dhuibhne","robots":{"index":"index","follow":"follow","max-snippet":"max-snippet:-1","max-image-preview":"max-image-preview:large","max-video-preview":"max-video-preview:-1"},"canonical":"https:\/\/www.oidhreacht.ie\/ga\/product\/sicin-mise-go-sona-sasta\/","og_locale":"ga_IE","og_type":"article","og_title":"Sic\u00edn Mise go Sona S\u00e1sta - Oidhreacht Chorca Dhuibhne","og_description":"ISBN: 539152402705 T\u00e1 cuid desna hamhr\u00e1in is na rannta ceolmhara at\u00e1 ar an CD &amp; sa leabhr\u00e1n seo, \u00e1 roinnt cheana f\u00e9in le leana\u00ed \u00f3ga Chorca Dhuibhne, ag Cuairteoir\u00ed Baile na Sc\u00e9ime Taca\u00edochta Teaghlaigh T\u00fas Maith (www. tusmaithocd.com). T\u00e1id \u00e1 r\u00e1 anso ag Bernie Ph\u00e1id N\u00ed Mhuircheartaigh &amp; P\u00e1id\u00ed Mh\u00e1rthain Mac Gearailt, beirt de mh\u00f3ramhr\u00e1naithe Chorca Dhuibhne. Donogh Hennessy a bh\u00ed i mbun taifid agus tionlacain, D\u00f3mhnal \u00d3 Bric a mhaisigh agus Feargal Mac Amhlaoibh a dhear. Cuireadh an CD le ch\u00e9ile le cabhair mhaoinithe \u00f3n gCl\u00e1r Taca\u00edochta Teaghlaigh ag an Roinn Eala\u00edon, Oidhreachta agus Gaeltachta. Orlaith Ruis\u00e9al, Oidhreacht Chorca Dhuibhne a chomhordaigh an togra. Eala\u00edn na Gaeltachta agus an Roinn Eala\u00edon, Oidhreachta, Gn\u00f3tha\u00ed R\u00e9igi\u00fanacha, Tuaithe &amp; Gaeltachta a mhaoinigh. Sic\u00edn mise go Sona S\u00e1sta is a compilation of songs and rhymes for younger children, sung by Bernie Ph\u00e1id N\u00ed Mhuircheartaigh &amp; P\u00e1id\u00ed Mh\u00e1rthain Mac Gearailt, two traditional singers from the Gaeltacht of Corca Dhuibhne in West Kerry. Recording and musical accompaniment is by Donogh Hennessy, illustration by D\u00f3mhnal \u00d3 Bric and design by Fergal Mac Amhlaoibh. The project was funded by the Department of Arts, Heritage &amp; the Gaeltacht as part of its Family Language Support Programme. Orlaith Ruis\u00e9al, T\u00fas Maith &amp; Oidhreacht Chorca Dhuibhne co-ordinated the project.","og_url":"https:\/\/www.oidhreacht.ie\/ga\/product\/sicin-mise-go-sona-sasta\/","og_site_name":"Oidhreacht Chorca Dhuibhne","article_publisher":"https:\/\/www.facebook.com\/oidhreachtcd\/","article_modified_time":"2026-04-17T09:15:28+00:00","og_image":[{"width":500,"height":450,"url":"https:\/\/www.oidhreacht.ie\/wp-content\/uploads\/2020\/03\/sicin-mise.jpg","type":"image\/jpeg"}],"twitter_card":"summary_large_image","schema":{"@context":"https:\/\/schema.org","@graph":[{"@type":"WebPage","@id":"https:\/\/www.oidhreacht.ie\/ga\/product\/sicin-mise-go-sona-sasta\/","url":"https:\/\/www.oidhreacht.ie\/ga\/product\/sicin-mise-go-sona-sasta\/","name":"Sic\u00edn Mise go Sona S\u00e1sta - Oidhreacht Chorca Dhuibhne","isPartOf":{"@id":"https:\/\/www.oidhreacht.ie\/ga\/#website"},"primaryImageOfPage":{"@id":"https:\/\/www.oidhreacht.ie\/ga\/product\/sicin-mise-go-sona-sasta\/#primaryimage"},"image":{"@id":"https:\/\/www.oidhreacht.ie\/ga\/product\/sicin-mise-go-sona-sasta\/#primaryimage"},"thumbnailUrl":"https:\/\/www.oidhreacht.ie\/wp-content\/uploads\/2020\/03\/sicin-mise.jpg","datePublished":"2020-03-23T23:16:16+00:00","dateModified":"2026-04-17T09:15:28+00:00","breadcrumb":{"@id":"https:\/\/www.oidhreacht.ie\/ga\/product\/sicin-mise-go-sona-sasta\/#breadcrumb"},"inLanguage":"ga-IE","potentialAction":[{"@type":"ReadAction","target":["https:\/\/www.oidhreacht.ie\/ga\/product\/sicin-mise-go-sona-sasta\/"]}]},{"@type":"ImageObject","inLanguage":"ga-IE","@id":"https:\/\/www.oidhreacht.ie\/ga\/product\/sicin-mise-go-sona-sasta\/#primaryimage","url":"https:\/\/www.oidhreacht.ie\/wp-content\/uploads\/2020\/03\/sicin-mise.jpg","contentUrl":"https:\/\/www.oidhreacht.ie\/wp-content\/uploads\/2020\/03\/sicin-mise.jpg","width":500,"height":450,"caption":"Amhr\u00e1in agus Rannta don Aos \u00d3g Oidhreacht Chorca Dhuibhne"},{"@type":"BreadcrumbList","@id":"https:\/\/www.oidhreacht.ie\/ga\/product\/sicin-mise-go-sona-sasta\/#breadcrumb","itemListElement":[{"@type":"ListItem","position":1,"name":"Home","item":"https:\/\/www.oidhreacht.ie\/ga\/"},{"@type":"ListItem","position":2,"name":"Shop","item":"https:\/\/www.oidhreacht.ie\/ga\/shop-2\/"},{"@type":"ListItem","position":3,"name":"Sic\u00edn Mise go Sona S\u00e1sta"}]},{"@type":"WebSite","@id":"https:\/\/www.oidhreacht.ie\/ga\/#website","url":"https:\/\/www.oidhreacht.ie\/ga\/","name":"Oidhreacht Chorca Dhuibhne","description":"Irish Language Courses on the Dingle Peninsula","publisher":{"@id":"https:\/\/www.oidhreacht.ie\/ga\/#organization"},"potentialAction":[{"@type":"SearchAction","target":{"@type":"EntryPoint","urlTemplate":"https:\/\/www.oidhreacht.ie\/ga\/?s={search_term_string}"},"query-input":{"@type":"PropertyValueSpecification","valueRequired":true,"valueName":"search_term_string"}}],"inLanguage":"ga-IE"},{"@type":"Organization","@id":"https:\/\/www.oidhreacht.ie\/ga\/#organization","name":"Oidhreacht Chorca Dhuibhne","url":"https:\/\/www.oidhreacht.ie\/ga\/","logo":{"@type":"ImageObject","inLanguage":"ga-IE","@id":"https:\/\/www.oidhreacht.ie\/ga\/#\/schema\/logo\/image\/","url":"https:\/\/www.oidhreacht.ie\/wp-content\/uploads\/2020\/02\/oidhreacht-logo-1.png","contentUrl":"https:\/\/www.oidhreacht.ie\/wp-content\/uploads\/2020\/02\/oidhreacht-logo-1.png","width":300,"height":100,"caption":"Oidhreacht Chorca Dhuibhne"},"image":{"@id":"https:\/\/www.oidhreacht.ie\/ga\/#\/schema\/logo\/image\/"},"sameAs":["https:\/\/www.facebook.com\/oidhreachtcd\/","https:\/\/www.instagram.com\/oidhreacht_chorca_dhuibhne\/"]}]}},"_links":{"self":[{"href":"https:\/\/www.oidhreacht.ie\/ga\/wp-json\/wp\/v2\/product\/224","targetHints":{"allow":["GET"]}}],"collection":[{"href":"https:\/\/www.oidhreacht.ie\/ga\/wp-json\/wp\/v2\/product"}],"about":[{"href":"https:\/\/www.oidhreacht.ie\/ga\/wp-json\/wp\/v2\/types\/product"}],"wp:featuredmedia":[{"embeddable":true,"href":"https:\/\/www.oidhreacht.ie\/ga\/wp-json\/wp\/v2\/media\/222"}],"wp:attachment":[{"href":"https:\/\/www.oidhreacht.ie\/ga\/wp-json\/wp\/v2\/media?parent=224"}],"wp:term":[{"taxonomy":"product_brand","embeddable":true,"href":"https:\/\/www.oidhreacht.ie\/ga\/wp-json\/wp\/v2\/product_brand?post=224"},{"taxonomy":"product_cat","embeddable":true,"href":"https:\/\/www.oidhreacht.ie\/ga\/wp-json\/wp\/v2\/product_cat?post=224"},{"taxonomy":"product_tag","embeddable":true,"href":"https:\/\/www.oidhreacht.ie\/ga\/wp-json\/wp\/v2\/product_tag?post=224"}],"curies":[{"name":"wp","href":"https:\/\/api.w.org\/{rel}","templated":true}]}}