{"id":228,"date":"2020-03-23T23:25:00","date_gmt":"2020-03-23T23:25:00","guid":{"rendered":"http:\/\/www.oidhreacht.ie\/product\/teanam-go-min-aird-leabhar-cd-2013\/"},"modified":"2024-09-22T00:00:08","modified_gmt":"2024-09-22T00:00:08","slug":"teanam-go-min-aird-leabhar-cd-2013","status":"publish","type":"product","link":"https:\/\/www.oidhreacht.ie\/ga\/product\/teanam-go-min-aird-leabhar-cd-2013\/","title":{"rendered":"T\u00e9anam go Min Aird Leabhar &#038; CD (2013)"},"content":{"rendered":"","protected":false},"excerpt":{"rendered":"<p><em><strong>Sc\u00e9al na Gaelainne i nd\u00fathaigh L\u00edse N\u00ed Sh\u00failleabh\u00e1in (1923-2009)<\/strong><\/em><br \/>\n<strong><em>agus tuairisc bheathaisn\u00e9iseach \u00f3na peann.<\/em><\/strong><br \/>\n<strong>C\u00f3irithe agus curtha in eagar ag Roibeard \u00d3 Cathasaigh<\/strong><br \/>\nISBN 978-0-906096-16-1<\/p>\n<p><a href=\"http:\/\/oidhreacht.ie\/images\/leabhair\/teanam_front_large.jpg\"><img decoding=\"async\" src=\"http:\/\/oidhreacht.ie\/images\/leabhair\/teanam_front.jpg\" alt=\"\" \/><\/a>\u00a0<a href=\"http:\/\/oidhreacht.ie\/images\/leabhair\/teanam_back_large.jpg\"><img decoding=\"async\" src=\"http:\/\/oidhreacht.ie\/images\/leabhair\/teanam_back.jpg\" alt=\"\" \/><\/a><\/p>\n<p>Chaith L\u00eds N\u00ed Sh\u00failleabh\u00e1in furmh\u00f3r a saoil ag teagasc i mBaile \u00c1tha Cliath agus ag filleadh go rialta ar a f\u00f3d d\u00fachais. Sc\u00e9ala\u00ed aitheanta ab ea \u00ed agus seanchas a ceantair f\u00e9in ar a toil aici. T\u00e1 cuntas bre\u00e1 sa leabhar ar an saol mar a bh\u00ed le linn a h\u00f3ige agus tuairim\u00edocht L\u00edse ar an todhcha\u00ed. Bean go raibh spiorad innti ab ea \u00ed. Is tr\u00e1th\u00fail an tuairisc at\u00e1 sa leabhar ar an nGaeilge i Lios P\u00f3il le linn L\u00edse \u2013 toisc na d\u00fashl\u00e1in at\u00e1 roimis gach pobal Gaeltachta f\u00e9 l\u00e1thair. Chuir Roibeard \u00d3 Cathasaigh aithne ar L\u00eds sna 70\u00ed nuair a bh\u00ed an bheirt acu ag teagasc ar chol\u00e1iste samhraidh i Lios P\u00f3il. Bh\u00ed s\u00ed toilteanach taifeada\u00ed a dh\u00e9anamh d\u00f3 agus ina dhiaidh sin scr\u00edobh s\u00ed cuntais do. Toradh na hoibre sin at\u00e1 sa leabhar T\u00e9anam go Min Aird. Cuirfidh Duibhnigh, can\u00fanaithe, foghlaimeoir\u00ed Gaelainne &amp; an stara\u00ed s\u00f3isialta araon suim sa bhfoilseach\u00e1n ceannr\u00f3da\u00edoch so.<\/p>\n<p><em>L\u00eds N\u00ed Sh\u00failleabh\u00e1in was a storyteller &amp; a raconteur. She spent most of her adult life teaching in Dublin but returned to her native Lios P\u00f3il when she retired. She had an intense interest in the local history of her parish and had marvellous recall. The Irish Language was a passion and she was hopeful it would continue to be the language of her people. The book will enhance the current debate about Irish language planning in the Gaeltacht areas and encourage communities. Roibeard \u00d3 Cathasaigh got to know L\u00eds in the seventies when they were both teaching in the Col\u00e1iste Samhraidh in Lios P\u00f3il. She agreed to being recorded and wrote to Roibeard for a period afterwards. The results of these endeavours are in this book T\u00e9anam go Min Aird. The people of Corca Dhuibhne, Irish Language learners and scholars and local historians will be interested in this pioneering publication.<\/em><\/p>\n","protected":false},"featured_media":212,"template":"","meta":{"_acf_changed":false,"ocean_post_layout":"","ocean_both_sidebars_style":"","ocean_both_sidebars_content_width":0,"ocean_both_sidebars_sidebars_width":0,"ocean_sidebar":"0","ocean_second_sidebar":"0","ocean_disable_margins":"enable","ocean_add_body_class":"","ocean_shortcode_before_top_bar":"","ocean_shortcode_after_top_bar":"","ocean_shortcode_before_header":"","ocean_shortcode_after_header":"","ocean_has_shortcode":"","ocean_shortcode_after_title":"","ocean_shortcode_before_footer_widgets":"","ocean_shortcode_after_footer_widgets":"","ocean_shortcode_before_footer_bottom":"","ocean_shortcode_after_footer_bottom":"","ocean_display_top_bar":"default","ocean_display_header":"default","ocean_header_style":"","ocean_center_header_left_menu":"0","ocean_custom_header_template":"0","ocean_custom_logo":0,"ocean_custom_retina_logo":0,"ocean_custom_logo_max_width":0,"ocean_custom_logo_tablet_max_width":0,"ocean_custom_logo_mobile_max_width":0,"ocean_custom_logo_max_height":0,"ocean_custom_logo_tablet_max_height":0,"ocean_custom_logo_mobile_max_height":0,"ocean_header_custom_menu":"0","ocean_menu_typo_font_family":"0","ocean_menu_typo_font_subset":"","ocean_menu_typo_font_size":0,"ocean_menu_typo_font_size_tablet":0,"ocean_menu_typo_font_size_mobile":0,"ocean_menu_typo_font_size_unit":"px","ocean_menu_typo_font_weight":"","ocean_menu_typo_font_weight_tablet":"","ocean_menu_typo_font_weight_mobile":"","ocean_menu_typo_transform":"","ocean_menu_typo_transform_tablet":"","ocean_menu_typo_transform_mobile":"","ocean_menu_typo_line_height":0,"ocean_menu_typo_line_height_tablet":0,"ocean_menu_typo_line_height_mobile":0,"ocean_menu_typo_line_height_unit":"","ocean_menu_typo_spacing":0,"ocean_menu_typo_spacing_tablet":0,"ocean_menu_typo_spacing_mobile":0,"ocean_menu_typo_spacing_unit":"","ocean_menu_link_color":"","ocean_menu_link_color_hover":"","ocean_menu_link_color_active":"","ocean_menu_link_background":"","ocean_menu_link_hover_background":"","ocean_menu_link_active_background":"","ocean_menu_social_links_bg":"","ocean_menu_social_hover_links_bg":"","ocean_menu_social_links_color":"","ocean_menu_social_hover_links_color":"","ocean_disable_title":"default","ocean_disable_heading":"default","ocean_post_title":"","ocean_post_subheading":"","ocean_post_title_style":"","ocean_post_title_background_color":"","ocean_post_title_background":0,"ocean_post_title_bg_image_position":"","ocean_post_title_bg_image_attachment":"","ocean_post_title_bg_image_repeat":"","ocean_post_title_bg_image_size":"","ocean_post_title_height":0,"ocean_post_title_bg_overlay":0.5,"ocean_post_title_bg_overlay_color":"","ocean_disable_breadcrumbs":"default","ocean_breadcrumbs_color":"","ocean_breadcrumbs_separator_color":"","ocean_breadcrumbs_links_color":"","ocean_breadcrumbs_links_hover_color":"","ocean_display_footer_widgets":"default","ocean_display_footer_bottom":"default","ocean_custom_footer_template":"0"},"product_brand":[],"product_cat":[25],"product_tag":[],"class_list":{"0":"post-228","1":"product","2":"type-product","3":"status-publish","4":"has-post-thumbnail","6":"product_cat-foilseachain","7":"product_shipping_class-thar-a4-500g-go-2kg","9":"entry","10":"has-media","12":"first","13":"instock","14":"shipping-taxable","15":"purchasable","16":"product-type-simple","17":"has-product-nav","18":"col","19":"span_1_of_4","20":"owp-content-center","21":"owp-thumbs-layout-horizontal","22":"owp-btn-normal","23":"owp-tabs-layout-horizontal","24":"has-no-thumbnails"},"acf":[],"yoast_head":"<!-- This site is optimized with the Yoast SEO plugin v27.4 - https:\/\/yoast.com\/product\/yoast-seo-wordpress\/ -->\n<title>T\u00e9anam go Min Aird Leabhar &amp; CD (2013) - Oidhreacht Chorca Dhuibhne<\/title>\n<meta name=\"robots\" content=\"index, follow, max-snippet:-1, max-image-preview:large, max-video-preview:-1\" \/>\n<link rel=\"canonical\" href=\"https:\/\/www.oidhreacht.ie\/ga\/product\/teanam-go-min-aird-leabhar-cd-2013\/\" \/>\n<meta property=\"og:locale\" content=\"ga_IE\" \/>\n<meta property=\"og:type\" content=\"article\" \/>\n<meta property=\"og:title\" content=\"T\u00e9anam go Min Aird Leabhar &amp; CD (2013) - Oidhreacht Chorca Dhuibhne\" \/>\n<meta property=\"og:description\" content=\"Sc\u00e9al na Gaelainne i nd\u00fathaigh L\u00edse N\u00ed Sh\u00failleabh\u00e1in (1923-2009) agus tuairisc bheathaisn\u00e9iseach \u00f3na peann. C\u00f3irithe agus curtha in eagar ag Roibeard \u00d3 Cathasaigh ISBN 978-0-906096-16-1 \u00a0 Chaith L\u00eds N\u00ed Sh\u00failleabh\u00e1in furmh\u00f3r a saoil ag teagasc i mBaile \u00c1tha Cliath agus ag filleadh go rialta ar a f\u00f3d d\u00fachais. Sc\u00e9ala\u00ed aitheanta ab ea \u00ed agus seanchas a ceantair f\u00e9in ar a toil aici. T\u00e1 cuntas bre\u00e1 sa leabhar ar an saol mar a bh\u00ed le linn a h\u00f3ige agus tuairim\u00edocht L\u00edse ar an todhcha\u00ed. Bean go raibh spiorad innti ab ea \u00ed. Is tr\u00e1th\u00fail an tuairisc at\u00e1 sa leabhar ar an nGaeilge i Lios P\u00f3il le linn L\u00edse \u2013 toisc na d\u00fashl\u00e1in at\u00e1 roimis gach pobal Gaeltachta f\u00e9 l\u00e1thair. Chuir Roibeard \u00d3 Cathasaigh aithne ar L\u00eds sna 70\u00ed nuair a bh\u00ed an bheirt acu ag teagasc ar chol\u00e1iste samhraidh i Lios P\u00f3il. Bh\u00ed s\u00ed toilteanach taifeada\u00ed a dh\u00e9anamh d\u00f3 agus ina dhiaidh sin scr\u00edobh s\u00ed cuntais do. Toradh na hoibre sin at\u00e1 sa leabhar T\u00e9anam go Min Aird. Cuirfidh Duibhnigh, can\u00fanaithe, foghlaimeoir\u00ed Gaelainne &amp; an stara\u00ed s\u00f3isialta araon suim sa bhfoilseach\u00e1n ceannr\u00f3da\u00edoch so. L\u00eds N\u00ed Sh\u00failleabh\u00e1in was a storyteller &amp; a raconteur. She spent most of her adult life teaching in Dublin but returned to her native Lios P\u00f3il when she retired. She had an intense interest in the local history of her parish and had marvellous recall. The Irish Language was a passion and she was hopeful it would continue to be the language of her people. The book will enhance the current debate about Irish language planning in the Gaeltacht areas and encourage communities. Roibeard \u00d3 Cathasaigh got to know L\u00eds in the seventies when they were both teaching in the Col\u00e1iste Samhraidh in Lios P\u00f3il. She agreed to being recorded and wrote to Roibeard for a period afterwards. The results of these endeavours are in this book T\u00e9anam go Min Aird. The people of Corca Dhuibhne, Irish Language learners and scholars and local historians will be interested in this pioneering publication.\" \/>\n<meta property=\"og:url\" content=\"https:\/\/www.oidhreacht.ie\/ga\/product\/teanam-go-min-aird-leabhar-cd-2013\/\" \/>\n<meta property=\"og:site_name\" content=\"Oidhreacht Chorca Dhuibhne\" \/>\n<meta property=\"article:publisher\" content=\"https:\/\/www.facebook.com\/oidhreachtcd\/\" \/>\n<meta property=\"article:modified_time\" content=\"2024-09-22T00:00:08+00:00\" \/>\n<meta property=\"og:image\" content=\"https:\/\/www.oidhreacht.ie\/wp-content\/uploads\/2020\/03\/1122163jteanum.jpg\" \/>\n\t<meta property=\"og:image:width\" content=\"256\" \/>\n\t<meta property=\"og:image:height\" content=\"364\" \/>\n\t<meta property=\"og:image:type\" content=\"image\/jpeg\" \/>\n<meta name=\"twitter:card\" content=\"summary_large_image\" \/>\n<script type=\"application\/ld+json\" class=\"yoast-schema-graph\">{\"@context\":\"https:\\\/\\\/schema.org\",\"@graph\":[{\"@type\":\"WebPage\",\"@id\":\"https:\\\/\\\/www.oidhreacht.ie\\\/ga\\\/product\\\/teanam-go-min-aird-leabhar-cd-2013\\\/\",\"url\":\"https:\\\/\\\/www.oidhreacht.ie\\\/ga\\\/product\\\/teanam-go-min-aird-leabhar-cd-2013\\\/\",\"name\":\"T\u00e9anam go Min Aird Leabhar & CD (2013) - Oidhreacht Chorca Dhuibhne\",\"isPartOf\":{\"@id\":\"https:\\\/\\\/www.oidhreacht.ie\\\/ga\\\/#website\"},\"primaryImageOfPage\":{\"@id\":\"https:\\\/\\\/www.oidhreacht.ie\\\/ga\\\/product\\\/teanam-go-min-aird-leabhar-cd-2013\\\/#primaryimage\"},\"image\":{\"@id\":\"https:\\\/\\\/www.oidhreacht.ie\\\/ga\\\/product\\\/teanam-go-min-aird-leabhar-cd-2013\\\/#primaryimage\"},\"thumbnailUrl\":\"https:\\\/\\\/www.oidhreacht.ie\\\/wp-content\\\/uploads\\\/2020\\\/03\\\/1122163jteanum.jpg\",\"datePublished\":\"2020-03-23T23:25:00+00:00\",\"dateModified\":\"2024-09-22T00:00:08+00:00\",\"breadcrumb\":{\"@id\":\"https:\\\/\\\/www.oidhreacht.ie\\\/ga\\\/product\\\/teanam-go-min-aird-leabhar-cd-2013\\\/#breadcrumb\"},\"inLanguage\":\"ga-IE\",\"potentialAction\":[{\"@type\":\"ReadAction\",\"target\":[\"https:\\\/\\\/www.oidhreacht.ie\\\/ga\\\/product\\\/teanam-go-min-aird-leabhar-cd-2013\\\/\"]}]},{\"@type\":\"ImageObject\",\"inLanguage\":\"ga-IE\",\"@id\":\"https:\\\/\\\/www.oidhreacht.ie\\\/ga\\\/product\\\/teanam-go-min-aird-leabhar-cd-2013\\\/#primaryimage\",\"url\":\"https:\\\/\\\/www.oidhreacht.ie\\\/wp-content\\\/uploads\\\/2020\\\/03\\\/1122163jteanum.jpg\",\"contentUrl\":\"https:\\\/\\\/www.oidhreacht.ie\\\/wp-content\\\/uploads\\\/2020\\\/03\\\/1122163jteanum.jpg\",\"width\":256,\"height\":364,\"caption\":\"T\u00e9anam go Min Aird Leabhar & CD (2013)\"},{\"@type\":\"BreadcrumbList\",\"@id\":\"https:\\\/\\\/www.oidhreacht.ie\\\/ga\\\/product\\\/teanam-go-min-aird-leabhar-cd-2013\\\/#breadcrumb\",\"itemListElement\":[{\"@type\":\"ListItem\",\"position\":1,\"name\":\"Home\",\"item\":\"https:\\\/\\\/www.oidhreacht.ie\\\/ga\\\/\"},{\"@type\":\"ListItem\",\"position\":2,\"name\":\"Shop\",\"item\":\"https:\\\/\\\/www.oidhreacht.ie\\\/ga\\\/shop-2\\\/\"},{\"@type\":\"ListItem\",\"position\":3,\"name\":\"T\u00e9anam go Min Aird Leabhar &#038; CD (2013)\"}]},{\"@type\":\"WebSite\",\"@id\":\"https:\\\/\\\/www.oidhreacht.ie\\\/ga\\\/#website\",\"url\":\"https:\\\/\\\/www.oidhreacht.ie\\\/ga\\\/\",\"name\":\"Oidhreacht Chorca Dhuibhne\",\"description\":\"Irish Language Courses on the Dingle Peninsula\",\"publisher\":{\"@id\":\"https:\\\/\\\/www.oidhreacht.ie\\\/ga\\\/#organization\"},\"potentialAction\":[{\"@type\":\"SearchAction\",\"target\":{\"@type\":\"EntryPoint\",\"urlTemplate\":\"https:\\\/\\\/www.oidhreacht.ie\\\/ga\\\/?s={search_term_string}\"},\"query-input\":{\"@type\":\"PropertyValueSpecification\",\"valueRequired\":true,\"valueName\":\"search_term_string\"}}],\"inLanguage\":\"ga-IE\"},{\"@type\":\"Organization\",\"@id\":\"https:\\\/\\\/www.oidhreacht.ie\\\/ga\\\/#organization\",\"name\":\"Oidhreacht Chorca Dhuibhne\",\"url\":\"https:\\\/\\\/www.oidhreacht.ie\\\/ga\\\/\",\"logo\":{\"@type\":\"ImageObject\",\"inLanguage\":\"ga-IE\",\"@id\":\"https:\\\/\\\/www.oidhreacht.ie\\\/ga\\\/#\\\/schema\\\/logo\\\/image\\\/\",\"url\":\"https:\\\/\\\/www.oidhreacht.ie\\\/wp-content\\\/uploads\\\/2020\\\/02\\\/oidhreacht-logo-1.png\",\"contentUrl\":\"https:\\\/\\\/www.oidhreacht.ie\\\/wp-content\\\/uploads\\\/2020\\\/02\\\/oidhreacht-logo-1.png\",\"width\":300,\"height\":100,\"caption\":\"Oidhreacht Chorca Dhuibhne\"},\"image\":{\"@id\":\"https:\\\/\\\/www.oidhreacht.ie\\\/ga\\\/#\\\/schema\\\/logo\\\/image\\\/\"},\"sameAs\":[\"https:\\\/\\\/www.facebook.com\\\/oidhreachtcd\\\/\",\"https:\\\/\\\/www.instagram.com\\\/oidhreacht_chorca_dhuibhne\\\/\"]}]}<\/script>\n<!-- \/ Yoast SEO plugin. -->","yoast_head_json":{"title":"T\u00e9anam go Min Aird Leabhar & CD (2013) - Oidhreacht Chorca Dhuibhne","robots":{"index":"index","follow":"follow","max-snippet":"max-snippet:-1","max-image-preview":"max-image-preview:large","max-video-preview":"max-video-preview:-1"},"canonical":"https:\/\/www.oidhreacht.ie\/ga\/product\/teanam-go-min-aird-leabhar-cd-2013\/","og_locale":"ga_IE","og_type":"article","og_title":"T\u00e9anam go Min Aird Leabhar & CD (2013) - Oidhreacht Chorca Dhuibhne","og_description":"Sc\u00e9al na Gaelainne i nd\u00fathaigh L\u00edse N\u00ed Sh\u00failleabh\u00e1in (1923-2009) agus tuairisc bheathaisn\u00e9iseach \u00f3na peann. C\u00f3irithe agus curtha in eagar ag Roibeard \u00d3 Cathasaigh ISBN 978-0-906096-16-1 \u00a0 Chaith L\u00eds N\u00ed Sh\u00failleabh\u00e1in furmh\u00f3r a saoil ag teagasc i mBaile \u00c1tha Cliath agus ag filleadh go rialta ar a f\u00f3d d\u00fachais. Sc\u00e9ala\u00ed aitheanta ab ea \u00ed agus seanchas a ceantair f\u00e9in ar a toil aici. T\u00e1 cuntas bre\u00e1 sa leabhar ar an saol mar a bh\u00ed le linn a h\u00f3ige agus tuairim\u00edocht L\u00edse ar an todhcha\u00ed. Bean go raibh spiorad innti ab ea \u00ed. Is tr\u00e1th\u00fail an tuairisc at\u00e1 sa leabhar ar an nGaeilge i Lios P\u00f3il le linn L\u00edse \u2013 toisc na d\u00fashl\u00e1in at\u00e1 roimis gach pobal Gaeltachta f\u00e9 l\u00e1thair. Chuir Roibeard \u00d3 Cathasaigh aithne ar L\u00eds sna 70\u00ed nuair a bh\u00ed an bheirt acu ag teagasc ar chol\u00e1iste samhraidh i Lios P\u00f3il. Bh\u00ed s\u00ed toilteanach taifeada\u00ed a dh\u00e9anamh d\u00f3 agus ina dhiaidh sin scr\u00edobh s\u00ed cuntais do. Toradh na hoibre sin at\u00e1 sa leabhar T\u00e9anam go Min Aird. Cuirfidh Duibhnigh, can\u00fanaithe, foghlaimeoir\u00ed Gaelainne &amp; an stara\u00ed s\u00f3isialta araon suim sa bhfoilseach\u00e1n ceannr\u00f3da\u00edoch so. L\u00eds N\u00ed Sh\u00failleabh\u00e1in was a storyteller &amp; a raconteur. She spent most of her adult life teaching in Dublin but returned to her native Lios P\u00f3il when she retired. She had an intense interest in the local history of her parish and had marvellous recall. The Irish Language was a passion and she was hopeful it would continue to be the language of her people. The book will enhance the current debate about Irish language planning in the Gaeltacht areas and encourage communities. Roibeard \u00d3 Cathasaigh got to know L\u00eds in the seventies when they were both teaching in the Col\u00e1iste Samhraidh in Lios P\u00f3il. She agreed to being recorded and wrote to Roibeard for a period afterwards. The results of these endeavours are in this book T\u00e9anam go Min Aird. The people of Corca Dhuibhne, Irish Language learners and scholars and local historians will be interested in this pioneering publication.","og_url":"https:\/\/www.oidhreacht.ie\/ga\/product\/teanam-go-min-aird-leabhar-cd-2013\/","og_site_name":"Oidhreacht Chorca Dhuibhne","article_publisher":"https:\/\/www.facebook.com\/oidhreachtcd\/","article_modified_time":"2024-09-22T00:00:08+00:00","og_image":[{"width":256,"height":364,"url":"https:\/\/www.oidhreacht.ie\/wp-content\/uploads\/2020\/03\/1122163jteanum.jpg","type":"image\/jpeg"}],"twitter_card":"summary_large_image","schema":{"@context":"https:\/\/schema.org","@graph":[{"@type":"WebPage","@id":"https:\/\/www.oidhreacht.ie\/ga\/product\/teanam-go-min-aird-leabhar-cd-2013\/","url":"https:\/\/www.oidhreacht.ie\/ga\/product\/teanam-go-min-aird-leabhar-cd-2013\/","name":"T\u00e9anam go Min Aird Leabhar & CD (2013) - Oidhreacht Chorca Dhuibhne","isPartOf":{"@id":"https:\/\/www.oidhreacht.ie\/ga\/#website"},"primaryImageOfPage":{"@id":"https:\/\/www.oidhreacht.ie\/ga\/product\/teanam-go-min-aird-leabhar-cd-2013\/#primaryimage"},"image":{"@id":"https:\/\/www.oidhreacht.ie\/ga\/product\/teanam-go-min-aird-leabhar-cd-2013\/#primaryimage"},"thumbnailUrl":"https:\/\/www.oidhreacht.ie\/wp-content\/uploads\/2020\/03\/1122163jteanum.jpg","datePublished":"2020-03-23T23:25:00+00:00","dateModified":"2024-09-22T00:00:08+00:00","breadcrumb":{"@id":"https:\/\/www.oidhreacht.ie\/ga\/product\/teanam-go-min-aird-leabhar-cd-2013\/#breadcrumb"},"inLanguage":"ga-IE","potentialAction":[{"@type":"ReadAction","target":["https:\/\/www.oidhreacht.ie\/ga\/product\/teanam-go-min-aird-leabhar-cd-2013\/"]}]},{"@type":"ImageObject","inLanguage":"ga-IE","@id":"https:\/\/www.oidhreacht.ie\/ga\/product\/teanam-go-min-aird-leabhar-cd-2013\/#primaryimage","url":"https:\/\/www.oidhreacht.ie\/wp-content\/uploads\/2020\/03\/1122163jteanum.jpg","contentUrl":"https:\/\/www.oidhreacht.ie\/wp-content\/uploads\/2020\/03\/1122163jteanum.jpg","width":256,"height":364,"caption":"T\u00e9anam go Min Aird Leabhar & CD (2013)"},{"@type":"BreadcrumbList","@id":"https:\/\/www.oidhreacht.ie\/ga\/product\/teanam-go-min-aird-leabhar-cd-2013\/#breadcrumb","itemListElement":[{"@type":"ListItem","position":1,"name":"Home","item":"https:\/\/www.oidhreacht.ie\/ga\/"},{"@type":"ListItem","position":2,"name":"Shop","item":"https:\/\/www.oidhreacht.ie\/ga\/shop-2\/"},{"@type":"ListItem","position":3,"name":"T\u00e9anam go Min Aird Leabhar &#038; CD (2013)"}]},{"@type":"WebSite","@id":"https:\/\/www.oidhreacht.ie\/ga\/#website","url":"https:\/\/www.oidhreacht.ie\/ga\/","name":"Oidhreacht Chorca Dhuibhne","description":"Irish Language Courses on the Dingle Peninsula","publisher":{"@id":"https:\/\/www.oidhreacht.ie\/ga\/#organization"},"potentialAction":[{"@type":"SearchAction","target":{"@type":"EntryPoint","urlTemplate":"https:\/\/www.oidhreacht.ie\/ga\/?s={search_term_string}"},"query-input":{"@type":"PropertyValueSpecification","valueRequired":true,"valueName":"search_term_string"}}],"inLanguage":"ga-IE"},{"@type":"Organization","@id":"https:\/\/www.oidhreacht.ie\/ga\/#organization","name":"Oidhreacht Chorca Dhuibhne","url":"https:\/\/www.oidhreacht.ie\/ga\/","logo":{"@type":"ImageObject","inLanguage":"ga-IE","@id":"https:\/\/www.oidhreacht.ie\/ga\/#\/schema\/logo\/image\/","url":"https:\/\/www.oidhreacht.ie\/wp-content\/uploads\/2020\/02\/oidhreacht-logo-1.png","contentUrl":"https:\/\/www.oidhreacht.ie\/wp-content\/uploads\/2020\/02\/oidhreacht-logo-1.png","width":300,"height":100,"caption":"Oidhreacht Chorca Dhuibhne"},"image":{"@id":"https:\/\/www.oidhreacht.ie\/ga\/#\/schema\/logo\/image\/"},"sameAs":["https:\/\/www.facebook.com\/oidhreachtcd\/","https:\/\/www.instagram.com\/oidhreacht_chorca_dhuibhne\/"]}]}},"_links":{"self":[{"href":"https:\/\/www.oidhreacht.ie\/ga\/wp-json\/wp\/v2\/product\/228","targetHints":{"allow":["GET"]}}],"collection":[{"href":"https:\/\/www.oidhreacht.ie\/ga\/wp-json\/wp\/v2\/product"}],"about":[{"href":"https:\/\/www.oidhreacht.ie\/ga\/wp-json\/wp\/v2\/types\/product"}],"wp:featuredmedia":[{"embeddable":true,"href":"https:\/\/www.oidhreacht.ie\/ga\/wp-json\/wp\/v2\/media\/212"}],"wp:attachment":[{"href":"https:\/\/www.oidhreacht.ie\/ga\/wp-json\/wp\/v2\/media?parent=228"}],"wp:term":[{"taxonomy":"product_brand","embeddable":true,"href":"https:\/\/www.oidhreacht.ie\/ga\/wp-json\/wp\/v2\/product_brand?post=228"},{"taxonomy":"product_cat","embeddable":true,"href":"https:\/\/www.oidhreacht.ie\/ga\/wp-json\/wp\/v2\/product_cat?post=228"},{"taxonomy":"product_tag","embeddable":true,"href":"https:\/\/www.oidhreacht.ie\/ga\/wp-json\/wp\/v2\/product_tag?post=228"}],"curies":[{"name":"wp","href":"https:\/\/api.w.org\/{rel}","templated":true}]}}