{"id":234,"date":"2020-03-23T23:42:32","date_gmt":"2020-03-23T23:42:32","guid":{"rendered":"http:\/\/www.oidhreacht.ie\/product\/tidil-eidil-ero-amhranaiocht-thraidisiunta-don-aos-og-dha-dhluthdhiosca-agus-leabhar-amhran-2009\/"},"modified":"2020-03-23T23:42:32","modified_gmt":"2020-03-23T23:42:32","slug":"tidil-eidil-ero-amhranaiocht-thraidisiunta-don-aos-og-dha-dhluthdhiosca-agus-leabhar-amhran-2009","status":"publish","type":"product","link":"https:\/\/www.oidhreacht.ie\/ga\/product\/tidil-eidil-ero-amhranaiocht-thraidisiunta-don-aos-og-dha-dhluthdhiosca-agus-leabhar-amhran-2009\/","title":{"rendered":"T\u00eddil Eidil \u00c9r\u00f3 Amhr\u00e1na\u00edocht Thraidisi\u00fanta don Aos \u00d3g  Dh\u00e1 dhl\u00fathdhiosca agus Leabhar Amhr\u00e1n (2009)"},"content":{"rendered":"","protected":false},"excerpt":{"rendered":"<p><strong>Roibeard \u00d3\u00a0Cathasaigh a dhear agus a chuir in eagar.<\/strong><\/p>\n<p>ISBN0-906096-14-6<\/p>\n<p><strong>As cl\u00f3 \/ Out of Print<\/strong><br \/>\nOidhreacht Chorca Dhuibhne i gcomhar leis:<br \/>\nAn tAonad Forbartha Curaclaim,<br \/>\nCol\u00e1iste Mhuire Gan Sm\u00e1l, Ollscoil Luimnigh, Luimneach<\/p>\n<p>&nbsp;<\/p>\n<p>\u00c9ist le gl\u00fain \u00f3g amhr\u00e1naithe \u00f3 Chorca Dhuibhne agus an ghl\u00fain fh\u00e1sta aitheanta leis na hamhr\u00e1in ch\u00e9anna ar an d\u00e1 CD seo a eis\u00edodh mar chuid den dTogra B\u00e9aloidis i mBunscoileanna Chorca Dhuibhne. T\u00e1 dh\u00e1 mh\u00edr f\u00edse ar na CDanna sa phac\u00e1iste seo, chomh maith le leabhar amhr\u00e1n maisithe ag an eala\u00edont\u00f3ir D\u00f3mhnal \u00d3 Bric. T\u00e1 n\u00f3ta\u00ed ar na hamhr\u00e1in ann don mh\u00fainteoir n\u00f3 don t\u00e9 a bhfuil suim aige in amhr\u00e1in thraidisi\u00fanta Ghaeltacht Chorca Dhuibhne is a sc\u00e9al.<br \/>\n<em>This package of two CD\u2019s, video footage and a booklet containing illustrated song texts and teachers\u2019 notes is the result of a cultural collaboration between Oidhreacht Chorca Dhuibhne, an Irish language and heritage organization based in the Gaeltacht or Irish speaking district of West Kerry and the Curriculum Development Unit of Mary Immaculate Teacher Training College in Limerick. The songs are performed by local school children and by adult traditional singers of Corca Dhuibhne.<\/em><br \/>\n\u00c9ist le ceann desna hamhr\u00e1in \u00e1 chanadh ag an ngl\u00fain \u00f3g agus le leagan eile \u00f3n gcartlann.\u00a0\u00a0<em>Listen to the same track performed by one of the younger generation of singers and an adult traditional singer:<\/em><\/p>\n","protected":false},"featured_media":214,"template":"","meta":{"_acf_changed":false,"ocean_post_layout":"","ocean_both_sidebars_style":"","ocean_both_sidebars_content_width":0,"ocean_both_sidebars_sidebars_width":0,"ocean_sidebar":"0","ocean_second_sidebar":"0","ocean_disable_margins":"enable","ocean_add_body_class":"","ocean_shortcode_before_top_bar":"","ocean_shortcode_after_top_bar":"","ocean_shortcode_before_header":"","ocean_shortcode_after_header":"","ocean_has_shortcode":"","ocean_shortcode_after_title":"","ocean_shortcode_before_footer_widgets":"","ocean_shortcode_after_footer_widgets":"","ocean_shortcode_before_footer_bottom":"","ocean_shortcode_after_footer_bottom":"","ocean_display_top_bar":"default","ocean_display_header":"default","ocean_header_style":"","ocean_center_header_left_menu":"0","ocean_custom_header_template":"0","ocean_custom_logo":0,"ocean_custom_retina_logo":0,"ocean_custom_logo_max_width":0,"ocean_custom_logo_tablet_max_width":0,"ocean_custom_logo_mobile_max_width":0,"ocean_custom_logo_max_height":0,"ocean_custom_logo_tablet_max_height":0,"ocean_custom_logo_mobile_max_height":0,"ocean_header_custom_menu":"0","ocean_menu_typo_font_family":"0","ocean_menu_typo_font_subset":"","ocean_menu_typo_font_size":0,"ocean_menu_typo_font_size_tablet":0,"ocean_menu_typo_font_size_mobile":0,"ocean_menu_typo_font_size_unit":"px","ocean_menu_typo_font_weight":"","ocean_menu_typo_font_weight_tablet":"","ocean_menu_typo_font_weight_mobile":"","ocean_menu_typo_transform":"","ocean_menu_typo_transform_tablet":"","ocean_menu_typo_transform_mobile":"","ocean_menu_typo_line_height":0,"ocean_menu_typo_line_height_tablet":0,"ocean_menu_typo_line_height_mobile":0,"ocean_menu_typo_line_height_unit":"","ocean_menu_typo_spacing":0,"ocean_menu_typo_spacing_tablet":0,"ocean_menu_typo_spacing_mobile":0,"ocean_menu_typo_spacing_unit":"","ocean_menu_link_color":"","ocean_menu_link_color_hover":"","ocean_menu_link_color_active":"","ocean_menu_link_background":"","ocean_menu_link_hover_background":"","ocean_menu_link_active_background":"","ocean_menu_social_links_bg":"","ocean_menu_social_hover_links_bg":"","ocean_menu_social_links_color":"","ocean_menu_social_hover_links_color":"","ocean_disable_title":"default","ocean_disable_heading":"default","ocean_post_title":"","ocean_post_subheading":"","ocean_post_title_style":"","ocean_post_title_background_color":"","ocean_post_title_background":0,"ocean_post_title_bg_image_position":"","ocean_post_title_bg_image_attachment":"","ocean_post_title_bg_image_repeat":"","ocean_post_title_bg_image_size":"","ocean_post_title_height":0,"ocean_post_title_bg_overlay":0.5,"ocean_post_title_bg_overlay_color":"","ocean_disable_breadcrumbs":"default","ocean_breadcrumbs_color":"","ocean_breadcrumbs_separator_color":"","ocean_breadcrumbs_links_color":"","ocean_breadcrumbs_links_hover_color":"","ocean_display_footer_widgets":"default","ocean_display_footer_bottom":"default","ocean_custom_footer_template":"0"},"product_brand":[],"product_cat":[25],"product_tag":[],"class_list":{"0":"post-234","1":"product","2":"type-product","3":"status-publish","4":"has-post-thumbnail","6":"product_cat-foilseachain","8":"entry","9":"has-media","11":"first","12":"outofstock","13":"shipping-taxable","14":"purchasable","15":"product-type-simple","16":"has-product-nav","17":"col","18":"span_1_of_4","19":"owp-content-center","20":"owp-thumbs-layout-horizontal","21":"owp-btn-normal","22":"owp-tabs-layout-horizontal","23":"has-no-thumbnails"},"acf":[],"yoast_head":"<!-- This site is optimized with the Yoast SEO plugin v27.4 - https:\/\/yoast.com\/product\/yoast-seo-wordpress\/ -->\n<title>T\u00eddil Eidil \u00c9r\u00f3 Amhr\u00e1na\u00edocht Thraidisi\u00fanta don Aos \u00d3g Dh\u00e1 dhl\u00fathdhiosca agus Leabhar Amhr\u00e1n (2009) - Oidhreacht Chorca Dhuibhne<\/title>\n<meta name=\"robots\" content=\"index, follow, max-snippet:-1, max-image-preview:large, max-video-preview:-1\" \/>\n<link rel=\"canonical\" href=\"https:\/\/www.oidhreacht.ie\/ga\/product\/tidil-eidil-ero-amhranaiocht-thraidisiunta-don-aos-og-dha-dhluthdhiosca-agus-leabhar-amhran-2009\/\" \/>\n<meta property=\"og:locale\" content=\"ga_IE\" \/>\n<meta property=\"og:type\" content=\"article\" \/>\n<meta property=\"og:title\" content=\"T\u00eddil Eidil \u00c9r\u00f3 Amhr\u00e1na\u00edocht Thraidisi\u00fanta don Aos \u00d3g Dh\u00e1 dhl\u00fathdhiosca agus Leabhar Amhr\u00e1n (2009) - Oidhreacht Chorca Dhuibhne\" \/>\n<meta property=\"og:description\" content=\"Roibeard \u00d3\u00a0Cathasaigh a dhear agus a chuir in eagar. ISBN0-906096-14-6 As cl\u00f3 \/ Out of Print Oidhreacht Chorca Dhuibhne i gcomhar leis: An tAonad Forbartha Curaclaim, Col\u00e1iste Mhuire Gan Sm\u00e1l, Ollscoil Luimnigh, Luimneach &nbsp; \u00c9ist le gl\u00fain \u00f3g amhr\u00e1naithe \u00f3 Chorca Dhuibhne agus an ghl\u00fain fh\u00e1sta aitheanta leis na hamhr\u00e1in ch\u00e9anna ar an d\u00e1 CD seo a eis\u00edodh mar chuid den dTogra B\u00e9aloidis i mBunscoileanna Chorca Dhuibhne. T\u00e1 dh\u00e1 mh\u00edr f\u00edse ar na CDanna sa phac\u00e1iste seo, chomh maith le leabhar amhr\u00e1n maisithe ag an eala\u00edont\u00f3ir D\u00f3mhnal \u00d3 Bric. T\u00e1 n\u00f3ta\u00ed ar na hamhr\u00e1in ann don mh\u00fainteoir n\u00f3 don t\u00e9 a bhfuil suim aige in amhr\u00e1in thraidisi\u00fanta Ghaeltacht Chorca Dhuibhne is a sc\u00e9al. This package of two CD\u2019s, video footage and a booklet containing illustrated song texts and teachers\u2019 notes is the result of a cultural collaboration between Oidhreacht Chorca Dhuibhne, an Irish language and heritage organization based in the Gaeltacht or Irish speaking district of West Kerry and the Curriculum Development Unit of Mary Immaculate Teacher Training College in Limerick. The songs are performed by local school children and by adult traditional singers of Corca Dhuibhne. \u00c9ist le ceann desna hamhr\u00e1in \u00e1 chanadh ag an ngl\u00fain \u00f3g agus le leagan eile \u00f3n gcartlann.\u00a0\u00a0Listen to the same track performed by one of the younger generation of singers and an adult traditional singer:\" \/>\n<meta property=\"og:url\" content=\"https:\/\/www.oidhreacht.ie\/ga\/product\/tidil-eidil-ero-amhranaiocht-thraidisiunta-don-aos-og-dha-dhluthdhiosca-agus-leabhar-amhran-2009\/\" \/>\n<meta property=\"og:site_name\" content=\"Oidhreacht Chorca Dhuibhne\" \/>\n<meta property=\"article:publisher\" content=\"https:\/\/www.facebook.com\/oidhreachtcd\/\" \/>\n<meta property=\"og:image\" content=\"https:\/\/www.oidhreacht.ie\/wp-content\/uploads\/2020\/03\/1122168vtidil-eidil.jpg\" \/>\n\t<meta property=\"og:image:width\" content=\"256\" \/>\n\t<meta property=\"og:image:height\" content=\"364\" \/>\n\t<meta property=\"og:image:type\" content=\"image\/jpeg\" \/>\n<meta name=\"twitter:card\" content=\"summary_large_image\" \/>\n<script type=\"application\/ld+json\" class=\"yoast-schema-graph\">{\"@context\":\"https:\\\/\\\/schema.org\",\"@graph\":[{\"@type\":\"WebPage\",\"@id\":\"https:\\\/\\\/www.oidhreacht.ie\\\/ga\\\/product\\\/tidil-eidil-ero-amhranaiocht-thraidisiunta-don-aos-og-dha-dhluthdhiosca-agus-leabhar-amhran-2009\\\/\",\"url\":\"https:\\\/\\\/www.oidhreacht.ie\\\/ga\\\/product\\\/tidil-eidil-ero-amhranaiocht-thraidisiunta-don-aos-og-dha-dhluthdhiosca-agus-leabhar-amhran-2009\\\/\",\"name\":\"T\u00eddil Eidil \u00c9r\u00f3 Amhr\u00e1na\u00edocht Thraidisi\u00fanta don Aos \u00d3g Dh\u00e1 dhl\u00fathdhiosca agus Leabhar Amhr\u00e1n (2009) - Oidhreacht Chorca Dhuibhne\",\"isPartOf\":{\"@id\":\"https:\\\/\\\/www.oidhreacht.ie\\\/ga\\\/#website\"},\"primaryImageOfPage\":{\"@id\":\"https:\\\/\\\/www.oidhreacht.ie\\\/ga\\\/product\\\/tidil-eidil-ero-amhranaiocht-thraidisiunta-don-aos-og-dha-dhluthdhiosca-agus-leabhar-amhran-2009\\\/#primaryimage\"},\"image\":{\"@id\":\"https:\\\/\\\/www.oidhreacht.ie\\\/ga\\\/product\\\/tidil-eidil-ero-amhranaiocht-thraidisiunta-don-aos-og-dha-dhluthdhiosca-agus-leabhar-amhran-2009\\\/#primaryimage\"},\"thumbnailUrl\":\"https:\\\/\\\/www.oidhreacht.ie\\\/wp-content\\\/uploads\\\/2020\\\/03\\\/1122168vtidil-eidil.jpg\",\"datePublished\":\"2020-03-23T23:42:32+00:00\",\"breadcrumb\":{\"@id\":\"https:\\\/\\\/www.oidhreacht.ie\\\/ga\\\/product\\\/tidil-eidil-ero-amhranaiocht-thraidisiunta-don-aos-og-dha-dhluthdhiosca-agus-leabhar-amhran-2009\\\/#breadcrumb\"},\"inLanguage\":\"ga-IE\",\"potentialAction\":[{\"@type\":\"ReadAction\",\"target\":[\"https:\\\/\\\/www.oidhreacht.ie\\\/ga\\\/product\\\/tidil-eidil-ero-amhranaiocht-thraidisiunta-don-aos-og-dha-dhluthdhiosca-agus-leabhar-amhran-2009\\\/\"]}]},{\"@type\":\"ImageObject\",\"inLanguage\":\"ga-IE\",\"@id\":\"https:\\\/\\\/www.oidhreacht.ie\\\/ga\\\/product\\\/tidil-eidil-ero-amhranaiocht-thraidisiunta-don-aos-og-dha-dhluthdhiosca-agus-leabhar-amhran-2009\\\/#primaryimage\",\"url\":\"https:\\\/\\\/www.oidhreacht.ie\\\/wp-content\\\/uploads\\\/2020\\\/03\\\/1122168vtidil-eidil.jpg\",\"contentUrl\":\"https:\\\/\\\/www.oidhreacht.ie\\\/wp-content\\\/uploads\\\/2020\\\/03\\\/1122168vtidil-eidil.jpg\",\"width\":256,\"height\":364,\"caption\":\"T\u00eddil Eidil \u00c9r\u00f3 Amhr\u00e1na\u00edocht Thraidisi\u00fanta don Aos \u00d3g Dh\u00e1 dhl\u00fathdhiosca agus Leabhar Amhr\u00e1n (2009)\"},{\"@type\":\"BreadcrumbList\",\"@id\":\"https:\\\/\\\/www.oidhreacht.ie\\\/ga\\\/product\\\/tidil-eidil-ero-amhranaiocht-thraidisiunta-don-aos-og-dha-dhluthdhiosca-agus-leabhar-amhran-2009\\\/#breadcrumb\",\"itemListElement\":[{\"@type\":\"ListItem\",\"position\":1,\"name\":\"Home\",\"item\":\"https:\\\/\\\/www.oidhreacht.ie\\\/ga\\\/\"},{\"@type\":\"ListItem\",\"position\":2,\"name\":\"Shop\",\"item\":\"https:\\\/\\\/www.oidhreacht.ie\\\/ga\\\/shop-2\\\/\"},{\"@type\":\"ListItem\",\"position\":3,\"name\":\"T\u00eddil Eidil \u00c9r\u00f3 Amhr\u00e1na\u00edocht Thraidisi\u00fanta don Aos \u00d3g Dh\u00e1 dhl\u00fathdhiosca agus Leabhar Amhr\u00e1n (2009)\"}]},{\"@type\":\"WebSite\",\"@id\":\"https:\\\/\\\/www.oidhreacht.ie\\\/ga\\\/#website\",\"url\":\"https:\\\/\\\/www.oidhreacht.ie\\\/ga\\\/\",\"name\":\"Oidhreacht Chorca Dhuibhne\",\"description\":\"Irish Language Courses on the Dingle Peninsula\",\"publisher\":{\"@id\":\"https:\\\/\\\/www.oidhreacht.ie\\\/ga\\\/#organization\"},\"potentialAction\":[{\"@type\":\"SearchAction\",\"target\":{\"@type\":\"EntryPoint\",\"urlTemplate\":\"https:\\\/\\\/www.oidhreacht.ie\\\/ga\\\/?s={search_term_string}\"},\"query-input\":{\"@type\":\"PropertyValueSpecification\",\"valueRequired\":true,\"valueName\":\"search_term_string\"}}],\"inLanguage\":\"ga-IE\"},{\"@type\":\"Organization\",\"@id\":\"https:\\\/\\\/www.oidhreacht.ie\\\/ga\\\/#organization\",\"name\":\"Oidhreacht Chorca Dhuibhne\",\"url\":\"https:\\\/\\\/www.oidhreacht.ie\\\/ga\\\/\",\"logo\":{\"@type\":\"ImageObject\",\"inLanguage\":\"ga-IE\",\"@id\":\"https:\\\/\\\/www.oidhreacht.ie\\\/ga\\\/#\\\/schema\\\/logo\\\/image\\\/\",\"url\":\"https:\\\/\\\/www.oidhreacht.ie\\\/wp-content\\\/uploads\\\/2020\\\/02\\\/oidhreacht-logo-1.png\",\"contentUrl\":\"https:\\\/\\\/www.oidhreacht.ie\\\/wp-content\\\/uploads\\\/2020\\\/02\\\/oidhreacht-logo-1.png\",\"width\":300,\"height\":100,\"caption\":\"Oidhreacht Chorca Dhuibhne\"},\"image\":{\"@id\":\"https:\\\/\\\/www.oidhreacht.ie\\\/ga\\\/#\\\/schema\\\/logo\\\/image\\\/\"},\"sameAs\":[\"https:\\\/\\\/www.facebook.com\\\/oidhreachtcd\\\/\",\"https:\\\/\\\/www.instagram.com\\\/oidhreacht_chorca_dhuibhne\\\/\"]}]}<\/script>\n<!-- \/ Yoast SEO plugin. -->","yoast_head_json":{"title":"T\u00eddil Eidil \u00c9r\u00f3 Amhr\u00e1na\u00edocht Thraidisi\u00fanta don Aos \u00d3g Dh\u00e1 dhl\u00fathdhiosca agus Leabhar Amhr\u00e1n (2009) - Oidhreacht Chorca Dhuibhne","robots":{"index":"index","follow":"follow","max-snippet":"max-snippet:-1","max-image-preview":"max-image-preview:large","max-video-preview":"max-video-preview:-1"},"canonical":"https:\/\/www.oidhreacht.ie\/ga\/product\/tidil-eidil-ero-amhranaiocht-thraidisiunta-don-aos-og-dha-dhluthdhiosca-agus-leabhar-amhran-2009\/","og_locale":"ga_IE","og_type":"article","og_title":"T\u00eddil Eidil \u00c9r\u00f3 Amhr\u00e1na\u00edocht Thraidisi\u00fanta don Aos \u00d3g Dh\u00e1 dhl\u00fathdhiosca agus Leabhar Amhr\u00e1n (2009) - Oidhreacht Chorca Dhuibhne","og_description":"Roibeard \u00d3\u00a0Cathasaigh a dhear agus a chuir in eagar. ISBN0-906096-14-6 As cl\u00f3 \/ Out of Print Oidhreacht Chorca Dhuibhne i gcomhar leis: An tAonad Forbartha Curaclaim, Col\u00e1iste Mhuire Gan Sm\u00e1l, Ollscoil Luimnigh, Luimneach &nbsp; \u00c9ist le gl\u00fain \u00f3g amhr\u00e1naithe \u00f3 Chorca Dhuibhne agus an ghl\u00fain fh\u00e1sta aitheanta leis na hamhr\u00e1in ch\u00e9anna ar an d\u00e1 CD seo a eis\u00edodh mar chuid den dTogra B\u00e9aloidis i mBunscoileanna Chorca Dhuibhne. T\u00e1 dh\u00e1 mh\u00edr f\u00edse ar na CDanna sa phac\u00e1iste seo, chomh maith le leabhar amhr\u00e1n maisithe ag an eala\u00edont\u00f3ir D\u00f3mhnal \u00d3 Bric. T\u00e1 n\u00f3ta\u00ed ar na hamhr\u00e1in ann don mh\u00fainteoir n\u00f3 don t\u00e9 a bhfuil suim aige in amhr\u00e1in thraidisi\u00fanta Ghaeltacht Chorca Dhuibhne is a sc\u00e9al. This package of two CD\u2019s, video footage and a booklet containing illustrated song texts and teachers\u2019 notes is the result of a cultural collaboration between Oidhreacht Chorca Dhuibhne, an Irish language and heritage organization based in the Gaeltacht or Irish speaking district of West Kerry and the Curriculum Development Unit of Mary Immaculate Teacher Training College in Limerick. The songs are performed by local school children and by adult traditional singers of Corca Dhuibhne. \u00c9ist le ceann desna hamhr\u00e1in \u00e1 chanadh ag an ngl\u00fain \u00f3g agus le leagan eile \u00f3n gcartlann.\u00a0\u00a0Listen to the same track performed by one of the younger generation of singers and an adult traditional singer:","og_url":"https:\/\/www.oidhreacht.ie\/ga\/product\/tidil-eidil-ero-amhranaiocht-thraidisiunta-don-aos-og-dha-dhluthdhiosca-agus-leabhar-amhran-2009\/","og_site_name":"Oidhreacht Chorca Dhuibhne","article_publisher":"https:\/\/www.facebook.com\/oidhreachtcd\/","og_image":[{"width":256,"height":364,"url":"https:\/\/www.oidhreacht.ie\/wp-content\/uploads\/2020\/03\/1122168vtidil-eidil.jpg","type":"image\/jpeg"}],"twitter_card":"summary_large_image","schema":{"@context":"https:\/\/schema.org","@graph":[{"@type":"WebPage","@id":"https:\/\/www.oidhreacht.ie\/ga\/product\/tidil-eidil-ero-amhranaiocht-thraidisiunta-don-aos-og-dha-dhluthdhiosca-agus-leabhar-amhran-2009\/","url":"https:\/\/www.oidhreacht.ie\/ga\/product\/tidil-eidil-ero-amhranaiocht-thraidisiunta-don-aos-og-dha-dhluthdhiosca-agus-leabhar-amhran-2009\/","name":"T\u00eddil Eidil \u00c9r\u00f3 Amhr\u00e1na\u00edocht Thraidisi\u00fanta don Aos \u00d3g Dh\u00e1 dhl\u00fathdhiosca agus Leabhar Amhr\u00e1n (2009) - Oidhreacht Chorca Dhuibhne","isPartOf":{"@id":"https:\/\/www.oidhreacht.ie\/ga\/#website"},"primaryImageOfPage":{"@id":"https:\/\/www.oidhreacht.ie\/ga\/product\/tidil-eidil-ero-amhranaiocht-thraidisiunta-don-aos-og-dha-dhluthdhiosca-agus-leabhar-amhran-2009\/#primaryimage"},"image":{"@id":"https:\/\/www.oidhreacht.ie\/ga\/product\/tidil-eidil-ero-amhranaiocht-thraidisiunta-don-aos-og-dha-dhluthdhiosca-agus-leabhar-amhran-2009\/#primaryimage"},"thumbnailUrl":"https:\/\/www.oidhreacht.ie\/wp-content\/uploads\/2020\/03\/1122168vtidil-eidil.jpg","datePublished":"2020-03-23T23:42:32+00:00","breadcrumb":{"@id":"https:\/\/www.oidhreacht.ie\/ga\/product\/tidil-eidil-ero-amhranaiocht-thraidisiunta-don-aos-og-dha-dhluthdhiosca-agus-leabhar-amhran-2009\/#breadcrumb"},"inLanguage":"ga-IE","potentialAction":[{"@type":"ReadAction","target":["https:\/\/www.oidhreacht.ie\/ga\/product\/tidil-eidil-ero-amhranaiocht-thraidisiunta-don-aos-og-dha-dhluthdhiosca-agus-leabhar-amhran-2009\/"]}]},{"@type":"ImageObject","inLanguage":"ga-IE","@id":"https:\/\/www.oidhreacht.ie\/ga\/product\/tidil-eidil-ero-amhranaiocht-thraidisiunta-don-aos-og-dha-dhluthdhiosca-agus-leabhar-amhran-2009\/#primaryimage","url":"https:\/\/www.oidhreacht.ie\/wp-content\/uploads\/2020\/03\/1122168vtidil-eidil.jpg","contentUrl":"https:\/\/www.oidhreacht.ie\/wp-content\/uploads\/2020\/03\/1122168vtidil-eidil.jpg","width":256,"height":364,"caption":"T\u00eddil Eidil \u00c9r\u00f3 Amhr\u00e1na\u00edocht Thraidisi\u00fanta don Aos \u00d3g Dh\u00e1 dhl\u00fathdhiosca agus Leabhar Amhr\u00e1n (2009)"},{"@type":"BreadcrumbList","@id":"https:\/\/www.oidhreacht.ie\/ga\/product\/tidil-eidil-ero-amhranaiocht-thraidisiunta-don-aos-og-dha-dhluthdhiosca-agus-leabhar-amhran-2009\/#breadcrumb","itemListElement":[{"@type":"ListItem","position":1,"name":"Home","item":"https:\/\/www.oidhreacht.ie\/ga\/"},{"@type":"ListItem","position":2,"name":"Shop","item":"https:\/\/www.oidhreacht.ie\/ga\/shop-2\/"},{"@type":"ListItem","position":3,"name":"T\u00eddil Eidil \u00c9r\u00f3 Amhr\u00e1na\u00edocht Thraidisi\u00fanta don Aos \u00d3g Dh\u00e1 dhl\u00fathdhiosca agus Leabhar Amhr\u00e1n (2009)"}]},{"@type":"WebSite","@id":"https:\/\/www.oidhreacht.ie\/ga\/#website","url":"https:\/\/www.oidhreacht.ie\/ga\/","name":"Oidhreacht Chorca Dhuibhne","description":"Irish Language Courses on the Dingle Peninsula","publisher":{"@id":"https:\/\/www.oidhreacht.ie\/ga\/#organization"},"potentialAction":[{"@type":"SearchAction","target":{"@type":"EntryPoint","urlTemplate":"https:\/\/www.oidhreacht.ie\/ga\/?s={search_term_string}"},"query-input":{"@type":"PropertyValueSpecification","valueRequired":true,"valueName":"search_term_string"}}],"inLanguage":"ga-IE"},{"@type":"Organization","@id":"https:\/\/www.oidhreacht.ie\/ga\/#organization","name":"Oidhreacht Chorca Dhuibhne","url":"https:\/\/www.oidhreacht.ie\/ga\/","logo":{"@type":"ImageObject","inLanguage":"ga-IE","@id":"https:\/\/www.oidhreacht.ie\/ga\/#\/schema\/logo\/image\/","url":"https:\/\/www.oidhreacht.ie\/wp-content\/uploads\/2020\/02\/oidhreacht-logo-1.png","contentUrl":"https:\/\/www.oidhreacht.ie\/wp-content\/uploads\/2020\/02\/oidhreacht-logo-1.png","width":300,"height":100,"caption":"Oidhreacht Chorca Dhuibhne"},"image":{"@id":"https:\/\/www.oidhreacht.ie\/ga\/#\/schema\/logo\/image\/"},"sameAs":["https:\/\/www.facebook.com\/oidhreachtcd\/","https:\/\/www.instagram.com\/oidhreacht_chorca_dhuibhne\/"]}]}},"_links":{"self":[{"href":"https:\/\/www.oidhreacht.ie\/ga\/wp-json\/wp\/v2\/product\/234","targetHints":{"allow":["GET"]}}],"collection":[{"href":"https:\/\/www.oidhreacht.ie\/ga\/wp-json\/wp\/v2\/product"}],"about":[{"href":"https:\/\/www.oidhreacht.ie\/ga\/wp-json\/wp\/v2\/types\/product"}],"wp:featuredmedia":[{"embeddable":true,"href":"https:\/\/www.oidhreacht.ie\/ga\/wp-json\/wp\/v2\/media\/214"}],"wp:attachment":[{"href":"https:\/\/www.oidhreacht.ie\/ga\/wp-json\/wp\/v2\/media?parent=234"}],"wp:term":[{"taxonomy":"product_brand","embeddable":true,"href":"https:\/\/www.oidhreacht.ie\/ga\/wp-json\/wp\/v2\/product_brand?post=234"},{"taxonomy":"product_cat","embeddable":true,"href":"https:\/\/www.oidhreacht.ie\/ga\/wp-json\/wp\/v2\/product_cat?post=234"},{"taxonomy":"product_tag","embeddable":true,"href":"https:\/\/www.oidhreacht.ie\/ga\/wp-json\/wp\/v2\/product_tag?post=234"}],"curies":[{"name":"wp","href":"https:\/\/api.w.org\/{rel}","templated":true}]}}