{"id":241,"date":"2020-03-24T21:13:04","date_gmt":"2020-03-24T21:13:04","guid":{"rendered":"http:\/\/www.oidhreacht.ie\/product\/sceilin-o-bheilin-scealta-traidisiunta-don-aos-og-12-sceal-ar-dhluthdhiosca-tionlacan-ceoil-2003\/"},"modified":"2020-03-24T21:13:04","modified_gmt":"2020-03-24T21:13:04","slug":"sceilin-o-bheilin-scealta-traidisiunta-don-aos-og-12-sceal-ar-dhluthdhiosca-tionlacan-ceoil-2003","status":"publish","type":"product","link":"https:\/\/www.oidhreacht.ie\/ga\/product\/sceilin-o-bheilin-scealta-traidisiunta-don-aos-og-12-sceal-ar-dhluthdhiosca-tionlacan-ceoil-2003\/","title":{"rendered":"Sc\u00e9il\u00edn \u00f3 Bh\u00e9il\u00edn  Sc\u00e9alta Traidisi\u00fanta don Aos \u00d3g 12 Sc\u00e9al ar Dhl\u00fathdhiosca &#038; Tionlacan Ceoil (2003)"},"content":{"rendered":"","protected":false},"excerpt":{"rendered":"<p><strong>Roibeard \u00d3 Cathasaigh a sti\u00faraigh is a chuir in eagar<\/strong>.<br \/>\nISBN 0-906096-10-3<\/p>\n<p><strong>As cl\u00f3 \/\u00a0<em>Out of Print<\/em><\/strong><\/p>\n<p>Oidhreacht Chorca Dhuibhne i gcomhar leis:<br \/>\nAn tAonad Forbartha Curaclaim,<br \/>\nCol\u00e1iste Mhuire Gan Sm\u00e1l, Ollscoil Luimnigh, Luimneach.<\/p>\n<p>Sc\u00e9alta \u00f3n dtraidisi\u00fan b\u00e9il don aos \u00f3g \u00e1 n-insint ag tr\u00ed ghl\u00fain de mhuintir Ghaeltacht Chorca Dhuibhne at\u00e1 ar an CD sa leabhar seo agus tionlacan ceoil ag gabh\u00e1il leo. T\u00e1 roinnt de mh\u00f3rsc\u00e9alta Chorca Dhuibhne ar n\u00f3s An D\u00e1 Chruit\u00edneach, Naomh Cu\u00e1n agus an Phiast agus Cathair Conraoi ann. T\u00e1 gluais is n\u00f3ta\u00ed ar ch\u00falra na sc\u00e9alta ann maraon le maisi\u00fa ildaite le D\u00f3mhnal \u00d3 Bric, chomh maith le modheola\u00edocht na sc\u00e9alt\u00f3ireachta don aos \u00f3g. T\u00e1 guth an sc\u00e9alt\u00f3ra thraidisi\u00fanta \u00f3 Dh\u00fan Chaoin, C\u00e1it \u2018an Bhab\u2019 Feirit\u00e9ar le clos ar s\u00e9 cinn desna rianta agus is \u00e9 an ceolt\u00f3ir cl\u00faiteach Stiof\u00e1n \u00d3 Cuanaigh an l\u00e9iritheoir ceoil. T\u00e1 poirt de chuid an bhailitheora cheoil James Goodman le clos ar feadh na huaire, le cead \u00f3 Chol\u00e1iste na Trion\u00f3ide.<br \/>\n<em>Traditional and well known stories for younger listeners, set to music and narrated by three generations of storytellers from Corca Dhuibhne or the Dingle Peninsula. Highlights include the voice of C\u00e1it \u2018an Bhab\u2019 Feirit\u00e9ar, the noted storyteller from D\u00fan Chaoin, Co. Kerry and tunes from the collection of James Goodman The CD and illustrated text of stories is accompanied by a glossary, background and teachers\u2019 notes.<\/em><\/p>\n","protected":false},"featured_media":210,"template":"","meta":{"_acf_changed":false,"ocean_post_layout":"","ocean_both_sidebars_style":"","ocean_both_sidebars_content_width":0,"ocean_both_sidebars_sidebars_width":0,"ocean_sidebar":"0","ocean_second_sidebar":"0","ocean_disable_margins":"enable","ocean_add_body_class":"","ocean_shortcode_before_top_bar":"","ocean_shortcode_after_top_bar":"","ocean_shortcode_before_header":"","ocean_shortcode_after_header":"","ocean_has_shortcode":"","ocean_shortcode_after_title":"","ocean_shortcode_before_footer_widgets":"","ocean_shortcode_after_footer_widgets":"","ocean_shortcode_before_footer_bottom":"","ocean_shortcode_after_footer_bottom":"","ocean_display_top_bar":"default","ocean_display_header":"default","ocean_header_style":"","ocean_center_header_left_menu":"0","ocean_custom_header_template":"0","ocean_custom_logo":0,"ocean_custom_retina_logo":0,"ocean_custom_logo_max_width":0,"ocean_custom_logo_tablet_max_width":0,"ocean_custom_logo_mobile_max_width":0,"ocean_custom_logo_max_height":0,"ocean_custom_logo_tablet_max_height":0,"ocean_custom_logo_mobile_max_height":0,"ocean_header_custom_menu":"0","ocean_menu_typo_font_family":"0","ocean_menu_typo_font_subset":"","ocean_menu_typo_font_size":0,"ocean_menu_typo_font_size_tablet":0,"ocean_menu_typo_font_size_mobile":0,"ocean_menu_typo_font_size_unit":"px","ocean_menu_typo_font_weight":"","ocean_menu_typo_font_weight_tablet":"","ocean_menu_typo_font_weight_mobile":"","ocean_menu_typo_transform":"","ocean_menu_typo_transform_tablet":"","ocean_menu_typo_transform_mobile":"","ocean_menu_typo_line_height":0,"ocean_menu_typo_line_height_tablet":0,"ocean_menu_typo_line_height_mobile":0,"ocean_menu_typo_line_height_unit":"","ocean_menu_typo_spacing":0,"ocean_menu_typo_spacing_tablet":0,"ocean_menu_typo_spacing_mobile":0,"ocean_menu_typo_spacing_unit":"","ocean_menu_link_color":"","ocean_menu_link_color_hover":"","ocean_menu_link_color_active":"","ocean_menu_link_background":"","ocean_menu_link_hover_background":"","ocean_menu_link_active_background":"","ocean_menu_social_links_bg":"","ocean_menu_social_hover_links_bg":"","ocean_menu_social_links_color":"","ocean_menu_social_hover_links_color":"","ocean_disable_title":"default","ocean_disable_heading":"default","ocean_post_title":"","ocean_post_subheading":"","ocean_post_title_style":"","ocean_post_title_background_color":"","ocean_post_title_background":0,"ocean_post_title_bg_image_position":"","ocean_post_title_bg_image_attachment":"","ocean_post_title_bg_image_repeat":"","ocean_post_title_bg_image_size":"","ocean_post_title_height":0,"ocean_post_title_bg_overlay":0.5,"ocean_post_title_bg_overlay_color":"","ocean_disable_breadcrumbs":"default","ocean_breadcrumbs_color":"","ocean_breadcrumbs_separator_color":"","ocean_breadcrumbs_links_color":"","ocean_breadcrumbs_links_hover_color":"","ocean_display_footer_widgets":"default","ocean_display_footer_bottom":"default","ocean_custom_footer_template":"0"},"product_brand":[],"product_cat":[25],"product_tag":[],"class_list":{"0":"post-241","1":"product","2":"type-product","3":"status-publish","4":"has-post-thumbnail","6":"product_cat-foilseachain","8":"entry","9":"has-media","11":"first","12":"outofstock","13":"shipping-taxable","14":"purchasable","15":"product-type-simple","16":"has-product-nav","17":"col","18":"span_1_of_4","19":"owp-content-center","20":"owp-thumbs-layout-horizontal","21":"owp-btn-normal","22":"owp-tabs-layout-horizontal","23":"has-no-thumbnails"},"acf":[],"yoast_head":"<!-- This site is optimized with the Yoast SEO plugin v27.3 - https:\/\/yoast.com\/product\/yoast-seo-wordpress\/ -->\n<title>Sc\u00e9il\u00edn \u00f3 Bh\u00e9il\u00edn Sc\u00e9alta Traidisi\u00fanta don Aos \u00d3g 12 Sc\u00e9al ar Dhl\u00fathdhiosca &amp; Tionlacan Ceoil (2003) - Oidhreacht Chorca Dhuibhne<\/title>\n<meta name=\"robots\" content=\"index, follow, max-snippet:-1, max-image-preview:large, max-video-preview:-1\" \/>\n<link rel=\"canonical\" href=\"https:\/\/www.oidhreacht.ie\/ga\/product\/sceilin-o-bheilin-scealta-traidisiunta-don-aos-og-12-sceal-ar-dhluthdhiosca-tionlacan-ceoil-2003\/\" \/>\n<meta property=\"og:locale\" content=\"ga_IE\" \/>\n<meta property=\"og:type\" content=\"article\" \/>\n<meta property=\"og:title\" content=\"Sc\u00e9il\u00edn \u00f3 Bh\u00e9il\u00edn Sc\u00e9alta Traidisi\u00fanta don Aos \u00d3g 12 Sc\u00e9al ar Dhl\u00fathdhiosca &amp; Tionlacan Ceoil (2003) - Oidhreacht Chorca Dhuibhne\" \/>\n<meta property=\"og:description\" content=\"Roibeard \u00d3 Cathasaigh a sti\u00faraigh is a chuir in eagar. ISBN 0-906096-10-3  As cl\u00f3 \/\u00a0Out of Print  Oidhreacht Chorca Dhuibhne i gcomhar leis: An tAonad Forbartha Curaclaim, Col\u00e1iste Mhuire Gan Sm\u00e1l, Ollscoil Luimnigh, Luimneach.  Sc\u00e9alta \u00f3n dtraidisi\u00fan b\u00e9il don aos \u00f3g \u00e1 n-insint ag tr\u00ed ghl\u00fain de mhuintir Ghaeltacht Chorca Dhuibhne at\u00e1 ar an CD sa leabhar seo agus tionlacan ceoil ag gabh\u00e1il leo. T\u00e1 roinnt de mh\u00f3rsc\u00e9alta Chorca Dhuibhne ar n\u00f3s An D\u00e1 Chruit\u00edneach, Naomh Cu\u00e1n agus an Phiast agus Cathair Conraoi ann. T\u00e1 gluais is n\u00f3ta\u00ed ar ch\u00falra na sc\u00e9alta ann maraon le maisi\u00fa ildaite le D\u00f3mhnal \u00d3 Bric, chomh maith le modheola\u00edocht na sc\u00e9alt\u00f3ireachta don aos \u00f3g. T\u00e1 guth an sc\u00e9alt\u00f3ra thraidisi\u00fanta \u00f3 Dh\u00fan Chaoin, C\u00e1it \u2018an Bhab\u2019 Feirit\u00e9ar le clos ar s\u00e9 cinn desna rianta agus is \u00e9 an ceolt\u00f3ir cl\u00faiteach Stiof\u00e1n \u00d3 Cuanaigh an l\u00e9iritheoir ceoil. T\u00e1 poirt de chuid an bhailitheora cheoil James Goodman le clos ar feadh na huaire, le cead \u00f3 Chol\u00e1iste na Trion\u00f3ide. Traditional and well known stories for younger listeners, set to music and narrated by three generations of storytellers from Corca Dhuibhne or the Dingle Peninsula. Highlights include the voice of C\u00e1it \u2018an Bhab\u2019 Feirit\u00e9ar, the noted storyteller from D\u00fan Chaoin, Co. Kerry and tunes from the collection of James Goodman The CD and illustrated text of stories is accompanied by a glossary, background and teachers\u2019 notes.\" \/>\n<meta property=\"og:url\" content=\"https:\/\/www.oidhreacht.ie\/ga\/product\/sceilin-o-bheilin-scealta-traidisiunta-don-aos-og-12-sceal-ar-dhluthdhiosca-tionlacan-ceoil-2003\/\" \/>\n<meta property=\"og:site_name\" content=\"Oidhreacht Chorca Dhuibhne\" \/>\n<meta property=\"article:publisher\" content=\"https:\/\/www.facebook.com\/oidhreachtcd\/\" \/>\n<meta property=\"og:image\" content=\"https:\/\/www.oidhreacht.ie\/wp-content\/uploads\/2020\/03\/112416z1sceilin.jpg\" \/>\n\t<meta property=\"og:image:width\" content=\"256\" \/>\n\t<meta property=\"og:image:height\" content=\"364\" \/>\n\t<meta property=\"og:image:type\" content=\"image\/jpeg\" \/>\n<meta name=\"twitter:card\" content=\"summary_large_image\" \/>\n<script type=\"application\/ld+json\" class=\"yoast-schema-graph\">{\"@context\":\"https:\\\/\\\/schema.org\",\"@graph\":[{\"@type\":\"WebPage\",\"@id\":\"https:\\\/\\\/www.oidhreacht.ie\\\/ga\\\/product\\\/sceilin-o-bheilin-scealta-traidisiunta-don-aos-og-12-sceal-ar-dhluthdhiosca-tionlacan-ceoil-2003\\\/\",\"url\":\"https:\\\/\\\/www.oidhreacht.ie\\\/ga\\\/product\\\/sceilin-o-bheilin-scealta-traidisiunta-don-aos-og-12-sceal-ar-dhluthdhiosca-tionlacan-ceoil-2003\\\/\",\"name\":\"Sc\u00e9il\u00edn \u00f3 Bh\u00e9il\u00edn Sc\u00e9alta Traidisi\u00fanta don Aos \u00d3g 12 Sc\u00e9al ar Dhl\u00fathdhiosca & Tionlacan Ceoil (2003) - Oidhreacht Chorca Dhuibhne\",\"isPartOf\":{\"@id\":\"https:\\\/\\\/www.oidhreacht.ie\\\/ga\\\/#website\"},\"primaryImageOfPage\":{\"@id\":\"https:\\\/\\\/www.oidhreacht.ie\\\/ga\\\/product\\\/sceilin-o-bheilin-scealta-traidisiunta-don-aos-og-12-sceal-ar-dhluthdhiosca-tionlacan-ceoil-2003\\\/#primaryimage\"},\"image\":{\"@id\":\"https:\\\/\\\/www.oidhreacht.ie\\\/ga\\\/product\\\/sceilin-o-bheilin-scealta-traidisiunta-don-aos-og-12-sceal-ar-dhluthdhiosca-tionlacan-ceoil-2003\\\/#primaryimage\"},\"thumbnailUrl\":\"https:\\\/\\\/www.oidhreacht.ie\\\/wp-content\\\/uploads\\\/2020\\\/03\\\/112416z1sceilin.jpg\",\"datePublished\":\"2020-03-24T21:13:04+00:00\",\"breadcrumb\":{\"@id\":\"https:\\\/\\\/www.oidhreacht.ie\\\/ga\\\/product\\\/sceilin-o-bheilin-scealta-traidisiunta-don-aos-og-12-sceal-ar-dhluthdhiosca-tionlacan-ceoil-2003\\\/#breadcrumb\"},\"inLanguage\":\"ga-IE\",\"potentialAction\":[{\"@type\":\"ReadAction\",\"target\":[\"https:\\\/\\\/www.oidhreacht.ie\\\/ga\\\/product\\\/sceilin-o-bheilin-scealta-traidisiunta-don-aos-og-12-sceal-ar-dhluthdhiosca-tionlacan-ceoil-2003\\\/\"]}]},{\"@type\":\"ImageObject\",\"inLanguage\":\"ga-IE\",\"@id\":\"https:\\\/\\\/www.oidhreacht.ie\\\/ga\\\/product\\\/sceilin-o-bheilin-scealta-traidisiunta-don-aos-og-12-sceal-ar-dhluthdhiosca-tionlacan-ceoil-2003\\\/#primaryimage\",\"url\":\"https:\\\/\\\/www.oidhreacht.ie\\\/wp-content\\\/uploads\\\/2020\\\/03\\\/112416z1sceilin.jpg\",\"contentUrl\":\"https:\\\/\\\/www.oidhreacht.ie\\\/wp-content\\\/uploads\\\/2020\\\/03\\\/112416z1sceilin.jpg\",\"width\":256,\"height\":364,\"caption\":\"Sc\u00e9il\u00edn \u00f3 Bh\u00e9il\u00edn Sc\u00e9alta Traidisi\u00fanta don Aos \u00d3g 12 Sc\u00e9al ar Dhl\u00fathdhiosca & Tionlacan Ceoil (2003)\"},{\"@type\":\"BreadcrumbList\",\"@id\":\"https:\\\/\\\/www.oidhreacht.ie\\\/ga\\\/product\\\/sceilin-o-bheilin-scealta-traidisiunta-don-aos-og-12-sceal-ar-dhluthdhiosca-tionlacan-ceoil-2003\\\/#breadcrumb\",\"itemListElement\":[{\"@type\":\"ListItem\",\"position\":1,\"name\":\"Home\",\"item\":\"https:\\\/\\\/www.oidhreacht.ie\\\/ga\\\/\"},{\"@type\":\"ListItem\",\"position\":2,\"name\":\"Shop\",\"item\":\"https:\\\/\\\/www.oidhreacht.ie\\\/ga\\\/shop-2\\\/\"},{\"@type\":\"ListItem\",\"position\":3,\"name\":\"Sc\u00e9il\u00edn \u00f3 Bh\u00e9il\u00edn Sc\u00e9alta Traidisi\u00fanta don Aos \u00d3g 12 Sc\u00e9al ar Dhl\u00fathdhiosca &#038; Tionlacan Ceoil (2003)\"}]},{\"@type\":\"WebSite\",\"@id\":\"https:\\\/\\\/www.oidhreacht.ie\\\/ga\\\/#website\",\"url\":\"https:\\\/\\\/www.oidhreacht.ie\\\/ga\\\/\",\"name\":\"Oidhreacht Chorca Dhuibhne\",\"description\":\"Irish Language Courses on the Dingle Peninsula\",\"publisher\":{\"@id\":\"https:\\\/\\\/www.oidhreacht.ie\\\/ga\\\/#organization\"},\"potentialAction\":[{\"@type\":\"SearchAction\",\"target\":{\"@type\":\"EntryPoint\",\"urlTemplate\":\"https:\\\/\\\/www.oidhreacht.ie\\\/ga\\\/?s={search_term_string}\"},\"query-input\":{\"@type\":\"PropertyValueSpecification\",\"valueRequired\":true,\"valueName\":\"search_term_string\"}}],\"inLanguage\":\"ga-IE\"},{\"@type\":\"Organization\",\"@id\":\"https:\\\/\\\/www.oidhreacht.ie\\\/ga\\\/#organization\",\"name\":\"Oidhreacht Chorca Dhuibhne\",\"url\":\"https:\\\/\\\/www.oidhreacht.ie\\\/ga\\\/\",\"logo\":{\"@type\":\"ImageObject\",\"inLanguage\":\"ga-IE\",\"@id\":\"https:\\\/\\\/www.oidhreacht.ie\\\/ga\\\/#\\\/schema\\\/logo\\\/image\\\/\",\"url\":\"https:\\\/\\\/www.oidhreacht.ie\\\/wp-content\\\/uploads\\\/2020\\\/02\\\/oidhreacht-logo-1.png\",\"contentUrl\":\"https:\\\/\\\/www.oidhreacht.ie\\\/wp-content\\\/uploads\\\/2020\\\/02\\\/oidhreacht-logo-1.png\",\"width\":300,\"height\":100,\"caption\":\"Oidhreacht Chorca Dhuibhne\"},\"image\":{\"@id\":\"https:\\\/\\\/www.oidhreacht.ie\\\/ga\\\/#\\\/schema\\\/logo\\\/image\\\/\"},\"sameAs\":[\"https:\\\/\\\/www.facebook.com\\\/oidhreachtcd\\\/\",\"https:\\\/\\\/www.instagram.com\\\/oidhreacht_chorca_dhuibhne\\\/\"]}]}<\/script>\n<!-- \/ Yoast SEO plugin. -->","yoast_head_json":{"title":"Sc\u00e9il\u00edn \u00f3 Bh\u00e9il\u00edn Sc\u00e9alta Traidisi\u00fanta don Aos \u00d3g 12 Sc\u00e9al ar Dhl\u00fathdhiosca & Tionlacan Ceoil (2003) - Oidhreacht Chorca Dhuibhne","robots":{"index":"index","follow":"follow","max-snippet":"max-snippet:-1","max-image-preview":"max-image-preview:large","max-video-preview":"max-video-preview:-1"},"canonical":"https:\/\/www.oidhreacht.ie\/ga\/product\/sceilin-o-bheilin-scealta-traidisiunta-don-aos-og-12-sceal-ar-dhluthdhiosca-tionlacan-ceoil-2003\/","og_locale":"ga_IE","og_type":"article","og_title":"Sc\u00e9il\u00edn \u00f3 Bh\u00e9il\u00edn Sc\u00e9alta Traidisi\u00fanta don Aos \u00d3g 12 Sc\u00e9al ar Dhl\u00fathdhiosca & Tionlacan Ceoil (2003) - Oidhreacht Chorca Dhuibhne","og_description":"Roibeard \u00d3 Cathasaigh a sti\u00faraigh is a chuir in eagar. ISBN 0-906096-10-3  As cl\u00f3 \/\u00a0Out of Print  Oidhreacht Chorca Dhuibhne i gcomhar leis: An tAonad Forbartha Curaclaim, Col\u00e1iste Mhuire Gan Sm\u00e1l, Ollscoil Luimnigh, Luimneach.  Sc\u00e9alta \u00f3n dtraidisi\u00fan b\u00e9il don aos \u00f3g \u00e1 n-insint ag tr\u00ed ghl\u00fain de mhuintir Ghaeltacht Chorca Dhuibhne at\u00e1 ar an CD sa leabhar seo agus tionlacan ceoil ag gabh\u00e1il leo. T\u00e1 roinnt de mh\u00f3rsc\u00e9alta Chorca Dhuibhne ar n\u00f3s An D\u00e1 Chruit\u00edneach, Naomh Cu\u00e1n agus an Phiast agus Cathair Conraoi ann. T\u00e1 gluais is n\u00f3ta\u00ed ar ch\u00falra na sc\u00e9alta ann maraon le maisi\u00fa ildaite le D\u00f3mhnal \u00d3 Bric, chomh maith le modheola\u00edocht na sc\u00e9alt\u00f3ireachta don aos \u00f3g. T\u00e1 guth an sc\u00e9alt\u00f3ra thraidisi\u00fanta \u00f3 Dh\u00fan Chaoin, C\u00e1it \u2018an Bhab\u2019 Feirit\u00e9ar le clos ar s\u00e9 cinn desna rianta agus is \u00e9 an ceolt\u00f3ir cl\u00faiteach Stiof\u00e1n \u00d3 Cuanaigh an l\u00e9iritheoir ceoil. T\u00e1 poirt de chuid an bhailitheora cheoil James Goodman le clos ar feadh na huaire, le cead \u00f3 Chol\u00e1iste na Trion\u00f3ide. Traditional and well known stories for younger listeners, set to music and narrated by three generations of storytellers from Corca Dhuibhne or the Dingle Peninsula. Highlights include the voice of C\u00e1it \u2018an Bhab\u2019 Feirit\u00e9ar, the noted storyteller from D\u00fan Chaoin, Co. Kerry and tunes from the collection of James Goodman The CD and illustrated text of stories is accompanied by a glossary, background and teachers\u2019 notes.","og_url":"https:\/\/www.oidhreacht.ie\/ga\/product\/sceilin-o-bheilin-scealta-traidisiunta-don-aos-og-12-sceal-ar-dhluthdhiosca-tionlacan-ceoil-2003\/","og_site_name":"Oidhreacht Chorca Dhuibhne","article_publisher":"https:\/\/www.facebook.com\/oidhreachtcd\/","og_image":[{"width":256,"height":364,"url":"https:\/\/www.oidhreacht.ie\/wp-content\/uploads\/2020\/03\/112416z1sceilin.jpg","type":"image\/jpeg"}],"twitter_card":"summary_large_image","schema":{"@context":"https:\/\/schema.org","@graph":[{"@type":"WebPage","@id":"https:\/\/www.oidhreacht.ie\/ga\/product\/sceilin-o-bheilin-scealta-traidisiunta-don-aos-og-12-sceal-ar-dhluthdhiosca-tionlacan-ceoil-2003\/","url":"https:\/\/www.oidhreacht.ie\/ga\/product\/sceilin-o-bheilin-scealta-traidisiunta-don-aos-og-12-sceal-ar-dhluthdhiosca-tionlacan-ceoil-2003\/","name":"Sc\u00e9il\u00edn \u00f3 Bh\u00e9il\u00edn Sc\u00e9alta Traidisi\u00fanta don Aos \u00d3g 12 Sc\u00e9al ar Dhl\u00fathdhiosca & Tionlacan Ceoil (2003) - Oidhreacht Chorca Dhuibhne","isPartOf":{"@id":"https:\/\/www.oidhreacht.ie\/ga\/#website"},"primaryImageOfPage":{"@id":"https:\/\/www.oidhreacht.ie\/ga\/product\/sceilin-o-bheilin-scealta-traidisiunta-don-aos-og-12-sceal-ar-dhluthdhiosca-tionlacan-ceoil-2003\/#primaryimage"},"image":{"@id":"https:\/\/www.oidhreacht.ie\/ga\/product\/sceilin-o-bheilin-scealta-traidisiunta-don-aos-og-12-sceal-ar-dhluthdhiosca-tionlacan-ceoil-2003\/#primaryimage"},"thumbnailUrl":"https:\/\/www.oidhreacht.ie\/wp-content\/uploads\/2020\/03\/112416z1sceilin.jpg","datePublished":"2020-03-24T21:13:04+00:00","breadcrumb":{"@id":"https:\/\/www.oidhreacht.ie\/ga\/product\/sceilin-o-bheilin-scealta-traidisiunta-don-aos-og-12-sceal-ar-dhluthdhiosca-tionlacan-ceoil-2003\/#breadcrumb"},"inLanguage":"ga-IE","potentialAction":[{"@type":"ReadAction","target":["https:\/\/www.oidhreacht.ie\/ga\/product\/sceilin-o-bheilin-scealta-traidisiunta-don-aos-og-12-sceal-ar-dhluthdhiosca-tionlacan-ceoil-2003\/"]}]},{"@type":"ImageObject","inLanguage":"ga-IE","@id":"https:\/\/www.oidhreacht.ie\/ga\/product\/sceilin-o-bheilin-scealta-traidisiunta-don-aos-og-12-sceal-ar-dhluthdhiosca-tionlacan-ceoil-2003\/#primaryimage","url":"https:\/\/www.oidhreacht.ie\/wp-content\/uploads\/2020\/03\/112416z1sceilin.jpg","contentUrl":"https:\/\/www.oidhreacht.ie\/wp-content\/uploads\/2020\/03\/112416z1sceilin.jpg","width":256,"height":364,"caption":"Sc\u00e9il\u00edn \u00f3 Bh\u00e9il\u00edn Sc\u00e9alta Traidisi\u00fanta don Aos \u00d3g 12 Sc\u00e9al ar Dhl\u00fathdhiosca & Tionlacan Ceoil (2003)"},{"@type":"BreadcrumbList","@id":"https:\/\/www.oidhreacht.ie\/ga\/product\/sceilin-o-bheilin-scealta-traidisiunta-don-aos-og-12-sceal-ar-dhluthdhiosca-tionlacan-ceoil-2003\/#breadcrumb","itemListElement":[{"@type":"ListItem","position":1,"name":"Home","item":"https:\/\/www.oidhreacht.ie\/ga\/"},{"@type":"ListItem","position":2,"name":"Shop","item":"https:\/\/www.oidhreacht.ie\/ga\/shop-2\/"},{"@type":"ListItem","position":3,"name":"Sc\u00e9il\u00edn \u00f3 Bh\u00e9il\u00edn Sc\u00e9alta Traidisi\u00fanta don Aos \u00d3g 12 Sc\u00e9al ar Dhl\u00fathdhiosca &#038; Tionlacan Ceoil (2003)"}]},{"@type":"WebSite","@id":"https:\/\/www.oidhreacht.ie\/ga\/#website","url":"https:\/\/www.oidhreacht.ie\/ga\/","name":"Oidhreacht Chorca Dhuibhne","description":"Irish Language Courses on the Dingle Peninsula","publisher":{"@id":"https:\/\/www.oidhreacht.ie\/ga\/#organization"},"potentialAction":[{"@type":"SearchAction","target":{"@type":"EntryPoint","urlTemplate":"https:\/\/www.oidhreacht.ie\/ga\/?s={search_term_string}"},"query-input":{"@type":"PropertyValueSpecification","valueRequired":true,"valueName":"search_term_string"}}],"inLanguage":"ga-IE"},{"@type":"Organization","@id":"https:\/\/www.oidhreacht.ie\/ga\/#organization","name":"Oidhreacht Chorca Dhuibhne","url":"https:\/\/www.oidhreacht.ie\/ga\/","logo":{"@type":"ImageObject","inLanguage":"ga-IE","@id":"https:\/\/www.oidhreacht.ie\/ga\/#\/schema\/logo\/image\/","url":"https:\/\/www.oidhreacht.ie\/wp-content\/uploads\/2020\/02\/oidhreacht-logo-1.png","contentUrl":"https:\/\/www.oidhreacht.ie\/wp-content\/uploads\/2020\/02\/oidhreacht-logo-1.png","width":300,"height":100,"caption":"Oidhreacht Chorca Dhuibhne"},"image":{"@id":"https:\/\/www.oidhreacht.ie\/ga\/#\/schema\/logo\/image\/"},"sameAs":["https:\/\/www.facebook.com\/oidhreachtcd\/","https:\/\/www.instagram.com\/oidhreacht_chorca_dhuibhne\/"]}]}},"_links":{"self":[{"href":"https:\/\/www.oidhreacht.ie\/ga\/wp-json\/wp\/v2\/product\/241","targetHints":{"allow":["GET"]}}],"collection":[{"href":"https:\/\/www.oidhreacht.ie\/ga\/wp-json\/wp\/v2\/product"}],"about":[{"href":"https:\/\/www.oidhreacht.ie\/ga\/wp-json\/wp\/v2\/types\/product"}],"wp:featuredmedia":[{"embeddable":true,"href":"https:\/\/www.oidhreacht.ie\/ga\/wp-json\/wp\/v2\/media\/210"}],"wp:attachment":[{"href":"https:\/\/www.oidhreacht.ie\/ga\/wp-json\/wp\/v2\/media?parent=241"}],"wp:term":[{"taxonomy":"product_brand","embeddable":true,"href":"https:\/\/www.oidhreacht.ie\/ga\/wp-json\/wp\/v2\/product_brand?post=241"},{"taxonomy":"product_cat","embeddable":true,"href":"https:\/\/www.oidhreacht.ie\/ga\/wp-json\/wp\/v2\/product_cat?post=241"},{"taxonomy":"product_tag","embeddable":true,"href":"https:\/\/www.oidhreacht.ie\/ga\/wp-json\/wp\/v2\/product_tag?post=241"}],"curies":[{"name":"wp","href":"https:\/\/api.w.org\/{rel}","templated":true}]}}