{"id":243,"date":"2020-03-24T21:19:59","date_gmt":"2020-03-24T21:19:59","guid":{"rendered":"http:\/\/www.oidhreacht.ie\/product\/bun-an-bhaile-amhrain-on-mblascaod-songs-from-the-blasket-island-2003\/"},"modified":"2024-09-22T00:00:07","modified_gmt":"2024-09-22T00:00:07","slug":"bun-an-bhaile-amhrain-on-mblascaod-songs-from-the-blasket-island-2003","status":"publish","type":"product","link":"https:\/\/www.oidhreacht.ie\/ga\/product\/bun-an-bhaile-amhrain-on-mblascaod-songs-from-the-blasket-island-2003\/","title":{"rendered":"Bun an Bhaile  Amhr\u00e1in \u00f3n mBlascaod Songs from the Blasket Island (2003)"},"content":{"rendered":"","protected":false},"excerpt":{"rendered":"<p><strong>Amhr\u00e1in le M\u00e1ir\u00e9ad Mhic Dhonncha<\/strong><\/p>\n<p>ISBN 0-90609 013-8<\/p>\n<p>Amhr\u00e1in \u00f3n mBlascaod M\u00f3r \u00e1 gcanadh ag M\u00e1ir\u00e9ad Mhic Dhonncha \u00f3 Bhaile Reo, Corca Dhuibhne agus R\u00e1th Chairn agus gur \u00f3n mBlascaod M\u00f3r i gCorca Dhuibhne, Co. Chiarra\u00ed a muintir.<\/p>\n<p><em>Songs from the Great Blasket Island off West Kerry, sung by M\u00e1ir\u00e9ad Mhic Dhonncha from R\u00e1th Chairn, Co. Meath and originally from the Dingle Peninsula,\u00a0<\/em>Corca Dhuibhne<em>\u00a0and whose ancestors came from the Great Blasket Island in Co. Kerry.<\/em><\/p>\n","protected":false},"featured_media":198,"template":"","meta":{"_acf_changed":false,"ocean_post_layout":"","ocean_both_sidebars_style":"","ocean_both_sidebars_content_width":0,"ocean_both_sidebars_sidebars_width":0,"ocean_sidebar":"0","ocean_second_sidebar":"0","ocean_disable_margins":"enable","ocean_add_body_class":"","ocean_shortcode_before_top_bar":"","ocean_shortcode_after_top_bar":"","ocean_shortcode_before_header":"","ocean_shortcode_after_header":"","ocean_has_shortcode":"","ocean_shortcode_after_title":"","ocean_shortcode_before_footer_widgets":"","ocean_shortcode_after_footer_widgets":"","ocean_shortcode_before_footer_bottom":"","ocean_shortcode_after_footer_bottom":"","ocean_display_top_bar":"default","ocean_display_header":"default","ocean_header_style":"","ocean_center_header_left_menu":"0","ocean_custom_header_template":"0","ocean_custom_logo":0,"ocean_custom_retina_logo":0,"ocean_custom_logo_max_width":0,"ocean_custom_logo_tablet_max_width":0,"ocean_custom_logo_mobile_max_width":0,"ocean_custom_logo_max_height":0,"ocean_custom_logo_tablet_max_height":0,"ocean_custom_logo_mobile_max_height":0,"ocean_header_custom_menu":"0","ocean_menu_typo_font_family":"0","ocean_menu_typo_font_subset":"","ocean_menu_typo_font_size":0,"ocean_menu_typo_font_size_tablet":0,"ocean_menu_typo_font_size_mobile":0,"ocean_menu_typo_font_size_unit":"px","ocean_menu_typo_font_weight":"","ocean_menu_typo_font_weight_tablet":"","ocean_menu_typo_font_weight_mobile":"","ocean_menu_typo_transform":"","ocean_menu_typo_transform_tablet":"","ocean_menu_typo_transform_mobile":"","ocean_menu_typo_line_height":0,"ocean_menu_typo_line_height_tablet":0,"ocean_menu_typo_line_height_mobile":0,"ocean_menu_typo_line_height_unit":"","ocean_menu_typo_spacing":0,"ocean_menu_typo_spacing_tablet":0,"ocean_menu_typo_spacing_mobile":0,"ocean_menu_typo_spacing_unit":"","ocean_menu_link_color":"","ocean_menu_link_color_hover":"","ocean_menu_link_color_active":"","ocean_menu_link_background":"","ocean_menu_link_hover_background":"","ocean_menu_link_active_background":"","ocean_menu_social_links_bg":"","ocean_menu_social_hover_links_bg":"","ocean_menu_social_links_color":"","ocean_menu_social_hover_links_color":"","ocean_disable_title":"default","ocean_disable_heading":"default","ocean_post_title":"","ocean_post_subheading":"","ocean_post_title_style":"","ocean_post_title_background_color":"","ocean_post_title_background":0,"ocean_post_title_bg_image_position":"","ocean_post_title_bg_image_attachment":"","ocean_post_title_bg_image_repeat":"","ocean_post_title_bg_image_size":"","ocean_post_title_height":0,"ocean_post_title_bg_overlay":0.5,"ocean_post_title_bg_overlay_color":"","ocean_disable_breadcrumbs":"default","ocean_breadcrumbs_color":"","ocean_breadcrumbs_separator_color":"","ocean_breadcrumbs_links_color":"","ocean_breadcrumbs_links_hover_color":"","ocean_display_footer_widgets":"default","ocean_display_footer_bottom":"default","ocean_custom_footer_template":"0"},"product_brand":[],"product_cat":[25],"product_tag":[],"class_list":{"0":"post-243","1":"product","2":"type-product","3":"status-publish","4":"has-post-thumbnail","6":"product_cat-foilseachain","7":"product_shipping_class-suas-go-a5-doimhneacht-faoibhun5mm","9":"entry","10":"has-media","12":"first","13":"instock","14":"shipping-taxable","15":"purchasable","16":"product-type-simple","17":"has-product-nav","18":"col","19":"span_1_of_4","20":"owp-content-center","21":"owp-thumbs-layout-horizontal","22":"owp-btn-normal","23":"owp-tabs-layout-horizontal","24":"has-no-thumbnails"},"acf":[],"yoast_head":"<!-- This site is optimized with the Yoast SEO plugin v27.6 - https:\/\/yoast.com\/product\/yoast-seo-wordpress\/ -->\n<title>Bun an Bhaile Amhr\u00e1in \u00f3n mBlascaod Songs from the Blasket Island (2003) - Oidhreacht Chorca Dhuibhne<\/title>\n<meta name=\"robots\" content=\"index, follow, max-snippet:-1, max-image-preview:large, max-video-preview:-1\" \/>\n<link rel=\"canonical\" href=\"https:\/\/www.oidhreacht.ie\/ga\/product\/bun-an-bhaile-amhrain-on-mblascaod-songs-from-the-blasket-island-2003\/\" \/>\n<meta property=\"og:locale\" content=\"ga_IE\" \/>\n<meta property=\"og:type\" content=\"article\" \/>\n<meta property=\"og:title\" content=\"Bun an Bhaile Amhr\u00e1in \u00f3n mBlascaod Songs from the Blasket Island (2003) - Oidhreacht Chorca Dhuibhne\" \/>\n<meta property=\"og:description\" content=\"Amhr\u00e1in le M\u00e1ir\u00e9ad Mhic Dhonncha  ISBN 0-90609 013-8  Amhr\u00e1in \u00f3n mBlascaod M\u00f3r \u00e1 gcanadh ag M\u00e1ir\u00e9ad Mhic Dhonncha \u00f3 Bhaile Reo, Corca Dhuibhne agus R\u00e1th Chairn agus gur \u00f3n mBlascaod M\u00f3r i gCorca Dhuibhne, Co. Chiarra\u00ed a muintir.  Songs from the Great Blasket Island off West Kerry, sung by M\u00e1ir\u00e9ad Mhic Dhonncha from R\u00e1th Chairn, Co. Meath and originally from the Dingle Peninsula,\u00a0Corca Dhuibhne\u00a0and whose ancestors came from the Great Blasket Island in Co. Kerry.\" \/>\n<meta property=\"og:url\" content=\"https:\/\/www.oidhreacht.ie\/ga\/product\/bun-an-bhaile-amhrain-on-mblascaod-songs-from-the-blasket-island-2003\/\" \/>\n<meta property=\"og:site_name\" content=\"Oidhreacht Chorca Dhuibhne\" \/>\n<meta property=\"article:publisher\" content=\"https:\/\/www.facebook.com\/oidhreachtcd\/\" \/>\n<meta property=\"article:modified_time\" content=\"2024-09-22T00:00:07+00:00\" \/>\n<meta property=\"og:image\" content=\"https:\/\/www.oidhreacht.ie\/wp-content\/uploads\/2020\/03\/112416b4bun-an-bhaile.jpg\" \/>\n\t<meta property=\"og:image:width\" content=\"256\" \/>\n\t<meta property=\"og:image:height\" content=\"364\" \/>\n\t<meta property=\"og:image:type\" content=\"image\/jpeg\" \/>\n<meta name=\"twitter:card\" content=\"summary_large_image\" \/>\n<script type=\"application\/ld+json\" class=\"yoast-schema-graph\">{\"@context\":\"https:\\\/\\\/schema.org\",\"@graph\":[{\"@type\":\"WebPage\",\"@id\":\"https:\\\/\\\/www.oidhreacht.ie\\\/ga\\\/product\\\/bun-an-bhaile-amhrain-on-mblascaod-songs-from-the-blasket-island-2003\\\/\",\"url\":\"https:\\\/\\\/www.oidhreacht.ie\\\/ga\\\/product\\\/bun-an-bhaile-amhrain-on-mblascaod-songs-from-the-blasket-island-2003\\\/\",\"name\":\"Bun an Bhaile Amhr\u00e1in \u00f3n mBlascaod Songs from the Blasket Island (2003) - Oidhreacht Chorca Dhuibhne\",\"isPartOf\":{\"@id\":\"https:\\\/\\\/www.oidhreacht.ie\\\/ga\\\/#website\"},\"primaryImageOfPage\":{\"@id\":\"https:\\\/\\\/www.oidhreacht.ie\\\/ga\\\/product\\\/bun-an-bhaile-amhrain-on-mblascaod-songs-from-the-blasket-island-2003\\\/#primaryimage\"},\"image\":{\"@id\":\"https:\\\/\\\/www.oidhreacht.ie\\\/ga\\\/product\\\/bun-an-bhaile-amhrain-on-mblascaod-songs-from-the-blasket-island-2003\\\/#primaryimage\"},\"thumbnailUrl\":\"https:\\\/\\\/www.oidhreacht.ie\\\/wp-content\\\/uploads\\\/2020\\\/03\\\/112416b4bun-an-bhaile.jpg\",\"datePublished\":\"2020-03-24T21:19:59+00:00\",\"dateModified\":\"2024-09-22T00:00:07+00:00\",\"breadcrumb\":{\"@id\":\"https:\\\/\\\/www.oidhreacht.ie\\\/ga\\\/product\\\/bun-an-bhaile-amhrain-on-mblascaod-songs-from-the-blasket-island-2003\\\/#breadcrumb\"},\"inLanguage\":\"ga-IE\",\"potentialAction\":[{\"@type\":\"ReadAction\",\"target\":[\"https:\\\/\\\/www.oidhreacht.ie\\\/ga\\\/product\\\/bun-an-bhaile-amhrain-on-mblascaod-songs-from-the-blasket-island-2003\\\/\"]}]},{\"@type\":\"ImageObject\",\"inLanguage\":\"ga-IE\",\"@id\":\"https:\\\/\\\/www.oidhreacht.ie\\\/ga\\\/product\\\/bun-an-bhaile-amhrain-on-mblascaod-songs-from-the-blasket-island-2003\\\/#primaryimage\",\"url\":\"https:\\\/\\\/www.oidhreacht.ie\\\/wp-content\\\/uploads\\\/2020\\\/03\\\/112416b4bun-an-bhaile.jpg\",\"contentUrl\":\"https:\\\/\\\/www.oidhreacht.ie\\\/wp-content\\\/uploads\\\/2020\\\/03\\\/112416b4bun-an-bhaile.jpg\",\"width\":256,\"height\":364,\"caption\":\"Bun an Bhaile Amhr\u00e1in \u00f3n mBlascaod Songs from the Blasket Island (2003)\"},{\"@type\":\"BreadcrumbList\",\"@id\":\"https:\\\/\\\/www.oidhreacht.ie\\\/ga\\\/product\\\/bun-an-bhaile-amhrain-on-mblascaod-songs-from-the-blasket-island-2003\\\/#breadcrumb\",\"itemListElement\":[{\"@type\":\"ListItem\",\"position\":1,\"name\":\"Home\",\"item\":\"https:\\\/\\\/www.oidhreacht.ie\\\/ga\\\/\"},{\"@type\":\"ListItem\",\"position\":2,\"name\":\"Shop\",\"item\":\"https:\\\/\\\/www.oidhreacht.ie\\\/ga\\\/shop-2\\\/\"},{\"@type\":\"ListItem\",\"position\":3,\"name\":\"Bun an Bhaile Amhr\u00e1in \u00f3n mBlascaod Songs from the Blasket Island (2003)\"}]},{\"@type\":\"WebSite\",\"@id\":\"https:\\\/\\\/www.oidhreacht.ie\\\/ga\\\/#website\",\"url\":\"https:\\\/\\\/www.oidhreacht.ie\\\/ga\\\/\",\"name\":\"Oidhreacht Chorca Dhuibhne\",\"description\":\"Irish Language Courses on the Dingle Peninsula\",\"publisher\":{\"@id\":\"https:\\\/\\\/www.oidhreacht.ie\\\/ga\\\/#organization\"},\"potentialAction\":[{\"@type\":\"SearchAction\",\"target\":{\"@type\":\"EntryPoint\",\"urlTemplate\":\"https:\\\/\\\/www.oidhreacht.ie\\\/ga\\\/?s={search_term_string}\"},\"query-input\":{\"@type\":\"PropertyValueSpecification\",\"valueRequired\":true,\"valueName\":\"search_term_string\"}}],\"inLanguage\":\"ga-IE\"},{\"@type\":\"Organization\",\"@id\":\"https:\\\/\\\/www.oidhreacht.ie\\\/ga\\\/#organization\",\"name\":\"Oidhreacht Chorca Dhuibhne\",\"url\":\"https:\\\/\\\/www.oidhreacht.ie\\\/ga\\\/\",\"logo\":{\"@type\":\"ImageObject\",\"inLanguage\":\"ga-IE\",\"@id\":\"https:\\\/\\\/www.oidhreacht.ie\\\/ga\\\/#\\\/schema\\\/logo\\\/image\\\/\",\"url\":\"https:\\\/\\\/www.oidhreacht.ie\\\/wp-content\\\/uploads\\\/2020\\\/02\\\/oidhreacht-logo-1.png\",\"contentUrl\":\"https:\\\/\\\/www.oidhreacht.ie\\\/wp-content\\\/uploads\\\/2020\\\/02\\\/oidhreacht-logo-1.png\",\"width\":300,\"height\":100,\"caption\":\"Oidhreacht Chorca Dhuibhne\"},\"image\":{\"@id\":\"https:\\\/\\\/www.oidhreacht.ie\\\/ga\\\/#\\\/schema\\\/logo\\\/image\\\/\"},\"sameAs\":[\"https:\\\/\\\/www.facebook.com\\\/oidhreachtcd\\\/\",\"https:\\\/\\\/www.instagram.com\\\/oidhreacht_chorca_dhuibhne\\\/\"]}]}<\/script>\n<!-- \/ Yoast SEO plugin. -->","yoast_head_json":{"title":"Bun an Bhaile Amhr\u00e1in \u00f3n mBlascaod Songs from the Blasket Island (2003) - Oidhreacht Chorca Dhuibhne","robots":{"index":"index","follow":"follow","max-snippet":"max-snippet:-1","max-image-preview":"max-image-preview:large","max-video-preview":"max-video-preview:-1"},"canonical":"https:\/\/www.oidhreacht.ie\/ga\/product\/bun-an-bhaile-amhrain-on-mblascaod-songs-from-the-blasket-island-2003\/","og_locale":"ga_IE","og_type":"article","og_title":"Bun an Bhaile Amhr\u00e1in \u00f3n mBlascaod Songs from the Blasket Island (2003) - Oidhreacht Chorca Dhuibhne","og_description":"Amhr\u00e1in le M\u00e1ir\u00e9ad Mhic Dhonncha  ISBN 0-90609 013-8  Amhr\u00e1in \u00f3n mBlascaod M\u00f3r \u00e1 gcanadh ag M\u00e1ir\u00e9ad Mhic Dhonncha \u00f3 Bhaile Reo, Corca Dhuibhne agus R\u00e1th Chairn agus gur \u00f3n mBlascaod M\u00f3r i gCorca Dhuibhne, Co. Chiarra\u00ed a muintir.  Songs from the Great Blasket Island off West Kerry, sung by M\u00e1ir\u00e9ad Mhic Dhonncha from R\u00e1th Chairn, Co. Meath and originally from the Dingle Peninsula,\u00a0Corca Dhuibhne\u00a0and whose ancestors came from the Great Blasket Island in Co. Kerry.","og_url":"https:\/\/www.oidhreacht.ie\/ga\/product\/bun-an-bhaile-amhrain-on-mblascaod-songs-from-the-blasket-island-2003\/","og_site_name":"Oidhreacht Chorca Dhuibhne","article_publisher":"https:\/\/www.facebook.com\/oidhreachtcd\/","article_modified_time":"2024-09-22T00:00:07+00:00","og_image":[{"width":256,"height":364,"url":"https:\/\/www.oidhreacht.ie\/wp-content\/uploads\/2020\/03\/112416b4bun-an-bhaile.jpg","type":"image\/jpeg"}],"twitter_card":"summary_large_image","schema":{"@context":"https:\/\/schema.org","@graph":[{"@type":"WebPage","@id":"https:\/\/www.oidhreacht.ie\/ga\/product\/bun-an-bhaile-amhrain-on-mblascaod-songs-from-the-blasket-island-2003\/","url":"https:\/\/www.oidhreacht.ie\/ga\/product\/bun-an-bhaile-amhrain-on-mblascaod-songs-from-the-blasket-island-2003\/","name":"Bun an Bhaile Amhr\u00e1in \u00f3n mBlascaod Songs from the Blasket Island (2003) - Oidhreacht Chorca Dhuibhne","isPartOf":{"@id":"https:\/\/www.oidhreacht.ie\/ga\/#website"},"primaryImageOfPage":{"@id":"https:\/\/www.oidhreacht.ie\/ga\/product\/bun-an-bhaile-amhrain-on-mblascaod-songs-from-the-blasket-island-2003\/#primaryimage"},"image":{"@id":"https:\/\/www.oidhreacht.ie\/ga\/product\/bun-an-bhaile-amhrain-on-mblascaod-songs-from-the-blasket-island-2003\/#primaryimage"},"thumbnailUrl":"https:\/\/www.oidhreacht.ie\/wp-content\/uploads\/2020\/03\/112416b4bun-an-bhaile.jpg","datePublished":"2020-03-24T21:19:59+00:00","dateModified":"2024-09-22T00:00:07+00:00","breadcrumb":{"@id":"https:\/\/www.oidhreacht.ie\/ga\/product\/bun-an-bhaile-amhrain-on-mblascaod-songs-from-the-blasket-island-2003\/#breadcrumb"},"inLanguage":"ga-IE","potentialAction":[{"@type":"ReadAction","target":["https:\/\/www.oidhreacht.ie\/ga\/product\/bun-an-bhaile-amhrain-on-mblascaod-songs-from-the-blasket-island-2003\/"]}]},{"@type":"ImageObject","inLanguage":"ga-IE","@id":"https:\/\/www.oidhreacht.ie\/ga\/product\/bun-an-bhaile-amhrain-on-mblascaod-songs-from-the-blasket-island-2003\/#primaryimage","url":"https:\/\/www.oidhreacht.ie\/wp-content\/uploads\/2020\/03\/112416b4bun-an-bhaile.jpg","contentUrl":"https:\/\/www.oidhreacht.ie\/wp-content\/uploads\/2020\/03\/112416b4bun-an-bhaile.jpg","width":256,"height":364,"caption":"Bun an Bhaile Amhr\u00e1in \u00f3n mBlascaod Songs from the Blasket Island (2003)"},{"@type":"BreadcrumbList","@id":"https:\/\/www.oidhreacht.ie\/ga\/product\/bun-an-bhaile-amhrain-on-mblascaod-songs-from-the-blasket-island-2003\/#breadcrumb","itemListElement":[{"@type":"ListItem","position":1,"name":"Home","item":"https:\/\/www.oidhreacht.ie\/ga\/"},{"@type":"ListItem","position":2,"name":"Shop","item":"https:\/\/www.oidhreacht.ie\/ga\/shop-2\/"},{"@type":"ListItem","position":3,"name":"Bun an Bhaile Amhr\u00e1in \u00f3n mBlascaod Songs from the Blasket Island (2003)"}]},{"@type":"WebSite","@id":"https:\/\/www.oidhreacht.ie\/ga\/#website","url":"https:\/\/www.oidhreacht.ie\/ga\/","name":"Oidhreacht Chorca Dhuibhne","description":"Irish Language Courses on the Dingle Peninsula","publisher":{"@id":"https:\/\/www.oidhreacht.ie\/ga\/#organization"},"potentialAction":[{"@type":"SearchAction","target":{"@type":"EntryPoint","urlTemplate":"https:\/\/www.oidhreacht.ie\/ga\/?s={search_term_string}"},"query-input":{"@type":"PropertyValueSpecification","valueRequired":true,"valueName":"search_term_string"}}],"inLanguage":"ga-IE"},{"@type":"Organization","@id":"https:\/\/www.oidhreacht.ie\/ga\/#organization","name":"Oidhreacht Chorca Dhuibhne","url":"https:\/\/www.oidhreacht.ie\/ga\/","logo":{"@type":"ImageObject","inLanguage":"ga-IE","@id":"https:\/\/www.oidhreacht.ie\/ga\/#\/schema\/logo\/image\/","url":"https:\/\/www.oidhreacht.ie\/wp-content\/uploads\/2020\/02\/oidhreacht-logo-1.png","contentUrl":"https:\/\/www.oidhreacht.ie\/wp-content\/uploads\/2020\/02\/oidhreacht-logo-1.png","width":300,"height":100,"caption":"Oidhreacht Chorca Dhuibhne"},"image":{"@id":"https:\/\/www.oidhreacht.ie\/ga\/#\/schema\/logo\/image\/"},"sameAs":["https:\/\/www.facebook.com\/oidhreachtcd\/","https:\/\/www.instagram.com\/oidhreacht_chorca_dhuibhne\/"]}]}},"_links":{"self":[{"href":"https:\/\/www.oidhreacht.ie\/ga\/wp-json\/wp\/v2\/product\/243","targetHints":{"allow":["GET"]}}],"collection":[{"href":"https:\/\/www.oidhreacht.ie\/ga\/wp-json\/wp\/v2\/product"}],"about":[{"href":"https:\/\/www.oidhreacht.ie\/ga\/wp-json\/wp\/v2\/types\/product"}],"wp:featuredmedia":[{"embeddable":true,"href":"https:\/\/www.oidhreacht.ie\/ga\/wp-json\/wp\/v2\/media\/198"}],"wp:attachment":[{"href":"https:\/\/www.oidhreacht.ie\/ga\/wp-json\/wp\/v2\/media?parent=243"}],"wp:term":[{"taxonomy":"product_brand","embeddable":true,"href":"https:\/\/www.oidhreacht.ie\/ga\/wp-json\/wp\/v2\/product_brand?post=243"},{"taxonomy":"product_cat","embeddable":true,"href":"https:\/\/www.oidhreacht.ie\/ga\/wp-json\/wp\/v2\/product_cat?post=243"},{"taxonomy":"product_tag","embeddable":true,"href":"https:\/\/www.oidhreacht.ie\/ga\/wp-json\/wp\/v2\/product_tag?post=243"}],"curies":[{"name":"wp","href":"https:\/\/api.w.org\/{rel}","templated":true}]}}