{"id":254,"date":"2020-03-24T21:53:36","date_gmt":"2020-03-24T21:53:36","guid":{"rendered":"http:\/\/www.oidhreacht.ie\/product\/corca-dhuibhne-a-muintir-agus-a-seadchomharthai-treoir-1997\/"},"modified":"2020-03-24T21:55:11","modified_gmt":"2020-03-24T21:55:11","slug":"corca-dhuibhne-a-muintir-agus-a-seadchomharthai-treoir-1997","status":"publish","type":"product","link":"https:\/\/www.oidhreacht.ie\/ga\/product\/corca-dhuibhne-a-muintir-agus-a-seadchomharthai-treoir-1997\/","title":{"rendered":"Corca Dhuibhne, a muintir agus a s\u00e9adchomhartha\u00ed Treoir (1997)"},"content":{"rendered":"<p><br data-mce-bogus=\"1\"><\/p>\n","protected":false},"excerpt":{"rendered":"<p><strong>Corca Dhuibhne its people and their buildings Guide<\/strong><\/p>\n<p><strong>Doncha \u00d3 Conch\u00fair a ch\u00f3irigh<\/strong><\/p>\n<p>ISBN: 0906096006<\/p>\n<p><em>Corca Dhuibhne its peoples and their buildings<\/em><\/p>\n<p>Treoirleabhar at\u00e1 anseo d\u2019\u00e1itritheoir\u00ed agus do sh\u00e9adchomhartha\u00ed \u00e1rsa Chorca Dhuibhne \u00f3 ch\u00e9adth\u00e1inig daoine chun c\u00f3naithe ann.<\/p>\n<p><em>An Irish Language guidebook to the inhabitants of Corca Dhuibhne or the Dingle Peninsula, from earliest times, and a description of their dwellings<\/em><\/p>\n","protected":false},"featured_media":206,"template":"","meta":{"_acf_changed":false,"ocean_post_layout":"","ocean_both_sidebars_style":"","ocean_both_sidebars_content_width":0,"ocean_both_sidebars_sidebars_width":0,"ocean_sidebar":"0","ocean_second_sidebar":"0","ocean_disable_margins":"enable","ocean_add_body_class":"","ocean_shortcode_before_top_bar":"","ocean_shortcode_after_top_bar":"","ocean_shortcode_before_header":"","ocean_shortcode_after_header":"","ocean_has_shortcode":"","ocean_shortcode_after_title":"","ocean_shortcode_before_footer_widgets":"","ocean_shortcode_after_footer_widgets":"","ocean_shortcode_before_footer_bottom":"","ocean_shortcode_after_footer_bottom":"","ocean_display_top_bar":"default","ocean_display_header":"default","ocean_header_style":"","ocean_center_header_left_menu":"0","ocean_custom_header_template":"0","ocean_custom_logo":0,"ocean_custom_retina_logo":0,"ocean_custom_logo_max_width":0,"ocean_custom_logo_tablet_max_width":0,"ocean_custom_logo_mobile_max_width":0,"ocean_custom_logo_max_height":0,"ocean_custom_logo_tablet_max_height":0,"ocean_custom_logo_mobile_max_height":0,"ocean_header_custom_menu":"0","ocean_menu_typo_font_family":"0","ocean_menu_typo_font_subset":"","ocean_menu_typo_font_size":0,"ocean_menu_typo_font_size_tablet":0,"ocean_menu_typo_font_size_mobile":0,"ocean_menu_typo_font_size_unit":"px","ocean_menu_typo_font_weight":"","ocean_menu_typo_font_weight_tablet":"","ocean_menu_typo_font_weight_mobile":"","ocean_menu_typo_transform":"","ocean_menu_typo_transform_tablet":"","ocean_menu_typo_transform_mobile":"","ocean_menu_typo_line_height":0,"ocean_menu_typo_line_height_tablet":0,"ocean_menu_typo_line_height_mobile":0,"ocean_menu_typo_line_height_unit":"","ocean_menu_typo_spacing":0,"ocean_menu_typo_spacing_tablet":0,"ocean_menu_typo_spacing_mobile":0,"ocean_menu_typo_spacing_unit":"","ocean_menu_link_color":"","ocean_menu_link_color_hover":"","ocean_menu_link_color_active":"","ocean_menu_link_background":"","ocean_menu_link_hover_background":"","ocean_menu_link_active_background":"","ocean_menu_social_links_bg":"","ocean_menu_social_hover_links_bg":"","ocean_menu_social_links_color":"","ocean_menu_social_hover_links_color":"","ocean_disable_title":"default","ocean_disable_heading":"default","ocean_post_title":"","ocean_post_subheading":"","ocean_post_title_style":"","ocean_post_title_background_color":"","ocean_post_title_background":0,"ocean_post_title_bg_image_position":"","ocean_post_title_bg_image_attachment":"","ocean_post_title_bg_image_repeat":"","ocean_post_title_bg_image_size":"","ocean_post_title_height":0,"ocean_post_title_bg_overlay":0.5,"ocean_post_title_bg_overlay_color":"","ocean_disable_breadcrumbs":"default","ocean_breadcrumbs_color":"","ocean_breadcrumbs_separator_color":"","ocean_breadcrumbs_links_color":"","ocean_breadcrumbs_links_hover_color":"","ocean_display_footer_widgets":"default","ocean_display_footer_bottom":"default","ocean_custom_footer_template":"0"},"product_brand":[],"product_cat":[25],"product_tag":[],"class_list":{"0":"post-254","1":"product","2":"type-product","3":"status-publish","4":"has-post-thumbnail","6":"product_cat-foilseachain","8":"entry","9":"has-media","11":"first","12":"outofstock","13":"shipping-taxable","14":"purchasable","15":"product-type-simple","16":"has-product-nav","17":"col","18":"span_1_of_4","19":"owp-content-center","20":"owp-thumbs-layout-horizontal","21":"owp-btn-normal","22":"owp-tabs-layout-horizontal","23":"has-no-thumbnails"},"acf":[],"yoast_head":"<!-- This site is optimized with the Yoast SEO plugin v27.5 - https:\/\/yoast.com\/product\/yoast-seo-wordpress\/ -->\n<title>Corca Dhuibhne, a muintir agus a s\u00e9adchomhartha\u00ed Treoir (1997) - Oidhreacht Chorca Dhuibhne<\/title>\n<meta name=\"robots\" content=\"index, follow, max-snippet:-1, max-image-preview:large, max-video-preview:-1\" \/>\n<link rel=\"canonical\" href=\"https:\/\/www.oidhreacht.ie\/ga\/product\/corca-dhuibhne-a-muintir-agus-a-seadchomharthai-treoir-1997\/\" \/>\n<meta property=\"og:locale\" content=\"ga_IE\" \/>\n<meta property=\"og:type\" content=\"article\" \/>\n<meta property=\"og:title\" content=\"Corca Dhuibhne, a muintir agus a s\u00e9adchomhartha\u00ed Treoir (1997) - Oidhreacht Chorca Dhuibhne\" \/>\n<meta property=\"og:description\" content=\"Corca Dhuibhne its people and their buildings GuideDoncha \u00d3 Conch\u00fair a ch\u00f3irighISBN: 0906096006Corca Dhuibhne its peoples and their buildingsTreoirleabhar at\u00e1 anseo d\u2019\u00e1itritheoir\u00ed agus do sh\u00e9adchomhartha\u00ed \u00e1rsa Chorca Dhuibhne \u00f3 ch\u00e9adth\u00e1inig daoine chun c\u00f3naithe ann.An Irish Language guidebook to the inhabitants of Corca Dhuibhne or the Dingle Peninsula, from earliest times, and a description of their dwellings\" \/>\n<meta property=\"og:url\" content=\"https:\/\/www.oidhreacht.ie\/ga\/product\/corca-dhuibhne-a-muintir-agus-a-seadchomharthai-treoir-1997\/\" \/>\n<meta property=\"og:site_name\" content=\"Oidhreacht Chorca Dhuibhne\" \/>\n<meta property=\"article:publisher\" content=\"https:\/\/www.facebook.com\/oidhreachtcd\/\" \/>\n<meta property=\"article:modified_time\" content=\"2020-03-24T21:55:11+00:00\" \/>\n<meta property=\"og:image\" content=\"https:\/\/www.oidhreacht.ie\/wp-content\/uploads\/2020\/03\/112416wptreoir-guide.jpg\" \/>\n\t<meta property=\"og:image:width\" content=\"256\" \/>\n\t<meta property=\"og:image:height\" content=\"364\" \/>\n\t<meta property=\"og:image:type\" content=\"image\/jpeg\" \/>\n<meta name=\"twitter:card\" content=\"summary_large_image\" \/>\n<script type=\"application\/ld+json\" class=\"yoast-schema-graph\">{\"@context\":\"https:\\\/\\\/schema.org\",\"@graph\":[{\"@type\":\"WebPage\",\"@id\":\"https:\\\/\\\/www.oidhreacht.ie\\\/ga\\\/product\\\/corca-dhuibhne-a-muintir-agus-a-seadchomharthai-treoir-1997\\\/\",\"url\":\"https:\\\/\\\/www.oidhreacht.ie\\\/ga\\\/product\\\/corca-dhuibhne-a-muintir-agus-a-seadchomharthai-treoir-1997\\\/\",\"name\":\"Corca Dhuibhne, a muintir agus a s\u00e9adchomhartha\u00ed Treoir (1997) - Oidhreacht Chorca Dhuibhne\",\"isPartOf\":{\"@id\":\"https:\\\/\\\/www.oidhreacht.ie\\\/ga\\\/#website\"},\"primaryImageOfPage\":{\"@id\":\"https:\\\/\\\/www.oidhreacht.ie\\\/ga\\\/product\\\/corca-dhuibhne-a-muintir-agus-a-seadchomharthai-treoir-1997\\\/#primaryimage\"},\"image\":{\"@id\":\"https:\\\/\\\/www.oidhreacht.ie\\\/ga\\\/product\\\/corca-dhuibhne-a-muintir-agus-a-seadchomharthai-treoir-1997\\\/#primaryimage\"},\"thumbnailUrl\":\"https:\\\/\\\/www.oidhreacht.ie\\\/wp-content\\\/uploads\\\/2020\\\/03\\\/112416wptreoir-guide.jpg\",\"datePublished\":\"2020-03-24T21:53:36+00:00\",\"dateModified\":\"2020-03-24T21:55:11+00:00\",\"breadcrumb\":{\"@id\":\"https:\\\/\\\/www.oidhreacht.ie\\\/ga\\\/product\\\/corca-dhuibhne-a-muintir-agus-a-seadchomharthai-treoir-1997\\\/#breadcrumb\"},\"inLanguage\":\"ga-IE\",\"potentialAction\":[{\"@type\":\"ReadAction\",\"target\":[\"https:\\\/\\\/www.oidhreacht.ie\\\/ga\\\/product\\\/corca-dhuibhne-a-muintir-agus-a-seadchomharthai-treoir-1997\\\/\"]}]},{\"@type\":\"ImageObject\",\"inLanguage\":\"ga-IE\",\"@id\":\"https:\\\/\\\/www.oidhreacht.ie\\\/ga\\\/product\\\/corca-dhuibhne-a-muintir-agus-a-seadchomharthai-treoir-1997\\\/#primaryimage\",\"url\":\"https:\\\/\\\/www.oidhreacht.ie\\\/wp-content\\\/uploads\\\/2020\\\/03\\\/112416wptreoir-guide.jpg\",\"contentUrl\":\"https:\\\/\\\/www.oidhreacht.ie\\\/wp-content\\\/uploads\\\/2020\\\/03\\\/112416wptreoir-guide.jpg\",\"width\":256,\"height\":364,\"caption\":\"Corca Dhuibhne, a muintir agus a s\u00e9adchomhartha\u00ed Treoir (1997)\"},{\"@type\":\"BreadcrumbList\",\"@id\":\"https:\\\/\\\/www.oidhreacht.ie\\\/ga\\\/product\\\/corca-dhuibhne-a-muintir-agus-a-seadchomharthai-treoir-1997\\\/#breadcrumb\",\"itemListElement\":[{\"@type\":\"ListItem\",\"position\":1,\"name\":\"Home\",\"item\":\"https:\\\/\\\/www.oidhreacht.ie\\\/ga\\\/\"},{\"@type\":\"ListItem\",\"position\":2,\"name\":\"Shop\",\"item\":\"https:\\\/\\\/www.oidhreacht.ie\\\/ga\\\/shop-2\\\/\"},{\"@type\":\"ListItem\",\"position\":3,\"name\":\"Corca Dhuibhne, a muintir agus a s\u00e9adchomhartha\u00ed Treoir (1997)\"}]},{\"@type\":\"WebSite\",\"@id\":\"https:\\\/\\\/www.oidhreacht.ie\\\/ga\\\/#website\",\"url\":\"https:\\\/\\\/www.oidhreacht.ie\\\/ga\\\/\",\"name\":\"Oidhreacht Chorca Dhuibhne\",\"description\":\"Irish Language Courses on the Dingle Peninsula\",\"publisher\":{\"@id\":\"https:\\\/\\\/www.oidhreacht.ie\\\/ga\\\/#organization\"},\"potentialAction\":[{\"@type\":\"SearchAction\",\"target\":{\"@type\":\"EntryPoint\",\"urlTemplate\":\"https:\\\/\\\/www.oidhreacht.ie\\\/ga\\\/?s={search_term_string}\"},\"query-input\":{\"@type\":\"PropertyValueSpecification\",\"valueRequired\":true,\"valueName\":\"search_term_string\"}}],\"inLanguage\":\"ga-IE\"},{\"@type\":\"Organization\",\"@id\":\"https:\\\/\\\/www.oidhreacht.ie\\\/ga\\\/#organization\",\"name\":\"Oidhreacht Chorca Dhuibhne\",\"url\":\"https:\\\/\\\/www.oidhreacht.ie\\\/ga\\\/\",\"logo\":{\"@type\":\"ImageObject\",\"inLanguage\":\"ga-IE\",\"@id\":\"https:\\\/\\\/www.oidhreacht.ie\\\/ga\\\/#\\\/schema\\\/logo\\\/image\\\/\",\"url\":\"https:\\\/\\\/www.oidhreacht.ie\\\/wp-content\\\/uploads\\\/2020\\\/02\\\/oidhreacht-logo-1.png\",\"contentUrl\":\"https:\\\/\\\/www.oidhreacht.ie\\\/wp-content\\\/uploads\\\/2020\\\/02\\\/oidhreacht-logo-1.png\",\"width\":300,\"height\":100,\"caption\":\"Oidhreacht Chorca Dhuibhne\"},\"image\":{\"@id\":\"https:\\\/\\\/www.oidhreacht.ie\\\/ga\\\/#\\\/schema\\\/logo\\\/image\\\/\"},\"sameAs\":[\"https:\\\/\\\/www.facebook.com\\\/oidhreachtcd\\\/\",\"https:\\\/\\\/www.instagram.com\\\/oidhreacht_chorca_dhuibhne\\\/\"]}]}<\/script>\n<!-- \/ Yoast SEO plugin. -->","yoast_head_json":{"title":"Corca Dhuibhne, a muintir agus a s\u00e9adchomhartha\u00ed Treoir (1997) - Oidhreacht Chorca Dhuibhne","robots":{"index":"index","follow":"follow","max-snippet":"max-snippet:-1","max-image-preview":"max-image-preview:large","max-video-preview":"max-video-preview:-1"},"canonical":"https:\/\/www.oidhreacht.ie\/ga\/product\/corca-dhuibhne-a-muintir-agus-a-seadchomharthai-treoir-1997\/","og_locale":"ga_IE","og_type":"article","og_title":"Corca Dhuibhne, a muintir agus a s\u00e9adchomhartha\u00ed Treoir (1997) - Oidhreacht Chorca Dhuibhne","og_description":"Corca Dhuibhne its people and their buildings GuideDoncha \u00d3 Conch\u00fair a ch\u00f3irighISBN: 0906096006Corca Dhuibhne its peoples and their buildingsTreoirleabhar at\u00e1 anseo d\u2019\u00e1itritheoir\u00ed agus do sh\u00e9adchomhartha\u00ed \u00e1rsa Chorca Dhuibhne \u00f3 ch\u00e9adth\u00e1inig daoine chun c\u00f3naithe ann.An Irish Language guidebook to the inhabitants of Corca Dhuibhne or the Dingle Peninsula, from earliest times, and a description of their dwellings","og_url":"https:\/\/www.oidhreacht.ie\/ga\/product\/corca-dhuibhne-a-muintir-agus-a-seadchomharthai-treoir-1997\/","og_site_name":"Oidhreacht Chorca Dhuibhne","article_publisher":"https:\/\/www.facebook.com\/oidhreachtcd\/","article_modified_time":"2020-03-24T21:55:11+00:00","og_image":[{"width":256,"height":364,"url":"https:\/\/www.oidhreacht.ie\/wp-content\/uploads\/2020\/03\/112416wptreoir-guide.jpg","type":"image\/jpeg"}],"twitter_card":"summary_large_image","schema":{"@context":"https:\/\/schema.org","@graph":[{"@type":"WebPage","@id":"https:\/\/www.oidhreacht.ie\/ga\/product\/corca-dhuibhne-a-muintir-agus-a-seadchomharthai-treoir-1997\/","url":"https:\/\/www.oidhreacht.ie\/ga\/product\/corca-dhuibhne-a-muintir-agus-a-seadchomharthai-treoir-1997\/","name":"Corca Dhuibhne, a muintir agus a s\u00e9adchomhartha\u00ed Treoir (1997) - Oidhreacht Chorca Dhuibhne","isPartOf":{"@id":"https:\/\/www.oidhreacht.ie\/ga\/#website"},"primaryImageOfPage":{"@id":"https:\/\/www.oidhreacht.ie\/ga\/product\/corca-dhuibhne-a-muintir-agus-a-seadchomharthai-treoir-1997\/#primaryimage"},"image":{"@id":"https:\/\/www.oidhreacht.ie\/ga\/product\/corca-dhuibhne-a-muintir-agus-a-seadchomharthai-treoir-1997\/#primaryimage"},"thumbnailUrl":"https:\/\/www.oidhreacht.ie\/wp-content\/uploads\/2020\/03\/112416wptreoir-guide.jpg","datePublished":"2020-03-24T21:53:36+00:00","dateModified":"2020-03-24T21:55:11+00:00","breadcrumb":{"@id":"https:\/\/www.oidhreacht.ie\/ga\/product\/corca-dhuibhne-a-muintir-agus-a-seadchomharthai-treoir-1997\/#breadcrumb"},"inLanguage":"ga-IE","potentialAction":[{"@type":"ReadAction","target":["https:\/\/www.oidhreacht.ie\/ga\/product\/corca-dhuibhne-a-muintir-agus-a-seadchomharthai-treoir-1997\/"]}]},{"@type":"ImageObject","inLanguage":"ga-IE","@id":"https:\/\/www.oidhreacht.ie\/ga\/product\/corca-dhuibhne-a-muintir-agus-a-seadchomharthai-treoir-1997\/#primaryimage","url":"https:\/\/www.oidhreacht.ie\/wp-content\/uploads\/2020\/03\/112416wptreoir-guide.jpg","contentUrl":"https:\/\/www.oidhreacht.ie\/wp-content\/uploads\/2020\/03\/112416wptreoir-guide.jpg","width":256,"height":364,"caption":"Corca Dhuibhne, a muintir agus a s\u00e9adchomhartha\u00ed Treoir (1997)"},{"@type":"BreadcrumbList","@id":"https:\/\/www.oidhreacht.ie\/ga\/product\/corca-dhuibhne-a-muintir-agus-a-seadchomharthai-treoir-1997\/#breadcrumb","itemListElement":[{"@type":"ListItem","position":1,"name":"Home","item":"https:\/\/www.oidhreacht.ie\/ga\/"},{"@type":"ListItem","position":2,"name":"Shop","item":"https:\/\/www.oidhreacht.ie\/ga\/shop-2\/"},{"@type":"ListItem","position":3,"name":"Corca Dhuibhne, a muintir agus a s\u00e9adchomhartha\u00ed Treoir (1997)"}]},{"@type":"WebSite","@id":"https:\/\/www.oidhreacht.ie\/ga\/#website","url":"https:\/\/www.oidhreacht.ie\/ga\/","name":"Oidhreacht Chorca Dhuibhne","description":"Irish Language Courses on the Dingle Peninsula","publisher":{"@id":"https:\/\/www.oidhreacht.ie\/ga\/#organization"},"potentialAction":[{"@type":"SearchAction","target":{"@type":"EntryPoint","urlTemplate":"https:\/\/www.oidhreacht.ie\/ga\/?s={search_term_string}"},"query-input":{"@type":"PropertyValueSpecification","valueRequired":true,"valueName":"search_term_string"}}],"inLanguage":"ga-IE"},{"@type":"Organization","@id":"https:\/\/www.oidhreacht.ie\/ga\/#organization","name":"Oidhreacht Chorca Dhuibhne","url":"https:\/\/www.oidhreacht.ie\/ga\/","logo":{"@type":"ImageObject","inLanguage":"ga-IE","@id":"https:\/\/www.oidhreacht.ie\/ga\/#\/schema\/logo\/image\/","url":"https:\/\/www.oidhreacht.ie\/wp-content\/uploads\/2020\/02\/oidhreacht-logo-1.png","contentUrl":"https:\/\/www.oidhreacht.ie\/wp-content\/uploads\/2020\/02\/oidhreacht-logo-1.png","width":300,"height":100,"caption":"Oidhreacht Chorca Dhuibhne"},"image":{"@id":"https:\/\/www.oidhreacht.ie\/ga\/#\/schema\/logo\/image\/"},"sameAs":["https:\/\/www.facebook.com\/oidhreachtcd\/","https:\/\/www.instagram.com\/oidhreacht_chorca_dhuibhne\/"]}]}},"_links":{"self":[{"href":"https:\/\/www.oidhreacht.ie\/ga\/wp-json\/wp\/v2\/product\/254","targetHints":{"allow":["GET"]}}],"collection":[{"href":"https:\/\/www.oidhreacht.ie\/ga\/wp-json\/wp\/v2\/product"}],"about":[{"href":"https:\/\/www.oidhreacht.ie\/ga\/wp-json\/wp\/v2\/types\/product"}],"wp:featuredmedia":[{"embeddable":true,"href":"https:\/\/www.oidhreacht.ie\/ga\/wp-json\/wp\/v2\/media\/206"}],"wp:attachment":[{"href":"https:\/\/www.oidhreacht.ie\/ga\/wp-json\/wp\/v2\/media?parent=254"}],"wp:term":[{"taxonomy":"product_brand","embeddable":true,"href":"https:\/\/www.oidhreacht.ie\/ga\/wp-json\/wp\/v2\/product_brand?post=254"},{"taxonomy":"product_cat","embeddable":true,"href":"https:\/\/www.oidhreacht.ie\/ga\/wp-json\/wp\/v2\/product_cat?post=254"},{"taxonomy":"product_tag","embeddable":true,"href":"https:\/\/www.oidhreacht.ie\/ga\/wp-json\/wp\/v2\/product_tag?post=254"}],"curies":[{"name":"wp","href":"https:\/\/api.w.org\/{rel}","templated":true}]}}