{"id":4445,"date":"2026-04-02T09:33:55","date_gmt":"2026-04-02T09:33:55","guid":{"rendered":"https:\/\/www.oidhreacht.ie\/?post_type=product&#038;p=4445"},"modified":"2026-04-09T16:13:48","modified_gmt":"2026-04-09T16:13:48","slug":"na-caoirigh-le-linda-ni-hainifein","status":"publish","type":"product","link":"https:\/\/www.oidhreacht.ie\/ga\/product\/na-caoirigh-le-linda-ni-hainifein\/","title":{"rendered":"Na Caoirigh le Linda N\u00ed hAinif\u00e9in"},"content":{"rendered":"","protected":false},"excerpt":{"rendered":"<table width=\"883\">\n<tbody>\n<tr>\n<td><strong>Ainm \/ Title<\/strong><strong>: Na Caoirigh<\/strong><\/td>\n<\/tr>\n<tr>\n<td><strong>Me\u00e1n \/ Medium: Cr\u00e9 p\u00e1ip\u00e9ir poirceall\u00e1in<\/strong><\/td>\n<\/tr>\n<tr>\n<td><strong>Tois\u00ed \/ Measurement: 32cm x 22cm<\/strong><\/td>\n<\/tr>\n<tr>\n<td><strong>Praghas \/ Price<\/strong><strong>: \u20ac245.00<\/strong><\/td>\n<\/tr>\n<\/tbody>\n<\/table>\n<p><strong>N\u00f3ta Beathaisn\u00e9ise \/ Biographical note:<\/strong><\/p>\n<p>Fuair Linda a inspior\u00e1id \u00f3n dtimpeallacht agus \u00f3n gcult\u00far i gCorca Dhuibhne chun a cuid eala\u00edne a chruth\u00fa. Baineann s\u00ed \u00fas\u00e1id as cr\u00e9, gaineamh agus cloch \u00e1iti\u00fail, chomh maith le p\u00e1ip\u00e9ar agus poirceall\u00e1n ina saothar.<\/p>\n<p>Linda N\u00ed hAinif\u00e9in uses clay as her medium to create her works of Art. Her love for the Dingle Peninsula and it\u2019s rich heritage and unique history inspires the Ceramic Art that she creates. She uses local clay, stones and sand with stoneware clay, along with Porcelain Paper clay.<\/p>\n","protected":false},"featured_media":4451,"template":"","meta":{"_acf_changed":false,"ocean_post_layout":"","ocean_both_sidebars_style":"","ocean_both_sidebars_content_width":0,"ocean_both_sidebars_sidebars_width":0,"ocean_sidebar":"0","ocean_second_sidebar":"0","ocean_disable_margins":"enable","ocean_add_body_class":"","ocean_shortcode_before_top_bar":"","ocean_shortcode_after_top_bar":"","ocean_shortcode_before_header":"","ocean_shortcode_after_header":"","ocean_has_shortcode":"","ocean_shortcode_after_title":"","ocean_shortcode_before_footer_widgets":"","ocean_shortcode_after_footer_widgets":"","ocean_shortcode_before_footer_bottom":"","ocean_shortcode_after_footer_bottom":"","ocean_display_top_bar":"default","ocean_display_header":"default","ocean_header_style":"","ocean_center_header_left_menu":"0","ocean_custom_header_template":"0","ocean_custom_logo":0,"ocean_custom_retina_logo":0,"ocean_custom_logo_max_width":0,"ocean_custom_logo_tablet_max_width":0,"ocean_custom_logo_mobile_max_width":0,"ocean_custom_logo_max_height":0,"ocean_custom_logo_tablet_max_height":0,"ocean_custom_logo_mobile_max_height":0,"ocean_header_custom_menu":"0","ocean_menu_typo_font_family":"0","ocean_menu_typo_font_subset":"","ocean_menu_typo_font_size":0,"ocean_menu_typo_font_size_tablet":0,"ocean_menu_typo_font_size_mobile":0,"ocean_menu_typo_font_size_unit":"px","ocean_menu_typo_font_weight":"","ocean_menu_typo_font_weight_tablet":"","ocean_menu_typo_font_weight_mobile":"","ocean_menu_typo_transform":"","ocean_menu_typo_transform_tablet":"","ocean_menu_typo_transform_mobile":"","ocean_menu_typo_line_height":0,"ocean_menu_typo_line_height_tablet":0,"ocean_menu_typo_line_height_mobile":0,"ocean_menu_typo_line_height_unit":"","ocean_menu_typo_spacing":0,"ocean_menu_typo_spacing_tablet":0,"ocean_menu_typo_spacing_mobile":0,"ocean_menu_typo_spacing_unit":"","ocean_menu_link_color":"","ocean_menu_link_color_hover":"","ocean_menu_link_color_active":"","ocean_menu_link_background":"","ocean_menu_link_hover_background":"","ocean_menu_link_active_background":"","ocean_menu_social_links_bg":"","ocean_menu_social_hover_links_bg":"","ocean_menu_social_links_color":"","ocean_menu_social_hover_links_color":"","ocean_disable_title":"default","ocean_disable_heading":"default","ocean_post_title":"","ocean_post_subheading":"","ocean_post_title_style":"","ocean_post_title_background_color":"","ocean_post_title_background":0,"ocean_post_title_bg_image_position":"","ocean_post_title_bg_image_attachment":"","ocean_post_title_bg_image_repeat":"","ocean_post_title_bg_image_size":"","ocean_post_title_height":0,"ocean_post_title_bg_overlay":0.5,"ocean_post_title_bg_overlay_color":"","ocean_disable_breadcrumbs":"default","ocean_breadcrumbs_color":"","ocean_breadcrumbs_separator_color":"","ocean_breadcrumbs_links_color":"","ocean_breadcrumbs_links_hover_color":"","ocean_display_footer_widgets":"default","ocean_display_footer_bottom":"default","ocean_custom_footer_template":"0"},"product_brand":[],"product_cat":[66],"product_tag":[],"class_list":{"0":"post-4445","1":"product","2":"type-product","3":"status-publish","4":"has-post-thumbnail","6":"product_cat-feile-na-casca","8":"entry","9":"has-media","11":"first","12":"outofstock","13":"shipping-taxable","14":"purchasable","15":"product-type-simple","16":"has-product-nav","17":"col","18":"span_1_of_4","19":"owp-content-center","20":"owp-thumbs-layout-horizontal","21":"owp-btn-normal","22":"owp-tabs-layout-horizontal","23":"has-no-thumbnails"},"acf":[],"yoast_head":"<!-- This site is optimized with the Yoast SEO plugin v27.3 - https:\/\/yoast.com\/product\/yoast-seo-wordpress\/ -->\n<title>Na Caoirigh le Linda N\u00ed hAinif\u00e9in - Oidhreacht Chorca Dhuibhne<\/title>\n<meta name=\"robots\" content=\"index, follow, max-snippet:-1, max-image-preview:large, max-video-preview:-1\" \/>\n<link rel=\"canonical\" href=\"https:\/\/www.oidhreacht.ie\/ga\/product\/na-caoirigh-le-linda-ni-hainifein\/\" \/>\n<meta property=\"og:locale\" content=\"ga_IE\" \/>\n<meta property=\"og:type\" content=\"article\" \/>\n<meta property=\"og:title\" content=\"Na Caoirigh le Linda N\u00ed hAinif\u00e9in - Oidhreacht Chorca Dhuibhne\" \/>\n<meta property=\"og:description\" content=\"Ainm \/ Title: Na Caoirigh   Me\u00e1n \/ Medium: Cr\u00e9 p\u00e1ip\u00e9ir poirceall\u00e1in   Tois\u00ed \/ Measurement: 32cm x 22cm   Praghas \/ Price: \u20ac245.00    N\u00f3ta Beathaisn\u00e9ise \/ Biographical note:  Fuair Linda a inspior\u00e1id \u00f3n dtimpeallacht agus \u00f3n gcult\u00far i gCorca Dhuibhne chun a cuid eala\u00edne a chruth\u00fa. Baineann s\u00ed \u00fas\u00e1id as cr\u00e9, gaineamh agus cloch \u00e1iti\u00fail, chomh maith le p\u00e1ip\u00e9ar agus poirceall\u00e1n ina saothar.  Linda N\u00ed hAinif\u00e9in uses clay as her medium to create her works of Art. Her love for the Dingle Peninsula and it\u2019s rich heritage and unique history inspires the Ceramic Art that she creates. She uses local clay, stones and sand with stoneware clay, along with Porcelain Paper clay.\" \/>\n<meta property=\"og:url\" content=\"https:\/\/www.oidhreacht.ie\/ga\/product\/na-caoirigh-le-linda-ni-hainifein\/\" \/>\n<meta property=\"og:site_name\" content=\"Oidhreacht Chorca Dhuibhne\" \/>\n<meta property=\"article:publisher\" content=\"https:\/\/www.facebook.com\/oidhreachtcd\/\" \/>\n<meta property=\"article:modified_time\" content=\"2026-04-09T16:13:48+00:00\" \/>\n<meta property=\"og:image\" content=\"https:\/\/www.oidhreacht.ie\/wp-content\/uploads\/2026\/03\/Na-Caoirigh-E245.00.jpg\" \/>\n\t<meta property=\"og:image:width\" content=\"1200\" \/>\n\t<meta property=\"og:image:height\" content=\"1600\" \/>\n\t<meta property=\"og:image:type\" content=\"image\/jpeg\" \/>\n<meta name=\"twitter:card\" content=\"summary_large_image\" \/>\n<meta name=\"twitter:label1\" content=\"Est. reading time\" \/>\n\t<meta name=\"twitter:data1\" content=\"1 minute\" \/>\n<script type=\"application\/ld+json\" class=\"yoast-schema-graph\">{\"@context\":\"https:\\\/\\\/schema.org\",\"@graph\":[{\"@type\":\"WebPage\",\"@id\":\"https:\\\/\\\/www.oidhreacht.ie\\\/ga\\\/product\\\/na-caoirigh-le-linda-ni-hainifein\\\/\",\"url\":\"https:\\\/\\\/www.oidhreacht.ie\\\/ga\\\/product\\\/na-caoirigh-le-linda-ni-hainifein\\\/\",\"name\":\"Na Caoirigh le Linda N\u00ed hAinif\u00e9in - Oidhreacht Chorca Dhuibhne\",\"isPartOf\":{\"@id\":\"https:\\\/\\\/www.oidhreacht.ie\\\/ga\\\/#website\"},\"primaryImageOfPage\":{\"@id\":\"https:\\\/\\\/www.oidhreacht.ie\\\/ga\\\/product\\\/na-caoirigh-le-linda-ni-hainifein\\\/#primaryimage\"},\"image\":{\"@id\":\"https:\\\/\\\/www.oidhreacht.ie\\\/ga\\\/product\\\/na-caoirigh-le-linda-ni-hainifein\\\/#primaryimage\"},\"thumbnailUrl\":\"https:\\\/\\\/www.oidhreacht.ie\\\/wp-content\\\/uploads\\\/2026\\\/03\\\/Na-Caoirigh-E245.00.jpg\",\"datePublished\":\"2026-04-02T09:33:55+00:00\",\"dateModified\":\"2026-04-09T16:13:48+00:00\",\"breadcrumb\":{\"@id\":\"https:\\\/\\\/www.oidhreacht.ie\\\/ga\\\/product\\\/na-caoirigh-le-linda-ni-hainifein\\\/#breadcrumb\"},\"inLanguage\":\"ga-IE\",\"potentialAction\":[{\"@type\":\"ReadAction\",\"target\":[\"https:\\\/\\\/www.oidhreacht.ie\\\/ga\\\/product\\\/na-caoirigh-le-linda-ni-hainifein\\\/\"]}]},{\"@type\":\"ImageObject\",\"inLanguage\":\"ga-IE\",\"@id\":\"https:\\\/\\\/www.oidhreacht.ie\\\/ga\\\/product\\\/na-caoirigh-le-linda-ni-hainifein\\\/#primaryimage\",\"url\":\"https:\\\/\\\/www.oidhreacht.ie\\\/wp-content\\\/uploads\\\/2026\\\/03\\\/Na-Caoirigh-E245.00.jpg\",\"contentUrl\":\"https:\\\/\\\/www.oidhreacht.ie\\\/wp-content\\\/uploads\\\/2026\\\/03\\\/Na-Caoirigh-E245.00.jpg\",\"width\":1200,\"height\":1600},{\"@type\":\"BreadcrumbList\",\"@id\":\"https:\\\/\\\/www.oidhreacht.ie\\\/ga\\\/product\\\/na-caoirigh-le-linda-ni-hainifein\\\/#breadcrumb\",\"itemListElement\":[{\"@type\":\"ListItem\",\"position\":1,\"name\":\"Home\",\"item\":\"https:\\\/\\\/www.oidhreacht.ie\\\/ga\\\/\"},{\"@type\":\"ListItem\",\"position\":2,\"name\":\"Shop\",\"item\":\"https:\\\/\\\/www.oidhreacht.ie\\\/ga\\\/shop-2\\\/\"},{\"@type\":\"ListItem\",\"position\":3,\"name\":\"Na Caoirigh le Linda N\u00ed hAinif\u00e9in\"}]},{\"@type\":\"WebSite\",\"@id\":\"https:\\\/\\\/www.oidhreacht.ie\\\/ga\\\/#website\",\"url\":\"https:\\\/\\\/www.oidhreacht.ie\\\/ga\\\/\",\"name\":\"Oidhreacht Chorca Dhuibhne\",\"description\":\"Irish Language Courses on the Dingle Peninsula\",\"publisher\":{\"@id\":\"https:\\\/\\\/www.oidhreacht.ie\\\/ga\\\/#organization\"},\"potentialAction\":[{\"@type\":\"SearchAction\",\"target\":{\"@type\":\"EntryPoint\",\"urlTemplate\":\"https:\\\/\\\/www.oidhreacht.ie\\\/ga\\\/?s={search_term_string}\"},\"query-input\":{\"@type\":\"PropertyValueSpecification\",\"valueRequired\":true,\"valueName\":\"search_term_string\"}}],\"inLanguage\":\"ga-IE\"},{\"@type\":\"Organization\",\"@id\":\"https:\\\/\\\/www.oidhreacht.ie\\\/ga\\\/#organization\",\"name\":\"Oidhreacht Chorca Dhuibhne\",\"url\":\"https:\\\/\\\/www.oidhreacht.ie\\\/ga\\\/\",\"logo\":{\"@type\":\"ImageObject\",\"inLanguage\":\"ga-IE\",\"@id\":\"https:\\\/\\\/www.oidhreacht.ie\\\/ga\\\/#\\\/schema\\\/logo\\\/image\\\/\",\"url\":\"https:\\\/\\\/www.oidhreacht.ie\\\/wp-content\\\/uploads\\\/2020\\\/02\\\/oidhreacht-logo-1.png\",\"contentUrl\":\"https:\\\/\\\/www.oidhreacht.ie\\\/wp-content\\\/uploads\\\/2020\\\/02\\\/oidhreacht-logo-1.png\",\"width\":300,\"height\":100,\"caption\":\"Oidhreacht Chorca Dhuibhne\"},\"image\":{\"@id\":\"https:\\\/\\\/www.oidhreacht.ie\\\/ga\\\/#\\\/schema\\\/logo\\\/image\\\/\"},\"sameAs\":[\"https:\\\/\\\/www.facebook.com\\\/oidhreachtcd\\\/\",\"https:\\\/\\\/www.instagram.com\\\/oidhreacht_chorca_dhuibhne\\\/\"]}]}<\/script>\n<!-- \/ Yoast SEO plugin. -->","yoast_head_json":{"title":"Na Caoirigh le Linda N\u00ed hAinif\u00e9in - Oidhreacht Chorca Dhuibhne","robots":{"index":"index","follow":"follow","max-snippet":"max-snippet:-1","max-image-preview":"max-image-preview:large","max-video-preview":"max-video-preview:-1"},"canonical":"https:\/\/www.oidhreacht.ie\/ga\/product\/na-caoirigh-le-linda-ni-hainifein\/","og_locale":"ga_IE","og_type":"article","og_title":"Na Caoirigh le Linda N\u00ed hAinif\u00e9in - Oidhreacht Chorca Dhuibhne","og_description":"Ainm \/ Title: Na Caoirigh   Me\u00e1n \/ Medium: Cr\u00e9 p\u00e1ip\u00e9ir poirceall\u00e1in   Tois\u00ed \/ Measurement: 32cm x 22cm   Praghas \/ Price: \u20ac245.00    N\u00f3ta Beathaisn\u00e9ise \/ Biographical note:  Fuair Linda a inspior\u00e1id \u00f3n dtimpeallacht agus \u00f3n gcult\u00far i gCorca Dhuibhne chun a cuid eala\u00edne a chruth\u00fa. Baineann s\u00ed \u00fas\u00e1id as cr\u00e9, gaineamh agus cloch \u00e1iti\u00fail, chomh maith le p\u00e1ip\u00e9ar agus poirceall\u00e1n ina saothar.  Linda N\u00ed hAinif\u00e9in uses clay as her medium to create her works of Art. Her love for the Dingle Peninsula and it\u2019s rich heritage and unique history inspires the Ceramic Art that she creates. She uses local clay, stones and sand with stoneware clay, along with Porcelain Paper clay.","og_url":"https:\/\/www.oidhreacht.ie\/ga\/product\/na-caoirigh-le-linda-ni-hainifein\/","og_site_name":"Oidhreacht Chorca Dhuibhne","article_publisher":"https:\/\/www.facebook.com\/oidhreachtcd\/","article_modified_time":"2026-04-09T16:13:48+00:00","og_image":[{"width":1200,"height":1600,"url":"https:\/\/www.oidhreacht.ie\/wp-content\/uploads\/2026\/03\/Na-Caoirigh-E245.00.jpg","type":"image\/jpeg"}],"twitter_card":"summary_large_image","twitter_misc":{"Est. reading time":"1 minute"},"schema":{"@context":"https:\/\/schema.org","@graph":[{"@type":"WebPage","@id":"https:\/\/www.oidhreacht.ie\/ga\/product\/na-caoirigh-le-linda-ni-hainifein\/","url":"https:\/\/www.oidhreacht.ie\/ga\/product\/na-caoirigh-le-linda-ni-hainifein\/","name":"Na Caoirigh le Linda N\u00ed hAinif\u00e9in - Oidhreacht Chorca Dhuibhne","isPartOf":{"@id":"https:\/\/www.oidhreacht.ie\/ga\/#website"},"primaryImageOfPage":{"@id":"https:\/\/www.oidhreacht.ie\/ga\/product\/na-caoirigh-le-linda-ni-hainifein\/#primaryimage"},"image":{"@id":"https:\/\/www.oidhreacht.ie\/ga\/product\/na-caoirigh-le-linda-ni-hainifein\/#primaryimage"},"thumbnailUrl":"https:\/\/www.oidhreacht.ie\/wp-content\/uploads\/2026\/03\/Na-Caoirigh-E245.00.jpg","datePublished":"2026-04-02T09:33:55+00:00","dateModified":"2026-04-09T16:13:48+00:00","breadcrumb":{"@id":"https:\/\/www.oidhreacht.ie\/ga\/product\/na-caoirigh-le-linda-ni-hainifein\/#breadcrumb"},"inLanguage":"ga-IE","potentialAction":[{"@type":"ReadAction","target":["https:\/\/www.oidhreacht.ie\/ga\/product\/na-caoirigh-le-linda-ni-hainifein\/"]}]},{"@type":"ImageObject","inLanguage":"ga-IE","@id":"https:\/\/www.oidhreacht.ie\/ga\/product\/na-caoirigh-le-linda-ni-hainifein\/#primaryimage","url":"https:\/\/www.oidhreacht.ie\/wp-content\/uploads\/2026\/03\/Na-Caoirigh-E245.00.jpg","contentUrl":"https:\/\/www.oidhreacht.ie\/wp-content\/uploads\/2026\/03\/Na-Caoirigh-E245.00.jpg","width":1200,"height":1600},{"@type":"BreadcrumbList","@id":"https:\/\/www.oidhreacht.ie\/ga\/product\/na-caoirigh-le-linda-ni-hainifein\/#breadcrumb","itemListElement":[{"@type":"ListItem","position":1,"name":"Home","item":"https:\/\/www.oidhreacht.ie\/ga\/"},{"@type":"ListItem","position":2,"name":"Shop","item":"https:\/\/www.oidhreacht.ie\/ga\/shop-2\/"},{"@type":"ListItem","position":3,"name":"Na Caoirigh le Linda N\u00ed hAinif\u00e9in"}]},{"@type":"WebSite","@id":"https:\/\/www.oidhreacht.ie\/ga\/#website","url":"https:\/\/www.oidhreacht.ie\/ga\/","name":"Oidhreacht Chorca Dhuibhne","description":"Irish Language Courses on the Dingle Peninsula","publisher":{"@id":"https:\/\/www.oidhreacht.ie\/ga\/#organization"},"potentialAction":[{"@type":"SearchAction","target":{"@type":"EntryPoint","urlTemplate":"https:\/\/www.oidhreacht.ie\/ga\/?s={search_term_string}"},"query-input":{"@type":"PropertyValueSpecification","valueRequired":true,"valueName":"search_term_string"}}],"inLanguage":"ga-IE"},{"@type":"Organization","@id":"https:\/\/www.oidhreacht.ie\/ga\/#organization","name":"Oidhreacht Chorca Dhuibhne","url":"https:\/\/www.oidhreacht.ie\/ga\/","logo":{"@type":"ImageObject","inLanguage":"ga-IE","@id":"https:\/\/www.oidhreacht.ie\/ga\/#\/schema\/logo\/image\/","url":"https:\/\/www.oidhreacht.ie\/wp-content\/uploads\/2020\/02\/oidhreacht-logo-1.png","contentUrl":"https:\/\/www.oidhreacht.ie\/wp-content\/uploads\/2020\/02\/oidhreacht-logo-1.png","width":300,"height":100,"caption":"Oidhreacht Chorca Dhuibhne"},"image":{"@id":"https:\/\/www.oidhreacht.ie\/ga\/#\/schema\/logo\/image\/"},"sameAs":["https:\/\/www.facebook.com\/oidhreachtcd\/","https:\/\/www.instagram.com\/oidhreacht_chorca_dhuibhne\/"]}]}},"_links":{"self":[{"href":"https:\/\/www.oidhreacht.ie\/ga\/wp-json\/wp\/v2\/product\/4445","targetHints":{"allow":["GET"]}}],"collection":[{"href":"https:\/\/www.oidhreacht.ie\/ga\/wp-json\/wp\/v2\/product"}],"about":[{"href":"https:\/\/www.oidhreacht.ie\/ga\/wp-json\/wp\/v2\/types\/product"}],"wp:featuredmedia":[{"embeddable":true,"href":"https:\/\/www.oidhreacht.ie\/ga\/wp-json\/wp\/v2\/media\/4451"}],"wp:attachment":[{"href":"https:\/\/www.oidhreacht.ie\/ga\/wp-json\/wp\/v2\/media?parent=4445"}],"wp:term":[{"taxonomy":"product_brand","embeddable":true,"href":"https:\/\/www.oidhreacht.ie\/ga\/wp-json\/wp\/v2\/product_brand?post=4445"},{"taxonomy":"product_cat","embeddable":true,"href":"https:\/\/www.oidhreacht.ie\/ga\/wp-json\/wp\/v2\/product_cat?post=4445"},{"taxonomy":"product_tag","embeddable":true,"href":"https:\/\/www.oidhreacht.ie\/ga\/wp-json\/wp\/v2\/product_tag?post=4445"}],"curies":[{"name":"wp","href":"https:\/\/api.w.org\/{rel}","templated":true}]}}