{"id":4475,"date":"2026-04-02T09:33:52","date_gmt":"2026-04-02T09:33:52","guid":{"rendered":"https:\/\/www.oidhreacht.ie\/?post_type=product&#038;p=4475"},"modified":"2026-04-02T09:33:52","modified_gmt":"2026-04-02T09:33:52","slug":"ballyferriter-village-le-martine-moriarty","status":"publish","type":"product","link":"https:\/\/www.oidhreacht.ie\/ga\/product\/ballyferriter-village-le-martine-moriarty\/","title":{"rendered":"Ballyferriter Village le Martine Moriarty"},"content":{"rendered":"","protected":false},"excerpt":{"rendered":"<table width=\"883\">\n<tbody>\n<tr>\n<td><strong>Ainm \/ Title<\/strong><strong>: Ballyferriter Village<\/strong><\/td>\n<\/tr>\n<tr>\n<td><strong>Me\u00e1n \/ Medium: \u00cdle \/ Oil<\/strong><\/td>\n<\/tr>\n<tr>\n<td><strong>Tois\u00ed \/ Measurement: 28 x 16 inches<\/strong><\/td>\n<\/tr>\n<tr>\n<td><strong>Praghas \/ Price<\/strong><strong>: \u20ac 800.00<\/strong><\/td>\n<\/tr>\n<\/tbody>\n<\/table>\n<p><strong>N\u00f3ta Beathaisn\u00e9ise \/ Biographical note:<\/strong><\/p>\n<p>Le BA \u00f3 Ollscoil Bristol. Th\u00e1inig Martine dt\u00ed Corca Dhuibhne sa bhliain 1988 agus thit s\u00ed i ngr\u00e1 leis an t\u00edrdhreach iarg\u00falta agus leis an tsl\u00ed bheatha. T\u00e1 Martine l\u00e1rnaithe i nGort an D\u00fabhaigh, Baile an Fheirt\u00e9araigh, \u00e1it ina bhfuil a gaileara\u00ed aici \u201cIt Must Be Dingle\u201d. Thug an t\u00edrdhreach, an nad\u00far agus \u00e1ileacht na leithinse spreagadh di agus \u00ed ag cruth\u00fa an cnuasacht eala\u00edne seo.<\/p>\n<p>Martine came to Dingle in 1988 and fell in love with the wonderful landscape and way of life. Martine lives and works in Gortadubha, Ballyferriter where she has her gallery, &#8220;It must be Dingle&#8221;. her inspiration comes from the landscape, nature, and the flora and fauna of the peninsula. She is the illustrator of popular children&#8217;s books such as &#8220;The Dog from Dingle who lost his bark&#8221;.<\/p>\n","protected":false},"featured_media":4491,"template":"","meta":{"_acf_changed":false,"ocean_post_layout":"","ocean_both_sidebars_style":"","ocean_both_sidebars_content_width":0,"ocean_both_sidebars_sidebars_width":0,"ocean_sidebar":"0","ocean_second_sidebar":"0","ocean_disable_margins":"enable","ocean_add_body_class":"","ocean_shortcode_before_top_bar":"","ocean_shortcode_after_top_bar":"","ocean_shortcode_before_header":"","ocean_shortcode_after_header":"","ocean_has_shortcode":"","ocean_shortcode_after_title":"","ocean_shortcode_before_footer_widgets":"","ocean_shortcode_after_footer_widgets":"","ocean_shortcode_before_footer_bottom":"","ocean_shortcode_after_footer_bottom":"","ocean_display_top_bar":"default","ocean_display_header":"default","ocean_header_style":"","ocean_center_header_left_menu":"0","ocean_custom_header_template":"0","ocean_custom_logo":0,"ocean_custom_retina_logo":0,"ocean_custom_logo_max_width":0,"ocean_custom_logo_tablet_max_width":0,"ocean_custom_logo_mobile_max_width":0,"ocean_custom_logo_max_height":0,"ocean_custom_logo_tablet_max_height":0,"ocean_custom_logo_mobile_max_height":0,"ocean_header_custom_menu":"0","ocean_menu_typo_font_family":"0","ocean_menu_typo_font_subset":"","ocean_menu_typo_font_size":0,"ocean_menu_typo_font_size_tablet":0,"ocean_menu_typo_font_size_mobile":0,"ocean_menu_typo_font_size_unit":"px","ocean_menu_typo_font_weight":"","ocean_menu_typo_font_weight_tablet":"","ocean_menu_typo_font_weight_mobile":"","ocean_menu_typo_transform":"","ocean_menu_typo_transform_tablet":"","ocean_menu_typo_transform_mobile":"","ocean_menu_typo_line_height":0,"ocean_menu_typo_line_height_tablet":0,"ocean_menu_typo_line_height_mobile":0,"ocean_menu_typo_line_height_unit":"","ocean_menu_typo_spacing":0,"ocean_menu_typo_spacing_tablet":0,"ocean_menu_typo_spacing_mobile":0,"ocean_menu_typo_spacing_unit":"","ocean_menu_link_color":"","ocean_menu_link_color_hover":"","ocean_menu_link_color_active":"","ocean_menu_link_background":"","ocean_menu_link_hover_background":"","ocean_menu_link_active_background":"","ocean_menu_social_links_bg":"","ocean_menu_social_hover_links_bg":"","ocean_menu_social_links_color":"","ocean_menu_social_hover_links_color":"","ocean_disable_title":"default","ocean_disable_heading":"default","ocean_post_title":"","ocean_post_subheading":"","ocean_post_title_style":"","ocean_post_title_background_color":"","ocean_post_title_background":0,"ocean_post_title_bg_image_position":"","ocean_post_title_bg_image_attachment":"","ocean_post_title_bg_image_repeat":"","ocean_post_title_bg_image_size":"","ocean_post_title_height":0,"ocean_post_title_bg_overlay":0.5,"ocean_post_title_bg_overlay_color":"","ocean_disable_breadcrumbs":"default","ocean_breadcrumbs_color":"","ocean_breadcrumbs_separator_color":"","ocean_breadcrumbs_links_color":"","ocean_breadcrumbs_links_hover_color":"","ocean_display_footer_widgets":"default","ocean_display_footer_bottom":"default","ocean_custom_footer_template":"0"},"product_brand":[],"product_cat":[66],"product_tag":[],"class_list":{"0":"post-4475","1":"product","2":"type-product","3":"status-publish","4":"has-post-thumbnail","6":"product_cat-feile-na-casca","8":"entry","9":"has-media","11":"first","12":"instock","13":"shipping-taxable","14":"purchasable","15":"product-type-simple","16":"has-product-nav","17":"col","18":"span_1_of_4","19":"owp-content-center","20":"owp-thumbs-layout-horizontal","21":"owp-btn-normal","22":"owp-tabs-layout-horizontal","23":"has-no-thumbnails"},"acf":[],"yoast_head":"<!-- This site is optimized with the Yoast SEO plugin v27.3 - https:\/\/yoast.com\/product\/yoast-seo-wordpress\/ -->\n<title>Ballyferriter Village le Martine Moriarty - Oidhreacht Chorca Dhuibhne<\/title>\n<meta name=\"robots\" content=\"index, follow, max-snippet:-1, max-image-preview:large, max-video-preview:-1\" \/>\n<link rel=\"canonical\" href=\"https:\/\/www.oidhreacht.ie\/ga\/product\/ballyferriter-village-le-martine-moriarty\/\" \/>\n<meta property=\"og:locale\" content=\"ga_IE\" \/>\n<meta property=\"og:type\" content=\"article\" \/>\n<meta property=\"og:title\" content=\"Ballyferriter Village le Martine Moriarty - Oidhreacht Chorca Dhuibhne\" \/>\n<meta property=\"og:description\" content=\"Ainm \/ Title: Ballyferriter Village   Me\u00e1n \/ Medium: \u00cdle \/ Oil   Tois\u00ed \/ Measurement: 28 x 16 inches   Praghas \/ Price: \u20ac 800.00    N\u00f3ta Beathaisn\u00e9ise \/ Biographical note:  Le BA \u00f3 Ollscoil Bristol. Th\u00e1inig Martine dt\u00ed Corca Dhuibhne sa bhliain 1988 agus thit s\u00ed i ngr\u00e1 leis an t\u00edrdhreach iarg\u00falta agus leis an tsl\u00ed bheatha. T\u00e1 Martine l\u00e1rnaithe i nGort an D\u00fabhaigh, Baile an Fheirt\u00e9araigh, \u00e1it ina bhfuil a gaileara\u00ed aici \u201cIt Must Be Dingle\u201d. Thug an t\u00edrdhreach, an nad\u00far agus \u00e1ileacht na leithinse spreagadh di agus \u00ed ag cruth\u00fa an cnuasacht eala\u00edne seo.  Martine came to Dingle in 1988 and fell in love with the wonderful landscape and way of life. Martine lives and works in Gortadubha, Ballyferriter where she has her gallery, &quot;It must be Dingle&quot;. her inspiration comes from the landscape, nature, and the flora and fauna of the peninsula. She is the illustrator of popular children&#039;s books such as &quot;The Dog from Dingle who lost his bark&quot;.\" \/>\n<meta property=\"og:url\" content=\"https:\/\/www.oidhreacht.ie\/ga\/product\/ballyferriter-village-le-martine-moriarty\/\" \/>\n<meta property=\"og:site_name\" content=\"Oidhreacht Chorca Dhuibhne\" \/>\n<meta property=\"article:publisher\" content=\"https:\/\/www.facebook.com\/oidhreachtcd\/\" \/>\n<meta property=\"og:image\" content=\"https:\/\/www.oidhreacht.ie\/wp-content\/uploads\/2026\/03\/Screenshot_20260304_125010_com_google_android_apps_photos_HostPhotoPagerActivity_edit_604196647247797.jpg\" \/>\n\t<meta property=\"og:image:width\" content=\"962\" \/>\n\t<meta property=\"og:image:height\" content=\"462\" \/>\n\t<meta property=\"og:image:type\" content=\"image\/jpeg\" \/>\n<meta name=\"twitter:card\" content=\"summary_large_image\" \/>\n<meta name=\"twitter:label1\" content=\"Est. reading time\" \/>\n\t<meta name=\"twitter:data1\" content=\"1 minute\" \/>\n<script type=\"application\/ld+json\" class=\"yoast-schema-graph\">{\"@context\":\"https:\\\/\\\/schema.org\",\"@graph\":[{\"@type\":\"WebPage\",\"@id\":\"https:\\\/\\\/www.oidhreacht.ie\\\/ga\\\/product\\\/ballyferriter-village-le-martine-moriarty\\\/\",\"url\":\"https:\\\/\\\/www.oidhreacht.ie\\\/ga\\\/product\\\/ballyferriter-village-le-martine-moriarty\\\/\",\"name\":\"Ballyferriter Village le Martine Moriarty - Oidhreacht Chorca Dhuibhne\",\"isPartOf\":{\"@id\":\"https:\\\/\\\/www.oidhreacht.ie\\\/ga\\\/#website\"},\"primaryImageOfPage\":{\"@id\":\"https:\\\/\\\/www.oidhreacht.ie\\\/ga\\\/product\\\/ballyferriter-village-le-martine-moriarty\\\/#primaryimage\"},\"image\":{\"@id\":\"https:\\\/\\\/www.oidhreacht.ie\\\/ga\\\/product\\\/ballyferriter-village-le-martine-moriarty\\\/#primaryimage\"},\"thumbnailUrl\":\"https:\\\/\\\/www.oidhreacht.ie\\\/wp-content\\\/uploads\\\/2026\\\/03\\\/Screenshot_20260304_125010_com_google_android_apps_photos_HostPhotoPagerActivity_edit_604196647247797.jpg\",\"datePublished\":\"2026-04-02T09:33:52+00:00\",\"breadcrumb\":{\"@id\":\"https:\\\/\\\/www.oidhreacht.ie\\\/ga\\\/product\\\/ballyferriter-village-le-martine-moriarty\\\/#breadcrumb\"},\"inLanguage\":\"ga-IE\",\"potentialAction\":[{\"@type\":\"ReadAction\",\"target\":[\"https:\\\/\\\/www.oidhreacht.ie\\\/ga\\\/product\\\/ballyferriter-village-le-martine-moriarty\\\/\"]}]},{\"@type\":\"ImageObject\",\"inLanguage\":\"ga-IE\",\"@id\":\"https:\\\/\\\/www.oidhreacht.ie\\\/ga\\\/product\\\/ballyferriter-village-le-martine-moriarty\\\/#primaryimage\",\"url\":\"https:\\\/\\\/www.oidhreacht.ie\\\/wp-content\\\/uploads\\\/2026\\\/03\\\/Screenshot_20260304_125010_com_google_android_apps_photos_HostPhotoPagerActivity_edit_604196647247797.jpg\",\"contentUrl\":\"https:\\\/\\\/www.oidhreacht.ie\\\/wp-content\\\/uploads\\\/2026\\\/03\\\/Screenshot_20260304_125010_com_google_android_apps_photos_HostPhotoPagerActivity_edit_604196647247797.jpg\",\"width\":962,\"height\":462},{\"@type\":\"BreadcrumbList\",\"@id\":\"https:\\\/\\\/www.oidhreacht.ie\\\/ga\\\/product\\\/ballyferriter-village-le-martine-moriarty\\\/#breadcrumb\",\"itemListElement\":[{\"@type\":\"ListItem\",\"position\":1,\"name\":\"Home\",\"item\":\"https:\\\/\\\/www.oidhreacht.ie\\\/ga\\\/\"},{\"@type\":\"ListItem\",\"position\":2,\"name\":\"Shop\",\"item\":\"https:\\\/\\\/www.oidhreacht.ie\\\/ga\\\/shop-2\\\/\"},{\"@type\":\"ListItem\",\"position\":3,\"name\":\"Ballyferriter Village le Martine Moriarty\"}]},{\"@type\":\"WebSite\",\"@id\":\"https:\\\/\\\/www.oidhreacht.ie\\\/ga\\\/#website\",\"url\":\"https:\\\/\\\/www.oidhreacht.ie\\\/ga\\\/\",\"name\":\"Oidhreacht Chorca Dhuibhne\",\"description\":\"Irish Language Courses on the Dingle Peninsula\",\"publisher\":{\"@id\":\"https:\\\/\\\/www.oidhreacht.ie\\\/ga\\\/#organization\"},\"potentialAction\":[{\"@type\":\"SearchAction\",\"target\":{\"@type\":\"EntryPoint\",\"urlTemplate\":\"https:\\\/\\\/www.oidhreacht.ie\\\/ga\\\/?s={search_term_string}\"},\"query-input\":{\"@type\":\"PropertyValueSpecification\",\"valueRequired\":true,\"valueName\":\"search_term_string\"}}],\"inLanguage\":\"ga-IE\"},{\"@type\":\"Organization\",\"@id\":\"https:\\\/\\\/www.oidhreacht.ie\\\/ga\\\/#organization\",\"name\":\"Oidhreacht Chorca Dhuibhne\",\"url\":\"https:\\\/\\\/www.oidhreacht.ie\\\/ga\\\/\",\"logo\":{\"@type\":\"ImageObject\",\"inLanguage\":\"ga-IE\",\"@id\":\"https:\\\/\\\/www.oidhreacht.ie\\\/ga\\\/#\\\/schema\\\/logo\\\/image\\\/\",\"url\":\"https:\\\/\\\/www.oidhreacht.ie\\\/wp-content\\\/uploads\\\/2020\\\/02\\\/oidhreacht-logo-1.png\",\"contentUrl\":\"https:\\\/\\\/www.oidhreacht.ie\\\/wp-content\\\/uploads\\\/2020\\\/02\\\/oidhreacht-logo-1.png\",\"width\":300,\"height\":100,\"caption\":\"Oidhreacht Chorca Dhuibhne\"},\"image\":{\"@id\":\"https:\\\/\\\/www.oidhreacht.ie\\\/ga\\\/#\\\/schema\\\/logo\\\/image\\\/\"},\"sameAs\":[\"https:\\\/\\\/www.facebook.com\\\/oidhreachtcd\\\/\",\"https:\\\/\\\/www.instagram.com\\\/oidhreacht_chorca_dhuibhne\\\/\"]}]}<\/script>\n<!-- \/ Yoast SEO plugin. -->","yoast_head_json":{"title":"Ballyferriter Village le Martine Moriarty - Oidhreacht Chorca Dhuibhne","robots":{"index":"index","follow":"follow","max-snippet":"max-snippet:-1","max-image-preview":"max-image-preview:large","max-video-preview":"max-video-preview:-1"},"canonical":"https:\/\/www.oidhreacht.ie\/ga\/product\/ballyferriter-village-le-martine-moriarty\/","og_locale":"ga_IE","og_type":"article","og_title":"Ballyferriter Village le Martine Moriarty - Oidhreacht Chorca Dhuibhne","og_description":"Ainm \/ Title: Ballyferriter Village   Me\u00e1n \/ Medium: \u00cdle \/ Oil   Tois\u00ed \/ Measurement: 28 x 16 inches   Praghas \/ Price: \u20ac 800.00    N\u00f3ta Beathaisn\u00e9ise \/ Biographical note:  Le BA \u00f3 Ollscoil Bristol. Th\u00e1inig Martine dt\u00ed Corca Dhuibhne sa bhliain 1988 agus thit s\u00ed i ngr\u00e1 leis an t\u00edrdhreach iarg\u00falta agus leis an tsl\u00ed bheatha. T\u00e1 Martine l\u00e1rnaithe i nGort an D\u00fabhaigh, Baile an Fheirt\u00e9araigh, \u00e1it ina bhfuil a gaileara\u00ed aici \u201cIt Must Be Dingle\u201d. Thug an t\u00edrdhreach, an nad\u00far agus \u00e1ileacht na leithinse spreagadh di agus \u00ed ag cruth\u00fa an cnuasacht eala\u00edne seo.  Martine came to Dingle in 1988 and fell in love with the wonderful landscape and way of life. Martine lives and works in Gortadubha, Ballyferriter where she has her gallery, \"It must be Dingle\". her inspiration comes from the landscape, nature, and the flora and fauna of the peninsula. She is the illustrator of popular children's books such as \"The Dog from Dingle who lost his bark\".","og_url":"https:\/\/www.oidhreacht.ie\/ga\/product\/ballyferriter-village-le-martine-moriarty\/","og_site_name":"Oidhreacht Chorca Dhuibhne","article_publisher":"https:\/\/www.facebook.com\/oidhreachtcd\/","og_image":[{"width":962,"height":462,"url":"https:\/\/www.oidhreacht.ie\/wp-content\/uploads\/2026\/03\/Screenshot_20260304_125010_com_google_android_apps_photos_HostPhotoPagerActivity_edit_604196647247797.jpg","type":"image\/jpeg"}],"twitter_card":"summary_large_image","twitter_misc":{"Est. reading time":"1 minute"},"schema":{"@context":"https:\/\/schema.org","@graph":[{"@type":"WebPage","@id":"https:\/\/www.oidhreacht.ie\/ga\/product\/ballyferriter-village-le-martine-moriarty\/","url":"https:\/\/www.oidhreacht.ie\/ga\/product\/ballyferriter-village-le-martine-moriarty\/","name":"Ballyferriter Village le Martine Moriarty - Oidhreacht Chorca Dhuibhne","isPartOf":{"@id":"https:\/\/www.oidhreacht.ie\/ga\/#website"},"primaryImageOfPage":{"@id":"https:\/\/www.oidhreacht.ie\/ga\/product\/ballyferriter-village-le-martine-moriarty\/#primaryimage"},"image":{"@id":"https:\/\/www.oidhreacht.ie\/ga\/product\/ballyferriter-village-le-martine-moriarty\/#primaryimage"},"thumbnailUrl":"https:\/\/www.oidhreacht.ie\/wp-content\/uploads\/2026\/03\/Screenshot_20260304_125010_com_google_android_apps_photos_HostPhotoPagerActivity_edit_604196647247797.jpg","datePublished":"2026-04-02T09:33:52+00:00","breadcrumb":{"@id":"https:\/\/www.oidhreacht.ie\/ga\/product\/ballyferriter-village-le-martine-moriarty\/#breadcrumb"},"inLanguage":"ga-IE","potentialAction":[{"@type":"ReadAction","target":["https:\/\/www.oidhreacht.ie\/ga\/product\/ballyferriter-village-le-martine-moriarty\/"]}]},{"@type":"ImageObject","inLanguage":"ga-IE","@id":"https:\/\/www.oidhreacht.ie\/ga\/product\/ballyferriter-village-le-martine-moriarty\/#primaryimage","url":"https:\/\/www.oidhreacht.ie\/wp-content\/uploads\/2026\/03\/Screenshot_20260304_125010_com_google_android_apps_photos_HostPhotoPagerActivity_edit_604196647247797.jpg","contentUrl":"https:\/\/www.oidhreacht.ie\/wp-content\/uploads\/2026\/03\/Screenshot_20260304_125010_com_google_android_apps_photos_HostPhotoPagerActivity_edit_604196647247797.jpg","width":962,"height":462},{"@type":"BreadcrumbList","@id":"https:\/\/www.oidhreacht.ie\/ga\/product\/ballyferriter-village-le-martine-moriarty\/#breadcrumb","itemListElement":[{"@type":"ListItem","position":1,"name":"Home","item":"https:\/\/www.oidhreacht.ie\/ga\/"},{"@type":"ListItem","position":2,"name":"Shop","item":"https:\/\/www.oidhreacht.ie\/ga\/shop-2\/"},{"@type":"ListItem","position":3,"name":"Ballyferriter Village le Martine Moriarty"}]},{"@type":"WebSite","@id":"https:\/\/www.oidhreacht.ie\/ga\/#website","url":"https:\/\/www.oidhreacht.ie\/ga\/","name":"Oidhreacht Chorca Dhuibhne","description":"Irish Language Courses on the Dingle Peninsula","publisher":{"@id":"https:\/\/www.oidhreacht.ie\/ga\/#organization"},"potentialAction":[{"@type":"SearchAction","target":{"@type":"EntryPoint","urlTemplate":"https:\/\/www.oidhreacht.ie\/ga\/?s={search_term_string}"},"query-input":{"@type":"PropertyValueSpecification","valueRequired":true,"valueName":"search_term_string"}}],"inLanguage":"ga-IE"},{"@type":"Organization","@id":"https:\/\/www.oidhreacht.ie\/ga\/#organization","name":"Oidhreacht Chorca Dhuibhne","url":"https:\/\/www.oidhreacht.ie\/ga\/","logo":{"@type":"ImageObject","inLanguage":"ga-IE","@id":"https:\/\/www.oidhreacht.ie\/ga\/#\/schema\/logo\/image\/","url":"https:\/\/www.oidhreacht.ie\/wp-content\/uploads\/2020\/02\/oidhreacht-logo-1.png","contentUrl":"https:\/\/www.oidhreacht.ie\/wp-content\/uploads\/2020\/02\/oidhreacht-logo-1.png","width":300,"height":100,"caption":"Oidhreacht Chorca Dhuibhne"},"image":{"@id":"https:\/\/www.oidhreacht.ie\/ga\/#\/schema\/logo\/image\/"},"sameAs":["https:\/\/www.facebook.com\/oidhreachtcd\/","https:\/\/www.instagram.com\/oidhreacht_chorca_dhuibhne\/"]}]}},"_links":{"self":[{"href":"https:\/\/www.oidhreacht.ie\/ga\/wp-json\/wp\/v2\/product\/4475","targetHints":{"allow":["GET"]}}],"collection":[{"href":"https:\/\/www.oidhreacht.ie\/ga\/wp-json\/wp\/v2\/product"}],"about":[{"href":"https:\/\/www.oidhreacht.ie\/ga\/wp-json\/wp\/v2\/types\/product"}],"wp:featuredmedia":[{"embeddable":true,"href":"https:\/\/www.oidhreacht.ie\/ga\/wp-json\/wp\/v2\/media\/4491"}],"wp:attachment":[{"href":"https:\/\/www.oidhreacht.ie\/ga\/wp-json\/wp\/v2\/media?parent=4475"}],"wp:term":[{"taxonomy":"product_brand","embeddable":true,"href":"https:\/\/www.oidhreacht.ie\/ga\/wp-json\/wp\/v2\/product_brand?post=4475"},{"taxonomy":"product_cat","embeddable":true,"href":"https:\/\/www.oidhreacht.ie\/ga\/wp-json\/wp\/v2\/product_cat?post=4475"},{"taxonomy":"product_tag","embeddable":true,"href":"https:\/\/www.oidhreacht.ie\/ga\/wp-json\/wp\/v2\/product_tag?post=4475"}],"curies":[{"name":"wp","href":"https:\/\/api.w.org\/{rel}","templated":true}]}}