{"id":4572,"date":"2026-04-02T09:33:59","date_gmt":"2026-04-02T09:33:59","guid":{"rendered":"https:\/\/www.oidhreacht.ie\/?post_type=product&#038;p=4572"},"modified":"2026-04-02T09:33:59","modified_gmt":"2026-04-02T09:33:59","slug":"rainbow-trout-le-fran-fogarty","status":"publish","type":"product","link":"https:\/\/www.oidhreacht.ie\/ga\/product\/rainbow-trout-le-fran-fogarty\/","title":{"rendered":"Rainbow Trout le Fran Fogarty"},"content":{"rendered":"","protected":false},"excerpt":{"rendered":"<table width=\"883\">\n<tbody>\n<tr>\n<td><strong>Ainm \/ Title<\/strong><strong>:<\/strong><\/td>\n<\/tr>\n<tr>\n<td><strong>Me\u00e1n \/ Medium: Aicrileach\/Acrylic<\/strong><\/td>\n<\/tr>\n<tr>\n<td><strong>Tois\u00ed \/ Measurement: 82cm x 72cm<\/strong><\/td>\n<\/tr>\n<tr>\n<td><strong>Praghas \/ Price<\/strong><strong>: \u20ac 450.00<\/strong><\/td>\n<\/tr>\n<\/tbody>\n<\/table>\n<p><strong>N\u00f3ta Beathaisn\u00e9ise \/ Biographical note:<\/strong><\/p>\n<table class=\"entry-details-table \" cellspacing=\"0\">\n<tbody>\n<tr>\n<td class=\"entry-view-field-value\" colspan=\"2\">Is eala\u00edont\u00f3ir \u00ed Frances Fogarty at\u00e1 lonnaithe i mBaile na nGall, agus d\u00e9anann a saothar ceili\u00faradh ar dathanna agus ar fuinneamh ch\u00f3sta an Atlantaigh. Crutha\u00edonn s\u00ed p\u00edosa\u00ed br\u00edomhara l\u00e9iritheacha, spreagtha ag saol na mara agus t\u00edrdhreacha. Bh\u00ed Frances mar bhunaitheoir LilyMais agus The Slow Concept i Marina an Daingin.<\/p>\n<p>Frances Fogarty is a Ballydavid-based artist whose work celebrates colour and the energy of the Atlantic coast. She creates vibrant, expressive pieces inspired by marine life and landscapes. She is the founder of LilyMais and The Slow Concept at Dingle Marina.<\/td>\n<\/tr>\n<\/tbody>\n<\/table>\n","protected":false},"featured_media":4586,"template":"","meta":{"_acf_changed":false,"ocean_post_layout":"","ocean_both_sidebars_style":"","ocean_both_sidebars_content_width":0,"ocean_both_sidebars_sidebars_width":0,"ocean_sidebar":"0","ocean_second_sidebar":"0","ocean_disable_margins":"enable","ocean_add_body_class":"","ocean_shortcode_before_top_bar":"","ocean_shortcode_after_top_bar":"","ocean_shortcode_before_header":"","ocean_shortcode_after_header":"","ocean_has_shortcode":"","ocean_shortcode_after_title":"","ocean_shortcode_before_footer_widgets":"","ocean_shortcode_after_footer_widgets":"","ocean_shortcode_before_footer_bottom":"","ocean_shortcode_after_footer_bottom":"","ocean_display_top_bar":"default","ocean_display_header":"default","ocean_header_style":"","ocean_center_header_left_menu":"0","ocean_custom_header_template":"0","ocean_custom_logo":0,"ocean_custom_retina_logo":0,"ocean_custom_logo_max_width":0,"ocean_custom_logo_tablet_max_width":0,"ocean_custom_logo_mobile_max_width":0,"ocean_custom_logo_max_height":0,"ocean_custom_logo_tablet_max_height":0,"ocean_custom_logo_mobile_max_height":0,"ocean_header_custom_menu":"0","ocean_menu_typo_font_family":"0","ocean_menu_typo_font_subset":"","ocean_menu_typo_font_size":0,"ocean_menu_typo_font_size_tablet":0,"ocean_menu_typo_font_size_mobile":0,"ocean_menu_typo_font_size_unit":"px","ocean_menu_typo_font_weight":"","ocean_menu_typo_font_weight_tablet":"","ocean_menu_typo_font_weight_mobile":"","ocean_menu_typo_transform":"","ocean_menu_typo_transform_tablet":"","ocean_menu_typo_transform_mobile":"","ocean_menu_typo_line_height":0,"ocean_menu_typo_line_height_tablet":0,"ocean_menu_typo_line_height_mobile":0,"ocean_menu_typo_line_height_unit":"","ocean_menu_typo_spacing":0,"ocean_menu_typo_spacing_tablet":0,"ocean_menu_typo_spacing_mobile":0,"ocean_menu_typo_spacing_unit":"","ocean_menu_link_color":"","ocean_menu_link_color_hover":"","ocean_menu_link_color_active":"","ocean_menu_link_background":"","ocean_menu_link_hover_background":"","ocean_menu_link_active_background":"","ocean_menu_social_links_bg":"","ocean_menu_social_hover_links_bg":"","ocean_menu_social_links_color":"","ocean_menu_social_hover_links_color":"","ocean_disable_title":"default","ocean_disable_heading":"default","ocean_post_title":"","ocean_post_subheading":"","ocean_post_title_style":"","ocean_post_title_background_color":"","ocean_post_title_background":0,"ocean_post_title_bg_image_position":"","ocean_post_title_bg_image_attachment":"","ocean_post_title_bg_image_repeat":"","ocean_post_title_bg_image_size":"","ocean_post_title_height":0,"ocean_post_title_bg_overlay":0.5,"ocean_post_title_bg_overlay_color":"","ocean_disable_breadcrumbs":"default","ocean_breadcrumbs_color":"","ocean_breadcrumbs_separator_color":"","ocean_breadcrumbs_links_color":"","ocean_breadcrumbs_links_hover_color":"","ocean_display_footer_widgets":"default","ocean_display_footer_bottom":"default","ocean_custom_footer_template":"0"},"product_brand":[],"product_cat":[66],"product_tag":[],"class_list":{"0":"post-4572","1":"product","2":"type-product","3":"status-publish","4":"has-post-thumbnail","6":"product_cat-feile-na-casca","8":"entry","9":"has-media","11":"first","12":"instock","13":"shipping-taxable","14":"purchasable","15":"product-type-simple","16":"has-product-nav","17":"col","18":"span_1_of_4","19":"owp-content-center","20":"owp-thumbs-layout-horizontal","21":"owp-btn-normal","22":"owp-tabs-layout-horizontal","23":"has-no-thumbnails"},"acf":[],"yoast_head":"<!-- This site is optimized with the Yoast SEO plugin v27.3 - https:\/\/yoast.com\/product\/yoast-seo-wordpress\/ -->\n<title>Rainbow Trout le Fran Fogarty - Oidhreacht Chorca Dhuibhne<\/title>\n<meta name=\"robots\" content=\"index, follow, max-snippet:-1, max-image-preview:large, max-video-preview:-1\" \/>\n<link rel=\"canonical\" href=\"https:\/\/www.oidhreacht.ie\/ga\/product\/rainbow-trout-le-fran-fogarty\/\" \/>\n<meta property=\"og:locale\" content=\"ga_IE\" \/>\n<meta property=\"og:type\" content=\"article\" \/>\n<meta property=\"og:title\" content=\"Rainbow Trout le Fran Fogarty - Oidhreacht Chorca Dhuibhne\" \/>\n<meta property=\"og:description\" content=\"Ainm \/ Title:   Me\u00e1n \/ Medium: Aicrileach\/Acrylic   Tois\u00ed \/ Measurement: 82cm x 72cm   Praghas \/ Price: \u20ac 450.00    N\u00f3ta Beathaisn\u00e9ise \/ Biographical note:    Is eala\u00edont\u00f3ir \u00ed Frances Fogarty at\u00e1 lonnaithe i mBaile na nGall, agus d\u00e9anann a saothar ceili\u00faradh ar dathanna agus ar fuinneamh ch\u00f3sta an Atlantaigh. Crutha\u00edonn s\u00ed p\u00edosa\u00ed br\u00edomhara l\u00e9iritheacha, spreagtha ag saol na mara agus t\u00edrdhreacha. Bh\u00ed Frances mar bhunaitheoir LilyMais agus The Slow Concept i Marina an Daingin.  Frances Fogarty is a Ballydavid-based artist whose work celebrates colour and the energy of the Atlantic coast. She creates vibrant, expressive pieces inspired by marine life and landscapes. She is the founder of LilyMais and The Slow Concept at Dingle Marina.\" \/>\n<meta property=\"og:url\" content=\"https:\/\/www.oidhreacht.ie\/ga\/product\/rainbow-trout-le-fran-fogarty\/\" \/>\n<meta property=\"og:site_name\" content=\"Oidhreacht Chorca Dhuibhne\" \/>\n<meta property=\"article:publisher\" content=\"https:\/\/www.facebook.com\/oidhreachtcd\/\" \/>\n<meta property=\"og:image\" content=\"https:\/\/www.oidhreacht.ie\/wp-content\/uploads\/2026\/03\/Trout.jpeg\" \/>\n\t<meta property=\"og:image:width\" content=\"1600\" \/>\n\t<meta property=\"og:image:height\" content=\"1200\" \/>\n\t<meta property=\"og:image:type\" content=\"image\/jpeg\" \/>\n<meta name=\"twitter:card\" content=\"summary_large_image\" \/>\n<meta name=\"twitter:label1\" content=\"Est. reading time\" \/>\n\t<meta name=\"twitter:data1\" content=\"1 minute\" \/>\n<script type=\"application\/ld+json\" class=\"yoast-schema-graph\">{\"@context\":\"https:\\\/\\\/schema.org\",\"@graph\":[{\"@type\":\"WebPage\",\"@id\":\"https:\\\/\\\/www.oidhreacht.ie\\\/ga\\\/product\\\/rainbow-trout-le-fran-fogarty\\\/\",\"url\":\"https:\\\/\\\/www.oidhreacht.ie\\\/ga\\\/product\\\/rainbow-trout-le-fran-fogarty\\\/\",\"name\":\"Rainbow Trout le Fran Fogarty - Oidhreacht Chorca Dhuibhne\",\"isPartOf\":{\"@id\":\"https:\\\/\\\/www.oidhreacht.ie\\\/ga\\\/#website\"},\"primaryImageOfPage\":{\"@id\":\"https:\\\/\\\/www.oidhreacht.ie\\\/ga\\\/product\\\/rainbow-trout-le-fran-fogarty\\\/#primaryimage\"},\"image\":{\"@id\":\"https:\\\/\\\/www.oidhreacht.ie\\\/ga\\\/product\\\/rainbow-trout-le-fran-fogarty\\\/#primaryimage\"},\"thumbnailUrl\":\"https:\\\/\\\/www.oidhreacht.ie\\\/wp-content\\\/uploads\\\/2026\\\/03\\\/Trout.jpeg\",\"datePublished\":\"2026-04-02T09:33:59+00:00\",\"breadcrumb\":{\"@id\":\"https:\\\/\\\/www.oidhreacht.ie\\\/ga\\\/product\\\/rainbow-trout-le-fran-fogarty\\\/#breadcrumb\"},\"inLanguage\":\"ga-IE\",\"potentialAction\":[{\"@type\":\"ReadAction\",\"target\":[\"https:\\\/\\\/www.oidhreacht.ie\\\/ga\\\/product\\\/rainbow-trout-le-fran-fogarty\\\/\"]}]},{\"@type\":\"ImageObject\",\"inLanguage\":\"ga-IE\",\"@id\":\"https:\\\/\\\/www.oidhreacht.ie\\\/ga\\\/product\\\/rainbow-trout-le-fran-fogarty\\\/#primaryimage\",\"url\":\"https:\\\/\\\/www.oidhreacht.ie\\\/wp-content\\\/uploads\\\/2026\\\/03\\\/Trout.jpeg\",\"contentUrl\":\"https:\\\/\\\/www.oidhreacht.ie\\\/wp-content\\\/uploads\\\/2026\\\/03\\\/Trout.jpeg\",\"width\":1600,\"height\":1200},{\"@type\":\"BreadcrumbList\",\"@id\":\"https:\\\/\\\/www.oidhreacht.ie\\\/ga\\\/product\\\/rainbow-trout-le-fran-fogarty\\\/#breadcrumb\",\"itemListElement\":[{\"@type\":\"ListItem\",\"position\":1,\"name\":\"Home\",\"item\":\"https:\\\/\\\/www.oidhreacht.ie\\\/ga\\\/\"},{\"@type\":\"ListItem\",\"position\":2,\"name\":\"Shop\",\"item\":\"https:\\\/\\\/www.oidhreacht.ie\\\/ga\\\/shop-2\\\/\"},{\"@type\":\"ListItem\",\"position\":3,\"name\":\"Rainbow Trout le Fran Fogarty\"}]},{\"@type\":\"WebSite\",\"@id\":\"https:\\\/\\\/www.oidhreacht.ie\\\/ga\\\/#website\",\"url\":\"https:\\\/\\\/www.oidhreacht.ie\\\/ga\\\/\",\"name\":\"Oidhreacht Chorca Dhuibhne\",\"description\":\"Irish Language Courses on the Dingle Peninsula\",\"publisher\":{\"@id\":\"https:\\\/\\\/www.oidhreacht.ie\\\/ga\\\/#organization\"},\"potentialAction\":[{\"@type\":\"SearchAction\",\"target\":{\"@type\":\"EntryPoint\",\"urlTemplate\":\"https:\\\/\\\/www.oidhreacht.ie\\\/ga\\\/?s={search_term_string}\"},\"query-input\":{\"@type\":\"PropertyValueSpecification\",\"valueRequired\":true,\"valueName\":\"search_term_string\"}}],\"inLanguage\":\"ga-IE\"},{\"@type\":\"Organization\",\"@id\":\"https:\\\/\\\/www.oidhreacht.ie\\\/ga\\\/#organization\",\"name\":\"Oidhreacht Chorca Dhuibhne\",\"url\":\"https:\\\/\\\/www.oidhreacht.ie\\\/ga\\\/\",\"logo\":{\"@type\":\"ImageObject\",\"inLanguage\":\"ga-IE\",\"@id\":\"https:\\\/\\\/www.oidhreacht.ie\\\/ga\\\/#\\\/schema\\\/logo\\\/image\\\/\",\"url\":\"https:\\\/\\\/www.oidhreacht.ie\\\/wp-content\\\/uploads\\\/2020\\\/02\\\/oidhreacht-logo-1.png\",\"contentUrl\":\"https:\\\/\\\/www.oidhreacht.ie\\\/wp-content\\\/uploads\\\/2020\\\/02\\\/oidhreacht-logo-1.png\",\"width\":300,\"height\":100,\"caption\":\"Oidhreacht Chorca Dhuibhne\"},\"image\":{\"@id\":\"https:\\\/\\\/www.oidhreacht.ie\\\/ga\\\/#\\\/schema\\\/logo\\\/image\\\/\"},\"sameAs\":[\"https:\\\/\\\/www.facebook.com\\\/oidhreachtcd\\\/\",\"https:\\\/\\\/www.instagram.com\\\/oidhreacht_chorca_dhuibhne\\\/\"]}]}<\/script>\n<!-- \/ Yoast SEO plugin. -->","yoast_head_json":{"title":"Rainbow Trout le Fran Fogarty - Oidhreacht Chorca Dhuibhne","robots":{"index":"index","follow":"follow","max-snippet":"max-snippet:-1","max-image-preview":"max-image-preview:large","max-video-preview":"max-video-preview:-1"},"canonical":"https:\/\/www.oidhreacht.ie\/ga\/product\/rainbow-trout-le-fran-fogarty\/","og_locale":"ga_IE","og_type":"article","og_title":"Rainbow Trout le Fran Fogarty - Oidhreacht Chorca Dhuibhne","og_description":"Ainm \/ Title:   Me\u00e1n \/ Medium: Aicrileach\/Acrylic   Tois\u00ed \/ Measurement: 82cm x 72cm   Praghas \/ Price: \u20ac 450.00    N\u00f3ta Beathaisn\u00e9ise \/ Biographical note:    Is eala\u00edont\u00f3ir \u00ed Frances Fogarty at\u00e1 lonnaithe i mBaile na nGall, agus d\u00e9anann a saothar ceili\u00faradh ar dathanna agus ar fuinneamh ch\u00f3sta an Atlantaigh. Crutha\u00edonn s\u00ed p\u00edosa\u00ed br\u00edomhara l\u00e9iritheacha, spreagtha ag saol na mara agus t\u00edrdhreacha. Bh\u00ed Frances mar bhunaitheoir LilyMais agus The Slow Concept i Marina an Daingin.  Frances Fogarty is a Ballydavid-based artist whose work celebrates colour and the energy of the Atlantic coast. She creates vibrant, expressive pieces inspired by marine life and landscapes. She is the founder of LilyMais and The Slow Concept at Dingle Marina.","og_url":"https:\/\/www.oidhreacht.ie\/ga\/product\/rainbow-trout-le-fran-fogarty\/","og_site_name":"Oidhreacht Chorca Dhuibhne","article_publisher":"https:\/\/www.facebook.com\/oidhreachtcd\/","og_image":[{"width":1600,"height":1200,"url":"https:\/\/www.oidhreacht.ie\/wp-content\/uploads\/2026\/03\/Trout.jpeg","type":"image\/jpeg"}],"twitter_card":"summary_large_image","twitter_misc":{"Est. reading time":"1 minute"},"schema":{"@context":"https:\/\/schema.org","@graph":[{"@type":"WebPage","@id":"https:\/\/www.oidhreacht.ie\/ga\/product\/rainbow-trout-le-fran-fogarty\/","url":"https:\/\/www.oidhreacht.ie\/ga\/product\/rainbow-trout-le-fran-fogarty\/","name":"Rainbow Trout le Fran Fogarty - Oidhreacht Chorca Dhuibhne","isPartOf":{"@id":"https:\/\/www.oidhreacht.ie\/ga\/#website"},"primaryImageOfPage":{"@id":"https:\/\/www.oidhreacht.ie\/ga\/product\/rainbow-trout-le-fran-fogarty\/#primaryimage"},"image":{"@id":"https:\/\/www.oidhreacht.ie\/ga\/product\/rainbow-trout-le-fran-fogarty\/#primaryimage"},"thumbnailUrl":"https:\/\/www.oidhreacht.ie\/wp-content\/uploads\/2026\/03\/Trout.jpeg","datePublished":"2026-04-02T09:33:59+00:00","breadcrumb":{"@id":"https:\/\/www.oidhreacht.ie\/ga\/product\/rainbow-trout-le-fran-fogarty\/#breadcrumb"},"inLanguage":"ga-IE","potentialAction":[{"@type":"ReadAction","target":["https:\/\/www.oidhreacht.ie\/ga\/product\/rainbow-trout-le-fran-fogarty\/"]}]},{"@type":"ImageObject","inLanguage":"ga-IE","@id":"https:\/\/www.oidhreacht.ie\/ga\/product\/rainbow-trout-le-fran-fogarty\/#primaryimage","url":"https:\/\/www.oidhreacht.ie\/wp-content\/uploads\/2026\/03\/Trout.jpeg","contentUrl":"https:\/\/www.oidhreacht.ie\/wp-content\/uploads\/2026\/03\/Trout.jpeg","width":1600,"height":1200},{"@type":"BreadcrumbList","@id":"https:\/\/www.oidhreacht.ie\/ga\/product\/rainbow-trout-le-fran-fogarty\/#breadcrumb","itemListElement":[{"@type":"ListItem","position":1,"name":"Home","item":"https:\/\/www.oidhreacht.ie\/ga\/"},{"@type":"ListItem","position":2,"name":"Shop","item":"https:\/\/www.oidhreacht.ie\/ga\/shop-2\/"},{"@type":"ListItem","position":3,"name":"Rainbow Trout le Fran Fogarty"}]},{"@type":"WebSite","@id":"https:\/\/www.oidhreacht.ie\/ga\/#website","url":"https:\/\/www.oidhreacht.ie\/ga\/","name":"Oidhreacht Chorca Dhuibhne","description":"Irish Language Courses on the Dingle Peninsula","publisher":{"@id":"https:\/\/www.oidhreacht.ie\/ga\/#organization"},"potentialAction":[{"@type":"SearchAction","target":{"@type":"EntryPoint","urlTemplate":"https:\/\/www.oidhreacht.ie\/ga\/?s={search_term_string}"},"query-input":{"@type":"PropertyValueSpecification","valueRequired":true,"valueName":"search_term_string"}}],"inLanguage":"ga-IE"},{"@type":"Organization","@id":"https:\/\/www.oidhreacht.ie\/ga\/#organization","name":"Oidhreacht Chorca Dhuibhne","url":"https:\/\/www.oidhreacht.ie\/ga\/","logo":{"@type":"ImageObject","inLanguage":"ga-IE","@id":"https:\/\/www.oidhreacht.ie\/ga\/#\/schema\/logo\/image\/","url":"https:\/\/www.oidhreacht.ie\/wp-content\/uploads\/2020\/02\/oidhreacht-logo-1.png","contentUrl":"https:\/\/www.oidhreacht.ie\/wp-content\/uploads\/2020\/02\/oidhreacht-logo-1.png","width":300,"height":100,"caption":"Oidhreacht Chorca Dhuibhne"},"image":{"@id":"https:\/\/www.oidhreacht.ie\/ga\/#\/schema\/logo\/image\/"},"sameAs":["https:\/\/www.facebook.com\/oidhreachtcd\/","https:\/\/www.instagram.com\/oidhreacht_chorca_dhuibhne\/"]}]}},"_links":{"self":[{"href":"https:\/\/www.oidhreacht.ie\/ga\/wp-json\/wp\/v2\/product\/4572","targetHints":{"allow":["GET"]}}],"collection":[{"href":"https:\/\/www.oidhreacht.ie\/ga\/wp-json\/wp\/v2\/product"}],"about":[{"href":"https:\/\/www.oidhreacht.ie\/ga\/wp-json\/wp\/v2\/types\/product"}],"wp:featuredmedia":[{"embeddable":true,"href":"https:\/\/www.oidhreacht.ie\/ga\/wp-json\/wp\/v2\/media\/4586"}],"wp:attachment":[{"href":"https:\/\/www.oidhreacht.ie\/ga\/wp-json\/wp\/v2\/media?parent=4572"}],"wp:term":[{"taxonomy":"product_brand","embeddable":true,"href":"https:\/\/www.oidhreacht.ie\/ga\/wp-json\/wp\/v2\/product_brand?post=4572"},{"taxonomy":"product_cat","embeddable":true,"href":"https:\/\/www.oidhreacht.ie\/ga\/wp-json\/wp\/v2\/product_cat?post=4572"},{"taxonomy":"product_tag","embeddable":true,"href":"https:\/\/www.oidhreacht.ie\/ga\/wp-json\/wp\/v2\/product_tag?post=4572"}],"curies":[{"name":"wp","href":"https:\/\/api.w.org\/{rel}","templated":true}]}}