{"id":4601,"date":"2026-04-02T09:33:58","date_gmt":"2026-04-02T09:33:58","guid":{"rendered":"https:\/\/www.oidhreacht.ie\/?post_type=product&#038;p=4601"},"modified":"2026-04-02T09:33:58","modified_gmt":"2026-04-02T09:33:58","slug":"gan-scath-ar-bhothar-an-im-no-shadow-on-butter-road-le-willem-minjon","status":"publish","type":"product","link":"https:\/\/www.oidhreacht.ie\/ga\/product\/gan-scath-ar-bhothar-an-im-no-shadow-on-butter-road-le-willem-minjon\/","title":{"rendered":"Gan sc\u00e1th ar bh\u00f3thar an im \/ No shadow on Butter road le Willem Minjon"},"content":{"rendered":"","protected":false},"excerpt":{"rendered":"<table width=\"883\">\n<tbody>\n<tr>\n<td><strong>Ainm \/ Title<\/strong><strong>: Gan sc\u00e1th ar bh\u00f3thar an im \/ No shadow on Butter road<\/strong><\/td>\n<\/tr>\n<tr>\n<td><strong>Me\u00e1n \/ Medium: Aicrileach\/Acrylic<\/strong><\/td>\n<\/tr>\n<tr>\n<td><strong>Tois\u00ed \/ Measurement: w 70 x h 50 cm<\/strong><\/td>\n<\/tr>\n<tr>\n<td><strong>Praghas \/ Price<\/strong><strong>: \u20ac 460.00<\/strong><\/td>\n<\/tr>\n<\/tbody>\n<\/table>\n<p><strong>N\u00f3ta Beathaisn\u00e9ise \/ Biographical note:<\/strong><\/p>\n<p>Is eala\u00edont\u00f3ir f\u00edse il-mhe\u00e1n \u00e9 Willem Minjon a oibr\u00edonn leis an t\u00edrdhreach \u00f3na sti\u00faideo in Abhainn na Sc\u00e1il, Co. Chiarra\u00ed. T\u00e1 taispe\u00e1ntais d\u00e9anta aige in \u00c9irinn agus thar lear agus ghlac s\u00e9 p\u00e1irt i go leor se\u00f3nna gr\u00fapa roghnaithe. Is ceann de na bunaitheoir\u00ed EVA International i Luimneach \u00e9.<\/p>\n<p>Willem Minjon is a multi-media visual artist who works with the landscape from his studio in Annascaul, Co. Kerry. He has exhibited widely in Ireland and abroad and has participated in many select group shows. He is a founding member of EVA International in Limerick.<\/p>\n","protected":false},"featured_media":4604,"template":"","meta":{"_acf_changed":false,"ocean_post_layout":"","ocean_both_sidebars_style":"","ocean_both_sidebars_content_width":0,"ocean_both_sidebars_sidebars_width":0,"ocean_sidebar":"0","ocean_second_sidebar":"0","ocean_disable_margins":"enable","ocean_add_body_class":"","ocean_shortcode_before_top_bar":"","ocean_shortcode_after_top_bar":"","ocean_shortcode_before_header":"","ocean_shortcode_after_header":"","ocean_has_shortcode":"","ocean_shortcode_after_title":"","ocean_shortcode_before_footer_widgets":"","ocean_shortcode_after_footer_widgets":"","ocean_shortcode_before_footer_bottom":"","ocean_shortcode_after_footer_bottom":"","ocean_display_top_bar":"default","ocean_display_header":"default","ocean_header_style":"","ocean_center_header_left_menu":"0","ocean_custom_header_template":"0","ocean_custom_logo":0,"ocean_custom_retina_logo":0,"ocean_custom_logo_max_width":0,"ocean_custom_logo_tablet_max_width":0,"ocean_custom_logo_mobile_max_width":0,"ocean_custom_logo_max_height":0,"ocean_custom_logo_tablet_max_height":0,"ocean_custom_logo_mobile_max_height":0,"ocean_header_custom_menu":"0","ocean_menu_typo_font_family":"0","ocean_menu_typo_font_subset":"","ocean_menu_typo_font_size":0,"ocean_menu_typo_font_size_tablet":0,"ocean_menu_typo_font_size_mobile":0,"ocean_menu_typo_font_size_unit":"px","ocean_menu_typo_font_weight":"","ocean_menu_typo_font_weight_tablet":"","ocean_menu_typo_font_weight_mobile":"","ocean_menu_typo_transform":"","ocean_menu_typo_transform_tablet":"","ocean_menu_typo_transform_mobile":"","ocean_menu_typo_line_height":0,"ocean_menu_typo_line_height_tablet":0,"ocean_menu_typo_line_height_mobile":0,"ocean_menu_typo_line_height_unit":"","ocean_menu_typo_spacing":0,"ocean_menu_typo_spacing_tablet":0,"ocean_menu_typo_spacing_mobile":0,"ocean_menu_typo_spacing_unit":"","ocean_menu_link_color":"","ocean_menu_link_color_hover":"","ocean_menu_link_color_active":"","ocean_menu_link_background":"","ocean_menu_link_hover_background":"","ocean_menu_link_active_background":"","ocean_menu_social_links_bg":"","ocean_menu_social_hover_links_bg":"","ocean_menu_social_links_color":"","ocean_menu_social_hover_links_color":"","ocean_disable_title":"default","ocean_disable_heading":"default","ocean_post_title":"","ocean_post_subheading":"","ocean_post_title_style":"","ocean_post_title_background_color":"","ocean_post_title_background":0,"ocean_post_title_bg_image_position":"","ocean_post_title_bg_image_attachment":"","ocean_post_title_bg_image_repeat":"","ocean_post_title_bg_image_size":"","ocean_post_title_height":0,"ocean_post_title_bg_overlay":0.5,"ocean_post_title_bg_overlay_color":"","ocean_disable_breadcrumbs":"default","ocean_breadcrumbs_color":"","ocean_breadcrumbs_separator_color":"","ocean_breadcrumbs_links_color":"","ocean_breadcrumbs_links_hover_color":"","ocean_display_footer_widgets":"default","ocean_display_footer_bottom":"default","ocean_custom_footer_template":"0"},"product_brand":[],"product_cat":[66],"product_tag":[],"class_list":{"0":"post-4601","1":"product","2":"type-product","3":"status-publish","4":"has-post-thumbnail","6":"product_cat-feile-na-casca","8":"entry","9":"has-media","11":"first","12":"instock","13":"shipping-taxable","14":"purchasable","15":"product-type-simple","16":"has-product-nav","17":"col","18":"span_1_of_4","19":"owp-content-center","20":"owp-thumbs-layout-horizontal","21":"owp-btn-normal","22":"owp-tabs-layout-horizontal","23":"has-no-thumbnails"},"acf":[],"yoast_head":"<!-- This site is optimized with the Yoast SEO plugin v27.3 - https:\/\/yoast.com\/product\/yoast-seo-wordpress\/ -->\n<title>Gan sc\u00e1th ar bh\u00f3thar an im \/ No shadow on Butter road le Willem Minjon - Oidhreacht Chorca Dhuibhne<\/title>\n<meta name=\"robots\" content=\"index, follow, max-snippet:-1, max-image-preview:large, max-video-preview:-1\" \/>\n<link rel=\"canonical\" href=\"https:\/\/www.oidhreacht.ie\/ga\/product\/gan-scath-ar-bhothar-an-im-no-shadow-on-butter-road-le-willem-minjon\/\" \/>\n<meta property=\"og:locale\" content=\"ga_IE\" \/>\n<meta property=\"og:type\" content=\"article\" \/>\n<meta property=\"og:title\" content=\"Gan sc\u00e1th ar bh\u00f3thar an im \/ No shadow on Butter road le Willem Minjon - Oidhreacht Chorca Dhuibhne\" \/>\n<meta property=\"og:description\" content=\"Ainm \/ Title: Gan sc\u00e1th ar bh\u00f3thar an im \/ No shadow on Butter road   Me\u00e1n \/ Medium: Aicrileach\/Acrylic   Tois\u00ed \/ Measurement: w 70 x h 50 cm   Praghas \/ Price: \u20ac 460.00    N\u00f3ta Beathaisn\u00e9ise \/ Biographical note:  Is eala\u00edont\u00f3ir f\u00edse il-mhe\u00e1n \u00e9 Willem Minjon a oibr\u00edonn leis an t\u00edrdhreach \u00f3na sti\u00faideo in Abhainn na Sc\u00e1il, Co. Chiarra\u00ed. T\u00e1 taispe\u00e1ntais d\u00e9anta aige in \u00c9irinn agus thar lear agus ghlac s\u00e9 p\u00e1irt i go leor se\u00f3nna gr\u00fapa roghnaithe. Is ceann de na bunaitheoir\u00ed EVA International i Luimneach \u00e9.  Willem Minjon is a multi-media visual artist who works with the landscape from his studio in Annascaul, Co. Kerry. He has exhibited widely in Ireland and abroad and has participated in many select group shows. He is a founding member of EVA International in Limerick.\" \/>\n<meta property=\"og:url\" content=\"https:\/\/www.oidhreacht.ie\/ga\/product\/gan-scath-ar-bhothar-an-im-no-shadow-on-butter-road-le-willem-minjon\/\" \/>\n<meta property=\"og:site_name\" content=\"Oidhreacht Chorca Dhuibhne\" \/>\n<meta property=\"article:publisher\" content=\"https:\/\/www.facebook.com\/oidhreachtcd\/\" \/>\n<meta property=\"og:image\" content=\"https:\/\/www.oidhreacht.ie\/wp-content\/uploads\/2026\/03\/IMG_20260305_200916-scaled.jpg\" \/>\n\t<meta property=\"og:image:width\" content=\"2560\" \/>\n\t<meta property=\"og:image:height\" content=\"1726\" \/>\n\t<meta property=\"og:image:type\" content=\"image\/jpeg\" \/>\n<meta name=\"twitter:card\" content=\"summary_large_image\" \/>\n<meta name=\"twitter:label1\" content=\"Est. reading time\" \/>\n\t<meta name=\"twitter:data1\" content=\"1 minute\" \/>\n<script type=\"application\/ld+json\" class=\"yoast-schema-graph\">{\"@context\":\"https:\\\/\\\/schema.org\",\"@graph\":[{\"@type\":\"WebPage\",\"@id\":\"https:\\\/\\\/www.oidhreacht.ie\\\/ga\\\/product\\\/gan-scath-ar-bhothar-an-im-no-shadow-on-butter-road-le-willem-minjon\\\/\",\"url\":\"https:\\\/\\\/www.oidhreacht.ie\\\/ga\\\/product\\\/gan-scath-ar-bhothar-an-im-no-shadow-on-butter-road-le-willem-minjon\\\/\",\"name\":\"Gan sc\u00e1th ar bh\u00f3thar an im \\\/ No shadow on Butter road le Willem Minjon - Oidhreacht Chorca Dhuibhne\",\"isPartOf\":{\"@id\":\"https:\\\/\\\/www.oidhreacht.ie\\\/ga\\\/#website\"},\"primaryImageOfPage\":{\"@id\":\"https:\\\/\\\/www.oidhreacht.ie\\\/ga\\\/product\\\/gan-scath-ar-bhothar-an-im-no-shadow-on-butter-road-le-willem-minjon\\\/#primaryimage\"},\"image\":{\"@id\":\"https:\\\/\\\/www.oidhreacht.ie\\\/ga\\\/product\\\/gan-scath-ar-bhothar-an-im-no-shadow-on-butter-road-le-willem-minjon\\\/#primaryimage\"},\"thumbnailUrl\":\"https:\\\/\\\/www.oidhreacht.ie\\\/wp-content\\\/uploads\\\/2026\\\/03\\\/IMG_20260305_200916-scaled.jpg\",\"datePublished\":\"2026-04-02T09:33:58+00:00\",\"breadcrumb\":{\"@id\":\"https:\\\/\\\/www.oidhreacht.ie\\\/ga\\\/product\\\/gan-scath-ar-bhothar-an-im-no-shadow-on-butter-road-le-willem-minjon\\\/#breadcrumb\"},\"inLanguage\":\"ga-IE\",\"potentialAction\":[{\"@type\":\"ReadAction\",\"target\":[\"https:\\\/\\\/www.oidhreacht.ie\\\/ga\\\/product\\\/gan-scath-ar-bhothar-an-im-no-shadow-on-butter-road-le-willem-minjon\\\/\"]}]},{\"@type\":\"ImageObject\",\"inLanguage\":\"ga-IE\",\"@id\":\"https:\\\/\\\/www.oidhreacht.ie\\\/ga\\\/product\\\/gan-scath-ar-bhothar-an-im-no-shadow-on-butter-road-le-willem-minjon\\\/#primaryimage\",\"url\":\"https:\\\/\\\/www.oidhreacht.ie\\\/wp-content\\\/uploads\\\/2026\\\/03\\\/IMG_20260305_200916-scaled.jpg\",\"contentUrl\":\"https:\\\/\\\/www.oidhreacht.ie\\\/wp-content\\\/uploads\\\/2026\\\/03\\\/IMG_20260305_200916-scaled.jpg\",\"width\":2560,\"height\":1726},{\"@type\":\"BreadcrumbList\",\"@id\":\"https:\\\/\\\/www.oidhreacht.ie\\\/ga\\\/product\\\/gan-scath-ar-bhothar-an-im-no-shadow-on-butter-road-le-willem-minjon\\\/#breadcrumb\",\"itemListElement\":[{\"@type\":\"ListItem\",\"position\":1,\"name\":\"Home\",\"item\":\"https:\\\/\\\/www.oidhreacht.ie\\\/ga\\\/\"},{\"@type\":\"ListItem\",\"position\":2,\"name\":\"Shop\",\"item\":\"https:\\\/\\\/www.oidhreacht.ie\\\/ga\\\/shop-2\\\/\"},{\"@type\":\"ListItem\",\"position\":3,\"name\":\"Gan sc\u00e1th ar bh\u00f3thar an im \\\/ No shadow on Butter road le Willem Minjon\"}]},{\"@type\":\"WebSite\",\"@id\":\"https:\\\/\\\/www.oidhreacht.ie\\\/ga\\\/#website\",\"url\":\"https:\\\/\\\/www.oidhreacht.ie\\\/ga\\\/\",\"name\":\"Oidhreacht Chorca Dhuibhne\",\"description\":\"Irish Language Courses on the Dingle Peninsula\",\"publisher\":{\"@id\":\"https:\\\/\\\/www.oidhreacht.ie\\\/ga\\\/#organization\"},\"potentialAction\":[{\"@type\":\"SearchAction\",\"target\":{\"@type\":\"EntryPoint\",\"urlTemplate\":\"https:\\\/\\\/www.oidhreacht.ie\\\/ga\\\/?s={search_term_string}\"},\"query-input\":{\"@type\":\"PropertyValueSpecification\",\"valueRequired\":true,\"valueName\":\"search_term_string\"}}],\"inLanguage\":\"ga-IE\"},{\"@type\":\"Organization\",\"@id\":\"https:\\\/\\\/www.oidhreacht.ie\\\/ga\\\/#organization\",\"name\":\"Oidhreacht Chorca Dhuibhne\",\"url\":\"https:\\\/\\\/www.oidhreacht.ie\\\/ga\\\/\",\"logo\":{\"@type\":\"ImageObject\",\"inLanguage\":\"ga-IE\",\"@id\":\"https:\\\/\\\/www.oidhreacht.ie\\\/ga\\\/#\\\/schema\\\/logo\\\/image\\\/\",\"url\":\"https:\\\/\\\/www.oidhreacht.ie\\\/wp-content\\\/uploads\\\/2020\\\/02\\\/oidhreacht-logo-1.png\",\"contentUrl\":\"https:\\\/\\\/www.oidhreacht.ie\\\/wp-content\\\/uploads\\\/2020\\\/02\\\/oidhreacht-logo-1.png\",\"width\":300,\"height\":100,\"caption\":\"Oidhreacht Chorca Dhuibhne\"},\"image\":{\"@id\":\"https:\\\/\\\/www.oidhreacht.ie\\\/ga\\\/#\\\/schema\\\/logo\\\/image\\\/\"},\"sameAs\":[\"https:\\\/\\\/www.facebook.com\\\/oidhreachtcd\\\/\",\"https:\\\/\\\/www.instagram.com\\\/oidhreacht_chorca_dhuibhne\\\/\"]}]}<\/script>\n<!-- \/ Yoast SEO plugin. -->","yoast_head_json":{"title":"Gan sc\u00e1th ar bh\u00f3thar an im \/ No shadow on Butter road le Willem Minjon - Oidhreacht Chorca Dhuibhne","robots":{"index":"index","follow":"follow","max-snippet":"max-snippet:-1","max-image-preview":"max-image-preview:large","max-video-preview":"max-video-preview:-1"},"canonical":"https:\/\/www.oidhreacht.ie\/ga\/product\/gan-scath-ar-bhothar-an-im-no-shadow-on-butter-road-le-willem-minjon\/","og_locale":"ga_IE","og_type":"article","og_title":"Gan sc\u00e1th ar bh\u00f3thar an im \/ No shadow on Butter road le Willem Minjon - Oidhreacht Chorca Dhuibhne","og_description":"Ainm \/ Title: Gan sc\u00e1th ar bh\u00f3thar an im \/ No shadow on Butter road   Me\u00e1n \/ Medium: Aicrileach\/Acrylic   Tois\u00ed \/ Measurement: w 70 x h 50 cm   Praghas \/ Price: \u20ac 460.00    N\u00f3ta Beathaisn\u00e9ise \/ Biographical note:  Is eala\u00edont\u00f3ir f\u00edse il-mhe\u00e1n \u00e9 Willem Minjon a oibr\u00edonn leis an t\u00edrdhreach \u00f3na sti\u00faideo in Abhainn na Sc\u00e1il, Co. Chiarra\u00ed. T\u00e1 taispe\u00e1ntais d\u00e9anta aige in \u00c9irinn agus thar lear agus ghlac s\u00e9 p\u00e1irt i go leor se\u00f3nna gr\u00fapa roghnaithe. Is ceann de na bunaitheoir\u00ed EVA International i Luimneach \u00e9.  Willem Minjon is a multi-media visual artist who works with the landscape from his studio in Annascaul, Co. Kerry. He has exhibited widely in Ireland and abroad and has participated in many select group shows. He is a founding member of EVA International in Limerick.","og_url":"https:\/\/www.oidhreacht.ie\/ga\/product\/gan-scath-ar-bhothar-an-im-no-shadow-on-butter-road-le-willem-minjon\/","og_site_name":"Oidhreacht Chorca Dhuibhne","article_publisher":"https:\/\/www.facebook.com\/oidhreachtcd\/","og_image":[{"width":2560,"height":1726,"url":"https:\/\/www.oidhreacht.ie\/wp-content\/uploads\/2026\/03\/IMG_20260305_200916-scaled.jpg","type":"image\/jpeg"}],"twitter_card":"summary_large_image","twitter_misc":{"Est. reading time":"1 minute"},"schema":{"@context":"https:\/\/schema.org","@graph":[{"@type":"WebPage","@id":"https:\/\/www.oidhreacht.ie\/ga\/product\/gan-scath-ar-bhothar-an-im-no-shadow-on-butter-road-le-willem-minjon\/","url":"https:\/\/www.oidhreacht.ie\/ga\/product\/gan-scath-ar-bhothar-an-im-no-shadow-on-butter-road-le-willem-minjon\/","name":"Gan sc\u00e1th ar bh\u00f3thar an im \/ No shadow on Butter road le Willem Minjon - Oidhreacht Chorca Dhuibhne","isPartOf":{"@id":"https:\/\/www.oidhreacht.ie\/ga\/#website"},"primaryImageOfPage":{"@id":"https:\/\/www.oidhreacht.ie\/ga\/product\/gan-scath-ar-bhothar-an-im-no-shadow-on-butter-road-le-willem-minjon\/#primaryimage"},"image":{"@id":"https:\/\/www.oidhreacht.ie\/ga\/product\/gan-scath-ar-bhothar-an-im-no-shadow-on-butter-road-le-willem-minjon\/#primaryimage"},"thumbnailUrl":"https:\/\/www.oidhreacht.ie\/wp-content\/uploads\/2026\/03\/IMG_20260305_200916-scaled.jpg","datePublished":"2026-04-02T09:33:58+00:00","breadcrumb":{"@id":"https:\/\/www.oidhreacht.ie\/ga\/product\/gan-scath-ar-bhothar-an-im-no-shadow-on-butter-road-le-willem-minjon\/#breadcrumb"},"inLanguage":"ga-IE","potentialAction":[{"@type":"ReadAction","target":["https:\/\/www.oidhreacht.ie\/ga\/product\/gan-scath-ar-bhothar-an-im-no-shadow-on-butter-road-le-willem-minjon\/"]}]},{"@type":"ImageObject","inLanguage":"ga-IE","@id":"https:\/\/www.oidhreacht.ie\/ga\/product\/gan-scath-ar-bhothar-an-im-no-shadow-on-butter-road-le-willem-minjon\/#primaryimage","url":"https:\/\/www.oidhreacht.ie\/wp-content\/uploads\/2026\/03\/IMG_20260305_200916-scaled.jpg","contentUrl":"https:\/\/www.oidhreacht.ie\/wp-content\/uploads\/2026\/03\/IMG_20260305_200916-scaled.jpg","width":2560,"height":1726},{"@type":"BreadcrumbList","@id":"https:\/\/www.oidhreacht.ie\/ga\/product\/gan-scath-ar-bhothar-an-im-no-shadow-on-butter-road-le-willem-minjon\/#breadcrumb","itemListElement":[{"@type":"ListItem","position":1,"name":"Home","item":"https:\/\/www.oidhreacht.ie\/ga\/"},{"@type":"ListItem","position":2,"name":"Shop","item":"https:\/\/www.oidhreacht.ie\/ga\/shop-2\/"},{"@type":"ListItem","position":3,"name":"Gan sc\u00e1th ar bh\u00f3thar an im \/ No shadow on Butter road le Willem Minjon"}]},{"@type":"WebSite","@id":"https:\/\/www.oidhreacht.ie\/ga\/#website","url":"https:\/\/www.oidhreacht.ie\/ga\/","name":"Oidhreacht Chorca Dhuibhne","description":"Irish Language Courses on the Dingle Peninsula","publisher":{"@id":"https:\/\/www.oidhreacht.ie\/ga\/#organization"},"potentialAction":[{"@type":"SearchAction","target":{"@type":"EntryPoint","urlTemplate":"https:\/\/www.oidhreacht.ie\/ga\/?s={search_term_string}"},"query-input":{"@type":"PropertyValueSpecification","valueRequired":true,"valueName":"search_term_string"}}],"inLanguage":"ga-IE"},{"@type":"Organization","@id":"https:\/\/www.oidhreacht.ie\/ga\/#organization","name":"Oidhreacht Chorca Dhuibhne","url":"https:\/\/www.oidhreacht.ie\/ga\/","logo":{"@type":"ImageObject","inLanguage":"ga-IE","@id":"https:\/\/www.oidhreacht.ie\/ga\/#\/schema\/logo\/image\/","url":"https:\/\/www.oidhreacht.ie\/wp-content\/uploads\/2020\/02\/oidhreacht-logo-1.png","contentUrl":"https:\/\/www.oidhreacht.ie\/wp-content\/uploads\/2020\/02\/oidhreacht-logo-1.png","width":300,"height":100,"caption":"Oidhreacht Chorca Dhuibhne"},"image":{"@id":"https:\/\/www.oidhreacht.ie\/ga\/#\/schema\/logo\/image\/"},"sameAs":["https:\/\/www.facebook.com\/oidhreachtcd\/","https:\/\/www.instagram.com\/oidhreacht_chorca_dhuibhne\/"]}]}},"_links":{"self":[{"href":"https:\/\/www.oidhreacht.ie\/ga\/wp-json\/wp\/v2\/product\/4601","targetHints":{"allow":["GET"]}}],"collection":[{"href":"https:\/\/www.oidhreacht.ie\/ga\/wp-json\/wp\/v2\/product"}],"about":[{"href":"https:\/\/www.oidhreacht.ie\/ga\/wp-json\/wp\/v2\/types\/product"}],"wp:featuredmedia":[{"embeddable":true,"href":"https:\/\/www.oidhreacht.ie\/ga\/wp-json\/wp\/v2\/media\/4604"}],"wp:attachment":[{"href":"https:\/\/www.oidhreacht.ie\/ga\/wp-json\/wp\/v2\/media?parent=4601"}],"wp:term":[{"taxonomy":"product_brand","embeddable":true,"href":"https:\/\/www.oidhreacht.ie\/ga\/wp-json\/wp\/v2\/product_brand?post=4601"},{"taxonomy":"product_cat","embeddable":true,"href":"https:\/\/www.oidhreacht.ie\/ga\/wp-json\/wp\/v2\/product_cat?post=4601"},{"taxonomy":"product_tag","embeddable":true,"href":"https:\/\/www.oidhreacht.ie\/ga\/wp-json\/wp\/v2\/product_tag?post=4601"}],"curies":[{"name":"wp","href":"https:\/\/api.w.org\/{rel}","templated":true}]}}