{"id":506,"date":"2021-04-22T16:22:02","date_gmt":"2021-04-22T16:22:02","guid":{"rendered":"http:\/\/www.oidhreacht.ie\/?post_type=product&#038;p=506"},"modified":"2025-03-10T10:14:03","modified_gmt":"2025-03-10T10:14:03","slug":"orchiste-nollag","status":"publish","type":"product","link":"https:\/\/www.oidhreacht.ie\/ga\/product\/orchiste-nollag\/","title":{"rendered":"\u00d3rchiste Nollag"},"content":{"rendered":"","protected":false},"excerpt":{"rendered":"<p>\u00d3rchiste NollagAnseo t\u00e1 Sc\u00e9al na Nollag \u00f3 th\u00fas, bunchloch na n-iontais\u00ed. An oidhreacht iontach, an traidisi\u00fan idir dh\u00fachas agus iasacht ar dhein \u00e1r muintir a gcuid f\u00e9in de i gc\u00f3na\u00ed agus riamh \u00f3 theacht na Cr\u00edosta\u00edochta.<\/p>\n<p>T\u00e1 a l\u00e1n san \u00d3rchiste seo. Sc\u00e9alta, car\u00fail, d\u00e1nta, n\u00f3sanna, c\u00edn lae, cuimhn\u00ed cinn, eala\u00edn agus seanfhocail, a bhaineann leis an tr\u00e1th beannaithe seo. Chomh maith leis sin t\u00e1 sc\u00e9alta beaga deasa agus rainn do ph\u00e1ist\u00ed agus picti\u00fair tr\u00edd an leabhar. Tugtar l\u00e9argas d\u00fainn ar thraidisi\u00fan na Nollag ar an mBlascaod M\u00f3r, agus an fothragadh agus an callshaoth a bhain le turas a thabhairt ar an m\u00ednt\u00edr chun l\u00f3n na Nollag thabhairt abhaile leo le linn drochaimsire. L\u00e9ir\u00edtear an sc\u00f3p a bh\u00edonn agus a bh\u00edodh ar dhaoine ag d\u00e9anamh suas ar an Nollaig, sceitim\u00edn\u00ed na bp\u00e1ist\u00ed ag s\u00fail le Daid\u00ed na Nollag, maisi\u00fa na dtithe, L\u00e1 Nollag f\u00e9in, agus ansin an scl\u00e9ip agus an t-ard\u00fa cro\u00ed a bhaineann le L\u00e1 an Dreoil\u00edn. Is liosta le h\u00e1ireamh iad na h\u00fadair a bhfuil p\u00edosa\u00ed agus sleachta leo sa leabhar seo, idir phr\u00f3s agus fhil\u00edocht. Ina measc t\u00e1 P\u00e1draig \u00d3 Fiannachta, Tom\u00e1s \u00d3 Criomhthain, Breand\u00e1n \u00d3 hEithir, Caoimh\u00edn \u00d3 Cinn\u00e9ide, M\u00e1irt\u00edn \u00d3 Dire\u00e1in agus a l\u00e1n eile. T\u00e1 rud \u00e9igin do gach duine sa leabhar seo. M\u00e1ir\u00edn U\u00ed Sh\u00e9 a dhein comhord\u00fa ar an gcnuasach Nollag seo.<\/p>\n","protected":false},"featured_media":507,"template":"","meta":{"_acf_changed":false,"ocean_post_layout":"","ocean_both_sidebars_style":"","ocean_both_sidebars_content_width":0,"ocean_both_sidebars_sidebars_width":0,"ocean_sidebar":"0","ocean_second_sidebar":"0","ocean_disable_margins":"enable","ocean_add_body_class":"","ocean_shortcode_before_top_bar":"","ocean_shortcode_after_top_bar":"","ocean_shortcode_before_header":"","ocean_shortcode_after_header":"","ocean_has_shortcode":"","ocean_shortcode_after_title":"","ocean_shortcode_before_footer_widgets":"","ocean_shortcode_after_footer_widgets":"","ocean_shortcode_before_footer_bottom":"","ocean_shortcode_after_footer_bottom":"","ocean_display_top_bar":"default","ocean_display_header":"default","ocean_header_style":"","ocean_center_header_left_menu":"0","ocean_custom_header_template":"0","ocean_custom_logo":0,"ocean_custom_retina_logo":0,"ocean_custom_logo_max_width":0,"ocean_custom_logo_tablet_max_width":0,"ocean_custom_logo_mobile_max_width":0,"ocean_custom_logo_max_height":0,"ocean_custom_logo_tablet_max_height":0,"ocean_custom_logo_mobile_max_height":0,"ocean_header_custom_menu":"0","ocean_menu_typo_font_family":"0","ocean_menu_typo_font_subset":"","ocean_menu_typo_font_size":0,"ocean_menu_typo_font_size_tablet":0,"ocean_menu_typo_font_size_mobile":0,"ocean_menu_typo_font_size_unit":"px","ocean_menu_typo_font_weight":"","ocean_menu_typo_font_weight_tablet":"","ocean_menu_typo_font_weight_mobile":"","ocean_menu_typo_transform":"","ocean_menu_typo_transform_tablet":"","ocean_menu_typo_transform_mobile":"","ocean_menu_typo_line_height":0,"ocean_menu_typo_line_height_tablet":0,"ocean_menu_typo_line_height_mobile":0,"ocean_menu_typo_line_height_unit":"","ocean_menu_typo_spacing":0,"ocean_menu_typo_spacing_tablet":0,"ocean_menu_typo_spacing_mobile":0,"ocean_menu_typo_spacing_unit":"","ocean_menu_link_color":"","ocean_menu_link_color_hover":"","ocean_menu_link_color_active":"","ocean_menu_link_background":"","ocean_menu_link_hover_background":"","ocean_menu_link_active_background":"","ocean_menu_social_links_bg":"","ocean_menu_social_hover_links_bg":"","ocean_menu_social_links_color":"","ocean_menu_social_hover_links_color":"","ocean_disable_title":"default","ocean_disable_heading":"default","ocean_post_title":"","ocean_post_subheading":"","ocean_post_title_style":"","ocean_post_title_background_color":"","ocean_post_title_background":0,"ocean_post_title_bg_image_position":"","ocean_post_title_bg_image_attachment":"","ocean_post_title_bg_image_repeat":"","ocean_post_title_bg_image_size":"","ocean_post_title_height":0,"ocean_post_title_bg_overlay":0.5,"ocean_post_title_bg_overlay_color":"","ocean_disable_breadcrumbs":"default","ocean_breadcrumbs_color":"","ocean_breadcrumbs_separator_color":"","ocean_breadcrumbs_links_color":"","ocean_breadcrumbs_links_hover_color":"","ocean_display_footer_widgets":"default","ocean_display_footer_bottom":"default","ocean_custom_footer_template":"0"},"product_brand":[],"product_cat":[17],"product_tag":[],"class_list":{"0":"post-506","1":"product","2":"type-product","3":"status-publish","4":"has-post-thumbnail","6":"product_cat-publications","8":"entry","9":"has-media","11":"first","12":"outofstock","13":"shipping-taxable","14":"purchasable","15":"product-type-simple","16":"has-product-nav","17":"col","18":"span_1_of_4","19":"owp-content-center","20":"owp-thumbs-layout-horizontal","21":"owp-btn-normal","22":"owp-tabs-layout-horizontal","23":"has-no-thumbnails"},"acf":[],"yoast_head":"<!-- This site is optimized with the Yoast SEO plugin v27.5 - https:\/\/yoast.com\/product\/yoast-seo-wordpress\/ -->\n<title>\u00d3rchiste Nollag - Oidhreacht Chorca Dhuibhne<\/title>\n<meta name=\"robots\" content=\"index, follow, max-snippet:-1, max-image-preview:large, max-video-preview:-1\" \/>\n<link rel=\"canonical\" href=\"https:\/\/www.oidhreacht.ie\/ga\/product\/orchiste-nollag\/\" \/>\n<meta property=\"og:locale\" content=\"ga_IE\" \/>\n<meta property=\"og:type\" content=\"article\" \/>\n<meta property=\"og:title\" content=\"\u00d3rchiste Nollag - Oidhreacht Chorca Dhuibhne\" \/>\n<meta property=\"og:description\" content=\"\u00d3rchiste NollagAnseo t\u00e1 Sc\u00e9al na Nollag \u00f3 th\u00fas, bunchloch na n-iontais\u00ed. An oidhreacht iontach, an traidisi\u00fan idir dh\u00fachas agus iasacht ar dhein \u00e1r muintir a gcuid f\u00e9in de i gc\u00f3na\u00ed agus riamh \u00f3 theacht na Cr\u00edosta\u00edochta.  T\u00e1 a l\u00e1n san \u00d3rchiste seo. Sc\u00e9alta, car\u00fail, d\u00e1nta, n\u00f3sanna, c\u00edn lae, cuimhn\u00ed cinn, eala\u00edn agus seanfhocail, a bhaineann leis an tr\u00e1th beannaithe seo. Chomh maith leis sin t\u00e1 sc\u00e9alta beaga deasa agus rainn do ph\u00e1ist\u00ed agus picti\u00fair tr\u00edd an leabhar. Tugtar l\u00e9argas d\u00fainn ar thraidisi\u00fan na Nollag ar an mBlascaod M\u00f3r, agus an fothragadh agus an callshaoth a bhain le turas a thabhairt ar an m\u00ednt\u00edr chun l\u00f3n na Nollag thabhairt abhaile leo le linn drochaimsire. L\u00e9ir\u00edtear an sc\u00f3p a bh\u00edonn agus a bh\u00edodh ar dhaoine ag d\u00e9anamh suas ar an Nollaig, sceitim\u00edn\u00ed na bp\u00e1ist\u00ed ag s\u00fail le Daid\u00ed na Nollag, maisi\u00fa na dtithe, L\u00e1 Nollag f\u00e9in, agus ansin an scl\u00e9ip agus an t-ard\u00fa cro\u00ed a bhaineann le L\u00e1 an Dreoil\u00edn. Is liosta le h\u00e1ireamh iad na h\u00fadair a bhfuil p\u00edosa\u00ed agus sleachta leo sa leabhar seo, idir phr\u00f3s agus fhil\u00edocht. Ina measc t\u00e1 P\u00e1draig \u00d3 Fiannachta, Tom\u00e1s \u00d3 Criomhthain, Breand\u00e1n \u00d3 hEithir, Caoimh\u00edn \u00d3 Cinn\u00e9ide, M\u00e1irt\u00edn \u00d3 Dire\u00e1in agus a l\u00e1n eile. T\u00e1 rud \u00e9igin do gach duine sa leabhar seo. M\u00e1ir\u00edn U\u00ed Sh\u00e9 a dhein comhord\u00fa ar an gcnuasach Nollag seo.\" \/>\n<meta property=\"og:url\" content=\"https:\/\/www.oidhreacht.ie\/ga\/product\/orchiste-nollag\/\" \/>\n<meta property=\"og:site_name\" content=\"Oidhreacht Chorca Dhuibhne\" \/>\n<meta property=\"article:publisher\" content=\"https:\/\/www.facebook.com\/oidhreachtcd\/\" \/>\n<meta property=\"article:modified_time\" content=\"2025-03-10T10:14:03+00:00\" \/>\n<meta property=\"og:image\" content=\"https:\/\/www.oidhreacht.ie\/wp-content\/uploads\/2021\/04\/orchiste-nollag.jpg\" \/>\n\t<meta property=\"og:image:width\" content=\"681\" \/>\n\t<meta property=\"og:image:height\" content=\"860\" \/>\n\t<meta property=\"og:image:type\" content=\"image\/jpeg\" \/>\n<meta name=\"twitter:card\" content=\"summary_large_image\" \/>\n<meta name=\"twitter:label1\" content=\"Est. reading time\" \/>\n\t<meta name=\"twitter:data1\" content=\"1 minute\" \/>\n<script type=\"application\/ld+json\" class=\"yoast-schema-graph\">{\"@context\":\"https:\\\/\\\/schema.org\",\"@graph\":[{\"@type\":\"WebPage\",\"@id\":\"https:\\\/\\\/www.oidhreacht.ie\\\/ga\\\/product\\\/orchiste-nollag\\\/\",\"url\":\"https:\\\/\\\/www.oidhreacht.ie\\\/ga\\\/product\\\/orchiste-nollag\\\/\",\"name\":\"\u00d3rchiste Nollag - Oidhreacht Chorca Dhuibhne\",\"isPartOf\":{\"@id\":\"https:\\\/\\\/www.oidhreacht.ie\\\/ga\\\/#website\"},\"primaryImageOfPage\":{\"@id\":\"https:\\\/\\\/www.oidhreacht.ie\\\/ga\\\/product\\\/orchiste-nollag\\\/#primaryimage\"},\"image\":{\"@id\":\"https:\\\/\\\/www.oidhreacht.ie\\\/ga\\\/product\\\/orchiste-nollag\\\/#primaryimage\"},\"thumbnailUrl\":\"https:\\\/\\\/www.oidhreacht.ie\\\/wp-content\\\/uploads\\\/2021\\\/04\\\/orchiste-nollag.jpg\",\"datePublished\":\"2021-04-22T16:22:02+00:00\",\"dateModified\":\"2025-03-10T10:14:03+00:00\",\"breadcrumb\":{\"@id\":\"https:\\\/\\\/www.oidhreacht.ie\\\/ga\\\/product\\\/orchiste-nollag\\\/#breadcrumb\"},\"inLanguage\":\"ga-IE\",\"potentialAction\":[{\"@type\":\"ReadAction\",\"target\":[\"https:\\\/\\\/www.oidhreacht.ie\\\/ga\\\/product\\\/orchiste-nollag\\\/\"]}]},{\"@type\":\"ImageObject\",\"inLanguage\":\"ga-IE\",\"@id\":\"https:\\\/\\\/www.oidhreacht.ie\\\/ga\\\/product\\\/orchiste-nollag\\\/#primaryimage\",\"url\":\"https:\\\/\\\/www.oidhreacht.ie\\\/wp-content\\\/uploads\\\/2021\\\/04\\\/orchiste-nollag.jpg\",\"contentUrl\":\"https:\\\/\\\/www.oidhreacht.ie\\\/wp-content\\\/uploads\\\/2021\\\/04\\\/orchiste-nollag.jpg\",\"width\":681,\"height\":860,\"caption\":\"orchiste-nollag\"},{\"@type\":\"BreadcrumbList\",\"@id\":\"https:\\\/\\\/www.oidhreacht.ie\\\/ga\\\/product\\\/orchiste-nollag\\\/#breadcrumb\",\"itemListElement\":[{\"@type\":\"ListItem\",\"position\":1,\"name\":\"Home\",\"item\":\"https:\\\/\\\/www.oidhreacht.ie\\\/ga\\\/\"},{\"@type\":\"ListItem\",\"position\":2,\"name\":\"Shop\",\"item\":\"https:\\\/\\\/www.oidhreacht.ie\\\/ga\\\/shop-2\\\/\"},{\"@type\":\"ListItem\",\"position\":3,\"name\":\"\u00d3rchiste Nollag\"}]},{\"@type\":\"WebSite\",\"@id\":\"https:\\\/\\\/www.oidhreacht.ie\\\/ga\\\/#website\",\"url\":\"https:\\\/\\\/www.oidhreacht.ie\\\/ga\\\/\",\"name\":\"Oidhreacht Chorca Dhuibhne\",\"description\":\"Irish Language Courses on the Dingle Peninsula\",\"publisher\":{\"@id\":\"https:\\\/\\\/www.oidhreacht.ie\\\/ga\\\/#organization\"},\"potentialAction\":[{\"@type\":\"SearchAction\",\"target\":{\"@type\":\"EntryPoint\",\"urlTemplate\":\"https:\\\/\\\/www.oidhreacht.ie\\\/ga\\\/?s={search_term_string}\"},\"query-input\":{\"@type\":\"PropertyValueSpecification\",\"valueRequired\":true,\"valueName\":\"search_term_string\"}}],\"inLanguage\":\"ga-IE\"},{\"@type\":\"Organization\",\"@id\":\"https:\\\/\\\/www.oidhreacht.ie\\\/ga\\\/#organization\",\"name\":\"Oidhreacht Chorca Dhuibhne\",\"url\":\"https:\\\/\\\/www.oidhreacht.ie\\\/ga\\\/\",\"logo\":{\"@type\":\"ImageObject\",\"inLanguage\":\"ga-IE\",\"@id\":\"https:\\\/\\\/www.oidhreacht.ie\\\/ga\\\/#\\\/schema\\\/logo\\\/image\\\/\",\"url\":\"https:\\\/\\\/www.oidhreacht.ie\\\/wp-content\\\/uploads\\\/2020\\\/02\\\/oidhreacht-logo-1.png\",\"contentUrl\":\"https:\\\/\\\/www.oidhreacht.ie\\\/wp-content\\\/uploads\\\/2020\\\/02\\\/oidhreacht-logo-1.png\",\"width\":300,\"height\":100,\"caption\":\"Oidhreacht Chorca Dhuibhne\"},\"image\":{\"@id\":\"https:\\\/\\\/www.oidhreacht.ie\\\/ga\\\/#\\\/schema\\\/logo\\\/image\\\/\"},\"sameAs\":[\"https:\\\/\\\/www.facebook.com\\\/oidhreachtcd\\\/\",\"https:\\\/\\\/www.instagram.com\\\/oidhreacht_chorca_dhuibhne\\\/\"]}]}<\/script>\n<!-- \/ Yoast SEO plugin. -->","yoast_head_json":{"title":"\u00d3rchiste Nollag - Oidhreacht Chorca Dhuibhne","robots":{"index":"index","follow":"follow","max-snippet":"max-snippet:-1","max-image-preview":"max-image-preview:large","max-video-preview":"max-video-preview:-1"},"canonical":"https:\/\/www.oidhreacht.ie\/ga\/product\/orchiste-nollag\/","og_locale":"ga_IE","og_type":"article","og_title":"\u00d3rchiste Nollag - Oidhreacht Chorca Dhuibhne","og_description":"\u00d3rchiste NollagAnseo t\u00e1 Sc\u00e9al na Nollag \u00f3 th\u00fas, bunchloch na n-iontais\u00ed. An oidhreacht iontach, an traidisi\u00fan idir dh\u00fachas agus iasacht ar dhein \u00e1r muintir a gcuid f\u00e9in de i gc\u00f3na\u00ed agus riamh \u00f3 theacht na Cr\u00edosta\u00edochta.  T\u00e1 a l\u00e1n san \u00d3rchiste seo. Sc\u00e9alta, car\u00fail, d\u00e1nta, n\u00f3sanna, c\u00edn lae, cuimhn\u00ed cinn, eala\u00edn agus seanfhocail, a bhaineann leis an tr\u00e1th beannaithe seo. Chomh maith leis sin t\u00e1 sc\u00e9alta beaga deasa agus rainn do ph\u00e1ist\u00ed agus picti\u00fair tr\u00edd an leabhar. Tugtar l\u00e9argas d\u00fainn ar thraidisi\u00fan na Nollag ar an mBlascaod M\u00f3r, agus an fothragadh agus an callshaoth a bhain le turas a thabhairt ar an m\u00ednt\u00edr chun l\u00f3n na Nollag thabhairt abhaile leo le linn drochaimsire. L\u00e9ir\u00edtear an sc\u00f3p a bh\u00edonn agus a bh\u00edodh ar dhaoine ag d\u00e9anamh suas ar an Nollaig, sceitim\u00edn\u00ed na bp\u00e1ist\u00ed ag s\u00fail le Daid\u00ed na Nollag, maisi\u00fa na dtithe, L\u00e1 Nollag f\u00e9in, agus ansin an scl\u00e9ip agus an t-ard\u00fa cro\u00ed a bhaineann le L\u00e1 an Dreoil\u00edn. Is liosta le h\u00e1ireamh iad na h\u00fadair a bhfuil p\u00edosa\u00ed agus sleachta leo sa leabhar seo, idir phr\u00f3s agus fhil\u00edocht. Ina measc t\u00e1 P\u00e1draig \u00d3 Fiannachta, Tom\u00e1s \u00d3 Criomhthain, Breand\u00e1n \u00d3 hEithir, Caoimh\u00edn \u00d3 Cinn\u00e9ide, M\u00e1irt\u00edn \u00d3 Dire\u00e1in agus a l\u00e1n eile. T\u00e1 rud \u00e9igin do gach duine sa leabhar seo. M\u00e1ir\u00edn U\u00ed Sh\u00e9 a dhein comhord\u00fa ar an gcnuasach Nollag seo.","og_url":"https:\/\/www.oidhreacht.ie\/ga\/product\/orchiste-nollag\/","og_site_name":"Oidhreacht Chorca Dhuibhne","article_publisher":"https:\/\/www.facebook.com\/oidhreachtcd\/","article_modified_time":"2025-03-10T10:14:03+00:00","og_image":[{"width":681,"height":860,"url":"https:\/\/www.oidhreacht.ie\/wp-content\/uploads\/2021\/04\/orchiste-nollag.jpg","type":"image\/jpeg"}],"twitter_card":"summary_large_image","twitter_misc":{"Est. reading time":"1 minute"},"schema":{"@context":"https:\/\/schema.org","@graph":[{"@type":"WebPage","@id":"https:\/\/www.oidhreacht.ie\/ga\/product\/orchiste-nollag\/","url":"https:\/\/www.oidhreacht.ie\/ga\/product\/orchiste-nollag\/","name":"\u00d3rchiste Nollag - Oidhreacht Chorca Dhuibhne","isPartOf":{"@id":"https:\/\/www.oidhreacht.ie\/ga\/#website"},"primaryImageOfPage":{"@id":"https:\/\/www.oidhreacht.ie\/ga\/product\/orchiste-nollag\/#primaryimage"},"image":{"@id":"https:\/\/www.oidhreacht.ie\/ga\/product\/orchiste-nollag\/#primaryimage"},"thumbnailUrl":"https:\/\/www.oidhreacht.ie\/wp-content\/uploads\/2021\/04\/orchiste-nollag.jpg","datePublished":"2021-04-22T16:22:02+00:00","dateModified":"2025-03-10T10:14:03+00:00","breadcrumb":{"@id":"https:\/\/www.oidhreacht.ie\/ga\/product\/orchiste-nollag\/#breadcrumb"},"inLanguage":"ga-IE","potentialAction":[{"@type":"ReadAction","target":["https:\/\/www.oidhreacht.ie\/ga\/product\/orchiste-nollag\/"]}]},{"@type":"ImageObject","inLanguage":"ga-IE","@id":"https:\/\/www.oidhreacht.ie\/ga\/product\/orchiste-nollag\/#primaryimage","url":"https:\/\/www.oidhreacht.ie\/wp-content\/uploads\/2021\/04\/orchiste-nollag.jpg","contentUrl":"https:\/\/www.oidhreacht.ie\/wp-content\/uploads\/2021\/04\/orchiste-nollag.jpg","width":681,"height":860,"caption":"orchiste-nollag"},{"@type":"BreadcrumbList","@id":"https:\/\/www.oidhreacht.ie\/ga\/product\/orchiste-nollag\/#breadcrumb","itemListElement":[{"@type":"ListItem","position":1,"name":"Home","item":"https:\/\/www.oidhreacht.ie\/ga\/"},{"@type":"ListItem","position":2,"name":"Shop","item":"https:\/\/www.oidhreacht.ie\/ga\/shop-2\/"},{"@type":"ListItem","position":3,"name":"\u00d3rchiste Nollag"}]},{"@type":"WebSite","@id":"https:\/\/www.oidhreacht.ie\/ga\/#website","url":"https:\/\/www.oidhreacht.ie\/ga\/","name":"Oidhreacht Chorca Dhuibhne","description":"Irish Language Courses on the Dingle Peninsula","publisher":{"@id":"https:\/\/www.oidhreacht.ie\/ga\/#organization"},"potentialAction":[{"@type":"SearchAction","target":{"@type":"EntryPoint","urlTemplate":"https:\/\/www.oidhreacht.ie\/ga\/?s={search_term_string}"},"query-input":{"@type":"PropertyValueSpecification","valueRequired":true,"valueName":"search_term_string"}}],"inLanguage":"ga-IE"},{"@type":"Organization","@id":"https:\/\/www.oidhreacht.ie\/ga\/#organization","name":"Oidhreacht Chorca Dhuibhne","url":"https:\/\/www.oidhreacht.ie\/ga\/","logo":{"@type":"ImageObject","inLanguage":"ga-IE","@id":"https:\/\/www.oidhreacht.ie\/ga\/#\/schema\/logo\/image\/","url":"https:\/\/www.oidhreacht.ie\/wp-content\/uploads\/2020\/02\/oidhreacht-logo-1.png","contentUrl":"https:\/\/www.oidhreacht.ie\/wp-content\/uploads\/2020\/02\/oidhreacht-logo-1.png","width":300,"height":100,"caption":"Oidhreacht Chorca Dhuibhne"},"image":{"@id":"https:\/\/www.oidhreacht.ie\/ga\/#\/schema\/logo\/image\/"},"sameAs":["https:\/\/www.facebook.com\/oidhreachtcd\/","https:\/\/www.instagram.com\/oidhreacht_chorca_dhuibhne\/"]}]}},"_links":{"self":[{"href":"https:\/\/www.oidhreacht.ie\/ga\/wp-json\/wp\/v2\/product\/506","targetHints":{"allow":["GET"]}}],"collection":[{"href":"https:\/\/www.oidhreacht.ie\/ga\/wp-json\/wp\/v2\/product"}],"about":[{"href":"https:\/\/www.oidhreacht.ie\/ga\/wp-json\/wp\/v2\/types\/product"}],"wp:featuredmedia":[{"embeddable":true,"href":"https:\/\/www.oidhreacht.ie\/ga\/wp-json\/wp\/v2\/media\/507"}],"wp:attachment":[{"href":"https:\/\/www.oidhreacht.ie\/ga\/wp-json\/wp\/v2\/media?parent=506"}],"wp:term":[{"taxonomy":"product_brand","embeddable":true,"href":"https:\/\/www.oidhreacht.ie\/ga\/wp-json\/wp\/v2\/product_brand?post=506"},{"taxonomy":"product_cat","embeddable":true,"href":"https:\/\/www.oidhreacht.ie\/ga\/wp-json\/wp\/v2\/product_cat?post=506"},{"taxonomy":"product_tag","embeddable":true,"href":"https:\/\/www.oidhreacht.ie\/ga\/wp-json\/wp\/v2\/product_tag?post=506"}],"curies":[{"name":"wp","href":"https:\/\/api.w.org\/{rel}","templated":true}]}}