{"id":779,"date":"2021-05-24T15:45:41","date_gmt":"2021-05-24T15:45:41","guid":{"rendered":"http:\/\/www.oidhreacht.ie\/?post_type=product&#038;p=779"},"modified":"2025-07-24T10:13:26","modified_gmt":"2025-07-24T10:13:26","slug":"abair-os-ard-e","status":"publish","type":"product","link":"https:\/\/www.oidhreacht.ie\/ga\/product\/abair-os-ard-e\/","title":{"rendered":"Abair Os Ard \u00c9"},"content":{"rendered":"","protected":false},"excerpt":{"rendered":"<p>Chuaigh bu\u00edon cr\u00f3ga \u00f3 Chorca Dhuibhne ar chonair an phinn, agus t\u00e1 toradh na hoibre luachmhara le l\u00e9amh sa chnuasach \u00e1lainn seo. Chruinnigh idir fhir is mn\u00e1 chun ceardlainne. D&#8217;eascair an fhil\u00edocht\u00a0 sa leabhar as an tr\u00e9imhse a chaitheadar i bhfochair a ch\u00e9ile, ag tabhairt spreagadh d\u00e1 ch\u00e9ile agus iad s\u00e1sta\u00a0 a nd\u00e1nta a r\u00e1 os ard. is a chur os comhair an phobail. \u00a0Cro\u00ed m\u00e1thar ag corra\u00ed le saol\u00fa linbh, both\u00e1nta\u00edocht sa r\u00e9 at\u00e1 imithe, \u00f3m\u00f3s do dheirfi\u00far, caoineadh f\u00e9 athr\u00fa aer\u00e1ide, ceili\u00faradh gr\u00e1 agus agus m\u00f3rtas \u00e1ite i measc iliomad t\u00e9ama\u00ed \u00e9ags\u00fala at\u00e1 idir na cl\u00fadaigh a chuireann leis an gcorpas cruthaitheach \u00a0liteartha a thainig agus at\u00e1 f\u00f3s ag teacht as an leithinis \u00e1lainn seo. F\u00e1ilte roimis na fil\u00ed nua agus go leanfaidh siad ag saothr\u00fa sna blianta amach romhainn.<\/p>\n","protected":false},"featured_media":780,"template":"","meta":{"_acf_changed":false,"ocean_post_layout":"","ocean_both_sidebars_style":"","ocean_both_sidebars_content_width":0,"ocean_both_sidebars_sidebars_width":0,"ocean_sidebar":"0","ocean_second_sidebar":"0","ocean_disable_margins":"enable","ocean_add_body_class":"","ocean_shortcode_before_top_bar":"","ocean_shortcode_after_top_bar":"","ocean_shortcode_before_header":"","ocean_shortcode_after_header":"","ocean_has_shortcode":"","ocean_shortcode_after_title":"","ocean_shortcode_before_footer_widgets":"","ocean_shortcode_after_footer_widgets":"","ocean_shortcode_before_footer_bottom":"","ocean_shortcode_after_footer_bottom":"","ocean_display_top_bar":"default","ocean_display_header":"default","ocean_header_style":"","ocean_center_header_left_menu":"0","ocean_custom_header_template":"0","ocean_custom_logo":0,"ocean_custom_retina_logo":0,"ocean_custom_logo_max_width":0,"ocean_custom_logo_tablet_max_width":0,"ocean_custom_logo_mobile_max_width":0,"ocean_custom_logo_max_height":0,"ocean_custom_logo_tablet_max_height":0,"ocean_custom_logo_mobile_max_height":0,"ocean_header_custom_menu":"0","ocean_menu_typo_font_family":"0","ocean_menu_typo_font_subset":"","ocean_menu_typo_font_size":0,"ocean_menu_typo_font_size_tablet":0,"ocean_menu_typo_font_size_mobile":0,"ocean_menu_typo_font_size_unit":"px","ocean_menu_typo_font_weight":"","ocean_menu_typo_font_weight_tablet":"","ocean_menu_typo_font_weight_mobile":"","ocean_menu_typo_transform":"","ocean_menu_typo_transform_tablet":"","ocean_menu_typo_transform_mobile":"","ocean_menu_typo_line_height":0,"ocean_menu_typo_line_height_tablet":0,"ocean_menu_typo_line_height_mobile":0,"ocean_menu_typo_line_height_unit":"","ocean_menu_typo_spacing":0,"ocean_menu_typo_spacing_tablet":0,"ocean_menu_typo_spacing_mobile":0,"ocean_menu_typo_spacing_unit":"","ocean_menu_link_color":"","ocean_menu_link_color_hover":"","ocean_menu_link_color_active":"","ocean_menu_link_background":"","ocean_menu_link_hover_background":"","ocean_menu_link_active_background":"","ocean_menu_social_links_bg":"","ocean_menu_social_hover_links_bg":"","ocean_menu_social_links_color":"","ocean_menu_social_hover_links_color":"","ocean_disable_title":"default","ocean_disable_heading":"default","ocean_post_title":"","ocean_post_subheading":"","ocean_post_title_style":"","ocean_post_title_background_color":"","ocean_post_title_background":0,"ocean_post_title_bg_image_position":"","ocean_post_title_bg_image_attachment":"","ocean_post_title_bg_image_repeat":"","ocean_post_title_bg_image_size":"","ocean_post_title_height":0,"ocean_post_title_bg_overlay":0.5,"ocean_post_title_bg_overlay_color":"","ocean_disable_breadcrumbs":"default","ocean_breadcrumbs_color":"","ocean_breadcrumbs_separator_color":"","ocean_breadcrumbs_links_color":"","ocean_breadcrumbs_links_hover_color":"","ocean_display_footer_widgets":"default","ocean_display_footer_bottom":"default","ocean_custom_footer_template":"0"},"product_brand":[],"product_cat":[25],"product_tag":[],"class_list":{"0":"post-779","1":"product","2":"type-product","3":"status-publish","4":"has-post-thumbnail","6":"product_cat-foilseachain","8":"entry","9":"has-media","11":"first","12":"instock","13":"shipping-taxable","14":"purchasable","15":"product-type-simple","16":"has-product-nav","17":"col","18":"span_1_of_4","19":"owp-content-center","20":"owp-thumbs-layout-horizontal","21":"owp-btn-normal","22":"owp-tabs-layout-horizontal","23":"has-no-thumbnails"},"acf":[],"yoast_head":"<!-- This site is optimized with the Yoast SEO plugin v27.6 - https:\/\/yoast.com\/product\/yoast-seo-wordpress\/ -->\n<title>Abair Os Ard \u00c9 - Oidhreacht Chorca Dhuibhne<\/title>\n<meta name=\"robots\" content=\"index, follow, max-snippet:-1, max-image-preview:large, max-video-preview:-1\" \/>\n<link rel=\"canonical\" href=\"https:\/\/www.oidhreacht.ie\/ga\/product\/abair-os-ard-e\/\" \/>\n<meta property=\"og:locale\" content=\"ga_IE\" \/>\n<meta property=\"og:type\" content=\"article\" \/>\n<meta property=\"og:title\" content=\"Abair Os Ard \u00c9 - Oidhreacht Chorca Dhuibhne\" \/>\n<meta property=\"og:description\" content=\"Chuaigh bu\u00edon cr\u00f3ga \u00f3 Chorca Dhuibhne ar chonair an phinn, agus t\u00e1 toradh na hoibre luachmhara le l\u00e9amh sa chnuasach \u00e1lainn seo. Chruinnigh idir fhir is mn\u00e1 chun ceardlainne. D&#039;eascair an fhil\u00edocht\u00a0 sa leabhar as an tr\u00e9imhse a chaitheadar i bhfochair a ch\u00e9ile, ag tabhairt spreagadh d\u00e1 ch\u00e9ile agus iad s\u00e1sta\u00a0 a nd\u00e1nta a r\u00e1 os ard. is a chur os comhair an phobail. \u00a0Cro\u00ed m\u00e1thar ag corra\u00ed le saol\u00fa linbh, both\u00e1nta\u00edocht sa r\u00e9 at\u00e1 imithe, \u00f3m\u00f3s do dheirfi\u00far, caoineadh f\u00e9 athr\u00fa aer\u00e1ide, ceili\u00faradh gr\u00e1 agus agus m\u00f3rtas \u00e1ite i measc iliomad t\u00e9ama\u00ed \u00e9ags\u00fala at\u00e1 idir na cl\u00fadaigh a chuireann leis an gcorpas cruthaitheach \u00a0liteartha a thainig agus at\u00e1 f\u00f3s ag teacht as an leithinis \u00e1lainn seo. F\u00e1ilte roimis na fil\u00ed nua agus go leanfaidh siad ag saothr\u00fa sna blianta amach romhainn.\" \/>\n<meta property=\"og:url\" content=\"https:\/\/www.oidhreacht.ie\/ga\/product\/abair-os-ard-e\/\" \/>\n<meta property=\"og:site_name\" content=\"Oidhreacht Chorca Dhuibhne\" \/>\n<meta property=\"article:publisher\" content=\"https:\/\/www.facebook.com\/oidhreachtcd\/\" \/>\n<meta property=\"article:modified_time\" content=\"2025-07-24T10:13:26+00:00\" \/>\n<meta property=\"og:image\" content=\"https:\/\/www.oidhreacht.ie\/wp-content\/uploads\/2021\/05\/Abair-Os-Ard.jpg\" \/>\n\t<meta property=\"og:image:width\" content=\"846\" \/>\n\t<meta property=\"og:image:height\" content=\"1200\" \/>\n\t<meta property=\"og:image:type\" content=\"image\/jpeg\" \/>\n<meta name=\"twitter:card\" content=\"summary_large_image\" \/>\n<meta name=\"twitter:label1\" content=\"Est. reading time\" \/>\n\t<meta name=\"twitter:data1\" content=\"1 minute\" \/>\n<script type=\"application\/ld+json\" class=\"yoast-schema-graph\">{\"@context\":\"https:\\\/\\\/schema.org\",\"@graph\":[{\"@type\":\"WebPage\",\"@id\":\"https:\\\/\\\/www.oidhreacht.ie\\\/ga\\\/product\\\/abair-os-ard-e\\\/\",\"url\":\"https:\\\/\\\/www.oidhreacht.ie\\\/ga\\\/product\\\/abair-os-ard-e\\\/\",\"name\":\"Abair Os Ard \u00c9 - Oidhreacht Chorca Dhuibhne\",\"isPartOf\":{\"@id\":\"https:\\\/\\\/www.oidhreacht.ie\\\/ga\\\/#website\"},\"primaryImageOfPage\":{\"@id\":\"https:\\\/\\\/www.oidhreacht.ie\\\/ga\\\/product\\\/abair-os-ard-e\\\/#primaryimage\"},\"image\":{\"@id\":\"https:\\\/\\\/www.oidhreacht.ie\\\/ga\\\/product\\\/abair-os-ard-e\\\/#primaryimage\"},\"thumbnailUrl\":\"https:\\\/\\\/www.oidhreacht.ie\\\/wp-content\\\/uploads\\\/2021\\\/05\\\/Abair-Os-Ard.jpg\",\"datePublished\":\"2021-05-24T15:45:41+00:00\",\"dateModified\":\"2025-07-24T10:13:26+00:00\",\"breadcrumb\":{\"@id\":\"https:\\\/\\\/www.oidhreacht.ie\\\/ga\\\/product\\\/abair-os-ard-e\\\/#breadcrumb\"},\"inLanguage\":\"ga-IE\",\"potentialAction\":[{\"@type\":\"ReadAction\",\"target\":[\"https:\\\/\\\/www.oidhreacht.ie\\\/ga\\\/product\\\/abair-os-ard-e\\\/\"]}]},{\"@type\":\"ImageObject\",\"inLanguage\":\"ga-IE\",\"@id\":\"https:\\\/\\\/www.oidhreacht.ie\\\/ga\\\/product\\\/abair-os-ard-e\\\/#primaryimage\",\"url\":\"https:\\\/\\\/www.oidhreacht.ie\\\/wp-content\\\/uploads\\\/2021\\\/05\\\/Abair-Os-Ard.jpg\",\"contentUrl\":\"https:\\\/\\\/www.oidhreacht.ie\\\/wp-content\\\/uploads\\\/2021\\\/05\\\/Abair-Os-Ard.jpg\",\"width\":846,\"height\":1200,\"caption\":\"Abair Os Ard \u00c9\"},{\"@type\":\"BreadcrumbList\",\"@id\":\"https:\\\/\\\/www.oidhreacht.ie\\\/ga\\\/product\\\/abair-os-ard-e\\\/#breadcrumb\",\"itemListElement\":[{\"@type\":\"ListItem\",\"position\":1,\"name\":\"Home\",\"item\":\"https:\\\/\\\/www.oidhreacht.ie\\\/ga\\\/\"},{\"@type\":\"ListItem\",\"position\":2,\"name\":\"Shop\",\"item\":\"https:\\\/\\\/www.oidhreacht.ie\\\/ga\\\/shop-2\\\/\"},{\"@type\":\"ListItem\",\"position\":3,\"name\":\"Abair Os Ard \u00c9\"}]},{\"@type\":\"WebSite\",\"@id\":\"https:\\\/\\\/www.oidhreacht.ie\\\/ga\\\/#website\",\"url\":\"https:\\\/\\\/www.oidhreacht.ie\\\/ga\\\/\",\"name\":\"Oidhreacht Chorca Dhuibhne\",\"description\":\"Irish Language Courses on the Dingle Peninsula\",\"publisher\":{\"@id\":\"https:\\\/\\\/www.oidhreacht.ie\\\/ga\\\/#organization\"},\"potentialAction\":[{\"@type\":\"SearchAction\",\"target\":{\"@type\":\"EntryPoint\",\"urlTemplate\":\"https:\\\/\\\/www.oidhreacht.ie\\\/ga\\\/?s={search_term_string}\"},\"query-input\":{\"@type\":\"PropertyValueSpecification\",\"valueRequired\":true,\"valueName\":\"search_term_string\"}}],\"inLanguage\":\"ga-IE\"},{\"@type\":\"Organization\",\"@id\":\"https:\\\/\\\/www.oidhreacht.ie\\\/ga\\\/#organization\",\"name\":\"Oidhreacht Chorca Dhuibhne\",\"url\":\"https:\\\/\\\/www.oidhreacht.ie\\\/ga\\\/\",\"logo\":{\"@type\":\"ImageObject\",\"inLanguage\":\"ga-IE\",\"@id\":\"https:\\\/\\\/www.oidhreacht.ie\\\/ga\\\/#\\\/schema\\\/logo\\\/image\\\/\",\"url\":\"https:\\\/\\\/www.oidhreacht.ie\\\/wp-content\\\/uploads\\\/2020\\\/02\\\/oidhreacht-logo-1.png\",\"contentUrl\":\"https:\\\/\\\/www.oidhreacht.ie\\\/wp-content\\\/uploads\\\/2020\\\/02\\\/oidhreacht-logo-1.png\",\"width\":300,\"height\":100,\"caption\":\"Oidhreacht Chorca Dhuibhne\"},\"image\":{\"@id\":\"https:\\\/\\\/www.oidhreacht.ie\\\/ga\\\/#\\\/schema\\\/logo\\\/image\\\/\"},\"sameAs\":[\"https:\\\/\\\/www.facebook.com\\\/oidhreachtcd\\\/\",\"https:\\\/\\\/www.instagram.com\\\/oidhreacht_chorca_dhuibhne\\\/\"]}]}<\/script>\n<!-- \/ Yoast SEO plugin. -->","yoast_head_json":{"title":"Abair Os Ard \u00c9 - Oidhreacht Chorca Dhuibhne","robots":{"index":"index","follow":"follow","max-snippet":"max-snippet:-1","max-image-preview":"max-image-preview:large","max-video-preview":"max-video-preview:-1"},"canonical":"https:\/\/www.oidhreacht.ie\/ga\/product\/abair-os-ard-e\/","og_locale":"ga_IE","og_type":"article","og_title":"Abair Os Ard \u00c9 - Oidhreacht Chorca Dhuibhne","og_description":"Chuaigh bu\u00edon cr\u00f3ga \u00f3 Chorca Dhuibhne ar chonair an phinn, agus t\u00e1 toradh na hoibre luachmhara le l\u00e9amh sa chnuasach \u00e1lainn seo. Chruinnigh idir fhir is mn\u00e1 chun ceardlainne. D'eascair an fhil\u00edocht\u00a0 sa leabhar as an tr\u00e9imhse a chaitheadar i bhfochair a ch\u00e9ile, ag tabhairt spreagadh d\u00e1 ch\u00e9ile agus iad s\u00e1sta\u00a0 a nd\u00e1nta a r\u00e1 os ard. is a chur os comhair an phobail. \u00a0Cro\u00ed m\u00e1thar ag corra\u00ed le saol\u00fa linbh, both\u00e1nta\u00edocht sa r\u00e9 at\u00e1 imithe, \u00f3m\u00f3s do dheirfi\u00far, caoineadh f\u00e9 athr\u00fa aer\u00e1ide, ceili\u00faradh gr\u00e1 agus agus m\u00f3rtas \u00e1ite i measc iliomad t\u00e9ama\u00ed \u00e9ags\u00fala at\u00e1 idir na cl\u00fadaigh a chuireann leis an gcorpas cruthaitheach \u00a0liteartha a thainig agus at\u00e1 f\u00f3s ag teacht as an leithinis \u00e1lainn seo. F\u00e1ilte roimis na fil\u00ed nua agus go leanfaidh siad ag saothr\u00fa sna blianta amach romhainn.","og_url":"https:\/\/www.oidhreacht.ie\/ga\/product\/abair-os-ard-e\/","og_site_name":"Oidhreacht Chorca Dhuibhne","article_publisher":"https:\/\/www.facebook.com\/oidhreachtcd\/","article_modified_time":"2025-07-24T10:13:26+00:00","og_image":[{"width":846,"height":1200,"url":"https:\/\/www.oidhreacht.ie\/wp-content\/uploads\/2021\/05\/Abair-Os-Ard.jpg","type":"image\/jpeg"}],"twitter_card":"summary_large_image","twitter_misc":{"Est. reading time":"1 minute"},"schema":{"@context":"https:\/\/schema.org","@graph":[{"@type":"WebPage","@id":"https:\/\/www.oidhreacht.ie\/ga\/product\/abair-os-ard-e\/","url":"https:\/\/www.oidhreacht.ie\/ga\/product\/abair-os-ard-e\/","name":"Abair Os Ard \u00c9 - Oidhreacht Chorca Dhuibhne","isPartOf":{"@id":"https:\/\/www.oidhreacht.ie\/ga\/#website"},"primaryImageOfPage":{"@id":"https:\/\/www.oidhreacht.ie\/ga\/product\/abair-os-ard-e\/#primaryimage"},"image":{"@id":"https:\/\/www.oidhreacht.ie\/ga\/product\/abair-os-ard-e\/#primaryimage"},"thumbnailUrl":"https:\/\/www.oidhreacht.ie\/wp-content\/uploads\/2021\/05\/Abair-Os-Ard.jpg","datePublished":"2021-05-24T15:45:41+00:00","dateModified":"2025-07-24T10:13:26+00:00","breadcrumb":{"@id":"https:\/\/www.oidhreacht.ie\/ga\/product\/abair-os-ard-e\/#breadcrumb"},"inLanguage":"ga-IE","potentialAction":[{"@type":"ReadAction","target":["https:\/\/www.oidhreacht.ie\/ga\/product\/abair-os-ard-e\/"]}]},{"@type":"ImageObject","inLanguage":"ga-IE","@id":"https:\/\/www.oidhreacht.ie\/ga\/product\/abair-os-ard-e\/#primaryimage","url":"https:\/\/www.oidhreacht.ie\/wp-content\/uploads\/2021\/05\/Abair-Os-Ard.jpg","contentUrl":"https:\/\/www.oidhreacht.ie\/wp-content\/uploads\/2021\/05\/Abair-Os-Ard.jpg","width":846,"height":1200,"caption":"Abair Os Ard \u00c9"},{"@type":"BreadcrumbList","@id":"https:\/\/www.oidhreacht.ie\/ga\/product\/abair-os-ard-e\/#breadcrumb","itemListElement":[{"@type":"ListItem","position":1,"name":"Home","item":"https:\/\/www.oidhreacht.ie\/ga\/"},{"@type":"ListItem","position":2,"name":"Shop","item":"https:\/\/www.oidhreacht.ie\/ga\/shop-2\/"},{"@type":"ListItem","position":3,"name":"Abair Os Ard \u00c9"}]},{"@type":"WebSite","@id":"https:\/\/www.oidhreacht.ie\/ga\/#website","url":"https:\/\/www.oidhreacht.ie\/ga\/","name":"Oidhreacht Chorca Dhuibhne","description":"Irish Language Courses on the Dingle Peninsula","publisher":{"@id":"https:\/\/www.oidhreacht.ie\/ga\/#organization"},"potentialAction":[{"@type":"SearchAction","target":{"@type":"EntryPoint","urlTemplate":"https:\/\/www.oidhreacht.ie\/ga\/?s={search_term_string}"},"query-input":{"@type":"PropertyValueSpecification","valueRequired":true,"valueName":"search_term_string"}}],"inLanguage":"ga-IE"},{"@type":"Organization","@id":"https:\/\/www.oidhreacht.ie\/ga\/#organization","name":"Oidhreacht Chorca Dhuibhne","url":"https:\/\/www.oidhreacht.ie\/ga\/","logo":{"@type":"ImageObject","inLanguage":"ga-IE","@id":"https:\/\/www.oidhreacht.ie\/ga\/#\/schema\/logo\/image\/","url":"https:\/\/www.oidhreacht.ie\/wp-content\/uploads\/2020\/02\/oidhreacht-logo-1.png","contentUrl":"https:\/\/www.oidhreacht.ie\/wp-content\/uploads\/2020\/02\/oidhreacht-logo-1.png","width":300,"height":100,"caption":"Oidhreacht Chorca Dhuibhne"},"image":{"@id":"https:\/\/www.oidhreacht.ie\/ga\/#\/schema\/logo\/image\/"},"sameAs":["https:\/\/www.facebook.com\/oidhreachtcd\/","https:\/\/www.instagram.com\/oidhreacht_chorca_dhuibhne\/"]}]}},"_links":{"self":[{"href":"https:\/\/www.oidhreacht.ie\/ga\/wp-json\/wp\/v2\/product\/779","targetHints":{"allow":["GET"]}}],"collection":[{"href":"https:\/\/www.oidhreacht.ie\/ga\/wp-json\/wp\/v2\/product"}],"about":[{"href":"https:\/\/www.oidhreacht.ie\/ga\/wp-json\/wp\/v2\/types\/product"}],"wp:featuredmedia":[{"embeddable":true,"href":"https:\/\/www.oidhreacht.ie\/ga\/wp-json\/wp\/v2\/media\/780"}],"wp:attachment":[{"href":"https:\/\/www.oidhreacht.ie\/ga\/wp-json\/wp\/v2\/media?parent=779"}],"wp:term":[{"taxonomy":"product_brand","embeddable":true,"href":"https:\/\/www.oidhreacht.ie\/ga\/wp-json\/wp\/v2\/product_brand?post=779"},{"taxonomy":"product_cat","embeddable":true,"href":"https:\/\/www.oidhreacht.ie\/ga\/wp-json\/wp\/v2\/product_cat?post=779"},{"taxonomy":"product_tag","embeddable":true,"href":"https:\/\/www.oidhreacht.ie\/ga\/wp-json\/wp\/v2\/product_tag?post=779"}],"curies":[{"name":"wp","href":"https:\/\/api.w.org\/{rel}","templated":true}]}}