{"id":923,"date":"2021-05-31T15:22:11","date_gmt":"2021-05-31T15:23:57","guid":{"rendered":"http:\/\/www.oidhreacht.ie\/product\/mapa-chnoc-bhreanainn\/"},"modified":"2024-12-06T10:03:50","modified_gmt":"2024-12-06T10:03:50","slug":"mapa-chnoc-bhreanainn","status":"publish","type":"product","link":"https:\/\/www.oidhreacht.ie\/ga\/product\/mapa-chnoc-bhreanainn\/","title":{"rendered":"Mapa Chnoc Bhr\u00e9anainn"},"content":{"rendered":"","protected":false},"excerpt":{"rendered":"<p>Meitheal oibre ina raibh Domhnall Mac S\u00edthigh, D\u00f3mhnal \u00d3 Bric, Feargal Mac Amhlaoibh agus Caitr\u00edona N\u00ed Chathail, f\u00e9 sti\u00fair Mh\u00e1ir\u00edn U\u00ed Sh\u00e9 a chuir Mapa Chnoc Bhr\u00e9anainn le ch\u00e9ile in 2015. Oidhreacht Chorca Dhuibhne a d\u2019fhoilsigh. T\u00e1thar bu\u00edoch ach go h\u00e1irithe dosna h\u00fain\u00e9ir\u00ed tal\u00fan agus na feirmeoir\u00ed a roinn a gcuid eolais go fial ar bhaill na meithle, agus don gComhairle Oidhreachta, d\u2019\u00dadar\u00e1s na Gaeltachta, do Ghear\u00f3id \u00d3 Brosnach\u00e1in, do Chomharchumann Forbartha Chorca Dhuibhne agus d\u2019Oidhreacht Chorca Dhuibhne a mhaoinigh an togra. \u201cAgus m\u00e9 ag gabh\u00e1ilt tr\u00ed Bhaili\u00fach\u00e1n na Scol chonac go raibh logainmneacha an phar\u00f3iste, idir ghoirt, bh\u00f3ithre, thoibreacha, aillte agus chnoic bailithe ag dalta\u00ed Scoil Naomh Breand\u00e1n an Chuasa idir 1937-1938, f\u00e9 sti\u00fair na m\u00fainteoir\u00ed Tadhg \u00d3 Caomh\u00e1in agus Eibhl\u00edn Bn. U\u00ed Chinn\u00e9ide. T\u00e1 na daoine a thug an t-eolas sin ar shl\u00ed na f\u00edrinne agus a bhformh\u00f3r m\u00f3r desna bailitheoir\u00ed, beannacht D\u00e9 leo. Thuigeas go raibh an rud c\u00e9anna ar si\u00fal agam fh\u00e9in, agus ag na dalta\u00ed a bh\u00ed f\u00e9 mo ch\u00faram i Scoil Naomh Eirc ar an bhFeothanaigh le fiche bliain, mar obair bhaile. Bh\u00ed s\u00e9 in am iad a chaomhn\u00fa agus iad a chur ar mhapa.\u201d M\u00e1ir\u00edn U\u00ed Sh\u00e9   <\/p>\n","protected":false},"featured_media":922,"template":"","meta":{"_acf_changed":false,"ocean_post_layout":"","ocean_both_sidebars_style":"","ocean_both_sidebars_content_width":0,"ocean_both_sidebars_sidebars_width":0,"ocean_sidebar":"0","ocean_second_sidebar":"0","ocean_disable_margins":"enable","ocean_add_body_class":"","ocean_shortcode_before_top_bar":"","ocean_shortcode_after_top_bar":"","ocean_shortcode_before_header":"","ocean_shortcode_after_header":"","ocean_has_shortcode":"","ocean_shortcode_after_title":"","ocean_shortcode_before_footer_widgets":"","ocean_shortcode_after_footer_widgets":"","ocean_shortcode_before_footer_bottom":"","ocean_shortcode_after_footer_bottom":"","ocean_display_top_bar":"default","ocean_display_header":"default","ocean_header_style":"","ocean_center_header_left_menu":"0","ocean_custom_header_template":"0","ocean_custom_logo":0,"ocean_custom_retina_logo":0,"ocean_custom_logo_max_width":0,"ocean_custom_logo_tablet_max_width":0,"ocean_custom_logo_mobile_max_width":0,"ocean_custom_logo_max_height":0,"ocean_custom_logo_tablet_max_height":0,"ocean_custom_logo_mobile_max_height":0,"ocean_header_custom_menu":"0","ocean_menu_typo_font_family":"0","ocean_menu_typo_font_subset":"","ocean_menu_typo_font_size":0,"ocean_menu_typo_font_size_tablet":0,"ocean_menu_typo_font_size_mobile":0,"ocean_menu_typo_font_size_unit":"px","ocean_menu_typo_font_weight":"","ocean_menu_typo_font_weight_tablet":"","ocean_menu_typo_font_weight_mobile":"","ocean_menu_typo_transform":"","ocean_menu_typo_transform_tablet":"","ocean_menu_typo_transform_mobile":"","ocean_menu_typo_line_height":0,"ocean_menu_typo_line_height_tablet":0,"ocean_menu_typo_line_height_mobile":0,"ocean_menu_typo_line_height_unit":"","ocean_menu_typo_spacing":0,"ocean_menu_typo_spacing_tablet":0,"ocean_menu_typo_spacing_mobile":0,"ocean_menu_typo_spacing_unit":"","ocean_menu_link_color":"","ocean_menu_link_color_hover":"","ocean_menu_link_color_active":"","ocean_menu_link_background":"","ocean_menu_link_hover_background":"","ocean_menu_link_active_background":"","ocean_menu_social_links_bg":"","ocean_menu_social_hover_links_bg":"","ocean_menu_social_links_color":"","ocean_menu_social_hover_links_color":"","ocean_disable_title":"default","ocean_disable_heading":"default","ocean_post_title":"","ocean_post_subheading":"","ocean_post_title_style":"","ocean_post_title_background_color":"","ocean_post_title_background":0,"ocean_post_title_bg_image_position":"","ocean_post_title_bg_image_attachment":"","ocean_post_title_bg_image_repeat":"","ocean_post_title_bg_image_size":"","ocean_post_title_height":0,"ocean_post_title_bg_overlay":0.5,"ocean_post_title_bg_overlay_color":"","ocean_disable_breadcrumbs":"default","ocean_breadcrumbs_color":"","ocean_breadcrumbs_separator_color":"","ocean_breadcrumbs_links_color":"","ocean_breadcrumbs_links_hover_color":"","ocean_display_footer_widgets":"default","ocean_display_footer_bottom":"default","ocean_custom_footer_template":"0"},"product_brand":[],"product_cat":[25],"product_tag":[],"class_list":{"0":"post-923","1":"product","2":"type-product","3":"status-publish","4":"has-post-thumbnail","6":"product_cat-foilseachain","8":"entry","9":"has-media","11":"first","12":"instock","13":"shipping-taxable","14":"purchasable","15":"product-type-simple","16":"has-product-nav","17":"col","18":"span_1_of_4","19":"owp-content-center","20":"owp-thumbs-layout-horizontal","21":"owp-btn-normal","22":"owp-tabs-layout-horizontal","23":"has-no-thumbnails"},"acf":[],"yoast_head":"<!-- This site is optimized with the Yoast SEO plugin v27.4 - https:\/\/yoast.com\/product\/yoast-seo-wordpress\/ -->\n<title>Mapa Chnoc Bhr\u00e9anainn - Oidhreacht Chorca Dhuibhne<\/title>\n<meta name=\"robots\" content=\"index, follow, max-snippet:-1, max-image-preview:large, max-video-preview:-1\" \/>\n<link rel=\"canonical\" href=\"https:\/\/www.oidhreacht.ie\/ga\/product\/mapa-chnoc-bhreanainn\/\" \/>\n<meta property=\"og:locale\" content=\"ga_IE\" \/>\n<meta property=\"og:type\" content=\"article\" \/>\n<meta property=\"og:title\" content=\"Mapa Chnoc Bhr\u00e9anainn - Oidhreacht Chorca Dhuibhne\" \/>\n<meta property=\"og:description\" content=\"Meitheal oibre ina raibh Domhnall Mac S\u00edthigh, D\u00f3mhnal \u00d3 Bric, Feargal Mac Amhlaoibh agus Caitr\u00edona N\u00ed Chathail, f\u00e9 sti\u00fair Mh\u00e1ir\u00edn U\u00ed Sh\u00e9 a chuir Mapa Chnoc Bhr\u00e9anainn le ch\u00e9ile in 2015. Oidhreacht Chorca Dhuibhne a d\u2019fhoilsigh. T\u00e1thar bu\u00edoch ach go h\u00e1irithe dosna h\u00fain\u00e9ir\u00ed tal\u00fan agus na feirmeoir\u00ed a roinn a gcuid eolais go fial ar bhaill na meithle, agus don gComhairle Oidhreachta, d\u2019\u00dadar\u00e1s na Gaeltachta, do Ghear\u00f3id \u00d3 Brosnach\u00e1in, do Chomharchumann Forbartha Chorca Dhuibhne agus d\u2019Oidhreacht Chorca Dhuibhne a mhaoinigh an togra. \u201cAgus m\u00e9 ag gabh\u00e1ilt tr\u00ed Bhaili\u00fach\u00e1n na Scol chonac go raibh logainmneacha an phar\u00f3iste, idir ghoirt, bh\u00f3ithre, thoibreacha, aillte agus chnoic bailithe ag dalta\u00ed Scoil Naomh Breand\u00e1n an Chuasa idir 1937-1938, f\u00e9 sti\u00fair na m\u00fainteoir\u00ed Tadhg \u00d3 Caomh\u00e1in agus Eibhl\u00edn Bn. U\u00ed Chinn\u00e9ide. T\u00e1 na daoine a thug an t-eolas sin ar shl\u00ed na f\u00edrinne agus a bhformh\u00f3r m\u00f3r desna bailitheoir\u00ed, beannacht D\u00e9 leo. Thuigeas go raibh an rud c\u00e9anna ar si\u00fal agam fh\u00e9in, agus ag na dalta\u00ed a bh\u00ed f\u00e9 mo ch\u00faram i Scoil Naomh Eirc ar an bhFeothanaigh le fiche bliain, mar obair bhaile. Bh\u00ed s\u00e9 in am iad a chaomhn\u00fa agus iad a chur ar mhapa.\u201d M\u00e1ir\u00edn U\u00ed Sh\u00e9\" \/>\n<meta property=\"og:url\" content=\"https:\/\/www.oidhreacht.ie\/ga\/product\/mapa-chnoc-bhreanainn\/\" \/>\n<meta property=\"og:site_name\" content=\"Oidhreacht Chorca Dhuibhne\" \/>\n<meta property=\"article:publisher\" content=\"https:\/\/www.facebook.com\/oidhreachtcd\/\" \/>\n<meta property=\"article:modified_time\" content=\"2024-12-06T10:03:50+00:00\" \/>\n<meta property=\"og:image\" content=\"https:\/\/www.oidhreacht.ie\/wp-content\/uploads\/2021\/05\/map-mount-brandon.jpg\" \/>\n\t<meta property=\"og:image:width\" content=\"1000\" \/>\n\t<meta property=\"og:image:height\" content=\"706\" \/>\n\t<meta property=\"og:image:type\" content=\"image\/jpeg\" \/>\n<meta name=\"twitter:card\" content=\"summary_large_image\" \/>\n<script type=\"application\/ld+json\" class=\"yoast-schema-graph\">{\"@context\":\"https:\\\/\\\/schema.org\",\"@graph\":[{\"@type\":\"WebPage\",\"@id\":\"https:\\\/\\\/www.oidhreacht.ie\\\/ga\\\/product\\\/mapa-chnoc-bhreanainn\\\/\",\"url\":\"https:\\\/\\\/www.oidhreacht.ie\\\/ga\\\/product\\\/mapa-chnoc-bhreanainn\\\/\",\"name\":\"Mapa Chnoc Bhr\u00e9anainn - Oidhreacht Chorca Dhuibhne\",\"isPartOf\":{\"@id\":\"https:\\\/\\\/www.oidhreacht.ie\\\/ga\\\/#website\"},\"primaryImageOfPage\":{\"@id\":\"https:\\\/\\\/www.oidhreacht.ie\\\/ga\\\/product\\\/mapa-chnoc-bhreanainn\\\/#primaryimage\"},\"image\":{\"@id\":\"https:\\\/\\\/www.oidhreacht.ie\\\/ga\\\/product\\\/mapa-chnoc-bhreanainn\\\/#primaryimage\"},\"thumbnailUrl\":\"https:\\\/\\\/www.oidhreacht.ie\\\/wp-content\\\/uploads\\\/2021\\\/05\\\/map-mount-brandon.jpg\",\"datePublished\":\"2021-05-31T15:23:57+00:00\",\"dateModified\":\"2024-12-06T10:03:50+00:00\",\"breadcrumb\":{\"@id\":\"https:\\\/\\\/www.oidhreacht.ie\\\/ga\\\/product\\\/mapa-chnoc-bhreanainn\\\/#breadcrumb\"},\"inLanguage\":\"ga-IE\",\"potentialAction\":[{\"@type\":\"ReadAction\",\"target\":[\"https:\\\/\\\/www.oidhreacht.ie\\\/ga\\\/product\\\/mapa-chnoc-bhreanainn\\\/\"]}]},{\"@type\":\"ImageObject\",\"inLanguage\":\"ga-IE\",\"@id\":\"https:\\\/\\\/www.oidhreacht.ie\\\/ga\\\/product\\\/mapa-chnoc-bhreanainn\\\/#primaryimage\",\"url\":\"https:\\\/\\\/www.oidhreacht.ie\\\/wp-content\\\/uploads\\\/2021\\\/05\\\/map-mount-brandon.jpg\",\"contentUrl\":\"https:\\\/\\\/www.oidhreacht.ie\\\/wp-content\\\/uploads\\\/2021\\\/05\\\/map-mount-brandon.jpg\",\"width\":1000,\"height\":706,\"caption\":\"Mapa Chnoc Bhr\u00e9anain\"},{\"@type\":\"BreadcrumbList\",\"@id\":\"https:\\\/\\\/www.oidhreacht.ie\\\/ga\\\/product\\\/mapa-chnoc-bhreanainn\\\/#breadcrumb\",\"itemListElement\":[{\"@type\":\"ListItem\",\"position\":1,\"name\":\"Home\",\"item\":\"https:\\\/\\\/www.oidhreacht.ie\\\/ga\\\/\"},{\"@type\":\"ListItem\",\"position\":2,\"name\":\"Shop\",\"item\":\"https:\\\/\\\/www.oidhreacht.ie\\\/ga\\\/shop-2\\\/\"},{\"@type\":\"ListItem\",\"position\":3,\"name\":\"Mapa Chnoc Bhr\u00e9anainn\"}]},{\"@type\":\"WebSite\",\"@id\":\"https:\\\/\\\/www.oidhreacht.ie\\\/ga\\\/#website\",\"url\":\"https:\\\/\\\/www.oidhreacht.ie\\\/ga\\\/\",\"name\":\"Oidhreacht Chorca Dhuibhne\",\"description\":\"Irish Language Courses on the Dingle Peninsula\",\"publisher\":{\"@id\":\"https:\\\/\\\/www.oidhreacht.ie\\\/ga\\\/#organization\"},\"potentialAction\":[{\"@type\":\"SearchAction\",\"target\":{\"@type\":\"EntryPoint\",\"urlTemplate\":\"https:\\\/\\\/www.oidhreacht.ie\\\/ga\\\/?s={search_term_string}\"},\"query-input\":{\"@type\":\"PropertyValueSpecification\",\"valueRequired\":true,\"valueName\":\"search_term_string\"}}],\"inLanguage\":\"ga-IE\"},{\"@type\":\"Organization\",\"@id\":\"https:\\\/\\\/www.oidhreacht.ie\\\/ga\\\/#organization\",\"name\":\"Oidhreacht Chorca Dhuibhne\",\"url\":\"https:\\\/\\\/www.oidhreacht.ie\\\/ga\\\/\",\"logo\":{\"@type\":\"ImageObject\",\"inLanguage\":\"ga-IE\",\"@id\":\"https:\\\/\\\/www.oidhreacht.ie\\\/ga\\\/#\\\/schema\\\/logo\\\/image\\\/\",\"url\":\"https:\\\/\\\/www.oidhreacht.ie\\\/wp-content\\\/uploads\\\/2020\\\/02\\\/oidhreacht-logo-1.png\",\"contentUrl\":\"https:\\\/\\\/www.oidhreacht.ie\\\/wp-content\\\/uploads\\\/2020\\\/02\\\/oidhreacht-logo-1.png\",\"width\":300,\"height\":100,\"caption\":\"Oidhreacht Chorca Dhuibhne\"},\"image\":{\"@id\":\"https:\\\/\\\/www.oidhreacht.ie\\\/ga\\\/#\\\/schema\\\/logo\\\/image\\\/\"},\"sameAs\":[\"https:\\\/\\\/www.facebook.com\\\/oidhreachtcd\\\/\",\"https:\\\/\\\/www.instagram.com\\\/oidhreacht_chorca_dhuibhne\\\/\"]}]}<\/script>\n<!-- \/ Yoast SEO plugin. -->","yoast_head_json":{"title":"Mapa Chnoc Bhr\u00e9anainn - Oidhreacht Chorca Dhuibhne","robots":{"index":"index","follow":"follow","max-snippet":"max-snippet:-1","max-image-preview":"max-image-preview:large","max-video-preview":"max-video-preview:-1"},"canonical":"https:\/\/www.oidhreacht.ie\/ga\/product\/mapa-chnoc-bhreanainn\/","og_locale":"ga_IE","og_type":"article","og_title":"Mapa Chnoc Bhr\u00e9anainn - Oidhreacht Chorca Dhuibhne","og_description":"Meitheal oibre ina raibh Domhnall Mac S\u00edthigh, D\u00f3mhnal \u00d3 Bric, Feargal Mac Amhlaoibh agus Caitr\u00edona N\u00ed Chathail, f\u00e9 sti\u00fair Mh\u00e1ir\u00edn U\u00ed Sh\u00e9 a chuir Mapa Chnoc Bhr\u00e9anainn le ch\u00e9ile in 2015. Oidhreacht Chorca Dhuibhne a d\u2019fhoilsigh. T\u00e1thar bu\u00edoch ach go h\u00e1irithe dosna h\u00fain\u00e9ir\u00ed tal\u00fan agus na feirmeoir\u00ed a roinn a gcuid eolais go fial ar bhaill na meithle, agus don gComhairle Oidhreachta, d\u2019\u00dadar\u00e1s na Gaeltachta, do Ghear\u00f3id \u00d3 Brosnach\u00e1in, do Chomharchumann Forbartha Chorca Dhuibhne agus d\u2019Oidhreacht Chorca Dhuibhne a mhaoinigh an togra. \u201cAgus m\u00e9 ag gabh\u00e1ilt tr\u00ed Bhaili\u00fach\u00e1n na Scol chonac go raibh logainmneacha an phar\u00f3iste, idir ghoirt, bh\u00f3ithre, thoibreacha, aillte agus chnoic bailithe ag dalta\u00ed Scoil Naomh Breand\u00e1n an Chuasa idir 1937-1938, f\u00e9 sti\u00fair na m\u00fainteoir\u00ed Tadhg \u00d3 Caomh\u00e1in agus Eibhl\u00edn Bn. U\u00ed Chinn\u00e9ide. T\u00e1 na daoine a thug an t-eolas sin ar shl\u00ed na f\u00edrinne agus a bhformh\u00f3r m\u00f3r desna bailitheoir\u00ed, beannacht D\u00e9 leo. Thuigeas go raibh an rud c\u00e9anna ar si\u00fal agam fh\u00e9in, agus ag na dalta\u00ed a bh\u00ed f\u00e9 mo ch\u00faram i Scoil Naomh Eirc ar an bhFeothanaigh le fiche bliain, mar obair bhaile. Bh\u00ed s\u00e9 in am iad a chaomhn\u00fa agus iad a chur ar mhapa.\u201d M\u00e1ir\u00edn U\u00ed Sh\u00e9","og_url":"https:\/\/www.oidhreacht.ie\/ga\/product\/mapa-chnoc-bhreanainn\/","og_site_name":"Oidhreacht Chorca Dhuibhne","article_publisher":"https:\/\/www.facebook.com\/oidhreachtcd\/","article_modified_time":"2024-12-06T10:03:50+00:00","og_image":[{"width":1000,"height":706,"url":"https:\/\/www.oidhreacht.ie\/wp-content\/uploads\/2021\/05\/map-mount-brandon.jpg","type":"image\/jpeg"}],"twitter_card":"summary_large_image","schema":{"@context":"https:\/\/schema.org","@graph":[{"@type":"WebPage","@id":"https:\/\/www.oidhreacht.ie\/ga\/product\/mapa-chnoc-bhreanainn\/","url":"https:\/\/www.oidhreacht.ie\/ga\/product\/mapa-chnoc-bhreanainn\/","name":"Mapa Chnoc Bhr\u00e9anainn - Oidhreacht Chorca Dhuibhne","isPartOf":{"@id":"https:\/\/www.oidhreacht.ie\/ga\/#website"},"primaryImageOfPage":{"@id":"https:\/\/www.oidhreacht.ie\/ga\/product\/mapa-chnoc-bhreanainn\/#primaryimage"},"image":{"@id":"https:\/\/www.oidhreacht.ie\/ga\/product\/mapa-chnoc-bhreanainn\/#primaryimage"},"thumbnailUrl":"https:\/\/www.oidhreacht.ie\/wp-content\/uploads\/2021\/05\/map-mount-brandon.jpg","datePublished":"2021-05-31T15:23:57+00:00","dateModified":"2024-12-06T10:03:50+00:00","breadcrumb":{"@id":"https:\/\/www.oidhreacht.ie\/ga\/product\/mapa-chnoc-bhreanainn\/#breadcrumb"},"inLanguage":"ga-IE","potentialAction":[{"@type":"ReadAction","target":["https:\/\/www.oidhreacht.ie\/ga\/product\/mapa-chnoc-bhreanainn\/"]}]},{"@type":"ImageObject","inLanguage":"ga-IE","@id":"https:\/\/www.oidhreacht.ie\/ga\/product\/mapa-chnoc-bhreanainn\/#primaryimage","url":"https:\/\/www.oidhreacht.ie\/wp-content\/uploads\/2021\/05\/map-mount-brandon.jpg","contentUrl":"https:\/\/www.oidhreacht.ie\/wp-content\/uploads\/2021\/05\/map-mount-brandon.jpg","width":1000,"height":706,"caption":"Mapa Chnoc Bhr\u00e9anain"},{"@type":"BreadcrumbList","@id":"https:\/\/www.oidhreacht.ie\/ga\/product\/mapa-chnoc-bhreanainn\/#breadcrumb","itemListElement":[{"@type":"ListItem","position":1,"name":"Home","item":"https:\/\/www.oidhreacht.ie\/ga\/"},{"@type":"ListItem","position":2,"name":"Shop","item":"https:\/\/www.oidhreacht.ie\/ga\/shop-2\/"},{"@type":"ListItem","position":3,"name":"Mapa Chnoc Bhr\u00e9anainn"}]},{"@type":"WebSite","@id":"https:\/\/www.oidhreacht.ie\/ga\/#website","url":"https:\/\/www.oidhreacht.ie\/ga\/","name":"Oidhreacht Chorca Dhuibhne","description":"Irish Language Courses on the Dingle Peninsula","publisher":{"@id":"https:\/\/www.oidhreacht.ie\/ga\/#organization"},"potentialAction":[{"@type":"SearchAction","target":{"@type":"EntryPoint","urlTemplate":"https:\/\/www.oidhreacht.ie\/ga\/?s={search_term_string}"},"query-input":{"@type":"PropertyValueSpecification","valueRequired":true,"valueName":"search_term_string"}}],"inLanguage":"ga-IE"},{"@type":"Organization","@id":"https:\/\/www.oidhreacht.ie\/ga\/#organization","name":"Oidhreacht Chorca Dhuibhne","url":"https:\/\/www.oidhreacht.ie\/ga\/","logo":{"@type":"ImageObject","inLanguage":"ga-IE","@id":"https:\/\/www.oidhreacht.ie\/ga\/#\/schema\/logo\/image\/","url":"https:\/\/www.oidhreacht.ie\/wp-content\/uploads\/2020\/02\/oidhreacht-logo-1.png","contentUrl":"https:\/\/www.oidhreacht.ie\/wp-content\/uploads\/2020\/02\/oidhreacht-logo-1.png","width":300,"height":100,"caption":"Oidhreacht Chorca Dhuibhne"},"image":{"@id":"https:\/\/www.oidhreacht.ie\/ga\/#\/schema\/logo\/image\/"},"sameAs":["https:\/\/www.facebook.com\/oidhreachtcd\/","https:\/\/www.instagram.com\/oidhreacht_chorca_dhuibhne\/"]}]}},"_links":{"self":[{"href":"https:\/\/www.oidhreacht.ie\/ga\/wp-json\/wp\/v2\/product\/923","targetHints":{"allow":["GET"]}}],"collection":[{"href":"https:\/\/www.oidhreacht.ie\/ga\/wp-json\/wp\/v2\/product"}],"about":[{"href":"https:\/\/www.oidhreacht.ie\/ga\/wp-json\/wp\/v2\/types\/product"}],"wp:featuredmedia":[{"embeddable":true,"href":"https:\/\/www.oidhreacht.ie\/ga\/wp-json\/wp\/v2\/media\/922"}],"wp:attachment":[{"href":"https:\/\/www.oidhreacht.ie\/ga\/wp-json\/wp\/v2\/media?parent=923"}],"wp:term":[{"taxonomy":"product_brand","embeddable":true,"href":"https:\/\/www.oidhreacht.ie\/ga\/wp-json\/wp\/v2\/product_brand?post=923"},{"taxonomy":"product_cat","embeddable":true,"href":"https:\/\/www.oidhreacht.ie\/ga\/wp-json\/wp\/v2\/product_cat?post=923"},{"taxonomy":"product_tag","embeddable":true,"href":"https:\/\/www.oidhreacht.ie\/ga\/wp-json\/wp\/v2\/product_tag?post=923"}],"curies":[{"name":"wp","href":"https:\/\/api.w.org\/{rel}","templated":true}]}}